

{"id":217260,"date":"2023-11-17T23:12:04","date_gmt":"2023-11-17T21:12:04","guid":{"rendered":"https:\/\/www.alucomfort.be\/product\/rehausse-palette-pour-palette-eur\/"},"modified":"2026-01-21T19:53:31","modified_gmt":"2026-01-21T17:53:31","slug":"rehausse-palette-pour-palette-eur","status":"publish","type":"product","link":"https:\/\/www.alucomfort.be\/fr\/product\/rehausse-palette-pour-palette-eur\/","title":{"rendered":"R\u00e9hausse palette pour palette EUR"},"content":{"rendered":"<p>* R\u00e9hausse palette, * Dim. Int.: 1150 x 740 x 400 mm, * Galvanis\u00e9, * Repliable, * Maillage 65 x 120 mm, * Empilable jusqu&rsquo;\u00e0 800 kg.<\/p>\n","protected":false},"excerpt":{"rendered":"<p>R\u00e9hausse palette<\/p>\n","protected":false},"featured_media":217222,"template":"","meta":{"_acf_changed":false},"product_brand":[],"product_cat":[9104],"product_tag":[],"class_list":{"0":"post-217260","1":"product","2":"type-product","3":"status-publish","4":"has-post-thumbnail","6":"product_cat-accessoires-pour-palettes","8":"first","9":"instock","10":"taxable","11":"shipping-taxable","12":"purchasable","13":"product-type-simple"},"acf":[],"yoast_head":"<!-- This site is optimized with the Yoast SEO plugin v24.8.1 - https:\/\/yoast.com\/wordpress\/plugins\/seo\/ -->\n<title>R\u00e9hausse pour palette EUR | Alu Comfort |<\/title>\n<meta name=\"description\" content=\"Les rehausses sont id\u00e9ales pour des produits fragiles, en vrac, petits, l\u00e9gers ou \u00e0 l&#039;inverse lourds. Contactez-nous!\" \/>\n<meta name=\"robots\" content=\"index, follow, max-snippet:-1, max-image-preview:large, max-video-preview:-1\" \/>\n<link rel=\"canonical\" href=\"https:\/\/www.alucomfort.be\/product\/opzetrand-voor-europallets\/\" \/>\n<meta property=\"og:locale\" content=\"fr_FR\" \/>\n<meta property=\"og:type\" content=\"article\" \/>\n<meta property=\"og:title\" content=\"R\u00e9hausse pour palette EUR | Alu Comfort |\" \/>\n<meta property=\"og:description\" content=\"Les rehausses sont id\u00e9ales pour des produits fragiles, en vrac, petits, l\u00e9gers ou \u00e0 l&#039;inverse lourds. Contactez-nous!\" \/>\n<meta property=\"og:url\" content=\"https:\/\/www.alucomfort.be\/product\/opzetrand-voor-europallets\/\" \/>\n<meta property=\"og:site_name\" content=\"Alu Comfort\" \/>\n<meta property=\"article:modified_time\" content=\"2026-01-21T17:53:31+00:00\" \/>\n<meta property=\"og:image\" content=\"https:\/\/www.alucomfort.be\/wp-content\/uploads\/Opzetrand-Voor-EUR-Pallets.jpg\" \/>\n\t<meta property=\"og:image:width\" content=\"1794\" \/>\n\t<meta property=\"og:image:height\" content=\"1119\" \/>\n\t<meta property=\"og:image:type\" content=\"image\/jpeg\" \/>\n<meta name=\"twitter:card\" content=\"summary_large_image\" \/>\n<script type=\"application\/ld+json\" class=\"yoast-schema-graph\">{\"@context\":\"https:\/\/schema.org\",\"@graph\":[{\"@type\":\"WebPage\",\"@id\":\"https:\/\/www.alucomfort.be\/product\/opzetrand-voor-europallets\/\",\"url\":\"https:\/\/www.alucomfort.be\/product\/opzetrand-voor-europallets\/\",\"name\":\"R\u00e9hausse pour palette EUR | Alu Comfort |\",\"isPartOf\":{\"@id\":\"https:\/\/www.alucomfort.be\/#website\"},\"primaryImageOfPage\":{\"@id\":\"https:\/\/www.alucomfort.be\/product\/opzetrand-voor-europallets\/#primaryimage\"},\"image\":{\"@id\":\"https:\/\/www.alucomfort.be\/product\/opzetrand-voor-europallets\/#primaryimage\"},\"thumbnailUrl\":\"https:\/\/www.alucomfort.be\/wp-content\/uploads\/Opzetrand-Voor-EUR-Pallets.jpg\",\"datePublished\":\"2023-11-17T21:12:04+00:00\",\"dateModified\":\"2026-01-21T17:53:31+00:00\",\"description\":\"Les rehausses sont id\u00e9ales pour des produits fragiles, en vrac, petits, l\u00e9gers ou \u00e0 l'inverse lourds. Contactez-nous!\",\"breadcrumb\":{\"@id\":\"https:\/\/www.alucomfort.be\/product\/opzetrand-voor-europallets\/#breadcrumb\"},\"inLanguage\":\"fr-FR\",\"potentialAction\":[{\"@type\":\"ReadAction\",\"target\":[\"https:\/\/www.alucomfort.be\/product\/opzetrand-voor-europallets\/\"]}]},{\"@type\":\"ImageObject\",\"inLanguage\":\"fr-FR\",\"@id\":\"https:\/\/www.alucomfort.be\/product\/opzetrand-voor-europallets\/#primaryimage\",\"url\":\"https:\/\/www.alucomfort.be\/wp-content\/uploads\/Opzetrand-Voor-EUR-Pallets.jpg\",\"contentUrl\":\"https:\/\/www.alucomfort.be\/wp-content\/uploads\/Opzetrand-Voor-EUR-Pallets.jpg\",\"width\":1794,\"height\":1119,\"caption\":\"Opzetrand Voor EUR Pallets\"},{\"@type\":\"BreadcrumbList\",\"@id\":\"https:\/\/www.alucomfort.be\/product\/opzetrand-voor-europallets\/#breadcrumb\",\"itemListElement\":[{\"@type\":\"ListItem\",\"position\":1,\"name\":\"Home\",\"item\":\"https:\/\/www.alucomfort.be\/fr\/\"},{\"@type\":\"ListItem\",\"position\":2,\"name\":\"Producten\",\"item\":\"https:\/\/www.alucomfort.be\/producten\/\"},{\"@type\":\"ListItem\",\"position\":3,\"name\":\"R\u00e9hausse palette pour palette EUR\"}]},{\"@type\":\"WebSite\",\"@id\":\"https:\/\/www.alucomfort.be\/#website\",\"url\":\"https:\/\/www.alucomfort.be\/\",\"name\":\"Alu Comfort\",\"description\":\"\",\"potentialAction\":[{\"@type\":\"SearchAction\",\"target\":{\"@type\":\"EntryPoint\",\"urlTemplate\":\"https:\/\/www.alucomfort.be\/?s={search_term_string}\"},\"query-input\":{\"@type\":\"PropertyValueSpecification\",\"valueRequired\":true,\"valueName\":\"search_term_string\"}}],\"inLanguage\":\"fr-FR\"}]}<\/script>\n<!-- \/ Yoast SEO plugin. -->","yoast_head_json":{"title":"R\u00e9hausse pour palette EUR | Alu Comfort |","description":"Les rehausses sont id\u00e9ales pour des produits fragiles, en vrac, petits, l\u00e9gers ou \u00e0 l'inverse lourds. Contactez-nous!","robots":{"index":"index","follow":"follow","max-snippet":"max-snippet:-1","max-image-preview":"max-image-preview:large","max-video-preview":"max-video-preview:-1"},"canonical":"https:\/\/www.alucomfort.be\/product\/opzetrand-voor-europallets\/","og_locale":"fr_FR","og_type":"article","og_title":"R\u00e9hausse pour palette EUR | Alu Comfort |","og_description":"Les rehausses sont id\u00e9ales pour des produits fragiles, en vrac, petits, l\u00e9gers ou \u00e0 l'inverse lourds. Contactez-nous!","og_url":"https:\/\/www.alucomfort.be\/product\/opzetrand-voor-europallets\/","og_site_name":"Alu Comfort","article_modified_time":"2026-01-21T17:53:31+00:00","og_image":[{"width":1794,"height":1119,"url":"https:\/\/www.alucomfort.be\/wp-content\/uploads\/Opzetrand-Voor-EUR-Pallets.jpg","type":"image\/jpeg"}],"twitter_card":"summary_large_image","schema":{"@context":"https:\/\/schema.org","@graph":[{"@type":"WebPage","@id":"https:\/\/www.alucomfort.be\/product\/opzetrand-voor-europallets\/","url":"https:\/\/www.alucomfort.be\/product\/opzetrand-voor-europallets\/","name":"R\u00e9hausse pour palette EUR | Alu Comfort |","isPartOf":{"@id":"https:\/\/www.alucomfort.be\/#website"},"primaryImageOfPage":{"@id":"https:\/\/www.alucomfort.be\/product\/opzetrand-voor-europallets\/#primaryimage"},"image":{"@id":"https:\/\/www.alucomfort.be\/product\/opzetrand-voor-europallets\/#primaryimage"},"thumbnailUrl":"https:\/\/www.alucomfort.be\/wp-content\/uploads\/Opzetrand-Voor-EUR-Pallets.jpg","datePublished":"2023-11-17T21:12:04+00:00","dateModified":"2026-01-21T17:53:31+00:00","description":"Les rehausses sont id\u00e9ales pour des produits fragiles, en vrac, petits, l\u00e9gers ou \u00e0 l'inverse lourds. Contactez-nous!","breadcrumb":{"@id":"https:\/\/www.alucomfort.be\/product\/opzetrand-voor-europallets\/#breadcrumb"},"inLanguage":"fr-FR","potentialAction":[{"@type":"ReadAction","target":["https:\/\/www.alucomfort.be\/product\/opzetrand-voor-europallets\/"]}]},{"@type":"ImageObject","inLanguage":"fr-FR","@id":"https:\/\/www.alucomfort.be\/product\/opzetrand-voor-europallets\/#primaryimage","url":"https:\/\/www.alucomfort.be\/wp-content\/uploads\/Opzetrand-Voor-EUR-Pallets.jpg","contentUrl":"https:\/\/www.alucomfort.be\/wp-content\/uploads\/Opzetrand-Voor-EUR-Pallets.jpg","width":1794,"height":1119,"caption":"Opzetrand Voor EUR Pallets"},{"@type":"BreadcrumbList","@id":"https:\/\/www.alucomfort.be\/product\/opzetrand-voor-europallets\/#breadcrumb","itemListElement":[{"@type":"ListItem","position":1,"name":"Home","item":"https:\/\/www.alucomfort.be\/fr\/"},{"@type":"ListItem","position":2,"name":"Producten","item":"https:\/\/www.alucomfort.be\/producten\/"},{"@type":"ListItem","position":3,"name":"R\u00e9hausse palette pour palette EUR"}]},{"@type":"WebSite","@id":"https:\/\/www.alucomfort.be\/#website","url":"https:\/\/www.alucomfort.be\/","name":"Alu Comfort","description":"","potentialAction":[{"@type":"SearchAction","target":{"@type":"EntryPoint","urlTemplate":"https:\/\/www.alucomfort.be\/?s={search_term_string}"},"query-input":{"@type":"PropertyValueSpecification","valueRequired":true,"valueName":"search_term_string"}}],"inLanguage":"fr-FR"}]}},"_links":{"self":[{"href":"https:\/\/www.alucomfort.be\/fr\/wp-json\/wp\/v2\/product\/217260","targetHints":{"allow":["GET"]}}],"collection":[{"href":"https:\/\/www.alucomfort.be\/fr\/wp-json\/wp\/v2\/product"}],"about":[{"href":"https:\/\/www.alucomfort.be\/fr\/wp-json\/wp\/v2\/types\/product"}],"wp:featuredmedia":[{"embeddable":true,"href":"https:\/\/www.alucomfort.be\/fr\/wp-json\/wp\/v2\/media\/217222"}],"wp:attachment":[{"href":"https:\/\/www.alucomfort.be\/fr\/wp-json\/wp\/v2\/media?parent=217260"}],"wp:term":[{"taxonomy":"product_brand","embeddable":true,"href":"https:\/\/www.alucomfort.be\/fr\/wp-json\/wp\/v2\/product_brand?post=217260"},{"taxonomy":"product_cat","embeddable":true,"href":"https:\/\/www.alucomfort.be\/fr\/wp-json\/wp\/v2\/product_cat?post=217260"},{"taxonomy":"product_tag","embeddable":true,"href":"https:\/\/www.alucomfort.be\/fr\/wp-json\/wp\/v2\/product_tag?post=217260"}],"curies":[{"name":"wp","href":"https:\/\/api.w.org\/{rel}","templated":true}]}}