

{"id":217262,"date":"2023-11-17T23:12:06","date_gmt":"2023-11-17T21:12:06","guid":{"rendered":"https:\/\/www.alucomfort.be\/product\/rehausse-palette-porte-sur-le-cote-long\/"},"modified":"2026-01-21T19:53:37","modified_gmt":"2026-01-21T17:53:37","slug":"rehausse-palette-porte-sur-le-cote-long","status":"publish","type":"product","link":"https:\/\/www.alucomfort.be\/fr\/product\/rehausse-palette-porte-sur-le-cote-long\/","title":{"rendered":"R\u00e9hausse palette &#8211; Porte sur le c\u00f4t\u00e9 long"},"content":{"rendered":"<p>* R\u00e9hausse palette, * Dim. Int.: 1150 x 740 mm, * Galvanis\u00e9, * Repliable, * Maillage 65 x 120 mm, * Empilable jusqu&rsquo;\u00e0 800 kg, * Porte sur le c\u00f4t\u00e9 long<\/p>\n","protected":false},"excerpt":{"rendered":"<p>R\u00e9hausse palette m\u00e9tallique<\/p>\n","protected":false},"featured_media":217231,"template":"","meta":{"_acf_changed":false},"product_brand":[],"product_cat":[9104],"product_tag":[],"class_list":{"0":"post-217262","1":"product","2":"type-product","3":"status-publish","4":"has-post-thumbnail","6":"product_cat-accessoires-pour-palettes","8":"first","9":"outofstock","10":"taxable","11":"shipping-taxable","12":"purchasable","13":"product-type-variable"},"acf":[],"yoast_head":"<!-- This site is optimized with the Yoast SEO plugin v24.8.1 - https:\/\/yoast.com\/wordpress\/plugins\/seo\/ -->\n<title>Rehausse pour palette EUR | Alu Comfort |<\/title>\n<meta name=\"description\" content=\"Vous cherchez des rehausses de palettes pour europalettes ? Contactez nous d\u00e8s maintenant ! Livraison rapide.\" \/>\n<meta name=\"robots\" content=\"index, follow, max-snippet:-1, max-image-preview:large, max-video-preview:-1\" \/>\n<link rel=\"canonical\" href=\"https:\/\/www.alucomfort.be\/product\/palletrand-deurtje-aan-lange-zijde\/\" \/>\n<meta property=\"og:locale\" content=\"fr_FR\" \/>\n<meta property=\"og:type\" content=\"article\" \/>\n<meta property=\"og:title\" content=\"Rehausse pour palette EUR | Alu Comfort |\" \/>\n<meta property=\"og:description\" content=\"Vous cherchez des rehausses de palettes pour europalettes ? Contactez nous d\u00e8s maintenant ! Livraison rapide.\" \/>\n<meta property=\"og:url\" content=\"https:\/\/www.alucomfort.be\/product\/palletrand-deurtje-aan-lange-zijde\/\" \/>\n<meta property=\"og:site_name\" content=\"Alu Comfort\" \/>\n<meta property=\"article:modified_time\" content=\"2026-01-21T17:53:37+00:00\" \/>\n<meta property=\"og:image\" content=\"https:\/\/www.alucomfort.be\/wp-content\/uploads\/Pallet-Opzetrand.jpg\" \/>\n\t<meta property=\"og:image:width\" content=\"1500\" \/>\n\t<meta property=\"og:image:height\" content=\"999\" \/>\n\t<meta property=\"og:image:type\" content=\"image\/jpeg\" \/>\n<meta name=\"twitter:card\" content=\"summary_large_image\" \/>\n<script type=\"application\/ld+json\" class=\"yoast-schema-graph\">{\"@context\":\"https:\/\/schema.org\",\"@graph\":[{\"@type\":\"WebPage\",\"@id\":\"https:\/\/www.alucomfort.be\/product\/palletrand-deurtje-aan-lange-zijde\/\",\"url\":\"https:\/\/www.alucomfort.be\/product\/palletrand-deurtje-aan-lange-zijde\/\",\"name\":\"Rehausse pour palette EUR | Alu Comfort |\",\"isPartOf\":{\"@id\":\"https:\/\/www.alucomfort.be\/#website\"},\"primaryImageOfPage\":{\"@id\":\"https:\/\/www.alucomfort.be\/product\/palletrand-deurtje-aan-lange-zijde\/#primaryimage\"},\"image\":{\"@id\":\"https:\/\/www.alucomfort.be\/product\/palletrand-deurtje-aan-lange-zijde\/#primaryimage\"},\"thumbnailUrl\":\"https:\/\/www.alucomfort.be\/wp-content\/uploads\/Pallet-Opzetrand.jpg\",\"datePublished\":\"2023-11-17T21:12:06+00:00\",\"dateModified\":\"2026-01-21T17:53:37+00:00\",\"description\":\"Vous cherchez des rehausses de palettes pour europalettes ? Contactez nous d\u00e8s maintenant ! Livraison rapide.\",\"breadcrumb\":{\"@id\":\"https:\/\/www.alucomfort.be\/product\/palletrand-deurtje-aan-lange-zijde\/#breadcrumb\"},\"inLanguage\":\"fr-FR\",\"potentialAction\":[{\"@type\":\"ReadAction\",\"target\":[\"https:\/\/www.alucomfort.be\/product\/palletrand-deurtje-aan-lange-zijde\/\"]}]},{\"@type\":\"ImageObject\",\"inLanguage\":\"fr-FR\",\"@id\":\"https:\/\/www.alucomfort.be\/product\/palletrand-deurtje-aan-lange-zijde\/#primaryimage\",\"url\":\"https:\/\/www.alucomfort.be\/wp-content\/uploads\/Pallet-Opzetrand.jpg\",\"contentUrl\":\"https:\/\/www.alucomfort.be\/wp-content\/uploads\/Pallet-Opzetrand.jpg\",\"width\":1500,\"height\":999,\"caption\":\"Pallet Opzetrand\"},{\"@type\":\"BreadcrumbList\",\"@id\":\"https:\/\/www.alucomfort.be\/product\/palletrand-deurtje-aan-lange-zijde\/#breadcrumb\",\"itemListElement\":[{\"@type\":\"ListItem\",\"position\":1,\"name\":\"Home\",\"item\":\"https:\/\/www.alucomfort.be\/fr\/\"},{\"@type\":\"ListItem\",\"position\":2,\"name\":\"Producten\",\"item\":\"https:\/\/www.alucomfort.be\/producten\/\"},{\"@type\":\"ListItem\",\"position\":3,\"name\":\"R\u00e9hausse palette &#8211; Porte sur le c\u00f4t\u00e9 long\"}]},{\"@type\":\"WebSite\",\"@id\":\"https:\/\/www.alucomfort.be\/#website\",\"url\":\"https:\/\/www.alucomfort.be\/\",\"name\":\"Alu Comfort\",\"description\":\"\",\"potentialAction\":[{\"@type\":\"SearchAction\",\"target\":{\"@type\":\"EntryPoint\",\"urlTemplate\":\"https:\/\/www.alucomfort.be\/?s={search_term_string}\"},\"query-input\":{\"@type\":\"PropertyValueSpecification\",\"valueRequired\":true,\"valueName\":\"search_term_string\"}}],\"inLanguage\":\"fr-FR\"}]}<\/script>\n<!-- \/ Yoast SEO plugin. -->","yoast_head_json":{"title":"Rehausse pour palette EUR | Alu Comfort |","description":"Vous cherchez des rehausses de palettes pour europalettes ? Contactez nous d\u00e8s maintenant ! Livraison rapide.","robots":{"index":"index","follow":"follow","max-snippet":"max-snippet:-1","max-image-preview":"max-image-preview:large","max-video-preview":"max-video-preview:-1"},"canonical":"https:\/\/www.alucomfort.be\/product\/palletrand-deurtje-aan-lange-zijde\/","og_locale":"fr_FR","og_type":"article","og_title":"Rehausse pour palette EUR | Alu Comfort |","og_description":"Vous cherchez des rehausses de palettes pour europalettes ? Contactez nous d\u00e8s maintenant ! Livraison rapide.","og_url":"https:\/\/www.alucomfort.be\/product\/palletrand-deurtje-aan-lange-zijde\/","og_site_name":"Alu Comfort","article_modified_time":"2026-01-21T17:53:37+00:00","og_image":[{"width":1500,"height":999,"url":"https:\/\/www.alucomfort.be\/wp-content\/uploads\/Pallet-Opzetrand.jpg","type":"image\/jpeg"}],"twitter_card":"summary_large_image","schema":{"@context":"https:\/\/schema.org","@graph":[{"@type":"WebPage","@id":"https:\/\/www.alucomfort.be\/product\/palletrand-deurtje-aan-lange-zijde\/","url":"https:\/\/www.alucomfort.be\/product\/palletrand-deurtje-aan-lange-zijde\/","name":"Rehausse pour palette EUR | Alu Comfort |","isPartOf":{"@id":"https:\/\/www.alucomfort.be\/#website"},"primaryImageOfPage":{"@id":"https:\/\/www.alucomfort.be\/product\/palletrand-deurtje-aan-lange-zijde\/#primaryimage"},"image":{"@id":"https:\/\/www.alucomfort.be\/product\/palletrand-deurtje-aan-lange-zijde\/#primaryimage"},"thumbnailUrl":"https:\/\/www.alucomfort.be\/wp-content\/uploads\/Pallet-Opzetrand.jpg","datePublished":"2023-11-17T21:12:06+00:00","dateModified":"2026-01-21T17:53:37+00:00","description":"Vous cherchez des rehausses de palettes pour europalettes ? Contactez nous d\u00e8s maintenant ! Livraison rapide.","breadcrumb":{"@id":"https:\/\/www.alucomfort.be\/product\/palletrand-deurtje-aan-lange-zijde\/#breadcrumb"},"inLanguage":"fr-FR","potentialAction":[{"@type":"ReadAction","target":["https:\/\/www.alucomfort.be\/product\/palletrand-deurtje-aan-lange-zijde\/"]}]},{"@type":"ImageObject","inLanguage":"fr-FR","@id":"https:\/\/www.alucomfort.be\/product\/palletrand-deurtje-aan-lange-zijde\/#primaryimage","url":"https:\/\/www.alucomfort.be\/wp-content\/uploads\/Pallet-Opzetrand.jpg","contentUrl":"https:\/\/www.alucomfort.be\/wp-content\/uploads\/Pallet-Opzetrand.jpg","width":1500,"height":999,"caption":"Pallet Opzetrand"},{"@type":"BreadcrumbList","@id":"https:\/\/www.alucomfort.be\/product\/palletrand-deurtje-aan-lange-zijde\/#breadcrumb","itemListElement":[{"@type":"ListItem","position":1,"name":"Home","item":"https:\/\/www.alucomfort.be\/fr\/"},{"@type":"ListItem","position":2,"name":"Producten","item":"https:\/\/www.alucomfort.be\/producten\/"},{"@type":"ListItem","position":3,"name":"R\u00e9hausse palette &#8211; Porte sur le c\u00f4t\u00e9 long"}]},{"@type":"WebSite","@id":"https:\/\/www.alucomfort.be\/#website","url":"https:\/\/www.alucomfort.be\/","name":"Alu Comfort","description":"","potentialAction":[{"@type":"SearchAction","target":{"@type":"EntryPoint","urlTemplate":"https:\/\/www.alucomfort.be\/?s={search_term_string}"},"query-input":{"@type":"PropertyValueSpecification","valueRequired":true,"valueName":"search_term_string"}}],"inLanguage":"fr-FR"}]}},"_links":{"self":[{"href":"https:\/\/www.alucomfort.be\/fr\/wp-json\/wp\/v2\/product\/217262","targetHints":{"allow":["GET"]}}],"collection":[{"href":"https:\/\/www.alucomfort.be\/fr\/wp-json\/wp\/v2\/product"}],"about":[{"href":"https:\/\/www.alucomfort.be\/fr\/wp-json\/wp\/v2\/types\/product"}],"wp:featuredmedia":[{"embeddable":true,"href":"https:\/\/www.alucomfort.be\/fr\/wp-json\/wp\/v2\/media\/217231"}],"wp:attachment":[{"href":"https:\/\/www.alucomfort.be\/fr\/wp-json\/wp\/v2\/media?parent=217262"}],"wp:term":[{"taxonomy":"product_brand","embeddable":true,"href":"https:\/\/www.alucomfort.be\/fr\/wp-json\/wp\/v2\/product_brand?post=217262"},{"taxonomy":"product_cat","embeddable":true,"href":"https:\/\/www.alucomfort.be\/fr\/wp-json\/wp\/v2\/product_cat?post=217262"},{"taxonomy":"product_tag","embeddable":true,"href":"https:\/\/www.alucomfort.be\/fr\/wp-json\/wp\/v2\/product_tag?post=217262"}],"curies":[{"name":"wp","href":"https:\/\/api.w.org\/{rel}","templated":true}]}}