

{"id":217685,"date":"2023-12-08T18:26:53","date_gmt":"2023-12-08T16:26:53","guid":{"rendered":"https:\/\/www.alucomfort.be\/product\/cendrier-cease-fire\/"},"modified":"2025-04-28T12:41:32","modified_gmt":"2025-04-28T10:41:32","slug":"cendrier-cease-fire","status":"publish","type":"product","link":"https:\/\/www.alucomfort.be\/fr\/product\/cendrier-cease-fire\/","title":{"rendered":"Cendrier Cease Fire"},"content":{"rendered":"<p>* Am\u00e9liorez l\u0092image de votre image d&rsquo;entreprise et gardez les entr\u00e9es propres sans m\u00e9gots de cigarettes, avec un minimum d&rsquo;entretien, * Fabriqu\u00e9 en poly\u00e9thyl\u00e8ne ignifuge et solide, * Approuv\u00e9 FM, * R\u00e9sistance au feu, * Avec un bac en acier galvanis\u00e9 qui recueille des milliers de m\u00e9gots, * Dim.: 420 x 980 mm, * Poids: 5,7 kg, * Cap.: 15 l.<\/p>\n","protected":false},"excerpt":{"rendered":"<p>Cendrier Justrite<\/p>\n","protected":false},"featured_media":217682,"template":"","meta":{"_acf_changed":false},"product_brand":[],"product_cat":[9177],"product_tag":[],"class_list":{"0":"post-217685","1":"product","2":"type-product","3":"status-publish","4":"has-post-thumbnail","6":"product_cat-cendrier-smokers-cease-fire","8":"first","9":"outofstock","10":"taxable","11":"shipping-taxable","12":"purchasable","13":"product-type-variable"},"acf":[],"yoast_head":"<!-- This site is optimized with the Yoast SEO plugin v24.8.1 - https:\/\/yoast.com\/wordpress\/plugins\/seo\/ -->\n<title>Cendrier Cease Fire | Alu Comfort | Justrite Safety Group dealer<\/title>\n<meta name=\"description\" content=\"Achetez le cendrier Cease Fire. Am\u00e9liorez l\u0092image de votre image d&#039;entreprise et gardez les entr\u00e9es propres sans m\u00e9gots de cigarettes.\" \/>\n<meta name=\"robots\" content=\"index, follow, max-snippet:-1, max-image-preview:large, max-video-preview:-1\" \/>\n<link rel=\"canonical\" href=\"https:\/\/www.alucomfort.be\/product\/staande-asbak-smokers-cease-fire\/\" \/>\n<meta property=\"og:locale\" content=\"fr_FR\" \/>\n<meta property=\"og:type\" content=\"article\" \/>\n<meta property=\"og:title\" content=\"Cendrier Cease Fire | Alu Comfort | Justrite Safety Group dealer\" \/>\n<meta property=\"og:description\" content=\"Achetez le cendrier Cease Fire. Am\u00e9liorez l\u0092image de votre image d&#039;entreprise et gardez les entr\u00e9es propres sans m\u00e9gots de cigarettes.\" \/>\n<meta property=\"og:url\" content=\"https:\/\/www.alucomfort.be\/product\/staande-asbak-smokers-cease-fire\/\" \/>\n<meta property=\"og:site_name\" content=\"Alu Comfort\" \/>\n<meta property=\"article:modified_time\" content=\"2025-04-28T10:41:32+00:00\" \/>\n<meta property=\"og:image\" content=\"https:\/\/www.alucomfort.be\/wp-content\/uploads\/Staande-Asbak.jpg\" \/>\n\t<meta property=\"og:image:width\" content=\"1500\" \/>\n\t<meta property=\"og:image:height\" content=\"1500\" \/>\n\t<meta property=\"og:image:type\" content=\"image\/jpeg\" \/>\n<meta name=\"twitter:card\" content=\"summary_large_image\" \/>\n<script type=\"application\/ld+json\" class=\"yoast-schema-graph\">{\"@context\":\"https:\/\/schema.org\",\"@graph\":[{\"@type\":\"WebPage\",\"@id\":\"https:\/\/www.alucomfort.be\/product\/staande-asbak-smokers-cease-fire\/\",\"url\":\"https:\/\/www.alucomfort.be\/product\/staande-asbak-smokers-cease-fire\/\",\"name\":\"Cendrier Cease Fire | Alu Comfort | Justrite Safety Group dealer\",\"isPartOf\":{\"@id\":\"https:\/\/www.alucomfort.be\/#website\"},\"primaryImageOfPage\":{\"@id\":\"https:\/\/www.alucomfort.be\/product\/staande-asbak-smokers-cease-fire\/#primaryimage\"},\"image\":{\"@id\":\"https:\/\/www.alucomfort.be\/product\/staande-asbak-smokers-cease-fire\/#primaryimage\"},\"thumbnailUrl\":\"https:\/\/www.alucomfort.be\/wp-content\/uploads\/Staande-Asbak.jpg\",\"datePublished\":\"2023-12-08T16:26:53+00:00\",\"dateModified\":\"2025-04-28T10:41:32+00:00\",\"description\":\"Achetez le cendrier Cease Fire. Am\u00e9liorez l\u0092image de votre image d'entreprise et gardez les entr\u00e9es propres sans m\u00e9gots de cigarettes.\",\"breadcrumb\":{\"@id\":\"https:\/\/www.alucomfort.be\/product\/staande-asbak-smokers-cease-fire\/#breadcrumb\"},\"inLanguage\":\"fr-FR\",\"potentialAction\":[{\"@type\":\"ReadAction\",\"target\":[\"https:\/\/www.alucomfort.be\/product\/staande-asbak-smokers-cease-fire\/\"]}]},{\"@type\":\"ImageObject\",\"inLanguage\":\"fr-FR\",\"@id\":\"https:\/\/www.alucomfort.be\/product\/staande-asbak-smokers-cease-fire\/#primaryimage\",\"url\":\"https:\/\/www.alucomfort.be\/wp-content\/uploads\/Staande-Asbak.jpg\",\"contentUrl\":\"https:\/\/www.alucomfort.be\/wp-content\/uploads\/Staande-Asbak.jpg\",\"width\":1500,\"height\":1500,\"caption\":\"Staande asbak\"},{\"@type\":\"BreadcrumbList\",\"@id\":\"https:\/\/www.alucomfort.be\/product\/staande-asbak-smokers-cease-fire\/#breadcrumb\",\"itemListElement\":[{\"@type\":\"ListItem\",\"position\":1,\"name\":\"Home\",\"item\":\"https:\/\/www.alucomfort.be\/fr\/\"},{\"@type\":\"ListItem\",\"position\":2,\"name\":\"Producten\",\"item\":\"https:\/\/www.alucomfort.be\/producten\/\"},{\"@type\":\"ListItem\",\"position\":3,\"name\":\"Cendrier Cease Fire\"}]},{\"@type\":\"WebSite\",\"@id\":\"https:\/\/www.alucomfort.be\/#website\",\"url\":\"https:\/\/www.alucomfort.be\/\",\"name\":\"Alu Comfort\",\"description\":\"\",\"potentialAction\":[{\"@type\":\"SearchAction\",\"target\":{\"@type\":\"EntryPoint\",\"urlTemplate\":\"https:\/\/www.alucomfort.be\/?s={search_term_string}\"},\"query-input\":{\"@type\":\"PropertyValueSpecification\",\"valueRequired\":true,\"valueName\":\"search_term_string\"}}],\"inLanguage\":\"fr-FR\"}]}<\/script>\n<!-- \/ Yoast SEO plugin. -->","yoast_head_json":{"title":"Cendrier Cease Fire | Alu Comfort | Justrite Safety Group dealer","description":"Achetez le cendrier Cease Fire. Am\u00e9liorez l\u0092image de votre image d'entreprise et gardez les entr\u00e9es propres sans m\u00e9gots de cigarettes.","robots":{"index":"index","follow":"follow","max-snippet":"max-snippet:-1","max-image-preview":"max-image-preview:large","max-video-preview":"max-video-preview:-1"},"canonical":"https:\/\/www.alucomfort.be\/product\/staande-asbak-smokers-cease-fire\/","og_locale":"fr_FR","og_type":"article","og_title":"Cendrier Cease Fire | Alu Comfort | Justrite Safety Group dealer","og_description":"Achetez le cendrier Cease Fire. Am\u00e9liorez l\u0092image de votre image d'entreprise et gardez les entr\u00e9es propres sans m\u00e9gots de cigarettes.","og_url":"https:\/\/www.alucomfort.be\/product\/staande-asbak-smokers-cease-fire\/","og_site_name":"Alu Comfort","article_modified_time":"2025-04-28T10:41:32+00:00","og_image":[{"width":1500,"height":1500,"url":"https:\/\/www.alucomfort.be\/wp-content\/uploads\/Staande-Asbak.jpg","type":"image\/jpeg"}],"twitter_card":"summary_large_image","schema":{"@context":"https:\/\/schema.org","@graph":[{"@type":"WebPage","@id":"https:\/\/www.alucomfort.be\/product\/staande-asbak-smokers-cease-fire\/","url":"https:\/\/www.alucomfort.be\/product\/staande-asbak-smokers-cease-fire\/","name":"Cendrier Cease Fire | Alu Comfort | Justrite Safety Group dealer","isPartOf":{"@id":"https:\/\/www.alucomfort.be\/#website"},"primaryImageOfPage":{"@id":"https:\/\/www.alucomfort.be\/product\/staande-asbak-smokers-cease-fire\/#primaryimage"},"image":{"@id":"https:\/\/www.alucomfort.be\/product\/staande-asbak-smokers-cease-fire\/#primaryimage"},"thumbnailUrl":"https:\/\/www.alucomfort.be\/wp-content\/uploads\/Staande-Asbak.jpg","datePublished":"2023-12-08T16:26:53+00:00","dateModified":"2025-04-28T10:41:32+00:00","description":"Achetez le cendrier Cease Fire. Am\u00e9liorez l\u0092image de votre image d'entreprise et gardez les entr\u00e9es propres sans m\u00e9gots de cigarettes.","breadcrumb":{"@id":"https:\/\/www.alucomfort.be\/product\/staande-asbak-smokers-cease-fire\/#breadcrumb"},"inLanguage":"fr-FR","potentialAction":[{"@type":"ReadAction","target":["https:\/\/www.alucomfort.be\/product\/staande-asbak-smokers-cease-fire\/"]}]},{"@type":"ImageObject","inLanguage":"fr-FR","@id":"https:\/\/www.alucomfort.be\/product\/staande-asbak-smokers-cease-fire\/#primaryimage","url":"https:\/\/www.alucomfort.be\/wp-content\/uploads\/Staande-Asbak.jpg","contentUrl":"https:\/\/www.alucomfort.be\/wp-content\/uploads\/Staande-Asbak.jpg","width":1500,"height":1500,"caption":"Staande asbak"},{"@type":"BreadcrumbList","@id":"https:\/\/www.alucomfort.be\/product\/staande-asbak-smokers-cease-fire\/#breadcrumb","itemListElement":[{"@type":"ListItem","position":1,"name":"Home","item":"https:\/\/www.alucomfort.be\/fr\/"},{"@type":"ListItem","position":2,"name":"Producten","item":"https:\/\/www.alucomfort.be\/producten\/"},{"@type":"ListItem","position":3,"name":"Cendrier Cease Fire"}]},{"@type":"WebSite","@id":"https:\/\/www.alucomfort.be\/#website","url":"https:\/\/www.alucomfort.be\/","name":"Alu Comfort","description":"","potentialAction":[{"@type":"SearchAction","target":{"@type":"EntryPoint","urlTemplate":"https:\/\/www.alucomfort.be\/?s={search_term_string}"},"query-input":{"@type":"PropertyValueSpecification","valueRequired":true,"valueName":"search_term_string"}}],"inLanguage":"fr-FR"}]}},"_links":{"self":[{"href":"https:\/\/www.alucomfort.be\/fr\/wp-json\/wp\/v2\/product\/217685","targetHints":{"allow":["GET"]}}],"collection":[{"href":"https:\/\/www.alucomfort.be\/fr\/wp-json\/wp\/v2\/product"}],"about":[{"href":"https:\/\/www.alucomfort.be\/fr\/wp-json\/wp\/v2\/types\/product"}],"wp:featuredmedia":[{"embeddable":true,"href":"https:\/\/www.alucomfort.be\/fr\/wp-json\/wp\/v2\/media\/217682"}],"wp:attachment":[{"href":"https:\/\/www.alucomfort.be\/fr\/wp-json\/wp\/v2\/media?parent=217685"}],"wp:term":[{"taxonomy":"product_brand","embeddable":true,"href":"https:\/\/www.alucomfort.be\/fr\/wp-json\/wp\/v2\/product_brand?post=217685"},{"taxonomy":"product_cat","embeddable":true,"href":"https:\/\/www.alucomfort.be\/fr\/wp-json\/wp\/v2\/product_cat?post=217685"},{"taxonomy":"product_tag","embeddable":true,"href":"https:\/\/www.alucomfort.be\/fr\/wp-json\/wp\/v2\/product_tag?post=217685"}],"curies":[{"name":"wp","href":"https:\/\/api.w.org\/{rel}","templated":true}]}}