

{"id":217702,"date":"2023-12-11T14:10:58","date_gmt":"2023-12-11T12:10:58","guid":{"rendered":"https:\/\/www.alucomfort.be\/product\/benne-a-beton-version-compacte\/"},"modified":"2024-10-23T15:20:20","modified_gmt":"2024-10-23T13:20:20","slug":"benne-a-beton-version-compacte","status":"publish","type":"product","link":"https:\/\/www.alucomfort.be\/fr\/product\/benne-a-beton-version-compacte\/","title":{"rendered":"Benne \u00e0 b\u00e9ton &#8211; Version compacte"},"content":{"rendered":"<p>* Conception conique et basse, * L\u00e9ger, * Avec vanne de sortie, * Disponible dans des volumes de 120 l \u00e0 500 l, * Avec poign\u00e9e de levage en standard.  Disponible en option avec une cha\u00eene.  Contactez-nous pour plus d&rsquo;informations.<\/p>\n","protected":false},"excerpt":{"rendered":"<p>a benne \u00e0 b\u00e9ton la plus compacte de la gamme.<\/p>\n","protected":false},"featured_media":217699,"template":"","meta":{"_acf_changed":false},"product_brand":[],"product_cat":[8817],"product_tag":[],"class_list":{"0":"post-217702","1":"product","2":"type-product","3":"status-publish","4":"has-post-thumbnail","6":"product_cat-benne-a-beton","8":"first","9":"outofstock","10":"taxable","11":"shipping-taxable","12":"purchasable","13":"product-type-variable"},"acf":[],"yoast_head":"<!-- This site is optimized with the Yoast SEO plugin v24.8.1 - https:\/\/yoast.com\/wordpress\/plugins\/seo\/ -->\n<title>Benne \u00e0 b\u00e9ton| Alu Comfort |Revendeur Eichinger<\/title>\n<meta name=\"description\" content=\"Contactez-nous! La plus large gamme de bennes \u00e0 b\u00e9ton au meilleur prix.\" \/>\n<meta name=\"robots\" content=\"index, follow, max-snippet:-1, max-image-preview:large, max-video-preview:-1\" \/>\n<link rel=\"canonical\" href=\"https:\/\/www.alucomfort.be\/product\/betonstortbak-compacte-versie\/\" \/>\n<meta property=\"og:locale\" content=\"fr_FR\" \/>\n<meta property=\"og:type\" content=\"article\" \/>\n<meta property=\"og:title\" content=\"Benne \u00e0 b\u00e9ton| Alu Comfort |Revendeur Eichinger\" \/>\n<meta property=\"og:description\" content=\"Contactez-nous! La plus large gamme de bennes \u00e0 b\u00e9ton au meilleur prix.\" \/>\n<meta property=\"og:url\" content=\"https:\/\/www.alucomfort.be\/product\/betonstortbak-compacte-versie\/\" \/>\n<meta property=\"og:site_name\" content=\"Alu Comfort\" \/>\n<meta property=\"article:modified_time\" content=\"2024-10-23T13:20:20+00:00\" \/>\n<meta property=\"og:image\" content=\"https:\/\/www.alucomfort.be\/wp-content\/uploads\/Betonstortkubel.jpg\" \/>\n\t<meta property=\"og:image:width\" content=\"1920\" \/>\n\t<meta property=\"og:image:height\" content=\"3371\" \/>\n\t<meta property=\"og:image:type\" content=\"image\/jpeg\" \/>\n<meta name=\"twitter:card\" content=\"summary_large_image\" \/>\n<script type=\"application\/ld+json\" class=\"yoast-schema-graph\">{\"@context\":\"https:\/\/schema.org\",\"@graph\":[{\"@type\":\"WebPage\",\"@id\":\"https:\/\/www.alucomfort.be\/product\/betonstortbak-compacte-versie\/\",\"url\":\"https:\/\/www.alucomfort.be\/product\/betonstortbak-compacte-versie\/\",\"name\":\"Benne \u00e0 b\u00e9ton| Alu Comfort |Revendeur Eichinger\",\"isPartOf\":{\"@id\":\"https:\/\/www.alucomfort.be\/#website\"},\"primaryImageOfPage\":{\"@id\":\"https:\/\/www.alucomfort.be\/product\/betonstortbak-compacte-versie\/#primaryimage\"},\"image\":{\"@id\":\"https:\/\/www.alucomfort.be\/product\/betonstortbak-compacte-versie\/#primaryimage\"},\"thumbnailUrl\":\"https:\/\/www.alucomfort.be\/wp-content\/uploads\/Betonstortkubel.jpg\",\"datePublished\":\"2023-12-11T12:10:58+00:00\",\"dateModified\":\"2024-10-23T13:20:20+00:00\",\"description\":\"Contactez-nous! La plus large gamme de bennes \u00e0 b\u00e9ton au meilleur prix.\",\"breadcrumb\":{\"@id\":\"https:\/\/www.alucomfort.be\/product\/betonstortbak-compacte-versie\/#breadcrumb\"},\"inLanguage\":\"fr-FR\",\"potentialAction\":[{\"@type\":\"ReadAction\",\"target\":[\"https:\/\/www.alucomfort.be\/product\/betonstortbak-compacte-versie\/\"]}]},{\"@type\":\"ImageObject\",\"inLanguage\":\"fr-FR\",\"@id\":\"https:\/\/www.alucomfort.be\/product\/betonstortbak-compacte-versie\/#primaryimage\",\"url\":\"https:\/\/www.alucomfort.be\/wp-content\/uploads\/Betonstortkubel.jpg\",\"contentUrl\":\"https:\/\/www.alucomfort.be\/wp-content\/uploads\/Betonstortkubel.jpg\",\"width\":1920,\"height\":3371,\"caption\":\"Betonstortkubel\"},{\"@type\":\"BreadcrumbList\",\"@id\":\"https:\/\/www.alucomfort.be\/product\/betonstortbak-compacte-versie\/#breadcrumb\",\"itemListElement\":[{\"@type\":\"ListItem\",\"position\":1,\"name\":\"Home\",\"item\":\"https:\/\/www.alucomfort.be\/fr\/\"},{\"@type\":\"ListItem\",\"position\":2,\"name\":\"Producten\",\"item\":\"https:\/\/www.alucomfort.be\/producten\/\"},{\"@type\":\"ListItem\",\"position\":3,\"name\":\"Benne \u00e0 b\u00e9ton &#8211; Version compacte\"}]},{\"@type\":\"WebSite\",\"@id\":\"https:\/\/www.alucomfort.be\/#website\",\"url\":\"https:\/\/www.alucomfort.be\/\",\"name\":\"Alu Comfort\",\"description\":\"\",\"potentialAction\":[{\"@type\":\"SearchAction\",\"target\":{\"@type\":\"EntryPoint\",\"urlTemplate\":\"https:\/\/www.alucomfort.be\/?s={search_term_string}\"},\"query-input\":{\"@type\":\"PropertyValueSpecification\",\"valueRequired\":true,\"valueName\":\"search_term_string\"}}],\"inLanguage\":\"fr-FR\"}]}<\/script>\n<!-- \/ Yoast SEO plugin. -->","yoast_head_json":{"title":"Benne \u00e0 b\u00e9ton| Alu Comfort |Revendeur Eichinger","description":"Contactez-nous! La plus large gamme de bennes \u00e0 b\u00e9ton au meilleur prix.","robots":{"index":"index","follow":"follow","max-snippet":"max-snippet:-1","max-image-preview":"max-image-preview:large","max-video-preview":"max-video-preview:-1"},"canonical":"https:\/\/www.alucomfort.be\/product\/betonstortbak-compacte-versie\/","og_locale":"fr_FR","og_type":"article","og_title":"Benne \u00e0 b\u00e9ton| Alu Comfort |Revendeur Eichinger","og_description":"Contactez-nous! La plus large gamme de bennes \u00e0 b\u00e9ton au meilleur prix.","og_url":"https:\/\/www.alucomfort.be\/product\/betonstortbak-compacte-versie\/","og_site_name":"Alu Comfort","article_modified_time":"2024-10-23T13:20:20+00:00","og_image":[{"width":1920,"height":3371,"url":"https:\/\/www.alucomfort.be\/wp-content\/uploads\/Betonstortkubel.jpg","type":"image\/jpeg"}],"twitter_card":"summary_large_image","schema":{"@context":"https:\/\/schema.org","@graph":[{"@type":"WebPage","@id":"https:\/\/www.alucomfort.be\/product\/betonstortbak-compacte-versie\/","url":"https:\/\/www.alucomfort.be\/product\/betonstortbak-compacte-versie\/","name":"Benne \u00e0 b\u00e9ton| Alu Comfort |Revendeur Eichinger","isPartOf":{"@id":"https:\/\/www.alucomfort.be\/#website"},"primaryImageOfPage":{"@id":"https:\/\/www.alucomfort.be\/product\/betonstortbak-compacte-versie\/#primaryimage"},"image":{"@id":"https:\/\/www.alucomfort.be\/product\/betonstortbak-compacte-versie\/#primaryimage"},"thumbnailUrl":"https:\/\/www.alucomfort.be\/wp-content\/uploads\/Betonstortkubel.jpg","datePublished":"2023-12-11T12:10:58+00:00","dateModified":"2024-10-23T13:20:20+00:00","description":"Contactez-nous! La plus large gamme de bennes \u00e0 b\u00e9ton au meilleur prix.","breadcrumb":{"@id":"https:\/\/www.alucomfort.be\/product\/betonstortbak-compacte-versie\/#breadcrumb"},"inLanguage":"fr-FR","potentialAction":[{"@type":"ReadAction","target":["https:\/\/www.alucomfort.be\/product\/betonstortbak-compacte-versie\/"]}]},{"@type":"ImageObject","inLanguage":"fr-FR","@id":"https:\/\/www.alucomfort.be\/product\/betonstortbak-compacte-versie\/#primaryimage","url":"https:\/\/www.alucomfort.be\/wp-content\/uploads\/Betonstortkubel.jpg","contentUrl":"https:\/\/www.alucomfort.be\/wp-content\/uploads\/Betonstortkubel.jpg","width":1920,"height":3371,"caption":"Betonstortkubel"},{"@type":"BreadcrumbList","@id":"https:\/\/www.alucomfort.be\/product\/betonstortbak-compacte-versie\/#breadcrumb","itemListElement":[{"@type":"ListItem","position":1,"name":"Home","item":"https:\/\/www.alucomfort.be\/fr\/"},{"@type":"ListItem","position":2,"name":"Producten","item":"https:\/\/www.alucomfort.be\/producten\/"},{"@type":"ListItem","position":3,"name":"Benne \u00e0 b\u00e9ton &#8211; Version compacte"}]},{"@type":"WebSite","@id":"https:\/\/www.alucomfort.be\/#website","url":"https:\/\/www.alucomfort.be\/","name":"Alu Comfort","description":"","potentialAction":[{"@type":"SearchAction","target":{"@type":"EntryPoint","urlTemplate":"https:\/\/www.alucomfort.be\/?s={search_term_string}"},"query-input":{"@type":"PropertyValueSpecification","valueRequired":true,"valueName":"search_term_string"}}],"inLanguage":"fr-FR"}]}},"_links":{"self":[{"href":"https:\/\/www.alucomfort.be\/fr\/wp-json\/wp\/v2\/product\/217702","targetHints":{"allow":["GET"]}}],"collection":[{"href":"https:\/\/www.alucomfort.be\/fr\/wp-json\/wp\/v2\/product"}],"about":[{"href":"https:\/\/www.alucomfort.be\/fr\/wp-json\/wp\/v2\/types\/product"}],"wp:featuredmedia":[{"embeddable":true,"href":"https:\/\/www.alucomfort.be\/fr\/wp-json\/wp\/v2\/media\/217699"}],"wp:attachment":[{"href":"https:\/\/www.alucomfort.be\/fr\/wp-json\/wp\/v2\/media?parent=217702"}],"wp:term":[{"taxonomy":"product_brand","embeddable":true,"href":"https:\/\/www.alucomfort.be\/fr\/wp-json\/wp\/v2\/product_brand?post=217702"},{"taxonomy":"product_cat","embeddable":true,"href":"https:\/\/www.alucomfort.be\/fr\/wp-json\/wp\/v2\/product_cat?post=217702"},{"taxonomy":"product_tag","embeddable":true,"href":"https:\/\/www.alucomfort.be\/fr\/wp-json\/wp\/v2\/product_tag?post=217702"}],"curies":[{"name":"wp","href":"https:\/\/api.w.org\/{rel}","templated":true}]}}