

{"id":217729,"date":"2023-12-11T23:52:38","date_gmt":"2023-12-11T21:52:38","guid":{"rendered":"https:\/\/www.alucomfort.be\/product\/benne-a-dechets\/"},"modified":"2024-11-26T12:07:47","modified_gmt":"2024-11-26T10:07:47","slug":"benne-a-dechets","status":"publish","type":"product","link":"https:\/\/www.alucomfort.be\/fr\/product\/benne-a-dechets\/","title":{"rendered":"Benne \u00e0 d\u00e9chets"},"content":{"rendered":"<p>* Benne \u00e0 d\u00e9chets, * Largeur int\u00e9rieure \u00e0 77 cm, * Elle peut \u00eatre d\u00e9plac\u00e9e et vid\u00e9e par le grutier seul, * Avec 4 roues polyamides.<\/p>\n","protected":false},"excerpt":{"rendered":"<p>Benne \u00e0 d\u00e9chets pour grue<\/p>\n","protected":false},"featured_media":217722,"template":"","meta":{"_acf_changed":false},"product_brand":[],"product_cat":[8863],"product_tag":[],"class_list":{"0":"post-217729","1":"product","2":"type-product","3":"status-publish","4":"has-post-thumbnail","6":"product_cat-bennes-de-chantier","8":"first","9":"outofstock","10":"taxable","11":"shipping-taxable","12":"purchasable","13":"product-type-variable"},"acf":[],"yoast_head":"<!-- This site is optimized with the Yoast SEO plugin v24.8.1 - https:\/\/yoast.com\/wordpress\/plugins\/seo\/ -->\n<title>Benne \u00e0 d\u00e9chets pour grue | Alu Comfort |<\/title>\n<meta name=\"description\" content=\"Benne \u00e0 d\u00e9chets pour grue.\" \/>\n<meta name=\"robots\" content=\"index, follow, max-snippet:-1, max-image-preview:large, max-video-preview:-1\" \/>\n<link rel=\"canonical\" href=\"https:\/\/www.alucomfort.be\/product\/kiepbak-voor-kraan\/\" \/>\n<meta property=\"og:locale\" content=\"fr_FR\" \/>\n<meta property=\"og:type\" content=\"article\" \/>\n<meta property=\"og:title\" content=\"Benne \u00e0 d\u00e9chets pour grue | Alu Comfort |\" \/>\n<meta property=\"og:description\" content=\"Benne \u00e0 d\u00e9chets pour grue.\" \/>\n<meta property=\"og:url\" content=\"https:\/\/www.alucomfort.be\/product\/kiepbak-voor-kraan\/\" \/>\n<meta property=\"og:site_name\" content=\"Alu Comfort\" \/>\n<meta property=\"article:modified_time\" content=\"2024-11-26T10:07:47+00:00\" \/>\n<meta property=\"og:image\" content=\"https:\/\/www.alucomfort.be\/wp-content\/uploads\/Kiepbak-Voor-Kraan.jpg\" \/>\n\t<meta property=\"og:image:width\" content=\"1920\" \/>\n\t<meta property=\"og:image:height\" content=\"2674\" \/>\n\t<meta property=\"og:image:type\" content=\"image\/jpeg\" \/>\n<meta name=\"twitter:card\" content=\"summary_large_image\" \/>\n<script type=\"application\/ld+json\" class=\"yoast-schema-graph\">{\"@context\":\"https:\/\/schema.org\",\"@graph\":[{\"@type\":\"WebPage\",\"@id\":\"https:\/\/www.alucomfort.be\/product\/kiepbak-voor-kraan\/\",\"url\":\"https:\/\/www.alucomfort.be\/product\/kiepbak-voor-kraan\/\",\"name\":\"Benne \u00e0 d\u00e9chets pour grue | Alu Comfort |\",\"isPartOf\":{\"@id\":\"https:\/\/www.alucomfort.be\/#website\"},\"primaryImageOfPage\":{\"@id\":\"https:\/\/www.alucomfort.be\/product\/kiepbak-voor-kraan\/#primaryimage\"},\"image\":{\"@id\":\"https:\/\/www.alucomfort.be\/product\/kiepbak-voor-kraan\/#primaryimage\"},\"thumbnailUrl\":\"https:\/\/www.alucomfort.be\/wp-content\/uploads\/Kiepbak-Voor-Kraan.jpg\",\"datePublished\":\"2023-12-11T21:52:38+00:00\",\"dateModified\":\"2024-11-26T10:07:47+00:00\",\"description\":\"Benne \u00e0 d\u00e9chets pour grue.\",\"breadcrumb\":{\"@id\":\"https:\/\/www.alucomfort.be\/product\/kiepbak-voor-kraan\/#breadcrumb\"},\"inLanguage\":\"fr-FR\",\"potentialAction\":[{\"@type\":\"ReadAction\",\"target\":[\"https:\/\/www.alucomfort.be\/product\/kiepbak-voor-kraan\/\"]}]},{\"@type\":\"ImageObject\",\"inLanguage\":\"fr-FR\",\"@id\":\"https:\/\/www.alucomfort.be\/product\/kiepbak-voor-kraan\/#primaryimage\",\"url\":\"https:\/\/www.alucomfort.be\/wp-content\/uploads\/Kiepbak-Voor-Kraan.jpg\",\"contentUrl\":\"https:\/\/www.alucomfort.be\/wp-content\/uploads\/Kiepbak-Voor-Kraan.jpg\",\"width\":1920,\"height\":2674,\"caption\":\"Kiepbak Voor Kraan\"},{\"@type\":\"BreadcrumbList\",\"@id\":\"https:\/\/www.alucomfort.be\/product\/kiepbak-voor-kraan\/#breadcrumb\",\"itemListElement\":[{\"@type\":\"ListItem\",\"position\":1,\"name\":\"Home\",\"item\":\"https:\/\/www.alucomfort.be\/fr\/\"},{\"@type\":\"ListItem\",\"position\":2,\"name\":\"Producten\",\"item\":\"https:\/\/www.alucomfort.be\/producten\/\"},{\"@type\":\"ListItem\",\"position\":3,\"name\":\"Benne \u00e0 d\u00e9chets\"}]},{\"@type\":\"WebSite\",\"@id\":\"https:\/\/www.alucomfort.be\/#website\",\"url\":\"https:\/\/www.alucomfort.be\/\",\"name\":\"Alu Comfort\",\"description\":\"\",\"potentialAction\":[{\"@type\":\"SearchAction\",\"target\":{\"@type\":\"EntryPoint\",\"urlTemplate\":\"https:\/\/www.alucomfort.be\/?s={search_term_string}\"},\"query-input\":{\"@type\":\"PropertyValueSpecification\",\"valueRequired\":true,\"valueName\":\"search_term_string\"}}],\"inLanguage\":\"fr-FR\"}]}<\/script>\n<!-- \/ Yoast SEO plugin. -->","yoast_head_json":{"title":"Benne \u00e0 d\u00e9chets pour grue | Alu Comfort |","description":"Benne \u00e0 d\u00e9chets pour grue.","robots":{"index":"index","follow":"follow","max-snippet":"max-snippet:-1","max-image-preview":"max-image-preview:large","max-video-preview":"max-video-preview:-1"},"canonical":"https:\/\/www.alucomfort.be\/product\/kiepbak-voor-kraan\/","og_locale":"fr_FR","og_type":"article","og_title":"Benne \u00e0 d\u00e9chets pour grue | Alu Comfort |","og_description":"Benne \u00e0 d\u00e9chets pour grue.","og_url":"https:\/\/www.alucomfort.be\/product\/kiepbak-voor-kraan\/","og_site_name":"Alu Comfort","article_modified_time":"2024-11-26T10:07:47+00:00","og_image":[{"width":1920,"height":2674,"url":"https:\/\/www.alucomfort.be\/wp-content\/uploads\/Kiepbak-Voor-Kraan.jpg","type":"image\/jpeg"}],"twitter_card":"summary_large_image","schema":{"@context":"https:\/\/schema.org","@graph":[{"@type":"WebPage","@id":"https:\/\/www.alucomfort.be\/product\/kiepbak-voor-kraan\/","url":"https:\/\/www.alucomfort.be\/product\/kiepbak-voor-kraan\/","name":"Benne \u00e0 d\u00e9chets pour grue | Alu Comfort |","isPartOf":{"@id":"https:\/\/www.alucomfort.be\/#website"},"primaryImageOfPage":{"@id":"https:\/\/www.alucomfort.be\/product\/kiepbak-voor-kraan\/#primaryimage"},"image":{"@id":"https:\/\/www.alucomfort.be\/product\/kiepbak-voor-kraan\/#primaryimage"},"thumbnailUrl":"https:\/\/www.alucomfort.be\/wp-content\/uploads\/Kiepbak-Voor-Kraan.jpg","datePublished":"2023-12-11T21:52:38+00:00","dateModified":"2024-11-26T10:07:47+00:00","description":"Benne \u00e0 d\u00e9chets pour grue.","breadcrumb":{"@id":"https:\/\/www.alucomfort.be\/product\/kiepbak-voor-kraan\/#breadcrumb"},"inLanguage":"fr-FR","potentialAction":[{"@type":"ReadAction","target":["https:\/\/www.alucomfort.be\/product\/kiepbak-voor-kraan\/"]}]},{"@type":"ImageObject","inLanguage":"fr-FR","@id":"https:\/\/www.alucomfort.be\/product\/kiepbak-voor-kraan\/#primaryimage","url":"https:\/\/www.alucomfort.be\/wp-content\/uploads\/Kiepbak-Voor-Kraan.jpg","contentUrl":"https:\/\/www.alucomfort.be\/wp-content\/uploads\/Kiepbak-Voor-Kraan.jpg","width":1920,"height":2674,"caption":"Kiepbak Voor Kraan"},{"@type":"BreadcrumbList","@id":"https:\/\/www.alucomfort.be\/product\/kiepbak-voor-kraan\/#breadcrumb","itemListElement":[{"@type":"ListItem","position":1,"name":"Home","item":"https:\/\/www.alucomfort.be\/fr\/"},{"@type":"ListItem","position":2,"name":"Producten","item":"https:\/\/www.alucomfort.be\/producten\/"},{"@type":"ListItem","position":3,"name":"Benne \u00e0 d\u00e9chets"}]},{"@type":"WebSite","@id":"https:\/\/www.alucomfort.be\/#website","url":"https:\/\/www.alucomfort.be\/","name":"Alu Comfort","description":"","potentialAction":[{"@type":"SearchAction","target":{"@type":"EntryPoint","urlTemplate":"https:\/\/www.alucomfort.be\/?s={search_term_string}"},"query-input":{"@type":"PropertyValueSpecification","valueRequired":true,"valueName":"search_term_string"}}],"inLanguage":"fr-FR"}]}},"_links":{"self":[{"href":"https:\/\/www.alucomfort.be\/fr\/wp-json\/wp\/v2\/product\/217729","targetHints":{"allow":["GET"]}}],"collection":[{"href":"https:\/\/www.alucomfort.be\/fr\/wp-json\/wp\/v2\/product"}],"about":[{"href":"https:\/\/www.alucomfort.be\/fr\/wp-json\/wp\/v2\/types\/product"}],"wp:featuredmedia":[{"embeddable":true,"href":"https:\/\/www.alucomfort.be\/fr\/wp-json\/wp\/v2\/media\/217722"}],"wp:attachment":[{"href":"https:\/\/www.alucomfort.be\/fr\/wp-json\/wp\/v2\/media?parent=217729"}],"wp:term":[{"taxonomy":"product_brand","embeddable":true,"href":"https:\/\/www.alucomfort.be\/fr\/wp-json\/wp\/v2\/product_brand?post=217729"},{"taxonomy":"product_cat","embeddable":true,"href":"https:\/\/www.alucomfort.be\/fr\/wp-json\/wp\/v2\/product_cat?post=217729"},{"taxonomy":"product_tag","embeddable":true,"href":"https:\/\/www.alucomfort.be\/fr\/wp-json\/wp\/v2\/product_tag?post=217729"}],"curies":[{"name":"wp","href":"https:\/\/api.w.org\/{rel}","templated":true}]}}