

{"id":217741,"date":"2023-12-11T23:52:46","date_gmt":"2023-12-11T21:52:46","guid":{"rendered":"https:\/\/www.alucomfort.be\/product\/benne-a-terre\/"},"modified":"2024-11-26T12:08:22","modified_gmt":"2024-11-26T10:08:22","slug":"benne-a-terre","status":"publish","type":"product","link":"https:\/\/www.alucomfort.be\/fr\/product\/benne-a-terre\/","title":{"rendered":"Benne \u00e0 terre"},"content":{"rendered":"<p>* Comme la forme de l\u00b4avant de la benne est arrondie, la benne tend \u00e0 pencher vers l\u00b4avant quand elle est pos\u00e9eau sol.  Pour vider la benne par l\u00b4avant, d\u00e9crochez la chaine avant du crochet de s\u00e9curit\u00e9 et levez la benne, * Avec cha\u00eene, * non empilable, * Disponible en 8 mod\u00e8les diff\u00e9rents.<\/p>\n","protected":false},"excerpt":{"rendered":"<p>Benne \u00e0 terre<\/p>\n","protected":false},"featured_media":217726,"template":"","meta":{"_acf_changed":false},"product_brand":[],"product_cat":[8863],"product_tag":[],"class_list":{"0":"post-217741","1":"product","2":"type-product","3":"status-publish","4":"has-post-thumbnail","6":"product_cat-bennes-de-chantier","8":"first","9":"outofstock","10":"taxable","11":"shipping-taxable","12":"purchasable","13":"product-type-variable"},"acf":[],"yoast_head":"<!-- This site is optimized with the Yoast SEO plugin v24.8.1 - https:\/\/yoast.com\/wordpress\/plugins\/seo\/ -->\n<title>Benne \u00e0 terre | Alu Comfort | B2B<\/title>\n<meta name=\"description\" content=\"Alu Comfort. Votre sp\u00e9cialiste de l&#039;\u00e9quipement de chantier.\" \/>\n<meta name=\"robots\" content=\"index, follow, max-snippet:-1, max-image-preview:large, max-video-preview:-1\" \/>\n<link rel=\"canonical\" href=\"https:\/\/www.alucomfort.be\/product\/aardebak\/\" \/>\n<meta property=\"og:locale\" content=\"fr_FR\" \/>\n<meta property=\"og:type\" content=\"article\" \/>\n<meta property=\"og:title\" content=\"Benne \u00e0 terre | Alu Comfort | B2B\" \/>\n<meta property=\"og:description\" content=\"Alu Comfort. Votre sp\u00e9cialiste de l&#039;\u00e9quipement de chantier.\" \/>\n<meta property=\"og:url\" content=\"https:\/\/www.alucomfort.be\/product\/aardebak\/\" \/>\n<meta property=\"og:site_name\" content=\"Alu Comfort\" \/>\n<meta property=\"article:modified_time\" content=\"2024-11-26T10:08:22+00:00\" \/>\n<meta property=\"og:image\" content=\"https:\/\/www.alucomfort.be\/wp-content\/uploads\/Aardebak.jpg\" \/>\n\t<meta property=\"og:image:width\" content=\"1760\" \/>\n\t<meta property=\"og:image:height\" content=\"1772\" \/>\n\t<meta property=\"og:image:type\" content=\"image\/jpeg\" \/>\n<meta name=\"twitter:card\" content=\"summary_large_image\" \/>\n<script type=\"application\/ld+json\" class=\"yoast-schema-graph\">{\"@context\":\"https:\/\/schema.org\",\"@graph\":[{\"@type\":\"WebPage\",\"@id\":\"https:\/\/www.alucomfort.be\/product\/aardebak\/\",\"url\":\"https:\/\/www.alucomfort.be\/product\/aardebak\/\",\"name\":\"Benne \u00e0 terre | Alu Comfort | B2B\",\"isPartOf\":{\"@id\":\"https:\/\/www.alucomfort.be\/#website\"},\"primaryImageOfPage\":{\"@id\":\"https:\/\/www.alucomfort.be\/product\/aardebak\/#primaryimage\"},\"image\":{\"@id\":\"https:\/\/www.alucomfort.be\/product\/aardebak\/#primaryimage\"},\"thumbnailUrl\":\"https:\/\/www.alucomfort.be\/wp-content\/uploads\/Aardebak.jpg\",\"datePublished\":\"2023-12-11T21:52:46+00:00\",\"dateModified\":\"2024-11-26T10:08:22+00:00\",\"description\":\"Alu Comfort. Votre sp\u00e9cialiste de l'\u00e9quipement de chantier.\",\"breadcrumb\":{\"@id\":\"https:\/\/www.alucomfort.be\/product\/aardebak\/#breadcrumb\"},\"inLanguage\":\"fr-FR\",\"potentialAction\":[{\"@type\":\"ReadAction\",\"target\":[\"https:\/\/www.alucomfort.be\/product\/aardebak\/\"]}]},{\"@type\":\"ImageObject\",\"inLanguage\":\"fr-FR\",\"@id\":\"https:\/\/www.alucomfort.be\/product\/aardebak\/#primaryimage\",\"url\":\"https:\/\/www.alucomfort.be\/wp-content\/uploads\/Aardebak.jpg\",\"contentUrl\":\"https:\/\/www.alucomfort.be\/wp-content\/uploads\/Aardebak.jpg\",\"width\":1760,\"height\":1772,\"caption\":\"Aardebak\"},{\"@type\":\"BreadcrumbList\",\"@id\":\"https:\/\/www.alucomfort.be\/product\/aardebak\/#breadcrumb\",\"itemListElement\":[{\"@type\":\"ListItem\",\"position\":1,\"name\":\"Home\",\"item\":\"https:\/\/www.alucomfort.be\/fr\/\"},{\"@type\":\"ListItem\",\"position\":2,\"name\":\"Producten\",\"item\":\"https:\/\/www.alucomfort.be\/producten\/\"},{\"@type\":\"ListItem\",\"position\":3,\"name\":\"Benne \u00e0 terre\"}]},{\"@type\":\"WebSite\",\"@id\":\"https:\/\/www.alucomfort.be\/#website\",\"url\":\"https:\/\/www.alucomfort.be\/\",\"name\":\"Alu Comfort\",\"description\":\"\",\"potentialAction\":[{\"@type\":\"SearchAction\",\"target\":{\"@type\":\"EntryPoint\",\"urlTemplate\":\"https:\/\/www.alucomfort.be\/?s={search_term_string}\"},\"query-input\":{\"@type\":\"PropertyValueSpecification\",\"valueRequired\":true,\"valueName\":\"search_term_string\"}}],\"inLanguage\":\"fr-FR\"}]}<\/script>\n<!-- \/ Yoast SEO plugin. -->","yoast_head_json":{"title":"Benne \u00e0 terre | Alu Comfort | B2B","description":"Alu Comfort. Votre sp\u00e9cialiste de l'\u00e9quipement de chantier.","robots":{"index":"index","follow":"follow","max-snippet":"max-snippet:-1","max-image-preview":"max-image-preview:large","max-video-preview":"max-video-preview:-1"},"canonical":"https:\/\/www.alucomfort.be\/product\/aardebak\/","og_locale":"fr_FR","og_type":"article","og_title":"Benne \u00e0 terre | Alu Comfort | B2B","og_description":"Alu Comfort. Votre sp\u00e9cialiste de l'\u00e9quipement de chantier.","og_url":"https:\/\/www.alucomfort.be\/product\/aardebak\/","og_site_name":"Alu Comfort","article_modified_time":"2024-11-26T10:08:22+00:00","og_image":[{"width":1760,"height":1772,"url":"https:\/\/www.alucomfort.be\/wp-content\/uploads\/Aardebak.jpg","type":"image\/jpeg"}],"twitter_card":"summary_large_image","schema":{"@context":"https:\/\/schema.org","@graph":[{"@type":"WebPage","@id":"https:\/\/www.alucomfort.be\/product\/aardebak\/","url":"https:\/\/www.alucomfort.be\/product\/aardebak\/","name":"Benne \u00e0 terre | Alu Comfort | B2B","isPartOf":{"@id":"https:\/\/www.alucomfort.be\/#website"},"primaryImageOfPage":{"@id":"https:\/\/www.alucomfort.be\/product\/aardebak\/#primaryimage"},"image":{"@id":"https:\/\/www.alucomfort.be\/product\/aardebak\/#primaryimage"},"thumbnailUrl":"https:\/\/www.alucomfort.be\/wp-content\/uploads\/Aardebak.jpg","datePublished":"2023-12-11T21:52:46+00:00","dateModified":"2024-11-26T10:08:22+00:00","description":"Alu Comfort. Votre sp\u00e9cialiste de l'\u00e9quipement de chantier.","breadcrumb":{"@id":"https:\/\/www.alucomfort.be\/product\/aardebak\/#breadcrumb"},"inLanguage":"fr-FR","potentialAction":[{"@type":"ReadAction","target":["https:\/\/www.alucomfort.be\/product\/aardebak\/"]}]},{"@type":"ImageObject","inLanguage":"fr-FR","@id":"https:\/\/www.alucomfort.be\/product\/aardebak\/#primaryimage","url":"https:\/\/www.alucomfort.be\/wp-content\/uploads\/Aardebak.jpg","contentUrl":"https:\/\/www.alucomfort.be\/wp-content\/uploads\/Aardebak.jpg","width":1760,"height":1772,"caption":"Aardebak"},{"@type":"BreadcrumbList","@id":"https:\/\/www.alucomfort.be\/product\/aardebak\/#breadcrumb","itemListElement":[{"@type":"ListItem","position":1,"name":"Home","item":"https:\/\/www.alucomfort.be\/fr\/"},{"@type":"ListItem","position":2,"name":"Producten","item":"https:\/\/www.alucomfort.be\/producten\/"},{"@type":"ListItem","position":3,"name":"Benne \u00e0 terre"}]},{"@type":"WebSite","@id":"https:\/\/www.alucomfort.be\/#website","url":"https:\/\/www.alucomfort.be\/","name":"Alu Comfort","description":"","potentialAction":[{"@type":"SearchAction","target":{"@type":"EntryPoint","urlTemplate":"https:\/\/www.alucomfort.be\/?s={search_term_string}"},"query-input":{"@type":"PropertyValueSpecification","valueRequired":true,"valueName":"search_term_string"}}],"inLanguage":"fr-FR"}]}},"_links":{"self":[{"href":"https:\/\/www.alucomfort.be\/fr\/wp-json\/wp\/v2\/product\/217741","targetHints":{"allow":["GET"]}}],"collection":[{"href":"https:\/\/www.alucomfort.be\/fr\/wp-json\/wp\/v2\/product"}],"about":[{"href":"https:\/\/www.alucomfort.be\/fr\/wp-json\/wp\/v2\/types\/product"}],"wp:featuredmedia":[{"embeddable":true,"href":"https:\/\/www.alucomfort.be\/fr\/wp-json\/wp\/v2\/media\/217726"}],"wp:attachment":[{"href":"https:\/\/www.alucomfort.be\/fr\/wp-json\/wp\/v2\/media?parent=217741"}],"wp:term":[{"taxonomy":"product_brand","embeddable":true,"href":"https:\/\/www.alucomfort.be\/fr\/wp-json\/wp\/v2\/product_brand?post=217741"},{"taxonomy":"product_cat","embeddable":true,"href":"https:\/\/www.alucomfort.be\/fr\/wp-json\/wp\/v2\/product_cat?post=217741"},{"taxonomy":"product_tag","embeddable":true,"href":"https:\/\/www.alucomfort.be\/fr\/wp-json\/wp\/v2\/product_tag?post=217741"}],"curies":[{"name":"wp","href":"https:\/\/api.w.org\/{rel}","templated":true}]}}