

{"id":218932,"date":"2023-12-28T13:46:47","date_gmt":"2023-12-28T11:46:47","guid":{"rendered":"https:\/\/www.alucomfort.be\/product\/plate-forme-mobile-avec-acces-des-2-cotes\/"},"modified":"2024-04-03T19:10:44","modified_gmt":"2024-04-03T17:10:44","slug":"plate-forme-mobile-avec-acces-des-2-cotes-2","status":"publish","type":"product","link":"https:\/\/www.alucomfort.be\/fr\/product\/plate-forme-mobile-avec-acces-des-2-cotes-2\/","title":{"rendered":"Plate-forme mobile avec acc\u00e8s des 2 c\u00f4tes"},"content":{"rendered":"<p>*\u00a0Plates-formes individuelles roulantes en aluminium, * Dimensions du Bordes 600 x 700 mm, * Marches de 175 mm en aluminium stri\u00e9, * Main courante \u00d8 40 mm sur 2 c\u00f4t\u00e9s de la plate-forme avec une hauteur de 1 m, * Des mains courantes en option pour les c\u00f4t\u00e9s droites ou gauches du escalier, * L&rsquo;escalier peut \u00eatre pos\u00e9 contre des rayonnages, * 4 roulettes \u00e0 ressorts \u00d8 125 mm, qui freinent lors de la mont\u00e9e, * Charge admissible de 150 kg, * L&rsquo;exp\u00e9dition a lieu en modules pr\u00e9fabriqu\u00e9s \u00e0 monter soi-m\u00eame, * Delai de livraison: env. 7 jours.<\/p>\n","protected":false},"excerpt":{"rendered":"<p>Plate-forme mobile avec acc\u00e8s des 2 c\u00f4t\u00e9s selon DIN EN 131-7<\/p>\n","protected":false},"featured_media":17124,"template":"","meta":{"_acf_changed":false},"product_brand":[],"product_cat":[2093],"product_tag":[],"class_list":{"0":"post-218932","1":"product","2":"type-product","3":"status-publish","4":"has-post-thumbnail","6":"product_cat-plate-forme-de-securite-roulante","8":"first","9":"outofstock","10":"taxable","11":"shipping-taxable","12":"purchasable","13":"product-type-variable"},"acf":[],"yoast_head":"<!-- This site is optimized with the Yoast SEO plugin v24.8.1 - https:\/\/yoast.com\/wordpress\/plugins\/seo\/ -->\n<title>Plate-forme roulante avec acc\u00e8s des 2 c\u00f4tes| Alu Comfort |<\/title>\n<meta name=\"description\" content=\"Escalier mobile en alu avec plate-forme de s\u00e9curit\u00e9 avec acc\u00e8s des 2 c\u00f4t\u00e9s selon DIN EN 131-7. La solution parfaire dans votre entrep\u00f4t.\" \/>\n<meta name=\"robots\" content=\"index, follow, max-snippet:-1, max-image-preview:large, max-video-preview:-1\" \/>\n<link rel=\"canonical\" href=\"https:\/\/www.alucomfort.be\/product\/magazijntrap-budgettrap-tweezijdig\/\" \/>\n<meta property=\"og:locale\" content=\"fr_FR\" \/>\n<meta property=\"og:type\" content=\"article\" \/>\n<meta property=\"og:title\" content=\"Plate-forme roulante avec acc\u00e8s des 2 c\u00f4tes| Alu Comfort |\" \/>\n<meta property=\"og:description\" content=\"Escalier mobile en alu avec plate-forme de s\u00e9curit\u00e9 avec acc\u00e8s des 2 c\u00f4t\u00e9s selon DIN EN 131-7. La solution parfaire dans votre entrep\u00f4t.\" \/>\n<meta property=\"og:url\" content=\"https:\/\/www.alucomfort.be\/product\/magazijntrap-budgettrap-tweezijdig\/\" \/>\n<meta property=\"og:site_name\" content=\"Alu Comfort\" \/>\n<meta property=\"article:modified_time\" content=\"2024-04-03T17:10:44+00:00\" \/>\n<meta property=\"og:image\" content=\"https:\/\/www.alucomfort.be\/wp-content\/uploads\/KR-8202-2.jpg\" \/>\n\t<meta property=\"og:image:width\" content=\"1000\" \/>\n\t<meta property=\"og:image:height\" content=\"900\" \/>\n\t<meta property=\"og:image:type\" content=\"image\/jpeg\" \/>\n<meta name=\"twitter:card\" content=\"summary_large_image\" \/>\n<script type=\"application\/ld+json\" class=\"yoast-schema-graph\">{\"@context\":\"https:\/\/schema.org\",\"@graph\":[{\"@type\":\"WebPage\",\"@id\":\"https:\/\/www.alucomfort.be\/product\/magazijntrap-budgettrap-tweezijdig\/\",\"url\":\"https:\/\/www.alucomfort.be\/product\/magazijntrap-budgettrap-tweezijdig\/\",\"name\":\"Plate-forme roulante avec acc\u00e8s des 2 c\u00f4tes| Alu Comfort |\",\"isPartOf\":{\"@id\":\"https:\/\/www.alucomfort.be\/#website\"},\"primaryImageOfPage\":{\"@id\":\"https:\/\/www.alucomfort.be\/product\/magazijntrap-budgettrap-tweezijdig\/#primaryimage\"},\"image\":{\"@id\":\"https:\/\/www.alucomfort.be\/product\/magazijntrap-budgettrap-tweezijdig\/#primaryimage\"},\"thumbnailUrl\":\"https:\/\/www.alucomfort.be\/wp-content\/uploads\/KR-8202-2.jpg\",\"datePublished\":\"2023-12-28T11:46:47+00:00\",\"dateModified\":\"2024-04-03T17:10:44+00:00\",\"description\":\"Escalier mobile en alu avec plate-forme de s\u00e9curit\u00e9 avec acc\u00e8s des 2 c\u00f4t\u00e9s selon DIN EN 131-7. La solution parfaire dans votre entrep\u00f4t.\",\"breadcrumb\":{\"@id\":\"https:\/\/www.alucomfort.be\/product\/magazijntrap-budgettrap-tweezijdig\/#breadcrumb\"},\"inLanguage\":\"fr-FR\",\"potentialAction\":[{\"@type\":\"ReadAction\",\"target\":[\"https:\/\/www.alucomfort.be\/product\/magazijntrap-budgettrap-tweezijdig\/\"]}]},{\"@type\":\"ImageObject\",\"inLanguage\":\"fr-FR\",\"@id\":\"https:\/\/www.alucomfort.be\/product\/magazijntrap-budgettrap-tweezijdig\/#primaryimage\",\"url\":\"https:\/\/www.alucomfort.be\/wp-content\/uploads\/KR-8202-2.jpg\",\"contentUrl\":\"https:\/\/www.alucomfort.be\/wp-content\/uploads\/KR-8202-2.jpg\",\"width\":1000,\"height\":900},{\"@type\":\"BreadcrumbList\",\"@id\":\"https:\/\/www.alucomfort.be\/product\/magazijntrap-budgettrap-tweezijdig\/#breadcrumb\",\"itemListElement\":[{\"@type\":\"ListItem\",\"position\":1,\"name\":\"Home\",\"item\":\"https:\/\/www.alucomfort.be\/fr\/\"},{\"@type\":\"ListItem\",\"position\":2,\"name\":\"Producten\",\"item\":\"https:\/\/www.alucomfort.be\/producten\/\"},{\"@type\":\"ListItem\",\"position\":3,\"name\":\"Plate-forme mobile avec acc\u00e8s des 2 c\u00f4tes\"}]},{\"@type\":\"WebSite\",\"@id\":\"https:\/\/www.alucomfort.be\/#website\",\"url\":\"https:\/\/www.alucomfort.be\/\",\"name\":\"Alu Comfort\",\"description\":\"\",\"potentialAction\":[{\"@type\":\"SearchAction\",\"target\":{\"@type\":\"EntryPoint\",\"urlTemplate\":\"https:\/\/www.alucomfort.be\/?s={search_term_string}\"},\"query-input\":{\"@type\":\"PropertyValueSpecification\",\"valueRequired\":true,\"valueName\":\"search_term_string\"}}],\"inLanguage\":\"fr-FR\"}]}<\/script>\n<!-- \/ Yoast SEO plugin. -->","yoast_head_json":{"title":"Plate-forme roulante avec acc\u00e8s des 2 c\u00f4tes| Alu Comfort |","description":"Escalier mobile en alu avec plate-forme de s\u00e9curit\u00e9 avec acc\u00e8s des 2 c\u00f4t\u00e9s selon DIN EN 131-7. La solution parfaire dans votre entrep\u00f4t.","robots":{"index":"index","follow":"follow","max-snippet":"max-snippet:-1","max-image-preview":"max-image-preview:large","max-video-preview":"max-video-preview:-1"},"canonical":"https:\/\/www.alucomfort.be\/product\/magazijntrap-budgettrap-tweezijdig\/","og_locale":"fr_FR","og_type":"article","og_title":"Plate-forme roulante avec acc\u00e8s des 2 c\u00f4tes| Alu Comfort |","og_description":"Escalier mobile en alu avec plate-forme de s\u00e9curit\u00e9 avec acc\u00e8s des 2 c\u00f4t\u00e9s selon DIN EN 131-7. La solution parfaire dans votre entrep\u00f4t.","og_url":"https:\/\/www.alucomfort.be\/product\/magazijntrap-budgettrap-tweezijdig\/","og_site_name":"Alu Comfort","article_modified_time":"2024-04-03T17:10:44+00:00","og_image":[{"width":1000,"height":900,"url":"https:\/\/www.alucomfort.be\/wp-content\/uploads\/KR-8202-2.jpg","type":"image\/jpeg"}],"twitter_card":"summary_large_image","schema":{"@context":"https:\/\/schema.org","@graph":[{"@type":"WebPage","@id":"https:\/\/www.alucomfort.be\/product\/magazijntrap-budgettrap-tweezijdig\/","url":"https:\/\/www.alucomfort.be\/product\/magazijntrap-budgettrap-tweezijdig\/","name":"Plate-forme roulante avec acc\u00e8s des 2 c\u00f4tes| Alu Comfort |","isPartOf":{"@id":"https:\/\/www.alucomfort.be\/#website"},"primaryImageOfPage":{"@id":"https:\/\/www.alucomfort.be\/product\/magazijntrap-budgettrap-tweezijdig\/#primaryimage"},"image":{"@id":"https:\/\/www.alucomfort.be\/product\/magazijntrap-budgettrap-tweezijdig\/#primaryimage"},"thumbnailUrl":"https:\/\/www.alucomfort.be\/wp-content\/uploads\/KR-8202-2.jpg","datePublished":"2023-12-28T11:46:47+00:00","dateModified":"2024-04-03T17:10:44+00:00","description":"Escalier mobile en alu avec plate-forme de s\u00e9curit\u00e9 avec acc\u00e8s des 2 c\u00f4t\u00e9s selon DIN EN 131-7. La solution parfaire dans votre entrep\u00f4t.","breadcrumb":{"@id":"https:\/\/www.alucomfort.be\/product\/magazijntrap-budgettrap-tweezijdig\/#breadcrumb"},"inLanguage":"fr-FR","potentialAction":[{"@type":"ReadAction","target":["https:\/\/www.alucomfort.be\/product\/magazijntrap-budgettrap-tweezijdig\/"]}]},{"@type":"ImageObject","inLanguage":"fr-FR","@id":"https:\/\/www.alucomfort.be\/product\/magazijntrap-budgettrap-tweezijdig\/#primaryimage","url":"https:\/\/www.alucomfort.be\/wp-content\/uploads\/KR-8202-2.jpg","contentUrl":"https:\/\/www.alucomfort.be\/wp-content\/uploads\/KR-8202-2.jpg","width":1000,"height":900},{"@type":"BreadcrumbList","@id":"https:\/\/www.alucomfort.be\/product\/magazijntrap-budgettrap-tweezijdig\/#breadcrumb","itemListElement":[{"@type":"ListItem","position":1,"name":"Home","item":"https:\/\/www.alucomfort.be\/fr\/"},{"@type":"ListItem","position":2,"name":"Producten","item":"https:\/\/www.alucomfort.be\/producten\/"},{"@type":"ListItem","position":3,"name":"Plate-forme mobile avec acc\u00e8s des 2 c\u00f4tes"}]},{"@type":"WebSite","@id":"https:\/\/www.alucomfort.be\/#website","url":"https:\/\/www.alucomfort.be\/","name":"Alu Comfort","description":"","potentialAction":[{"@type":"SearchAction","target":{"@type":"EntryPoint","urlTemplate":"https:\/\/www.alucomfort.be\/?s={search_term_string}"},"query-input":{"@type":"PropertyValueSpecification","valueRequired":true,"valueName":"search_term_string"}}],"inLanguage":"fr-FR"}]}},"_links":{"self":[{"href":"https:\/\/www.alucomfort.be\/fr\/wp-json\/wp\/v2\/product\/218932","targetHints":{"allow":["GET"]}}],"collection":[{"href":"https:\/\/www.alucomfort.be\/fr\/wp-json\/wp\/v2\/product"}],"about":[{"href":"https:\/\/www.alucomfort.be\/fr\/wp-json\/wp\/v2\/types\/product"}],"wp:featuredmedia":[{"embeddable":true,"href":"https:\/\/www.alucomfort.be\/fr\/wp-json\/wp\/v2\/media\/17124"}],"wp:attachment":[{"href":"https:\/\/www.alucomfort.be\/fr\/wp-json\/wp\/v2\/media?parent=218932"}],"wp:term":[{"taxonomy":"product_brand","embeddable":true,"href":"https:\/\/www.alucomfort.be\/fr\/wp-json\/wp\/v2\/product_brand?post=218932"},{"taxonomy":"product_cat","embeddable":true,"href":"https:\/\/www.alucomfort.be\/fr\/wp-json\/wp\/v2\/product_cat?post=218932"},{"taxonomy":"product_tag","embeddable":true,"href":"https:\/\/www.alucomfort.be\/fr\/wp-json\/wp\/v2\/product_tag?post=218932"}],"curies":[{"name":"wp","href":"https:\/\/api.w.org\/{rel}","templated":true}]}}