

{"id":219217,"date":"2024-02-06T23:56:56","date_gmt":"2024-02-06T21:56:56","guid":{"rendered":"https:\/\/www.alucomfort.be\/product\/diables-porte-bouteille-a-elevation-assistee\/"},"modified":"2025-01-06T17:20:54","modified_gmt":"2025-01-06T15:20:54","slug":"diables-porte-bouteille-a-elevation-assistee","status":"publish","type":"product","link":"https:\/\/www.alucomfort.be\/fr\/product\/diables-porte-bouteille-a-elevation-assistee\/","title":{"rendered":"Diables porte bouteille \u00e0 \u00e9l\u00e9vation assist\u00e9e"},"content":{"rendered":"<p>* Pour saisir, lever et d\u00e9placer des bouteilles sans efforts! Destin\u00e9 \u00e0 des utilisations intensives, ce diable porte bouteille est dot\u00e9 d&rsquo;un syst\u00e8me d&rsquo;\u00e9l\u00e9vation assist\u00e9e r\u00e9duisant au maximum les efforts, * Hauteur de lev\u00e9e permettant de poser ou retirer une bouteille d&rsquo;un poste \u00e0 souder. Pour des bouteilles de \u00d8 100 \u00e0 320 mm gr\u00e2ce au m\u00e2t de levage r\u00e9glable en hauteur, * Prise directe de la bouteille au sol, * D\u00e9placement ais\u00e9 gr\u00e2ce \u00e0 la b\u00e9quille de maintien, * Produit certifi\u00e9 CE, * Poids: 25 kg<\/p>\n","protected":false},"excerpt":{"rendered":"<p>Avec syst\u00e8me d&rsquo;\u00e9l\u00e9vation assist\u00e9e r\u00e9duisant au maximum les effort<\/p>\n","protected":false},"featured_media":219167,"template":"","meta":{"_acf_changed":false},"product_brand":[],"product_cat":[9202],"product_tag":[],"class_list":{"0":"post-219217","1":"product","2":"type-product","3":"status-publish","4":"has-post-thumbnail","6":"product_cat-diables-pour-bouteilles-de-gaz","8":"first","9":"instock","10":"taxable","11":"shipping-taxable","12":"purchasable","13":"product-type-simple"},"acf":[],"yoast_head":"<!-- This site is optimized with the Yoast SEO plugin v24.8.1 - https:\/\/yoast.com\/wordpress\/plugins\/seo\/ -->\n<title>Diable porte-bouteille pour des atliers | Alu Comfort |<\/title>\n<meta name=\"description\" content=\"Chariot robuste pour bouteilles de gaz, \u00e9galement soulevable avec la grue. Id\u00e9al sur les chantiers de construction. Facile \u00e0 utiliser. Tous les accessoires pour les grues.\" \/>\n<meta name=\"robots\" content=\"index, follow, max-snippet:-1, max-image-preview:large, max-video-preview:-1\" \/>\n<link rel=\"canonical\" href=\"https:\/\/www.alucomfort.be\/product\/gasflessensteekwagen-met-hefhulp\/\" \/>\n<meta property=\"og:locale\" content=\"fr_FR\" \/>\n<meta property=\"og:type\" content=\"article\" \/>\n<meta property=\"og:title\" content=\"Diable porte-bouteille pour des atliers | Alu Comfort |\" \/>\n<meta property=\"og:description\" content=\"Chariot robuste pour bouteilles de gaz, \u00e9galement soulevable avec la grue. Id\u00e9al sur les chantiers de construction. Facile \u00e0 utiliser. Tous les accessoires pour les grues.\" \/>\n<meta property=\"og:url\" content=\"https:\/\/www.alucomfort.be\/product\/gasflessensteekwagen-met-hefhulp\/\" \/>\n<meta property=\"og:site_name\" content=\"Alu Comfort\" \/>\n<meta property=\"article:modified_time\" content=\"2025-01-06T15:20:54+00:00\" \/>\n<meta property=\"og:image\" content=\"https:\/\/www.alucomfort.be\/wp-content\/uploads\/Diables-a-Bouteilles-de-Gaz.png\" \/>\n\t<meta property=\"og:image:width\" content=\"1920\" \/>\n\t<meta property=\"og:image:height\" content=\"3413\" \/>\n\t<meta property=\"og:image:type\" content=\"image\/png\" \/>\n<meta name=\"twitter:card\" content=\"summary_large_image\" \/>\n<script type=\"application\/ld+json\" class=\"yoast-schema-graph\">{\"@context\":\"https:\/\/schema.org\",\"@graph\":[{\"@type\":\"WebPage\",\"@id\":\"https:\/\/www.alucomfort.be\/product\/gasflessensteekwagen-met-hefhulp\/\",\"url\":\"https:\/\/www.alucomfort.be\/product\/gasflessensteekwagen-met-hefhulp\/\",\"name\":\"Diable porte-bouteille pour des atliers | Alu Comfort |\",\"isPartOf\":{\"@id\":\"https:\/\/www.alucomfort.be\/#website\"},\"primaryImageOfPage\":{\"@id\":\"https:\/\/www.alucomfort.be\/product\/gasflessensteekwagen-met-hefhulp\/#primaryimage\"},\"image\":{\"@id\":\"https:\/\/www.alucomfort.be\/product\/gasflessensteekwagen-met-hefhulp\/#primaryimage\"},\"thumbnailUrl\":\"https:\/\/www.alucomfort.be\/wp-content\/uploads\/Diables-a-Bouteilles-de-Gaz.png\",\"datePublished\":\"2024-02-06T21:56:56+00:00\",\"dateModified\":\"2025-01-06T15:20:54+00:00\",\"description\":\"Chariot robuste pour bouteilles de gaz, \u00e9galement soulevable avec la grue. Id\u00e9al sur les chantiers de construction. Facile \u00e0 utiliser. Tous les accessoires pour les grues.\",\"breadcrumb\":{\"@id\":\"https:\/\/www.alucomfort.be\/product\/gasflessensteekwagen-met-hefhulp\/#breadcrumb\"},\"inLanguage\":\"fr-FR\",\"potentialAction\":[{\"@type\":\"ReadAction\",\"target\":[\"https:\/\/www.alucomfort.be\/product\/gasflessensteekwagen-met-hefhulp\/\"]}]},{\"@type\":\"ImageObject\",\"inLanguage\":\"fr-FR\",\"@id\":\"https:\/\/www.alucomfort.be\/product\/gasflessensteekwagen-met-hefhulp\/#primaryimage\",\"url\":\"https:\/\/www.alucomfort.be\/wp-content\/uploads\/Diables-a-Bouteilles-de-Gaz.png\",\"contentUrl\":\"https:\/\/www.alucomfort.be\/wp-content\/uploads\/Diables-a-Bouteilles-de-Gaz.png\",\"width\":1920,\"height\":3413,\"caption\":\"Diables_\u00e0_Bouteilles_de_Gaz\"},{\"@type\":\"BreadcrumbList\",\"@id\":\"https:\/\/www.alucomfort.be\/product\/gasflessensteekwagen-met-hefhulp\/#breadcrumb\",\"itemListElement\":[{\"@type\":\"ListItem\",\"position\":1,\"name\":\"Home\",\"item\":\"https:\/\/www.alucomfort.be\/fr\/\"},{\"@type\":\"ListItem\",\"position\":2,\"name\":\"Producten\",\"item\":\"https:\/\/www.alucomfort.be\/producten\/\"},{\"@type\":\"ListItem\",\"position\":3,\"name\":\"Diables porte bouteille \u00e0 \u00e9l\u00e9vation assist\u00e9e\"}]},{\"@type\":\"WebSite\",\"@id\":\"https:\/\/www.alucomfort.be\/#website\",\"url\":\"https:\/\/www.alucomfort.be\/\",\"name\":\"Alu Comfort\",\"description\":\"\",\"potentialAction\":[{\"@type\":\"SearchAction\",\"target\":{\"@type\":\"EntryPoint\",\"urlTemplate\":\"https:\/\/www.alucomfort.be\/?s={search_term_string}\"},\"query-input\":{\"@type\":\"PropertyValueSpecification\",\"valueRequired\":true,\"valueName\":\"search_term_string\"}}],\"inLanguage\":\"fr-FR\"}]}<\/script>\n<!-- \/ Yoast SEO plugin. -->","yoast_head_json":{"title":"Diable porte-bouteille pour des atliers | Alu Comfort |","description":"Chariot robuste pour bouteilles de gaz, \u00e9galement soulevable avec la grue. Id\u00e9al sur les chantiers de construction. Facile \u00e0 utiliser. Tous les accessoires pour les grues.","robots":{"index":"index","follow":"follow","max-snippet":"max-snippet:-1","max-image-preview":"max-image-preview:large","max-video-preview":"max-video-preview:-1"},"canonical":"https:\/\/www.alucomfort.be\/product\/gasflessensteekwagen-met-hefhulp\/","og_locale":"fr_FR","og_type":"article","og_title":"Diable porte-bouteille pour des atliers | Alu Comfort |","og_description":"Chariot robuste pour bouteilles de gaz, \u00e9galement soulevable avec la grue. Id\u00e9al sur les chantiers de construction. Facile \u00e0 utiliser. Tous les accessoires pour les grues.","og_url":"https:\/\/www.alucomfort.be\/product\/gasflessensteekwagen-met-hefhulp\/","og_site_name":"Alu Comfort","article_modified_time":"2025-01-06T15:20:54+00:00","og_image":[{"width":1920,"height":3413,"url":"https:\/\/www.alucomfort.be\/wp-content\/uploads\/Diables-a-Bouteilles-de-Gaz.png","type":"image\/png"}],"twitter_card":"summary_large_image","schema":{"@context":"https:\/\/schema.org","@graph":[{"@type":"WebPage","@id":"https:\/\/www.alucomfort.be\/product\/gasflessensteekwagen-met-hefhulp\/","url":"https:\/\/www.alucomfort.be\/product\/gasflessensteekwagen-met-hefhulp\/","name":"Diable porte-bouteille pour des atliers | Alu Comfort |","isPartOf":{"@id":"https:\/\/www.alucomfort.be\/#website"},"primaryImageOfPage":{"@id":"https:\/\/www.alucomfort.be\/product\/gasflessensteekwagen-met-hefhulp\/#primaryimage"},"image":{"@id":"https:\/\/www.alucomfort.be\/product\/gasflessensteekwagen-met-hefhulp\/#primaryimage"},"thumbnailUrl":"https:\/\/www.alucomfort.be\/wp-content\/uploads\/Diables-a-Bouteilles-de-Gaz.png","datePublished":"2024-02-06T21:56:56+00:00","dateModified":"2025-01-06T15:20:54+00:00","description":"Chariot robuste pour bouteilles de gaz, \u00e9galement soulevable avec la grue. Id\u00e9al sur les chantiers de construction. Facile \u00e0 utiliser. Tous les accessoires pour les grues.","breadcrumb":{"@id":"https:\/\/www.alucomfort.be\/product\/gasflessensteekwagen-met-hefhulp\/#breadcrumb"},"inLanguage":"fr-FR","potentialAction":[{"@type":"ReadAction","target":["https:\/\/www.alucomfort.be\/product\/gasflessensteekwagen-met-hefhulp\/"]}]},{"@type":"ImageObject","inLanguage":"fr-FR","@id":"https:\/\/www.alucomfort.be\/product\/gasflessensteekwagen-met-hefhulp\/#primaryimage","url":"https:\/\/www.alucomfort.be\/wp-content\/uploads\/Diables-a-Bouteilles-de-Gaz.png","contentUrl":"https:\/\/www.alucomfort.be\/wp-content\/uploads\/Diables-a-Bouteilles-de-Gaz.png","width":1920,"height":3413,"caption":"Diables_\u00e0_Bouteilles_de_Gaz"},{"@type":"BreadcrumbList","@id":"https:\/\/www.alucomfort.be\/product\/gasflessensteekwagen-met-hefhulp\/#breadcrumb","itemListElement":[{"@type":"ListItem","position":1,"name":"Home","item":"https:\/\/www.alucomfort.be\/fr\/"},{"@type":"ListItem","position":2,"name":"Producten","item":"https:\/\/www.alucomfort.be\/producten\/"},{"@type":"ListItem","position":3,"name":"Diables porte bouteille \u00e0 \u00e9l\u00e9vation assist\u00e9e"}]},{"@type":"WebSite","@id":"https:\/\/www.alucomfort.be\/#website","url":"https:\/\/www.alucomfort.be\/","name":"Alu Comfort","description":"","potentialAction":[{"@type":"SearchAction","target":{"@type":"EntryPoint","urlTemplate":"https:\/\/www.alucomfort.be\/?s={search_term_string}"},"query-input":{"@type":"PropertyValueSpecification","valueRequired":true,"valueName":"search_term_string"}}],"inLanguage":"fr-FR"}]}},"_links":{"self":[{"href":"https:\/\/www.alucomfort.be\/fr\/wp-json\/wp\/v2\/product\/219217","targetHints":{"allow":["GET"]}}],"collection":[{"href":"https:\/\/www.alucomfort.be\/fr\/wp-json\/wp\/v2\/product"}],"about":[{"href":"https:\/\/www.alucomfort.be\/fr\/wp-json\/wp\/v2\/types\/product"}],"wp:featuredmedia":[{"embeddable":true,"href":"https:\/\/www.alucomfort.be\/fr\/wp-json\/wp\/v2\/media\/219167"}],"wp:attachment":[{"href":"https:\/\/www.alucomfort.be\/fr\/wp-json\/wp\/v2\/media?parent=219217"}],"wp:term":[{"taxonomy":"product_brand","embeddable":true,"href":"https:\/\/www.alucomfort.be\/fr\/wp-json\/wp\/v2\/product_brand?post=219217"},{"taxonomy":"product_cat","embeddable":true,"href":"https:\/\/www.alucomfort.be\/fr\/wp-json\/wp\/v2\/product_cat?post=219217"},{"taxonomy":"product_tag","embeddable":true,"href":"https:\/\/www.alucomfort.be\/fr\/wp-json\/wp\/v2\/product_tag?post=219217"}],"curies":[{"name":"wp","href":"https:\/\/api.w.org\/{rel}","templated":true}]}}