

{"id":219219,"date":"2024-02-06T23:56:57","date_gmt":"2024-02-06T21:56:57","guid":{"rendered":"https:\/\/www.alucomfort.be\/product\/diable-porte-bouteille-pour-chantier\/"},"modified":"2025-01-06T17:21:06","modified_gmt":"2025-01-06T15:21:06","slug":"diable-porte-bouteille-pour-chantier","status":"publish","type":"product","link":"https:\/\/www.alucomfort.be\/fr\/product\/diable-porte-bouteille-pour-chantier\/","title":{"rendered":"Diable porte-bouteille pour chantier (1 bouteille)"},"content":{"rendered":"<p>* Diable porte bouteilles pour chantier, compatible avec bouteilles type B20 &#8211; B40 &#8211; B50 &#8211; B84, * Grandes roues permettant de diminuer l&rsquo;effort de traction, * Poign\u00e9e cintr\u00e9e prot\u00e9geant l&rsquo;op\u00e9rateur pendant la manutention, * Attache rapide de la cha\u00eene par mousqueton, * En option disponible avec b\u00e9quille escamotable.<\/p>\n","protected":false},"excerpt":{"rendered":"<p>Compatible avec les bouteilles de gaz de type B20 &#8211; B40 &#8211; B50.  Utlisation sur chantiers.<\/p>\n","protected":false},"featured_media":219173,"template":"","meta":{"_acf_changed":false},"product_brand":[],"product_cat":[9202],"product_tag":[],"class_list":{"0":"post-219219","1":"product","2":"type-product","3":"status-publish","4":"has-post-thumbnail","6":"product_cat-diables-pour-bouteilles-de-gaz","8":"first","9":"outofstock","10":"taxable","11":"shipping-taxable","12":"purchasable","13":"product-type-variable"},"acf":[],"yoast_head":"<!-- This site is optimized with the Yoast SEO plugin v24.8.1 - https:\/\/yoast.com\/wordpress\/plugins\/seo\/ -->\n<title>Diable porte-bouteille pour des atliers | Alu Comfort |<\/title>\n<meta name=\"description\" content=\"Chariot robuste pour bouteilles de gaz, \u00e9galement soulevable avec la grue. Id\u00e9al sur les chantiers de construction. Facile \u00e0 utiliser. Tous les accessoires pour les grues.\" \/>\n<meta name=\"robots\" content=\"index, follow, max-snippet:-1, max-image-preview:large, max-video-preview:-1\" \/>\n<link rel=\"canonical\" href=\"https:\/\/www.alucomfort.be\/product\/werfsteekwagen-voor-gasflessen\/\" \/>\n<meta property=\"og:locale\" content=\"fr_FR\" \/>\n<meta property=\"og:type\" content=\"article\" \/>\n<meta property=\"og:title\" content=\"Diable porte-bouteille pour des atliers | Alu Comfort |\" \/>\n<meta property=\"og:description\" content=\"Chariot robuste pour bouteilles de gaz, \u00e9galement soulevable avec la grue. Id\u00e9al sur les chantiers de construction. Facile \u00e0 utiliser. Tous les accessoires pour les grues.\" \/>\n<meta property=\"og:url\" content=\"https:\/\/www.alucomfort.be\/product\/werfsteekwagen-voor-gasflessen\/\" \/>\n<meta property=\"og:site_name\" content=\"Alu Comfort\" \/>\n<meta property=\"article:modified_time\" content=\"2025-01-06T15:21:06+00:00\" \/>\n<meta property=\"og:image\" content=\"https:\/\/www.alucomfort.be\/wp-content\/uploads\/Diables-a-Bouteilles-de-Gaz-Chantier.jpg\" \/>\n\t<meta property=\"og:image:width\" content=\"1920\" \/>\n\t<meta property=\"og:image:height\" content=\"1280\" \/>\n\t<meta property=\"og:image:type\" content=\"image\/jpeg\" \/>\n<meta name=\"twitter:card\" content=\"summary_large_image\" \/>\n<script type=\"application\/ld+json\" class=\"yoast-schema-graph\">{\"@context\":\"https:\/\/schema.org\",\"@graph\":[{\"@type\":\"WebPage\",\"@id\":\"https:\/\/www.alucomfort.be\/product\/werfsteekwagen-voor-gasflessen\/\",\"url\":\"https:\/\/www.alucomfort.be\/product\/werfsteekwagen-voor-gasflessen\/\",\"name\":\"Diable porte-bouteille pour des atliers | Alu Comfort |\",\"isPartOf\":{\"@id\":\"https:\/\/www.alucomfort.be\/#website\"},\"primaryImageOfPage\":{\"@id\":\"https:\/\/www.alucomfort.be\/product\/werfsteekwagen-voor-gasflessen\/#primaryimage\"},\"image\":{\"@id\":\"https:\/\/www.alucomfort.be\/product\/werfsteekwagen-voor-gasflessen\/#primaryimage\"},\"thumbnailUrl\":\"https:\/\/www.alucomfort.be\/wp-content\/uploads\/Diables-a-Bouteilles-de-Gaz-Chantier.jpg\",\"datePublished\":\"2024-02-06T21:56:57+00:00\",\"dateModified\":\"2025-01-06T15:21:06+00:00\",\"description\":\"Chariot robuste pour bouteilles de gaz, \u00e9galement soulevable avec la grue. Id\u00e9al sur les chantiers de construction. Facile \u00e0 utiliser. Tous les accessoires pour les grues.\",\"breadcrumb\":{\"@id\":\"https:\/\/www.alucomfort.be\/product\/werfsteekwagen-voor-gasflessen\/#breadcrumb\"},\"inLanguage\":\"fr-FR\",\"potentialAction\":[{\"@type\":\"ReadAction\",\"target\":[\"https:\/\/www.alucomfort.be\/product\/werfsteekwagen-voor-gasflessen\/\"]}]},{\"@type\":\"ImageObject\",\"inLanguage\":\"fr-FR\",\"@id\":\"https:\/\/www.alucomfort.be\/product\/werfsteekwagen-voor-gasflessen\/#primaryimage\",\"url\":\"https:\/\/www.alucomfort.be\/wp-content\/uploads\/Diables-a-Bouteilles-de-Gaz-Chantier.jpg\",\"contentUrl\":\"https:\/\/www.alucomfort.be\/wp-content\/uploads\/Diables-a-Bouteilles-de-Gaz-Chantier.jpg\",\"width\":1920,\"height\":1280,\"caption\":\"Diables_\u00e0_Bouteilles_de_Gaz_Chantier\"},{\"@type\":\"BreadcrumbList\",\"@id\":\"https:\/\/www.alucomfort.be\/product\/werfsteekwagen-voor-gasflessen\/#breadcrumb\",\"itemListElement\":[{\"@type\":\"ListItem\",\"position\":1,\"name\":\"Home\",\"item\":\"https:\/\/www.alucomfort.be\/fr\/\"},{\"@type\":\"ListItem\",\"position\":2,\"name\":\"Producten\",\"item\":\"https:\/\/www.alucomfort.be\/producten\/\"},{\"@type\":\"ListItem\",\"position\":3,\"name\":\"Diable porte-bouteille pour chantier (1 bouteille)\"}]},{\"@type\":\"WebSite\",\"@id\":\"https:\/\/www.alucomfort.be\/#website\",\"url\":\"https:\/\/www.alucomfort.be\/\",\"name\":\"Alu Comfort\",\"description\":\"\",\"potentialAction\":[{\"@type\":\"SearchAction\",\"target\":{\"@type\":\"EntryPoint\",\"urlTemplate\":\"https:\/\/www.alucomfort.be\/?s={search_term_string}\"},\"query-input\":{\"@type\":\"PropertyValueSpecification\",\"valueRequired\":true,\"valueName\":\"search_term_string\"}}],\"inLanguage\":\"fr-FR\"}]}<\/script>\n<!-- \/ Yoast SEO plugin. -->","yoast_head_json":{"title":"Diable porte-bouteille pour des atliers | Alu Comfort |","description":"Chariot robuste pour bouteilles de gaz, \u00e9galement soulevable avec la grue. Id\u00e9al sur les chantiers de construction. Facile \u00e0 utiliser. Tous les accessoires pour les grues.","robots":{"index":"index","follow":"follow","max-snippet":"max-snippet:-1","max-image-preview":"max-image-preview:large","max-video-preview":"max-video-preview:-1"},"canonical":"https:\/\/www.alucomfort.be\/product\/werfsteekwagen-voor-gasflessen\/","og_locale":"fr_FR","og_type":"article","og_title":"Diable porte-bouteille pour des atliers | Alu Comfort |","og_description":"Chariot robuste pour bouteilles de gaz, \u00e9galement soulevable avec la grue. Id\u00e9al sur les chantiers de construction. Facile \u00e0 utiliser. Tous les accessoires pour les grues.","og_url":"https:\/\/www.alucomfort.be\/product\/werfsteekwagen-voor-gasflessen\/","og_site_name":"Alu Comfort","article_modified_time":"2025-01-06T15:21:06+00:00","og_image":[{"width":1920,"height":1280,"url":"https:\/\/www.alucomfort.be\/wp-content\/uploads\/Diables-a-Bouteilles-de-Gaz-Chantier.jpg","type":"image\/jpeg"}],"twitter_card":"summary_large_image","schema":{"@context":"https:\/\/schema.org","@graph":[{"@type":"WebPage","@id":"https:\/\/www.alucomfort.be\/product\/werfsteekwagen-voor-gasflessen\/","url":"https:\/\/www.alucomfort.be\/product\/werfsteekwagen-voor-gasflessen\/","name":"Diable porte-bouteille pour des atliers | Alu Comfort |","isPartOf":{"@id":"https:\/\/www.alucomfort.be\/#website"},"primaryImageOfPage":{"@id":"https:\/\/www.alucomfort.be\/product\/werfsteekwagen-voor-gasflessen\/#primaryimage"},"image":{"@id":"https:\/\/www.alucomfort.be\/product\/werfsteekwagen-voor-gasflessen\/#primaryimage"},"thumbnailUrl":"https:\/\/www.alucomfort.be\/wp-content\/uploads\/Diables-a-Bouteilles-de-Gaz-Chantier.jpg","datePublished":"2024-02-06T21:56:57+00:00","dateModified":"2025-01-06T15:21:06+00:00","description":"Chariot robuste pour bouteilles de gaz, \u00e9galement soulevable avec la grue. Id\u00e9al sur les chantiers de construction. Facile \u00e0 utiliser. Tous les accessoires pour les grues.","breadcrumb":{"@id":"https:\/\/www.alucomfort.be\/product\/werfsteekwagen-voor-gasflessen\/#breadcrumb"},"inLanguage":"fr-FR","potentialAction":[{"@type":"ReadAction","target":["https:\/\/www.alucomfort.be\/product\/werfsteekwagen-voor-gasflessen\/"]}]},{"@type":"ImageObject","inLanguage":"fr-FR","@id":"https:\/\/www.alucomfort.be\/product\/werfsteekwagen-voor-gasflessen\/#primaryimage","url":"https:\/\/www.alucomfort.be\/wp-content\/uploads\/Diables-a-Bouteilles-de-Gaz-Chantier.jpg","contentUrl":"https:\/\/www.alucomfort.be\/wp-content\/uploads\/Diables-a-Bouteilles-de-Gaz-Chantier.jpg","width":1920,"height":1280,"caption":"Diables_\u00e0_Bouteilles_de_Gaz_Chantier"},{"@type":"BreadcrumbList","@id":"https:\/\/www.alucomfort.be\/product\/werfsteekwagen-voor-gasflessen\/#breadcrumb","itemListElement":[{"@type":"ListItem","position":1,"name":"Home","item":"https:\/\/www.alucomfort.be\/fr\/"},{"@type":"ListItem","position":2,"name":"Producten","item":"https:\/\/www.alucomfort.be\/producten\/"},{"@type":"ListItem","position":3,"name":"Diable porte-bouteille pour chantier (1 bouteille)"}]},{"@type":"WebSite","@id":"https:\/\/www.alucomfort.be\/#website","url":"https:\/\/www.alucomfort.be\/","name":"Alu Comfort","description":"","potentialAction":[{"@type":"SearchAction","target":{"@type":"EntryPoint","urlTemplate":"https:\/\/www.alucomfort.be\/?s={search_term_string}"},"query-input":{"@type":"PropertyValueSpecification","valueRequired":true,"valueName":"search_term_string"}}],"inLanguage":"fr-FR"}]}},"_links":{"self":[{"href":"https:\/\/www.alucomfort.be\/fr\/wp-json\/wp\/v2\/product\/219219","targetHints":{"allow":["GET"]}}],"collection":[{"href":"https:\/\/www.alucomfort.be\/fr\/wp-json\/wp\/v2\/product"}],"about":[{"href":"https:\/\/www.alucomfort.be\/fr\/wp-json\/wp\/v2\/types\/product"}],"wp:featuredmedia":[{"embeddable":true,"href":"https:\/\/www.alucomfort.be\/fr\/wp-json\/wp\/v2\/media\/219173"}],"wp:attachment":[{"href":"https:\/\/www.alucomfort.be\/fr\/wp-json\/wp\/v2\/media?parent=219219"}],"wp:term":[{"taxonomy":"product_brand","embeddable":true,"href":"https:\/\/www.alucomfort.be\/fr\/wp-json\/wp\/v2\/product_brand?post=219219"},{"taxonomy":"product_cat","embeddable":true,"href":"https:\/\/www.alucomfort.be\/fr\/wp-json\/wp\/v2\/product_cat?post=219219"},{"taxonomy":"product_tag","embeddable":true,"href":"https:\/\/www.alucomfort.be\/fr\/wp-json\/wp\/v2\/product_tag?post=219219"}],"curies":[{"name":"wp","href":"https:\/\/api.w.org\/{rel}","templated":true}]}}