

{"id":219519,"date":"2024-02-19T00:52:09","date_gmt":"2024-02-18T22:52:09","guid":{"rendered":"https:\/\/www.alucomfort.be\/product\/silo-a-beton\/"},"modified":"2024-10-23T15:16:27","modified_gmt":"2024-10-23T13:16:27","slug":"silo-a-beton","status":"publish","type":"product","link":"https:\/\/www.alucomfort.be\/fr\/product\/silo-a-beton\/","title":{"rendered":"Silo \u00e0 b\u00e9ton"},"content":{"rendered":"<p>* De type couch\u00e9e, de forme cylindro-conique \u00e0 sortie droite et avec tuyau, * Livtr\u00e9e avec un tuyau de 60 cm et diam\u00e8tre 200 mm (en option avec diam\u00e8tre 150 mm et 300 mm), * Construction robuste pour des conditions d&rsquo;utilisation lourdes, * Syst\u00e8me de fermeture sp\u00e9cial, * Capacit\u00e9 de 150L \u00e0 2000L, * Avec anse (en option avec cha\u00eene).<\/p>\n","protected":false},"excerpt":{"rendered":"<p>Benne \u00e0 b\u00e9ton couch\u00e9e avec tuyau<\/p>\n","protected":false},"featured_media":219514,"template":"","meta":{"_acf_changed":false},"product_brand":[],"product_cat":[8817],"product_tag":[],"class_list":{"0":"post-219519","1":"product","2":"type-product","3":"status-publish","4":"has-post-thumbnail","6":"product_cat-benne-a-beton","8":"first","9":"outofstock","10":"taxable","11":"shipping-taxable","12":"purchasable","13":"product-type-variable"},"acf":[],"yoast_head":"<!-- This site is optimized with the Yoast SEO plugin v24.8.1 - https:\/\/yoast.com\/wordpress\/plugins\/seo\/ -->\n<title>Benne \u00e0 b\u00e9ton| Alu Comfort |Levage et manutention<\/title>\n<meta name=\"description\" content=\"Benne \u00e0 b\u00e9ton distributrice couch\u00e9e \u00e0 d\u00e9versement vertical. Tr\u00e8s pratique pour un chargement sous un b\u00e9tonni\u00e8re.\" \/>\n<meta name=\"robots\" content=\"index, follow, max-snippet:-1, max-image-preview:large, max-video-preview:-1\" \/>\n<link rel=\"canonical\" href=\"https:\/\/www.alucomfort.be\/product\/betonsilo-2\/\" \/>\n<meta property=\"og:locale\" content=\"fr_FR\" \/>\n<meta property=\"og:type\" content=\"article\" \/>\n<meta property=\"og:title\" content=\"Benne \u00e0 b\u00e9ton| Alu Comfort |Levage et manutention\" \/>\n<meta property=\"og:description\" content=\"Benne \u00e0 b\u00e9ton distributrice couch\u00e9e \u00e0 d\u00e9versement vertical. Tr\u00e8s pratique pour un chargement sous un b\u00e9tonni\u00e8re.\" \/>\n<meta property=\"og:url\" content=\"https:\/\/www.alucomfort.be\/product\/betonsilo-2\/\" \/>\n<meta property=\"og:site_name\" content=\"Alu Comfort\" \/>\n<meta property=\"article:modified_time\" content=\"2024-10-23T13:16:27+00:00\" \/>\n<meta property=\"og:image\" content=\"https:\/\/www.alucomfort.be\/wp-content\/uploads\/Benne-a-tuyau-couche.jpg\" \/>\n\t<meta property=\"og:image:width\" content=\"1000\" \/>\n\t<meta property=\"og:image:height\" content=\"1000\" \/>\n\t<meta property=\"og:image:type\" content=\"image\/jpeg\" \/>\n<meta name=\"twitter:card\" content=\"summary_large_image\" \/>\n<script type=\"application\/ld+json\" class=\"yoast-schema-graph\">{\"@context\":\"https:\/\/schema.org\",\"@graph\":[{\"@type\":\"WebPage\",\"@id\":\"https:\/\/www.alucomfort.be\/product\/betonsilo-2\/\",\"url\":\"https:\/\/www.alucomfort.be\/product\/betonsilo-2\/\",\"name\":\"Benne \u00e0 b\u00e9ton| Alu Comfort |Levage et manutention\",\"isPartOf\":{\"@id\":\"https:\/\/www.alucomfort.be\/#website\"},\"primaryImageOfPage\":{\"@id\":\"https:\/\/www.alucomfort.be\/product\/betonsilo-2\/#primaryimage\"},\"image\":{\"@id\":\"https:\/\/www.alucomfort.be\/product\/betonsilo-2\/#primaryimage\"},\"thumbnailUrl\":\"https:\/\/www.alucomfort.be\/wp-content\/uploads\/Benne-a-tuyau-couche.jpg\",\"datePublished\":\"2024-02-18T22:52:09+00:00\",\"dateModified\":\"2024-10-23T13:16:27+00:00\",\"description\":\"Benne \u00e0 b\u00e9ton distributrice couch\u00e9e \u00e0 d\u00e9versement vertical. Tr\u00e8s pratique pour un chargement sous un b\u00e9tonni\u00e8re.\",\"breadcrumb\":{\"@id\":\"https:\/\/www.alucomfort.be\/product\/betonsilo-2\/#breadcrumb\"},\"inLanguage\":\"fr-FR\",\"potentialAction\":[{\"@type\":\"ReadAction\",\"target\":[\"https:\/\/www.alucomfort.be\/product\/betonsilo-2\/\"]}]},{\"@type\":\"ImageObject\",\"inLanguage\":\"fr-FR\",\"@id\":\"https:\/\/www.alucomfort.be\/product\/betonsilo-2\/#primaryimage\",\"url\":\"https:\/\/www.alucomfort.be\/wp-content\/uploads\/Benne-a-tuyau-couche.jpg\",\"contentUrl\":\"https:\/\/www.alucomfort.be\/wp-content\/uploads\/Benne-a-tuyau-couche.jpg\",\"width\":1000,\"height\":1000,\"caption\":\"Benne_\u00e0_tuyau_couche\"},{\"@type\":\"BreadcrumbList\",\"@id\":\"https:\/\/www.alucomfort.be\/product\/betonsilo-2\/#breadcrumb\",\"itemListElement\":[{\"@type\":\"ListItem\",\"position\":1,\"name\":\"Home\",\"item\":\"https:\/\/www.alucomfort.be\/fr\/\"},{\"@type\":\"ListItem\",\"position\":2,\"name\":\"Producten\",\"item\":\"https:\/\/www.alucomfort.be\/producten\/\"},{\"@type\":\"ListItem\",\"position\":3,\"name\":\"Silo \u00e0 b\u00e9ton\"}]},{\"@type\":\"WebSite\",\"@id\":\"https:\/\/www.alucomfort.be\/#website\",\"url\":\"https:\/\/www.alucomfort.be\/\",\"name\":\"Alu Comfort\",\"description\":\"\",\"potentialAction\":[{\"@type\":\"SearchAction\",\"target\":{\"@type\":\"EntryPoint\",\"urlTemplate\":\"https:\/\/www.alucomfort.be\/?s={search_term_string}\"},\"query-input\":{\"@type\":\"PropertyValueSpecification\",\"valueRequired\":true,\"valueName\":\"search_term_string\"}}],\"inLanguage\":\"fr-FR\"}]}<\/script>\n<!-- \/ Yoast SEO plugin. -->","yoast_head_json":{"title":"Benne \u00e0 b\u00e9ton| Alu Comfort |Levage et manutention","description":"Benne \u00e0 b\u00e9ton distributrice couch\u00e9e \u00e0 d\u00e9versement vertical. Tr\u00e8s pratique pour un chargement sous un b\u00e9tonni\u00e8re.","robots":{"index":"index","follow":"follow","max-snippet":"max-snippet:-1","max-image-preview":"max-image-preview:large","max-video-preview":"max-video-preview:-1"},"canonical":"https:\/\/www.alucomfort.be\/product\/betonsilo-2\/","og_locale":"fr_FR","og_type":"article","og_title":"Benne \u00e0 b\u00e9ton| Alu Comfort |Levage et manutention","og_description":"Benne \u00e0 b\u00e9ton distributrice couch\u00e9e \u00e0 d\u00e9versement vertical. Tr\u00e8s pratique pour un chargement sous un b\u00e9tonni\u00e8re.","og_url":"https:\/\/www.alucomfort.be\/product\/betonsilo-2\/","og_site_name":"Alu Comfort","article_modified_time":"2024-10-23T13:16:27+00:00","og_image":[{"width":1000,"height":1000,"url":"https:\/\/www.alucomfort.be\/wp-content\/uploads\/Benne-a-tuyau-couche.jpg","type":"image\/jpeg"}],"twitter_card":"summary_large_image","schema":{"@context":"https:\/\/schema.org","@graph":[{"@type":"WebPage","@id":"https:\/\/www.alucomfort.be\/product\/betonsilo-2\/","url":"https:\/\/www.alucomfort.be\/product\/betonsilo-2\/","name":"Benne \u00e0 b\u00e9ton| Alu Comfort |Levage et manutention","isPartOf":{"@id":"https:\/\/www.alucomfort.be\/#website"},"primaryImageOfPage":{"@id":"https:\/\/www.alucomfort.be\/product\/betonsilo-2\/#primaryimage"},"image":{"@id":"https:\/\/www.alucomfort.be\/product\/betonsilo-2\/#primaryimage"},"thumbnailUrl":"https:\/\/www.alucomfort.be\/wp-content\/uploads\/Benne-a-tuyau-couche.jpg","datePublished":"2024-02-18T22:52:09+00:00","dateModified":"2024-10-23T13:16:27+00:00","description":"Benne \u00e0 b\u00e9ton distributrice couch\u00e9e \u00e0 d\u00e9versement vertical. Tr\u00e8s pratique pour un chargement sous un b\u00e9tonni\u00e8re.","breadcrumb":{"@id":"https:\/\/www.alucomfort.be\/product\/betonsilo-2\/#breadcrumb"},"inLanguage":"fr-FR","potentialAction":[{"@type":"ReadAction","target":["https:\/\/www.alucomfort.be\/product\/betonsilo-2\/"]}]},{"@type":"ImageObject","inLanguage":"fr-FR","@id":"https:\/\/www.alucomfort.be\/product\/betonsilo-2\/#primaryimage","url":"https:\/\/www.alucomfort.be\/wp-content\/uploads\/Benne-a-tuyau-couche.jpg","contentUrl":"https:\/\/www.alucomfort.be\/wp-content\/uploads\/Benne-a-tuyau-couche.jpg","width":1000,"height":1000,"caption":"Benne_\u00e0_tuyau_couche"},{"@type":"BreadcrumbList","@id":"https:\/\/www.alucomfort.be\/product\/betonsilo-2\/#breadcrumb","itemListElement":[{"@type":"ListItem","position":1,"name":"Home","item":"https:\/\/www.alucomfort.be\/fr\/"},{"@type":"ListItem","position":2,"name":"Producten","item":"https:\/\/www.alucomfort.be\/producten\/"},{"@type":"ListItem","position":3,"name":"Silo \u00e0 b\u00e9ton"}]},{"@type":"WebSite","@id":"https:\/\/www.alucomfort.be\/#website","url":"https:\/\/www.alucomfort.be\/","name":"Alu Comfort","description":"","potentialAction":[{"@type":"SearchAction","target":{"@type":"EntryPoint","urlTemplate":"https:\/\/www.alucomfort.be\/?s={search_term_string}"},"query-input":{"@type":"PropertyValueSpecification","valueRequired":true,"valueName":"search_term_string"}}],"inLanguage":"fr-FR"}]}},"_links":{"self":[{"href":"https:\/\/www.alucomfort.be\/fr\/wp-json\/wp\/v2\/product\/219519","targetHints":{"allow":["GET"]}}],"collection":[{"href":"https:\/\/www.alucomfort.be\/fr\/wp-json\/wp\/v2\/product"}],"about":[{"href":"https:\/\/www.alucomfort.be\/fr\/wp-json\/wp\/v2\/types\/product"}],"wp:featuredmedia":[{"embeddable":true,"href":"https:\/\/www.alucomfort.be\/fr\/wp-json\/wp\/v2\/media\/219514"}],"wp:attachment":[{"href":"https:\/\/www.alucomfort.be\/fr\/wp-json\/wp\/v2\/media?parent=219519"}],"wp:term":[{"taxonomy":"product_brand","embeddable":true,"href":"https:\/\/www.alucomfort.be\/fr\/wp-json\/wp\/v2\/product_brand?post=219519"},{"taxonomy":"product_cat","embeddable":true,"href":"https:\/\/www.alucomfort.be\/fr\/wp-json\/wp\/v2\/product_cat?post=219519"},{"taxonomy":"product_tag","embeddable":true,"href":"https:\/\/www.alucomfort.be\/fr\/wp-json\/wp\/v2\/product_tag?post=219519"}],"curies":[{"name":"wp","href":"https:\/\/api.w.org\/{rel}","templated":true}]}}