

{"id":219614,"date":"2024-02-21T22:52:34","date_gmt":"2024-02-21T20:52:34","guid":{"rendered":"https:\/\/www.alucomfort.be\/product\/remorques-industrielles-charge-max-1000-kg\/"},"modified":"2025-01-21T11:15:39","modified_gmt":"2025-01-21T09:15:39","slug":"remorques-industrielles-charge-max-1000-kg","status":"publish","type":"product","link":"https:\/\/www.alucomfort.be\/fr\/product\/remorques-industrielles-charge-max-1000-kg\/","title":{"rendered":"Remorques industrielles &#8211; Charge max. 1000 kg"},"content":{"rendered":"<p>* Remorques d&rsquo;atelier avec timon de traction (Diam. 40 mm)  pouvant \u00eatre manoeuvr\u00e9es manuellement ou tract\u00e9es, * Charge max: 1000 kg, * Equip\u00e9es avec 1 essieu directeur, * Remorques industrielles de construction robuste et profil\u00e9 d&rsquo;acier de forte section avec des barres de renfort sous le plateau, * Plateau hydrofuge tr\u00e8s r\u00e9sistant, antid\u00e9rapant et imputrescible en bois, * Avec un plateau (1280 x 800 mm).  Disponible en 3 versions: Plateau seul, avec habillage t\u00f4le ou avec habillage tube (Diff\u00e9rences visibles sur les photos), * Frein de parking, * Pour dimension sp\u00e9ciales nous contacter.<\/p>\n","protected":false},"excerpt":{"rendered":"<p>Remorque \u00e0 1 essieu directeur<\/p>\n","protected":false},"featured_media":219609,"template":"","meta":{"_acf_changed":false},"product_brand":[],"product_cat":[9221],"product_tag":[],"class_list":{"0":"post-219614","1":"product","2":"type-product","3":"status-publish","4":"has-post-thumbnail","6":"product_cat-remorques-industrielles","8":"first","9":"outofstock","10":"taxable","11":"shipping-taxable","12":"purchasable","13":"product-type-variable"},"acf":[],"yoast_head":"<!-- This site is optimized with the Yoast SEO plugin v24.8.1 - https:\/\/yoast.com\/wordpress\/plugins\/seo\/ -->\n<title>Remorques industrielles | Alu Comfort | Sp\u00e9cialiste transporte interne<\/title>\n<meta name=\"description\" content=\"Remorques d&#039;atelier avec timon de traction pouvant \u00eatre manoeuvr\u00e9es manuellement ou tract\u00e9es dans l&#039;usine ou atelier. Contactez-Nous!\" \/>\n<meta name=\"robots\" content=\"index, follow, max-snippet:-1, max-image-preview:large, max-video-preview:-1\" \/>\n<link rel=\"canonical\" href=\"https:\/\/www.alucomfort.be\/product\/industrie-aanhanger-max-belasting-1000-kg\/\" \/>\n<meta property=\"og:locale\" content=\"fr_FR\" \/>\n<meta property=\"og:type\" content=\"article\" \/>\n<meta property=\"og:title\" content=\"Remorques industrielles | Alu Comfort | Sp\u00e9cialiste transporte interne\" \/>\n<meta property=\"og:description\" content=\"Remorques d&#039;atelier avec timon de traction pouvant \u00eatre manoeuvr\u00e9es manuellement ou tract\u00e9es dans l&#039;usine ou atelier. Contactez-Nous!\" \/>\n<meta property=\"og:url\" content=\"https:\/\/www.alucomfort.be\/product\/industrie-aanhanger-max-belasting-1000-kg\/\" \/>\n<meta property=\"og:site_name\" content=\"Alu Comfort\" \/>\n<meta property=\"article:modified_time\" content=\"2025-01-21T09:15:39+00:00\" \/>\n<meta property=\"og:image\" content=\"https:\/\/www.alucomfort.be\/wp-content\/uploads\/Industriele-Aanhangwagen.jpg\" \/>\n\t<meta property=\"og:image:width\" content=\"906\" \/>\n\t<meta property=\"og:image:height\" content=\"580\" \/>\n\t<meta property=\"og:image:type\" content=\"image\/jpeg\" \/>\n<meta name=\"twitter:card\" content=\"summary_large_image\" \/>\n<script type=\"application\/ld+json\" class=\"yoast-schema-graph\">{\"@context\":\"https:\/\/schema.org\",\"@graph\":[{\"@type\":\"WebPage\",\"@id\":\"https:\/\/www.alucomfort.be\/product\/industrie-aanhanger-max-belasting-1000-kg\/\",\"url\":\"https:\/\/www.alucomfort.be\/product\/industrie-aanhanger-max-belasting-1000-kg\/\",\"name\":\"Remorques industrielles | Alu Comfort | Sp\u00e9cialiste transporte interne\",\"isPartOf\":{\"@id\":\"https:\/\/www.alucomfort.be\/#website\"},\"primaryImageOfPage\":{\"@id\":\"https:\/\/www.alucomfort.be\/product\/industrie-aanhanger-max-belasting-1000-kg\/#primaryimage\"},\"image\":{\"@id\":\"https:\/\/www.alucomfort.be\/product\/industrie-aanhanger-max-belasting-1000-kg\/#primaryimage\"},\"thumbnailUrl\":\"https:\/\/www.alucomfort.be\/wp-content\/uploads\/Industriele-Aanhangwagen.jpg\",\"datePublished\":\"2024-02-21T20:52:34+00:00\",\"dateModified\":\"2025-01-21T09:15:39+00:00\",\"description\":\"Remorques d'atelier avec timon de traction pouvant \u00eatre manoeuvr\u00e9es manuellement ou tract\u00e9es dans l'usine ou atelier. Contactez-Nous!\",\"breadcrumb\":{\"@id\":\"https:\/\/www.alucomfort.be\/product\/industrie-aanhanger-max-belasting-1000-kg\/#breadcrumb\"},\"inLanguage\":\"fr-FR\",\"potentialAction\":[{\"@type\":\"ReadAction\",\"target\":[\"https:\/\/www.alucomfort.be\/product\/industrie-aanhanger-max-belasting-1000-kg\/\"]}]},{\"@type\":\"ImageObject\",\"inLanguage\":\"fr-FR\",\"@id\":\"https:\/\/www.alucomfort.be\/product\/industrie-aanhanger-max-belasting-1000-kg\/#primaryimage\",\"url\":\"https:\/\/www.alucomfort.be\/wp-content\/uploads\/Industriele-Aanhangwagen.jpg\",\"contentUrl\":\"https:\/\/www.alucomfort.be\/wp-content\/uploads\/Industriele-Aanhangwagen.jpg\",\"width\":906,\"height\":580,\"caption\":\"Industri\u00eble Aanhangwagen\"},{\"@type\":\"BreadcrumbList\",\"@id\":\"https:\/\/www.alucomfort.be\/product\/industrie-aanhanger-max-belasting-1000-kg\/#breadcrumb\",\"itemListElement\":[{\"@type\":\"ListItem\",\"position\":1,\"name\":\"Home\",\"item\":\"https:\/\/www.alucomfort.be\/fr\/\"},{\"@type\":\"ListItem\",\"position\":2,\"name\":\"Producten\",\"item\":\"https:\/\/www.alucomfort.be\/producten\/\"},{\"@type\":\"ListItem\",\"position\":3,\"name\":\"Remorques industrielles &#8211; Charge max. 1000 kg\"}]},{\"@type\":\"WebSite\",\"@id\":\"https:\/\/www.alucomfort.be\/#website\",\"url\":\"https:\/\/www.alucomfort.be\/\",\"name\":\"Alu Comfort\",\"description\":\"\",\"potentialAction\":[{\"@type\":\"SearchAction\",\"target\":{\"@type\":\"EntryPoint\",\"urlTemplate\":\"https:\/\/www.alucomfort.be\/?s={search_term_string}\"},\"query-input\":{\"@type\":\"PropertyValueSpecification\",\"valueRequired\":true,\"valueName\":\"search_term_string\"}}],\"inLanguage\":\"fr-FR\"}]}<\/script>\n<!-- \/ Yoast SEO plugin. -->","yoast_head_json":{"title":"Remorques industrielles | Alu Comfort | Sp\u00e9cialiste transporte interne","description":"Remorques d'atelier avec timon de traction pouvant \u00eatre manoeuvr\u00e9es manuellement ou tract\u00e9es dans l'usine ou atelier. Contactez-Nous!","robots":{"index":"index","follow":"follow","max-snippet":"max-snippet:-1","max-image-preview":"max-image-preview:large","max-video-preview":"max-video-preview:-1"},"canonical":"https:\/\/www.alucomfort.be\/product\/industrie-aanhanger-max-belasting-1000-kg\/","og_locale":"fr_FR","og_type":"article","og_title":"Remorques industrielles | Alu Comfort | Sp\u00e9cialiste transporte interne","og_description":"Remorques d'atelier avec timon de traction pouvant \u00eatre manoeuvr\u00e9es manuellement ou tract\u00e9es dans l'usine ou atelier. Contactez-Nous!","og_url":"https:\/\/www.alucomfort.be\/product\/industrie-aanhanger-max-belasting-1000-kg\/","og_site_name":"Alu Comfort","article_modified_time":"2025-01-21T09:15:39+00:00","og_image":[{"width":906,"height":580,"url":"https:\/\/www.alucomfort.be\/wp-content\/uploads\/Industriele-Aanhangwagen.jpg","type":"image\/jpeg"}],"twitter_card":"summary_large_image","schema":{"@context":"https:\/\/schema.org","@graph":[{"@type":"WebPage","@id":"https:\/\/www.alucomfort.be\/product\/industrie-aanhanger-max-belasting-1000-kg\/","url":"https:\/\/www.alucomfort.be\/product\/industrie-aanhanger-max-belasting-1000-kg\/","name":"Remorques industrielles | Alu Comfort | Sp\u00e9cialiste transporte interne","isPartOf":{"@id":"https:\/\/www.alucomfort.be\/#website"},"primaryImageOfPage":{"@id":"https:\/\/www.alucomfort.be\/product\/industrie-aanhanger-max-belasting-1000-kg\/#primaryimage"},"image":{"@id":"https:\/\/www.alucomfort.be\/product\/industrie-aanhanger-max-belasting-1000-kg\/#primaryimage"},"thumbnailUrl":"https:\/\/www.alucomfort.be\/wp-content\/uploads\/Industriele-Aanhangwagen.jpg","datePublished":"2024-02-21T20:52:34+00:00","dateModified":"2025-01-21T09:15:39+00:00","description":"Remorques d'atelier avec timon de traction pouvant \u00eatre manoeuvr\u00e9es manuellement ou tract\u00e9es dans l'usine ou atelier. Contactez-Nous!","breadcrumb":{"@id":"https:\/\/www.alucomfort.be\/product\/industrie-aanhanger-max-belasting-1000-kg\/#breadcrumb"},"inLanguage":"fr-FR","potentialAction":[{"@type":"ReadAction","target":["https:\/\/www.alucomfort.be\/product\/industrie-aanhanger-max-belasting-1000-kg\/"]}]},{"@type":"ImageObject","inLanguage":"fr-FR","@id":"https:\/\/www.alucomfort.be\/product\/industrie-aanhanger-max-belasting-1000-kg\/#primaryimage","url":"https:\/\/www.alucomfort.be\/wp-content\/uploads\/Industriele-Aanhangwagen.jpg","contentUrl":"https:\/\/www.alucomfort.be\/wp-content\/uploads\/Industriele-Aanhangwagen.jpg","width":906,"height":580,"caption":"Industri\u00eble Aanhangwagen"},{"@type":"BreadcrumbList","@id":"https:\/\/www.alucomfort.be\/product\/industrie-aanhanger-max-belasting-1000-kg\/#breadcrumb","itemListElement":[{"@type":"ListItem","position":1,"name":"Home","item":"https:\/\/www.alucomfort.be\/fr\/"},{"@type":"ListItem","position":2,"name":"Producten","item":"https:\/\/www.alucomfort.be\/producten\/"},{"@type":"ListItem","position":3,"name":"Remorques industrielles &#8211; Charge max. 1000 kg"}]},{"@type":"WebSite","@id":"https:\/\/www.alucomfort.be\/#website","url":"https:\/\/www.alucomfort.be\/","name":"Alu Comfort","description":"","potentialAction":[{"@type":"SearchAction","target":{"@type":"EntryPoint","urlTemplate":"https:\/\/www.alucomfort.be\/?s={search_term_string}"},"query-input":{"@type":"PropertyValueSpecification","valueRequired":true,"valueName":"search_term_string"}}],"inLanguage":"fr-FR"}]}},"_links":{"self":[{"href":"https:\/\/www.alucomfort.be\/fr\/wp-json\/wp\/v2\/product\/219614","targetHints":{"allow":["GET"]}}],"collection":[{"href":"https:\/\/www.alucomfort.be\/fr\/wp-json\/wp\/v2\/product"}],"about":[{"href":"https:\/\/www.alucomfort.be\/fr\/wp-json\/wp\/v2\/types\/product"}],"wp:featuredmedia":[{"embeddable":true,"href":"https:\/\/www.alucomfort.be\/fr\/wp-json\/wp\/v2\/media\/219609"}],"wp:attachment":[{"href":"https:\/\/www.alucomfort.be\/fr\/wp-json\/wp\/v2\/media?parent=219614"}],"wp:term":[{"taxonomy":"product_brand","embeddable":true,"href":"https:\/\/www.alucomfort.be\/fr\/wp-json\/wp\/v2\/product_brand?post=219614"},{"taxonomy":"product_cat","embeddable":true,"href":"https:\/\/www.alucomfort.be\/fr\/wp-json\/wp\/v2\/product_cat?post=219614"},{"taxonomy":"product_tag","embeddable":true,"href":"https:\/\/www.alucomfort.be\/fr\/wp-json\/wp\/v2\/product_tag?post=219614"}],"curies":[{"name":"wp","href":"https:\/\/api.w.org\/{rel}","templated":true}]}}