

{"id":219815,"date":"2024-02-26T23:22:57","date_gmt":"2024-02-26T21:22:57","guid":{"rendered":"https:\/\/www.alucomfort.be\/product\/bac-de-retention-pliable-version-lourde\/"},"modified":"2025-06-23T01:36:14","modified_gmt":"2025-06-22T23:36:14","slug":"bac-de-retention-pliable-version-lourde","status":"publish","type":"product","link":"https:\/\/www.alucomfort.be\/fr\/product\/bac-de-retention-pliable-version-lourde\/","title":{"rendered":"Bac de r\u00e9tention pliable &#8211; Version lourde"},"content":{"rendered":"<p>* Bac de r\u00e9tention.  Parfait comme solution temporaire pour contenir les fuites. S\u00e9curis\u00e9 et \u00e9tanche aux liquides, * Id\u00e9al pour r\u00e9cup\u00e9rer les \u00e9ventuelles pollutions sous les voitures, camions, remorques, camions-citernes, etc. Peut \u00eatre franchi par des v\u00e9hicules lourds. * Collecte souple de substances dangereuses pour l&rsquo;environnement. Facile \u00e0 installer en un rien de temps, * R\u00e9sistant aux liquides agressifs et \u00e0 l&rsquo;usure. Avec des parois rabattables, * Pliable et lavable, * \u00c9quip\u00e9 d&rsquo;\u009cillets \u00e0 l&rsquo;ext\u00e9rieur pour l&rsquo;ancrage au sol (ancrages au sol non inclus), * Dimensions sp\u00e9ciales disponibles sur demande. Contactez-Nous!<\/p>\n","protected":false},"excerpt":{"rendered":"<p>Bac de r\u00e9tention souple.  Pour le passage des v\u00e9hicules lourds.<\/p>\n","protected":false},"featured_media":219788,"template":"","meta":{"_acf_changed":false},"product_brand":[],"product_cat":[9262],"product_tag":[],"class_list":{"0":"post-219815","1":"product","2":"type-product","3":"status-publish","4":"has-post-thumbnail","6":"product_cat-bac-de-retention-pliable","8":"first","9":"outofstock","10":"taxable","11":"shipping-taxable","12":"purchasable","13":"product-type-variable"},"acf":[],"yoast_head":"<!-- This site is optimized with the Yoast SEO plugin v24.8.1 - https:\/\/yoast.com\/wordpress\/plugins\/seo\/ -->\n<title>Bac de r\u00e9tention pliable | Alu Comfort | Pour contenir les fuites<\/title>\n<meta name=\"description\" content=\"Bacs de r\u00e9tention flexibles : Parfaits pour le confinement temporaire et s\u00e9curis\u00e9 des fuites, assurant une \u00e9tanch\u00e9it\u00e9 totale aux liquides.\" \/>\n<meta name=\"robots\" content=\"index, follow, max-snippet:-1, max-image-preview:large, max-video-preview:-1\" \/>\n<link rel=\"canonical\" href=\"https:\/\/www.alucomfort.be\/product\/flexibele-opvangbak-zware-versie\/\" \/>\n<meta property=\"og:locale\" content=\"fr_FR\" \/>\n<meta property=\"og:type\" content=\"article\" \/>\n<meta property=\"og:title\" content=\"Bac de r\u00e9tention pliable | Alu Comfort | Pour contenir les fuites\" \/>\n<meta property=\"og:description\" content=\"Bacs de r\u00e9tention flexibles : Parfaits pour le confinement temporaire et s\u00e9curis\u00e9 des fuites, assurant une \u00e9tanch\u00e9it\u00e9 totale aux liquides.\" \/>\n<meta property=\"og:url\" content=\"https:\/\/www.alucomfort.be\/product\/flexibele-opvangbak-zware-versie\/\" \/>\n<meta property=\"og:site_name\" content=\"Alu Comfort\" \/>\n<meta property=\"article:modified_time\" content=\"2025-06-22T23:36:14+00:00\" \/>\n<meta property=\"og:image\" content=\"https:\/\/www.alucomfort.be\/wp-content\/uploads\/Flexibele-Opvangbak.jpg\" \/>\n\t<meta property=\"og:image:width\" content=\"1500\" \/>\n\t<meta property=\"og:image:height\" content=\"1500\" \/>\n\t<meta property=\"og:image:type\" content=\"image\/jpeg\" \/>\n<meta name=\"twitter:card\" content=\"summary_large_image\" \/>\n<script type=\"application\/ld+json\" class=\"yoast-schema-graph\">{\"@context\":\"https:\/\/schema.org\",\"@graph\":[{\"@type\":\"WebPage\",\"@id\":\"https:\/\/www.alucomfort.be\/product\/flexibele-opvangbak-zware-versie\/\",\"url\":\"https:\/\/www.alucomfort.be\/product\/flexibele-opvangbak-zware-versie\/\",\"name\":\"Bac de r\u00e9tention pliable | Alu Comfort | Pour contenir les fuites\",\"isPartOf\":{\"@id\":\"https:\/\/www.alucomfort.be\/#website\"},\"primaryImageOfPage\":{\"@id\":\"https:\/\/www.alucomfort.be\/product\/flexibele-opvangbak-zware-versie\/#primaryimage\"},\"image\":{\"@id\":\"https:\/\/www.alucomfort.be\/product\/flexibele-opvangbak-zware-versie\/#primaryimage\"},\"thumbnailUrl\":\"https:\/\/www.alucomfort.be\/wp-content\/uploads\/Flexibele-Opvangbak.jpg\",\"datePublished\":\"2024-02-26T21:22:57+00:00\",\"dateModified\":\"2025-06-22T23:36:14+00:00\",\"description\":\"Bacs de r\u00e9tention flexibles : Parfaits pour le confinement temporaire et s\u00e9curis\u00e9 des fuites, assurant une \u00e9tanch\u00e9it\u00e9 totale aux liquides.\",\"breadcrumb\":{\"@id\":\"https:\/\/www.alucomfort.be\/product\/flexibele-opvangbak-zware-versie\/#breadcrumb\"},\"inLanguage\":\"fr-FR\",\"potentialAction\":[{\"@type\":\"ReadAction\",\"target\":[\"https:\/\/www.alucomfort.be\/product\/flexibele-opvangbak-zware-versie\/\"]}]},{\"@type\":\"ImageObject\",\"inLanguage\":\"fr-FR\",\"@id\":\"https:\/\/www.alucomfort.be\/product\/flexibele-opvangbak-zware-versie\/#primaryimage\",\"url\":\"https:\/\/www.alucomfort.be\/wp-content\/uploads\/Flexibele-Opvangbak.jpg\",\"contentUrl\":\"https:\/\/www.alucomfort.be\/wp-content\/uploads\/Flexibele-Opvangbak.jpg\",\"width\":1500,\"height\":1500,\"caption\":\"Flexibele Opvangbak\"},{\"@type\":\"BreadcrumbList\",\"@id\":\"https:\/\/www.alucomfort.be\/product\/flexibele-opvangbak-zware-versie\/#breadcrumb\",\"itemListElement\":[{\"@type\":\"ListItem\",\"position\":1,\"name\":\"Home\",\"item\":\"https:\/\/www.alucomfort.be\/fr\/\"},{\"@type\":\"ListItem\",\"position\":2,\"name\":\"Producten\",\"item\":\"https:\/\/www.alucomfort.be\/producten\/\"},{\"@type\":\"ListItem\",\"position\":3,\"name\":\"Bac de r\u00e9tention pliable &#8211; Version lourde\"}]},{\"@type\":\"WebSite\",\"@id\":\"https:\/\/www.alucomfort.be\/#website\",\"url\":\"https:\/\/www.alucomfort.be\/\",\"name\":\"Alu Comfort\",\"description\":\"\",\"potentialAction\":[{\"@type\":\"SearchAction\",\"target\":{\"@type\":\"EntryPoint\",\"urlTemplate\":\"https:\/\/www.alucomfort.be\/?s={search_term_string}\"},\"query-input\":{\"@type\":\"PropertyValueSpecification\",\"valueRequired\":true,\"valueName\":\"search_term_string\"}}],\"inLanguage\":\"fr-FR\"}]}<\/script>\n<!-- \/ Yoast SEO plugin. -->","yoast_head_json":{"title":"Bac de r\u00e9tention pliable | Alu Comfort | Pour contenir les fuites","description":"Bacs de r\u00e9tention flexibles : Parfaits pour le confinement temporaire et s\u00e9curis\u00e9 des fuites, assurant une \u00e9tanch\u00e9it\u00e9 totale aux liquides.","robots":{"index":"index","follow":"follow","max-snippet":"max-snippet:-1","max-image-preview":"max-image-preview:large","max-video-preview":"max-video-preview:-1"},"canonical":"https:\/\/www.alucomfort.be\/product\/flexibele-opvangbak-zware-versie\/","og_locale":"fr_FR","og_type":"article","og_title":"Bac de r\u00e9tention pliable | Alu Comfort | Pour contenir les fuites","og_description":"Bacs de r\u00e9tention flexibles : Parfaits pour le confinement temporaire et s\u00e9curis\u00e9 des fuites, assurant une \u00e9tanch\u00e9it\u00e9 totale aux liquides.","og_url":"https:\/\/www.alucomfort.be\/product\/flexibele-opvangbak-zware-versie\/","og_site_name":"Alu Comfort","article_modified_time":"2025-06-22T23:36:14+00:00","og_image":[{"width":1500,"height":1500,"url":"https:\/\/www.alucomfort.be\/wp-content\/uploads\/Flexibele-Opvangbak.jpg","type":"image\/jpeg"}],"twitter_card":"summary_large_image","schema":{"@context":"https:\/\/schema.org","@graph":[{"@type":"WebPage","@id":"https:\/\/www.alucomfort.be\/product\/flexibele-opvangbak-zware-versie\/","url":"https:\/\/www.alucomfort.be\/product\/flexibele-opvangbak-zware-versie\/","name":"Bac de r\u00e9tention pliable | Alu Comfort | Pour contenir les fuites","isPartOf":{"@id":"https:\/\/www.alucomfort.be\/#website"},"primaryImageOfPage":{"@id":"https:\/\/www.alucomfort.be\/product\/flexibele-opvangbak-zware-versie\/#primaryimage"},"image":{"@id":"https:\/\/www.alucomfort.be\/product\/flexibele-opvangbak-zware-versie\/#primaryimage"},"thumbnailUrl":"https:\/\/www.alucomfort.be\/wp-content\/uploads\/Flexibele-Opvangbak.jpg","datePublished":"2024-02-26T21:22:57+00:00","dateModified":"2025-06-22T23:36:14+00:00","description":"Bacs de r\u00e9tention flexibles : Parfaits pour le confinement temporaire et s\u00e9curis\u00e9 des fuites, assurant une \u00e9tanch\u00e9it\u00e9 totale aux liquides.","breadcrumb":{"@id":"https:\/\/www.alucomfort.be\/product\/flexibele-opvangbak-zware-versie\/#breadcrumb"},"inLanguage":"fr-FR","potentialAction":[{"@type":"ReadAction","target":["https:\/\/www.alucomfort.be\/product\/flexibele-opvangbak-zware-versie\/"]}]},{"@type":"ImageObject","inLanguage":"fr-FR","@id":"https:\/\/www.alucomfort.be\/product\/flexibele-opvangbak-zware-versie\/#primaryimage","url":"https:\/\/www.alucomfort.be\/wp-content\/uploads\/Flexibele-Opvangbak.jpg","contentUrl":"https:\/\/www.alucomfort.be\/wp-content\/uploads\/Flexibele-Opvangbak.jpg","width":1500,"height":1500,"caption":"Flexibele Opvangbak"},{"@type":"BreadcrumbList","@id":"https:\/\/www.alucomfort.be\/product\/flexibele-opvangbak-zware-versie\/#breadcrumb","itemListElement":[{"@type":"ListItem","position":1,"name":"Home","item":"https:\/\/www.alucomfort.be\/fr\/"},{"@type":"ListItem","position":2,"name":"Producten","item":"https:\/\/www.alucomfort.be\/producten\/"},{"@type":"ListItem","position":3,"name":"Bac de r\u00e9tention pliable &#8211; Version lourde"}]},{"@type":"WebSite","@id":"https:\/\/www.alucomfort.be\/#website","url":"https:\/\/www.alucomfort.be\/","name":"Alu Comfort","description":"","potentialAction":[{"@type":"SearchAction","target":{"@type":"EntryPoint","urlTemplate":"https:\/\/www.alucomfort.be\/?s={search_term_string}"},"query-input":{"@type":"PropertyValueSpecification","valueRequired":true,"valueName":"search_term_string"}}],"inLanguage":"fr-FR"}]}},"_links":{"self":[{"href":"https:\/\/www.alucomfort.be\/fr\/wp-json\/wp\/v2\/product\/219815","targetHints":{"allow":["GET"]}}],"collection":[{"href":"https:\/\/www.alucomfort.be\/fr\/wp-json\/wp\/v2\/product"}],"about":[{"href":"https:\/\/www.alucomfort.be\/fr\/wp-json\/wp\/v2\/types\/product"}],"wp:featuredmedia":[{"embeddable":true,"href":"https:\/\/www.alucomfort.be\/fr\/wp-json\/wp\/v2\/media\/219788"}],"wp:attachment":[{"href":"https:\/\/www.alucomfort.be\/fr\/wp-json\/wp\/v2\/media?parent=219815"}],"wp:term":[{"taxonomy":"product_brand","embeddable":true,"href":"https:\/\/www.alucomfort.be\/fr\/wp-json\/wp\/v2\/product_brand?post=219815"},{"taxonomy":"product_cat","embeddable":true,"href":"https:\/\/www.alucomfort.be\/fr\/wp-json\/wp\/v2\/product_cat?post=219815"},{"taxonomy":"product_tag","embeddable":true,"href":"https:\/\/www.alucomfort.be\/fr\/wp-json\/wp\/v2\/product_tag?post=219815"}],"curies":[{"name":"wp","href":"https:\/\/api.w.org\/{rel}","templated":true}]}}