

{"id":220953,"date":"2024-07-31T16:00:27","date_gmt":"2024-07-31T14:00:27","guid":{"rendered":"https:\/\/www.alucomfort.be\/product\/bennes-basculantes-en-inox\/"},"modified":"2024-07-31T16:02:22","modified_gmt":"2024-07-31T14:02:22","slug":"bennes-basculantes-en-inox","status":"publish","type":"product","link":"https:\/\/www.alucomfort.be\/fr\/product\/bennes-basculantes-en-inox\/","title":{"rendered":"Bennes basculantes en INOX"},"content":{"rendered":"<p>* Sur mesure.  Disponible uniquement sur demande. Disponible en diff\u00e9rents types d&rsquo;acier inoxydable, tels que l&rsquo;inox 304 ou l&rsquo;inox 316, * Disponible en diff\u00e9rents types en termes de capacit\u00e9 et de dimensions, * Conteneurs id\u00e9aux pour la collecte de divers mat\u00e9riaux dans l&rsquo;industrie alimentaire ou pour une utilisation avec des substances acides, * D\u00e9lai de livraison : environ 4 \u00e0 6 semaines, * les photos en pi\u00e8ce jointe montrent la version standard peinte. Elles sont uniquement \u00e0 titre d&rsquo;illustration.<\/p>\n","protected":false},"excerpt":{"rendered":"<p>Bennes basculantes en acier inoxydable (INOX)<\/p>\n","protected":false},"featured_media":220950,"template":"","meta":{"_acf_changed":false},"product_brand":[],"product_cat":[9432],"product_tag":[],"class_list":{"0":"post-220953","1":"product","2":"type-product","3":"status-publish","4":"has-post-thumbnail","6":"product_cat-bennes-basculantes-en-inox","8":"first","9":"outofstock","10":"taxable","11":"shipping-taxable","12":"purchasable","13":"product-type-variable"},"acf":[],"yoast_head":"<!-- This site is optimized with the Yoast SEO plugin v24.8.1 - https:\/\/yoast.com\/wordpress\/plugins\/seo\/ -->\n<title>Bennes basculantes en INOX | Alu Comfort |<\/title>\n<meta name=\"description\" content=\"Des bennes basculantes id\u00e9ales pour la collecte de divers mat\u00e9riaux dans l&#039;industrie alimentaire ou pour une utilisation avec des substances acides. Sp\u00e9cialiste sur mesure. Sp\u00e9cialiste en mat\u00e9riel de chariots \u00e9l\u00e9vateurs! Contactez-nous maintenant!\" \/>\n<meta name=\"robots\" content=\"index, follow, max-snippet:-1, max-image-preview:large, max-video-preview:-1\" \/>\n<link rel=\"canonical\" href=\"https:\/\/www.alucomfort.be\/product\/kiepbakken-uit-roestvrij-staal\/\" \/>\n<meta property=\"og:locale\" content=\"fr_FR\" \/>\n<meta property=\"og:type\" content=\"article\" \/>\n<meta property=\"og:title\" content=\"Bennes basculantes en INOX | Alu Comfort |\" \/>\n<meta property=\"og:description\" content=\"Des bennes basculantes id\u00e9ales pour la collecte de divers mat\u00e9riaux dans l&#039;industrie alimentaire ou pour une utilisation avec des substances acides. Sp\u00e9cialiste sur mesure. Sp\u00e9cialiste en mat\u00e9riel de chariots \u00e9l\u00e9vateurs! Contactez-nous maintenant!\" \/>\n<meta property=\"og:url\" content=\"https:\/\/www.alucomfort.be\/product\/kiepbakken-uit-roestvrij-staal\/\" \/>\n<meta property=\"og:site_name\" content=\"Alu Comfort\" \/>\n<meta property=\"article:modified_time\" content=\"2024-07-31T14:02:22+00:00\" \/>\n<meta property=\"og:image\" content=\"https:\/\/www.alucomfort.be\/wp-content\/uploads\/Kiepcontainer-RVS-Roestvrij-Staal.jpg\" \/>\n\t<meta property=\"og:image:width\" content=\"1920\" \/>\n\t<meta property=\"og:image:height\" content=\"1280\" \/>\n\t<meta property=\"og:image:type\" content=\"image\/jpeg\" \/>\n<meta name=\"twitter:card\" content=\"summary_large_image\" \/>\n<script type=\"application\/ld+json\" class=\"yoast-schema-graph\">{\"@context\":\"https:\/\/schema.org\",\"@graph\":[{\"@type\":\"WebPage\",\"@id\":\"https:\/\/www.alucomfort.be\/product\/kiepbakken-uit-roestvrij-staal\/\",\"url\":\"https:\/\/www.alucomfort.be\/product\/kiepbakken-uit-roestvrij-staal\/\",\"name\":\"Bennes basculantes en INOX | Alu Comfort |\",\"isPartOf\":{\"@id\":\"https:\/\/www.alucomfort.be\/#website\"},\"primaryImageOfPage\":{\"@id\":\"https:\/\/www.alucomfort.be\/product\/kiepbakken-uit-roestvrij-staal\/#primaryimage\"},\"image\":{\"@id\":\"https:\/\/www.alucomfort.be\/product\/kiepbakken-uit-roestvrij-staal\/#primaryimage\"},\"thumbnailUrl\":\"https:\/\/www.alucomfort.be\/wp-content\/uploads\/Kiepcontainer-RVS-Roestvrij-Staal.jpg\",\"datePublished\":\"2024-07-31T14:00:27+00:00\",\"dateModified\":\"2024-07-31T14:02:22+00:00\",\"description\":\"Des bennes basculantes id\u00e9ales pour la collecte de divers mat\u00e9riaux dans l'industrie alimentaire ou pour une utilisation avec des substances acides. Sp\u00e9cialiste sur mesure. Sp\u00e9cialiste en mat\u00e9riel de chariots \u00e9l\u00e9vateurs! Contactez-nous maintenant!\",\"breadcrumb\":{\"@id\":\"https:\/\/www.alucomfort.be\/product\/kiepbakken-uit-roestvrij-staal\/#breadcrumb\"},\"inLanguage\":\"fr-FR\",\"potentialAction\":[{\"@type\":\"ReadAction\",\"target\":[\"https:\/\/www.alucomfort.be\/product\/kiepbakken-uit-roestvrij-staal\/\"]}]},{\"@type\":\"ImageObject\",\"inLanguage\":\"fr-FR\",\"@id\":\"https:\/\/www.alucomfort.be\/product\/kiepbakken-uit-roestvrij-staal\/#primaryimage\",\"url\":\"https:\/\/www.alucomfort.be\/wp-content\/uploads\/Kiepcontainer-RVS-Roestvrij-Staal.jpg\",\"contentUrl\":\"https:\/\/www.alucomfort.be\/wp-content\/uploads\/Kiepcontainer-RVS-Roestvrij-Staal.jpg\",\"width\":1920,\"height\":1280,\"caption\":\"Kiepcontainer uit RVS (roestvrij staal)\"},{\"@type\":\"BreadcrumbList\",\"@id\":\"https:\/\/www.alucomfort.be\/product\/kiepbakken-uit-roestvrij-staal\/#breadcrumb\",\"itemListElement\":[{\"@type\":\"ListItem\",\"position\":1,\"name\":\"Home\",\"item\":\"https:\/\/www.alucomfort.be\/fr\/\"},{\"@type\":\"ListItem\",\"position\":2,\"name\":\"Producten\",\"item\":\"https:\/\/www.alucomfort.be\/producten\/\"},{\"@type\":\"ListItem\",\"position\":3,\"name\":\"Bennes basculantes en INOX\"}]},{\"@type\":\"WebSite\",\"@id\":\"https:\/\/www.alucomfort.be\/#website\",\"url\":\"https:\/\/www.alucomfort.be\/\",\"name\":\"Alu Comfort\",\"description\":\"\",\"potentialAction\":[{\"@type\":\"SearchAction\",\"target\":{\"@type\":\"EntryPoint\",\"urlTemplate\":\"https:\/\/www.alucomfort.be\/?s={search_term_string}\"},\"query-input\":{\"@type\":\"PropertyValueSpecification\",\"valueRequired\":true,\"valueName\":\"search_term_string\"}}],\"inLanguage\":\"fr-FR\"}]}<\/script>\n<!-- \/ Yoast SEO plugin. -->","yoast_head_json":{"title":"Bennes basculantes en INOX | Alu Comfort |","description":"Des bennes basculantes id\u00e9ales pour la collecte de divers mat\u00e9riaux dans l'industrie alimentaire ou pour une utilisation avec des substances acides. Sp\u00e9cialiste sur mesure. Sp\u00e9cialiste en mat\u00e9riel de chariots \u00e9l\u00e9vateurs! Contactez-nous maintenant!","robots":{"index":"index","follow":"follow","max-snippet":"max-snippet:-1","max-image-preview":"max-image-preview:large","max-video-preview":"max-video-preview:-1"},"canonical":"https:\/\/www.alucomfort.be\/product\/kiepbakken-uit-roestvrij-staal\/","og_locale":"fr_FR","og_type":"article","og_title":"Bennes basculantes en INOX | Alu Comfort |","og_description":"Des bennes basculantes id\u00e9ales pour la collecte de divers mat\u00e9riaux dans l'industrie alimentaire ou pour une utilisation avec des substances acides. Sp\u00e9cialiste sur mesure. Sp\u00e9cialiste en mat\u00e9riel de chariots \u00e9l\u00e9vateurs! Contactez-nous maintenant!","og_url":"https:\/\/www.alucomfort.be\/product\/kiepbakken-uit-roestvrij-staal\/","og_site_name":"Alu Comfort","article_modified_time":"2024-07-31T14:02:22+00:00","og_image":[{"width":1920,"height":1280,"url":"https:\/\/www.alucomfort.be\/wp-content\/uploads\/Kiepcontainer-RVS-Roestvrij-Staal.jpg","type":"image\/jpeg"}],"twitter_card":"summary_large_image","schema":{"@context":"https:\/\/schema.org","@graph":[{"@type":"WebPage","@id":"https:\/\/www.alucomfort.be\/product\/kiepbakken-uit-roestvrij-staal\/","url":"https:\/\/www.alucomfort.be\/product\/kiepbakken-uit-roestvrij-staal\/","name":"Bennes basculantes en INOX | Alu Comfort |","isPartOf":{"@id":"https:\/\/www.alucomfort.be\/#website"},"primaryImageOfPage":{"@id":"https:\/\/www.alucomfort.be\/product\/kiepbakken-uit-roestvrij-staal\/#primaryimage"},"image":{"@id":"https:\/\/www.alucomfort.be\/product\/kiepbakken-uit-roestvrij-staal\/#primaryimage"},"thumbnailUrl":"https:\/\/www.alucomfort.be\/wp-content\/uploads\/Kiepcontainer-RVS-Roestvrij-Staal.jpg","datePublished":"2024-07-31T14:00:27+00:00","dateModified":"2024-07-31T14:02:22+00:00","description":"Des bennes basculantes id\u00e9ales pour la collecte de divers mat\u00e9riaux dans l'industrie alimentaire ou pour une utilisation avec des substances acides. Sp\u00e9cialiste sur mesure. Sp\u00e9cialiste en mat\u00e9riel de chariots \u00e9l\u00e9vateurs! Contactez-nous maintenant!","breadcrumb":{"@id":"https:\/\/www.alucomfort.be\/product\/kiepbakken-uit-roestvrij-staal\/#breadcrumb"},"inLanguage":"fr-FR","potentialAction":[{"@type":"ReadAction","target":["https:\/\/www.alucomfort.be\/product\/kiepbakken-uit-roestvrij-staal\/"]}]},{"@type":"ImageObject","inLanguage":"fr-FR","@id":"https:\/\/www.alucomfort.be\/product\/kiepbakken-uit-roestvrij-staal\/#primaryimage","url":"https:\/\/www.alucomfort.be\/wp-content\/uploads\/Kiepcontainer-RVS-Roestvrij-Staal.jpg","contentUrl":"https:\/\/www.alucomfort.be\/wp-content\/uploads\/Kiepcontainer-RVS-Roestvrij-Staal.jpg","width":1920,"height":1280,"caption":"Kiepcontainer uit RVS (roestvrij staal)"},{"@type":"BreadcrumbList","@id":"https:\/\/www.alucomfort.be\/product\/kiepbakken-uit-roestvrij-staal\/#breadcrumb","itemListElement":[{"@type":"ListItem","position":1,"name":"Home","item":"https:\/\/www.alucomfort.be\/fr\/"},{"@type":"ListItem","position":2,"name":"Producten","item":"https:\/\/www.alucomfort.be\/producten\/"},{"@type":"ListItem","position":3,"name":"Bennes basculantes en INOX"}]},{"@type":"WebSite","@id":"https:\/\/www.alucomfort.be\/#website","url":"https:\/\/www.alucomfort.be\/","name":"Alu Comfort","description":"","potentialAction":[{"@type":"SearchAction","target":{"@type":"EntryPoint","urlTemplate":"https:\/\/www.alucomfort.be\/?s={search_term_string}"},"query-input":{"@type":"PropertyValueSpecification","valueRequired":true,"valueName":"search_term_string"}}],"inLanguage":"fr-FR"}]}},"_links":{"self":[{"href":"https:\/\/www.alucomfort.be\/fr\/wp-json\/wp\/v2\/product\/220953","targetHints":{"allow":["GET"]}}],"collection":[{"href":"https:\/\/www.alucomfort.be\/fr\/wp-json\/wp\/v2\/product"}],"about":[{"href":"https:\/\/www.alucomfort.be\/fr\/wp-json\/wp\/v2\/types\/product"}],"wp:featuredmedia":[{"embeddable":true,"href":"https:\/\/www.alucomfort.be\/fr\/wp-json\/wp\/v2\/media\/220950"}],"wp:attachment":[{"href":"https:\/\/www.alucomfort.be\/fr\/wp-json\/wp\/v2\/media?parent=220953"}],"wp:term":[{"taxonomy":"product_brand","embeddable":true,"href":"https:\/\/www.alucomfort.be\/fr\/wp-json\/wp\/v2\/product_brand?post=220953"},{"taxonomy":"product_cat","embeddable":true,"href":"https:\/\/www.alucomfort.be\/fr\/wp-json\/wp\/v2\/product_cat?post=220953"},{"taxonomy":"product_tag","embeddable":true,"href":"https:\/\/www.alucomfort.be\/fr\/wp-json\/wp\/v2\/product_tag?post=220953"}],"curies":[{"name":"wp","href":"https:\/\/api.w.org\/{rel}","templated":true}]}}