

{"id":221059,"date":"2024-08-05T17:22:28","date_gmt":"2024-08-05T15:22:28","guid":{"rendered":"https:\/\/www.alucomfort.be\/product\/bande-de-protection-pour-colonnes-rondes\/"},"modified":"2025-11-14T00:01:04","modified_gmt":"2025-11-13T22:01:04","slug":"bande-de-protection-pour-colonnes-rondes","status":"publish","type":"product","link":"https:\/\/www.alucomfort.be\/fr\/product\/bande-de-protection-pour-colonnes-rondes\/","title":{"rendered":"Bande de protection pour colonnes rondes"},"content":{"rendered":"<p>* Pour colonnes rondes, * En PU (mousse de polyur\u00e9thane), * L x l x h : 500 x 200 x 20 mm, * \u00c0 fixer avec des boulons et des chevilles (non inclus), * Pour une utilisation int\u00e9rieure et ext\u00e9rieur, * Poids : 1,6 kg, * Lors de la fixation, il est recommand\u00e9 de ne pas serrer compl\u00e8tement les protections.<\/p>\n","protected":false},"excerpt":{"rendered":"<p>Protections anti-choc pour parkings<\/p>\n","protected":false},"featured_media":221036,"template":"","meta":{"_acf_changed":false},"product_brand":[],"product_cat":[7950],"product_tag":[],"class_list":{"0":"post-221059","1":"product","2":"type-product","3":"status-publish","4":"has-post-thumbnail","6":"product_cat-amenagement-de-parking","8":"first","9":"instock","10":"taxable","11":"shipping-taxable","12":"purchasable","13":"product-type-simple"},"acf":[],"yoast_head":"<!-- This site is optimized with the Yoast SEO plugin v24.8.1 - https:\/\/yoast.com\/wordpress\/plugins\/seo\/ -->\n<title>Protections anti-choc pour parking | Alu Comfort |<\/title>\n<meta name=\"description\" content=\"\u00c9vitez des dommages co\u00fbteux aux v\u00e9hicules et \u00e0 l&#039;infrastructure. Commandez d\u00e8s maintenant en ligne nos bandes de protection pour parkings!\" \/>\n<meta name=\"robots\" content=\"index, follow, max-snippet:-1, max-image-preview:large, max-video-preview:-1\" \/>\n<link rel=\"canonical\" href=\"https:\/\/www.alucomfort.be\/product\/stootrand-voor-ronde-zuilen\/\" \/>\n<meta property=\"og:locale\" content=\"fr_FR\" \/>\n<meta property=\"og:type\" content=\"article\" \/>\n<meta property=\"og:title\" content=\"Protections anti-choc pour parking | Alu Comfort |\" \/>\n<meta property=\"og:description\" content=\"\u00c9vitez des dommages co\u00fbteux aux v\u00e9hicules et \u00e0 l&#039;infrastructure. Commandez d\u00e8s maintenant en ligne nos bandes de protection pour parkings!\" \/>\n<meta property=\"og:url\" content=\"https:\/\/www.alucomfort.be\/product\/stootrand-voor-ronde-zuilen\/\" \/>\n<meta property=\"og:site_name\" content=\"Alu Comfort\" \/>\n<meta property=\"article:modified_time\" content=\"2025-11-13T22:01:04+00:00\" \/>\n<meta property=\"og:image\" content=\"https:\/\/www.alucomfort.be\/wp-content\/uploads\/Stootbeschermer-voor-ronde-zuilen-garages.jpg\" \/>\n\t<meta property=\"og:image:width\" content=\"1920\" \/>\n\t<meta property=\"og:image:height\" content=\"1920\" \/>\n\t<meta property=\"og:image:type\" content=\"image\/jpeg\" \/>\n<meta name=\"twitter:card\" content=\"summary_large_image\" \/>\n<script type=\"application\/ld+json\" class=\"yoast-schema-graph\">{\"@context\":\"https:\/\/schema.org\",\"@graph\":[{\"@type\":\"WebPage\",\"@id\":\"https:\/\/www.alucomfort.be\/product\/stootrand-voor-ronde-zuilen\/\",\"url\":\"https:\/\/www.alucomfort.be\/product\/stootrand-voor-ronde-zuilen\/\",\"name\":\"Protections anti-choc pour parking | Alu Comfort |\",\"isPartOf\":{\"@id\":\"https:\/\/www.alucomfort.be\/#website\"},\"primaryImageOfPage\":{\"@id\":\"https:\/\/www.alucomfort.be\/product\/stootrand-voor-ronde-zuilen\/#primaryimage\"},\"image\":{\"@id\":\"https:\/\/www.alucomfort.be\/product\/stootrand-voor-ronde-zuilen\/#primaryimage\"},\"thumbnailUrl\":\"https:\/\/www.alucomfort.be\/wp-content\/uploads\/Stootbeschermer-voor-ronde-zuilen-garages.jpg\",\"datePublished\":\"2024-08-05T15:22:28+00:00\",\"dateModified\":\"2025-11-13T22:01:04+00:00\",\"description\":\"\u00c9vitez des dommages co\u00fbteux aux v\u00e9hicules et \u00e0 l'infrastructure. Commandez d\u00e8s maintenant en ligne nos bandes de protection pour parkings!\",\"breadcrumb\":{\"@id\":\"https:\/\/www.alucomfort.be\/product\/stootrand-voor-ronde-zuilen\/#breadcrumb\"},\"inLanguage\":\"fr-FR\",\"potentialAction\":[{\"@type\":\"ReadAction\",\"target\":[\"https:\/\/www.alucomfort.be\/product\/stootrand-voor-ronde-zuilen\/\"]}]},{\"@type\":\"ImageObject\",\"inLanguage\":\"fr-FR\",\"@id\":\"https:\/\/www.alucomfort.be\/product\/stootrand-voor-ronde-zuilen\/#primaryimage\",\"url\":\"https:\/\/www.alucomfort.be\/wp-content\/uploads\/Stootbeschermer-voor-ronde-zuilen-garages.jpg\",\"contentUrl\":\"https:\/\/www.alucomfort.be\/wp-content\/uploads\/Stootbeschermer-voor-ronde-zuilen-garages.jpg\",\"width\":1920,\"height\":1920,\"caption\":\"Stootbeschermer voor ronde zuilen garages\"},{\"@type\":\"BreadcrumbList\",\"@id\":\"https:\/\/www.alucomfort.be\/product\/stootrand-voor-ronde-zuilen\/#breadcrumb\",\"itemListElement\":[{\"@type\":\"ListItem\",\"position\":1,\"name\":\"Home\",\"item\":\"https:\/\/www.alucomfort.be\/fr\/\"},{\"@type\":\"ListItem\",\"position\":2,\"name\":\"Producten\",\"item\":\"https:\/\/www.alucomfort.be\/producten\/\"},{\"@type\":\"ListItem\",\"position\":3,\"name\":\"Bande de protection pour colonnes rondes\"}]},{\"@type\":\"WebSite\",\"@id\":\"https:\/\/www.alucomfort.be\/#website\",\"url\":\"https:\/\/www.alucomfort.be\/\",\"name\":\"Alu Comfort\",\"description\":\"\",\"potentialAction\":[{\"@type\":\"SearchAction\",\"target\":{\"@type\":\"EntryPoint\",\"urlTemplate\":\"https:\/\/www.alucomfort.be\/?s={search_term_string}\"},\"query-input\":{\"@type\":\"PropertyValueSpecification\",\"valueRequired\":true,\"valueName\":\"search_term_string\"}}],\"inLanguage\":\"fr-FR\"}]}<\/script>\n<!-- \/ Yoast SEO plugin. -->","yoast_head_json":{"title":"Protections anti-choc pour parking | Alu Comfort |","description":"\u00c9vitez des dommages co\u00fbteux aux v\u00e9hicules et \u00e0 l'infrastructure. Commandez d\u00e8s maintenant en ligne nos bandes de protection pour parkings!","robots":{"index":"index","follow":"follow","max-snippet":"max-snippet:-1","max-image-preview":"max-image-preview:large","max-video-preview":"max-video-preview:-1"},"canonical":"https:\/\/www.alucomfort.be\/product\/stootrand-voor-ronde-zuilen\/","og_locale":"fr_FR","og_type":"article","og_title":"Protections anti-choc pour parking | Alu Comfort |","og_description":"\u00c9vitez des dommages co\u00fbteux aux v\u00e9hicules et \u00e0 l'infrastructure. Commandez d\u00e8s maintenant en ligne nos bandes de protection pour parkings!","og_url":"https:\/\/www.alucomfort.be\/product\/stootrand-voor-ronde-zuilen\/","og_site_name":"Alu Comfort","article_modified_time":"2025-11-13T22:01:04+00:00","og_image":[{"width":1920,"height":1920,"url":"https:\/\/www.alucomfort.be\/wp-content\/uploads\/Stootbeschermer-voor-ronde-zuilen-garages.jpg","type":"image\/jpeg"}],"twitter_card":"summary_large_image","schema":{"@context":"https:\/\/schema.org","@graph":[{"@type":"WebPage","@id":"https:\/\/www.alucomfort.be\/product\/stootrand-voor-ronde-zuilen\/","url":"https:\/\/www.alucomfort.be\/product\/stootrand-voor-ronde-zuilen\/","name":"Protections anti-choc pour parking | Alu Comfort |","isPartOf":{"@id":"https:\/\/www.alucomfort.be\/#website"},"primaryImageOfPage":{"@id":"https:\/\/www.alucomfort.be\/product\/stootrand-voor-ronde-zuilen\/#primaryimage"},"image":{"@id":"https:\/\/www.alucomfort.be\/product\/stootrand-voor-ronde-zuilen\/#primaryimage"},"thumbnailUrl":"https:\/\/www.alucomfort.be\/wp-content\/uploads\/Stootbeschermer-voor-ronde-zuilen-garages.jpg","datePublished":"2024-08-05T15:22:28+00:00","dateModified":"2025-11-13T22:01:04+00:00","description":"\u00c9vitez des dommages co\u00fbteux aux v\u00e9hicules et \u00e0 l'infrastructure. Commandez d\u00e8s maintenant en ligne nos bandes de protection pour parkings!","breadcrumb":{"@id":"https:\/\/www.alucomfort.be\/product\/stootrand-voor-ronde-zuilen\/#breadcrumb"},"inLanguage":"fr-FR","potentialAction":[{"@type":"ReadAction","target":["https:\/\/www.alucomfort.be\/product\/stootrand-voor-ronde-zuilen\/"]}]},{"@type":"ImageObject","inLanguage":"fr-FR","@id":"https:\/\/www.alucomfort.be\/product\/stootrand-voor-ronde-zuilen\/#primaryimage","url":"https:\/\/www.alucomfort.be\/wp-content\/uploads\/Stootbeschermer-voor-ronde-zuilen-garages.jpg","contentUrl":"https:\/\/www.alucomfort.be\/wp-content\/uploads\/Stootbeschermer-voor-ronde-zuilen-garages.jpg","width":1920,"height":1920,"caption":"Stootbeschermer voor ronde zuilen garages"},{"@type":"BreadcrumbList","@id":"https:\/\/www.alucomfort.be\/product\/stootrand-voor-ronde-zuilen\/#breadcrumb","itemListElement":[{"@type":"ListItem","position":1,"name":"Home","item":"https:\/\/www.alucomfort.be\/fr\/"},{"@type":"ListItem","position":2,"name":"Producten","item":"https:\/\/www.alucomfort.be\/producten\/"},{"@type":"ListItem","position":3,"name":"Bande de protection pour colonnes rondes"}]},{"@type":"WebSite","@id":"https:\/\/www.alucomfort.be\/#website","url":"https:\/\/www.alucomfort.be\/","name":"Alu Comfort","description":"","potentialAction":[{"@type":"SearchAction","target":{"@type":"EntryPoint","urlTemplate":"https:\/\/www.alucomfort.be\/?s={search_term_string}"},"query-input":{"@type":"PropertyValueSpecification","valueRequired":true,"valueName":"search_term_string"}}],"inLanguage":"fr-FR"}]}},"_links":{"self":[{"href":"https:\/\/www.alucomfort.be\/fr\/wp-json\/wp\/v2\/product\/221059","targetHints":{"allow":["GET"]}}],"collection":[{"href":"https:\/\/www.alucomfort.be\/fr\/wp-json\/wp\/v2\/product"}],"about":[{"href":"https:\/\/www.alucomfort.be\/fr\/wp-json\/wp\/v2\/types\/product"}],"wp:featuredmedia":[{"embeddable":true,"href":"https:\/\/www.alucomfort.be\/fr\/wp-json\/wp\/v2\/media\/221036"}],"wp:attachment":[{"href":"https:\/\/www.alucomfort.be\/fr\/wp-json\/wp\/v2\/media?parent=221059"}],"wp:term":[{"taxonomy":"product_brand","embeddable":true,"href":"https:\/\/www.alucomfort.be\/fr\/wp-json\/wp\/v2\/product_brand?post=221059"},{"taxonomy":"product_cat","embeddable":true,"href":"https:\/\/www.alucomfort.be\/fr\/wp-json\/wp\/v2\/product_cat?post=221059"},{"taxonomy":"product_tag","embeddable":true,"href":"https:\/\/www.alucomfort.be\/fr\/wp-json\/wp\/v2\/product_tag?post=221059"}],"curies":[{"name":"wp","href":"https:\/\/api.w.org\/{rel}","templated":true}]}}