

{"id":221061,"date":"2024-08-05T17:22:30","date_gmt":"2024-08-05T15:22:30","guid":{"rendered":"https:\/\/www.alucomfort.be\/product\/bande-de-protection-pour-colonnes-rectangulaires\/"},"modified":"2025-11-14T00:01:06","modified_gmt":"2025-11-13T22:01:06","slug":"bande-de-protection-pour-colonnes-rectangulaires","status":"publish","type":"product","link":"https:\/\/www.alucomfort.be\/fr\/product\/bande-de-protection-pour-colonnes-rectangulaires\/","title":{"rendered":"Bande de protection pour colonnes rectangulaires."},"content":{"rendered":"<p>* Pour colonnes rectangulaires, * En PU (mousse de polyur\u00e9thane), * L x l x h : 500 x 200 x 20 mm, * \u00c0 fixer avec des boulons et des chevilles (non inclus), * Pour une utilisation int\u00e9rieure et ext\u00e9rieur, * Poids : 1,6 kg, * Lors de la fixation, il est recommand\u00e9 de ne pas serrer compl\u00e8tement les protections.<\/p>\n","protected":false},"excerpt":{"rendered":"<p>Protections anti-choc pour parkings<\/p>\n","protected":false},"featured_media":221038,"template":"","meta":{"_acf_changed":false},"product_brand":[],"product_cat":[7950],"product_tag":[],"class_list":{"0":"post-221061","1":"product","2":"type-product","3":"status-publish","4":"has-post-thumbnail","6":"product_cat-amenagement-de-parking","8":"first","9":"instock","10":"taxable","11":"shipping-taxable","12":"purchasable","13":"product-type-simple"},"acf":[],"yoast_head":"<!-- This site is optimized with the Yoast SEO plugin v24.8.1 - https:\/\/yoast.com\/wordpress\/plugins\/seo\/ -->\n<title>Protections anti-choc pour parking | Alu Comfort |<\/title>\n<meta name=\"description\" content=\"Bandes de protection absorbant les chocs pour \u00e9viter les dommages aux voitures et aux murs!\" \/>\n<meta name=\"robots\" content=\"index, follow, max-snippet:-1, max-image-preview:large, max-video-preview:-1\" \/>\n<link rel=\"canonical\" href=\"https:\/\/www.alucomfort.be\/product\/stootrand-voor-rechthoekige-zuilen\/\" \/>\n<meta property=\"og:locale\" content=\"fr_FR\" \/>\n<meta property=\"og:type\" content=\"article\" \/>\n<meta property=\"og:title\" content=\"Protections anti-choc pour parking | Alu Comfort |\" \/>\n<meta property=\"og:description\" content=\"Bandes de protection absorbant les chocs pour \u00e9viter les dommages aux voitures et aux murs!\" \/>\n<meta property=\"og:url\" content=\"https:\/\/www.alucomfort.be\/product\/stootrand-voor-rechthoekige-zuilen\/\" \/>\n<meta property=\"og:site_name\" content=\"Alu Comfort\" \/>\n<meta property=\"article:modified_time\" content=\"2025-11-13T22:01:06+00:00\" \/>\n<meta property=\"og:image\" content=\"https:\/\/www.alucomfort.be\/wp-content\/uploads\/Stootrand-parkeergarage-1.jpg\" \/>\n\t<meta property=\"og:image:width\" content=\"1920\" \/>\n\t<meta property=\"og:image:height\" content=\"1920\" \/>\n\t<meta property=\"og:image:type\" content=\"image\/jpeg\" \/>\n<meta name=\"twitter:card\" content=\"summary_large_image\" \/>\n<script type=\"application\/ld+json\" class=\"yoast-schema-graph\">{\"@context\":\"https:\/\/schema.org\",\"@graph\":[{\"@type\":\"WebPage\",\"@id\":\"https:\/\/www.alucomfort.be\/product\/stootrand-voor-rechthoekige-zuilen\/\",\"url\":\"https:\/\/www.alucomfort.be\/product\/stootrand-voor-rechthoekige-zuilen\/\",\"name\":\"Protections anti-choc pour parking | Alu Comfort |\",\"isPartOf\":{\"@id\":\"https:\/\/www.alucomfort.be\/#website\"},\"primaryImageOfPage\":{\"@id\":\"https:\/\/www.alucomfort.be\/product\/stootrand-voor-rechthoekige-zuilen\/#primaryimage\"},\"image\":{\"@id\":\"https:\/\/www.alucomfort.be\/product\/stootrand-voor-rechthoekige-zuilen\/#primaryimage\"},\"thumbnailUrl\":\"https:\/\/www.alucomfort.be\/wp-content\/uploads\/Stootrand-parkeergarage-1.jpg\",\"datePublished\":\"2024-08-05T15:22:30+00:00\",\"dateModified\":\"2025-11-13T22:01:06+00:00\",\"description\":\"Bandes de protection absorbant les chocs pour \u00e9viter les dommages aux voitures et aux murs!\",\"breadcrumb\":{\"@id\":\"https:\/\/www.alucomfort.be\/product\/stootrand-voor-rechthoekige-zuilen\/#breadcrumb\"},\"inLanguage\":\"fr-FR\",\"potentialAction\":[{\"@type\":\"ReadAction\",\"target\":[\"https:\/\/www.alucomfort.be\/product\/stootrand-voor-rechthoekige-zuilen\/\"]}]},{\"@type\":\"ImageObject\",\"inLanguage\":\"fr-FR\",\"@id\":\"https:\/\/www.alucomfort.be\/product\/stootrand-voor-rechthoekige-zuilen\/#primaryimage\",\"url\":\"https:\/\/www.alucomfort.be\/wp-content\/uploads\/Stootrand-parkeergarage-1.jpg\",\"contentUrl\":\"https:\/\/www.alucomfort.be\/wp-content\/uploads\/Stootrand-parkeergarage-1.jpg\",\"width\":1920,\"height\":1920,\"caption\":\"Stootrand parkeergarage\"},{\"@type\":\"BreadcrumbList\",\"@id\":\"https:\/\/www.alucomfort.be\/product\/stootrand-voor-rechthoekige-zuilen\/#breadcrumb\",\"itemListElement\":[{\"@type\":\"ListItem\",\"position\":1,\"name\":\"Home\",\"item\":\"https:\/\/www.alucomfort.be\/fr\/\"},{\"@type\":\"ListItem\",\"position\":2,\"name\":\"Producten\",\"item\":\"https:\/\/www.alucomfort.be\/producten\/\"},{\"@type\":\"ListItem\",\"position\":3,\"name\":\"Bande de protection pour colonnes rectangulaires.\"}]},{\"@type\":\"WebSite\",\"@id\":\"https:\/\/www.alucomfort.be\/#website\",\"url\":\"https:\/\/www.alucomfort.be\/\",\"name\":\"Alu Comfort\",\"description\":\"\",\"potentialAction\":[{\"@type\":\"SearchAction\",\"target\":{\"@type\":\"EntryPoint\",\"urlTemplate\":\"https:\/\/www.alucomfort.be\/?s={search_term_string}\"},\"query-input\":{\"@type\":\"PropertyValueSpecification\",\"valueRequired\":true,\"valueName\":\"search_term_string\"}}],\"inLanguage\":\"fr-FR\"}]}<\/script>\n<!-- \/ Yoast SEO plugin. -->","yoast_head_json":{"title":"Protections anti-choc pour parking | Alu Comfort |","description":"Bandes de protection absorbant les chocs pour \u00e9viter les dommages aux voitures et aux murs!","robots":{"index":"index","follow":"follow","max-snippet":"max-snippet:-1","max-image-preview":"max-image-preview:large","max-video-preview":"max-video-preview:-1"},"canonical":"https:\/\/www.alucomfort.be\/product\/stootrand-voor-rechthoekige-zuilen\/","og_locale":"fr_FR","og_type":"article","og_title":"Protections anti-choc pour parking | Alu Comfort |","og_description":"Bandes de protection absorbant les chocs pour \u00e9viter les dommages aux voitures et aux murs!","og_url":"https:\/\/www.alucomfort.be\/product\/stootrand-voor-rechthoekige-zuilen\/","og_site_name":"Alu Comfort","article_modified_time":"2025-11-13T22:01:06+00:00","og_image":[{"width":1920,"height":1920,"url":"https:\/\/www.alucomfort.be\/wp-content\/uploads\/Stootrand-parkeergarage-1.jpg","type":"image\/jpeg"}],"twitter_card":"summary_large_image","schema":{"@context":"https:\/\/schema.org","@graph":[{"@type":"WebPage","@id":"https:\/\/www.alucomfort.be\/product\/stootrand-voor-rechthoekige-zuilen\/","url":"https:\/\/www.alucomfort.be\/product\/stootrand-voor-rechthoekige-zuilen\/","name":"Protections anti-choc pour parking | Alu Comfort |","isPartOf":{"@id":"https:\/\/www.alucomfort.be\/#website"},"primaryImageOfPage":{"@id":"https:\/\/www.alucomfort.be\/product\/stootrand-voor-rechthoekige-zuilen\/#primaryimage"},"image":{"@id":"https:\/\/www.alucomfort.be\/product\/stootrand-voor-rechthoekige-zuilen\/#primaryimage"},"thumbnailUrl":"https:\/\/www.alucomfort.be\/wp-content\/uploads\/Stootrand-parkeergarage-1.jpg","datePublished":"2024-08-05T15:22:30+00:00","dateModified":"2025-11-13T22:01:06+00:00","description":"Bandes de protection absorbant les chocs pour \u00e9viter les dommages aux voitures et aux murs!","breadcrumb":{"@id":"https:\/\/www.alucomfort.be\/product\/stootrand-voor-rechthoekige-zuilen\/#breadcrumb"},"inLanguage":"fr-FR","potentialAction":[{"@type":"ReadAction","target":["https:\/\/www.alucomfort.be\/product\/stootrand-voor-rechthoekige-zuilen\/"]}]},{"@type":"ImageObject","inLanguage":"fr-FR","@id":"https:\/\/www.alucomfort.be\/product\/stootrand-voor-rechthoekige-zuilen\/#primaryimage","url":"https:\/\/www.alucomfort.be\/wp-content\/uploads\/Stootrand-parkeergarage-1.jpg","contentUrl":"https:\/\/www.alucomfort.be\/wp-content\/uploads\/Stootrand-parkeergarage-1.jpg","width":1920,"height":1920,"caption":"Stootrand parkeergarage"},{"@type":"BreadcrumbList","@id":"https:\/\/www.alucomfort.be\/product\/stootrand-voor-rechthoekige-zuilen\/#breadcrumb","itemListElement":[{"@type":"ListItem","position":1,"name":"Home","item":"https:\/\/www.alucomfort.be\/fr\/"},{"@type":"ListItem","position":2,"name":"Producten","item":"https:\/\/www.alucomfort.be\/producten\/"},{"@type":"ListItem","position":3,"name":"Bande de protection pour colonnes rectangulaires."}]},{"@type":"WebSite","@id":"https:\/\/www.alucomfort.be\/#website","url":"https:\/\/www.alucomfort.be\/","name":"Alu Comfort","description":"","potentialAction":[{"@type":"SearchAction","target":{"@type":"EntryPoint","urlTemplate":"https:\/\/www.alucomfort.be\/?s={search_term_string}"},"query-input":{"@type":"PropertyValueSpecification","valueRequired":true,"valueName":"search_term_string"}}],"inLanguage":"fr-FR"}]}},"_links":{"self":[{"href":"https:\/\/www.alucomfort.be\/fr\/wp-json\/wp\/v2\/product\/221061","targetHints":{"allow":["GET"]}}],"collection":[{"href":"https:\/\/www.alucomfort.be\/fr\/wp-json\/wp\/v2\/product"}],"about":[{"href":"https:\/\/www.alucomfort.be\/fr\/wp-json\/wp\/v2\/types\/product"}],"wp:featuredmedia":[{"embeddable":true,"href":"https:\/\/www.alucomfort.be\/fr\/wp-json\/wp\/v2\/media\/221038"}],"wp:attachment":[{"href":"https:\/\/www.alucomfort.be\/fr\/wp-json\/wp\/v2\/media?parent=221061"}],"wp:term":[{"taxonomy":"product_brand","embeddable":true,"href":"https:\/\/www.alucomfort.be\/fr\/wp-json\/wp\/v2\/product_brand?post=221061"},{"taxonomy":"product_cat","embeddable":true,"href":"https:\/\/www.alucomfort.be\/fr\/wp-json\/wp\/v2\/product_cat?post=221061"},{"taxonomy":"product_tag","embeddable":true,"href":"https:\/\/www.alucomfort.be\/fr\/wp-json\/wp\/v2\/product_tag?post=221061"}],"curies":[{"name":"wp","href":"https:\/\/api.w.org\/{rel}","templated":true}]}}