

{"id":221089,"date":"2024-08-15T17:04:29","date_gmt":"2024-08-15T15:04:29","guid":{"rendered":"https:\/\/www.alucomfort.be\/product\/zap-telemaster-s-2\/"},"modified":"2025-11-22T23:11:00","modified_gmt":"2025-11-22T21:11:00","slug":"zap-telemaster-s-2","status":"publish","type":"product","link":"https:\/\/www.alucomfort.be\/fr\/product\/zap-telemaster-s-2\/","title":{"rendered":"ZAP Telemaster S"},"content":{"rendered":"<p>* Plateforme de travail t\u00e9lescopique ZARGES pratique et pliable. La solution pour une \u00e9chelle pliable s\u00e9curis\u00e9e permettant de travailler \u00e0 de grandes hauteurs, * R\u00e9glage en hauteur simple, * Se replie de mani\u00e8re compacte, * Tr\u00e8s facile \u00e0 utiliser. La rambarde et la balustrade se d\u00e9ploient automatiquement lors de l&rsquo;installation, * \u00c9quip\u00e9e de 2 roues \u00e0 l&rsquo;arri\u00e8re pour un d\u00e9placement rapide et facile, * Selon la norme DIN EN 131-7.<\/p>\n","protected":false},"excerpt":{"rendered":"<p>Plateforme r\u00e9glable en hauteu<\/p>\n","protected":false},"featured_media":221082,"template":"","meta":{"_acf_changed":false},"product_brand":[],"product_cat":[6627],"product_tag":[],"class_list":{"0":"post-221089","1":"product","2":"type-product","3":"status-publish","4":"has-post-thumbnail","6":"product_cat-echelle-a-plateforme","8":"first","9":"outofstock","10":"taxable","11":"shipping-taxable","12":"purchasable","13":"product-type-variable"},"acf":[],"yoast_head":"<!-- This site is optimized with the Yoast SEO plugin v24.8.1 - https:\/\/yoast.com\/wordpress\/plugins\/seo\/ -->\n<title>ZAP Telemaster S | Alu Comfort | Revendeur Zarges<\/title>\n<meta name=\"description\" content=\"Plateforme de travail t\u00e9lescopique ZARGES pratique et pliable. Travaillez en toute s\u00e9curit\u00e9 et confortablement \u00e0 de grandes hauteurs. Alu Comfort est votre revendeur Zarges pour la Belgique et la France\" \/>\n<meta name=\"robots\" content=\"index, follow, max-snippet:-1, max-image-preview:large, max-video-preview:-1\" \/>\n<link rel=\"canonical\" href=\"https:\/\/www.alucomfort.be\/product\/zap-telemaster-s\/\" \/>\n<meta property=\"og:locale\" content=\"fr_FR\" \/>\n<meta property=\"og:type\" content=\"article\" \/>\n<meta property=\"og:title\" content=\"ZAP Telemaster S | Alu Comfort | Revendeur Zarges\" \/>\n<meta property=\"og:description\" content=\"Plateforme de travail t\u00e9lescopique ZARGES pratique et pliable. Travaillez en toute s\u00e9curit\u00e9 et confortablement \u00e0 de grandes hauteurs. Alu Comfort est votre revendeur Zarges pour la Belgique et la France\" \/>\n<meta property=\"og:url\" content=\"https:\/\/www.alucomfort.be\/product\/zap-telemaster-s\/\" \/>\n<meta property=\"og:site_name\" content=\"Alu Comfort\" \/>\n<meta property=\"article:modified_time\" content=\"2025-11-22T21:11:00+00:00\" \/>\n<meta property=\"og:image\" content=\"https:\/\/www.alucomfort.be\/wp-content\/uploads\/ZAP-Telemaster-Bordesladder.jpg\" \/>\n\t<meta property=\"og:image:width\" content=\"1920\" \/>\n\t<meta property=\"og:image:height\" content=\"1440\" \/>\n\t<meta property=\"og:image:type\" content=\"image\/jpeg\" \/>\n<meta name=\"twitter:card\" content=\"summary_large_image\" \/>\n<script type=\"application\/ld+json\" class=\"yoast-schema-graph\">{\"@context\":\"https:\/\/schema.org\",\"@graph\":[{\"@type\":\"WebPage\",\"@id\":\"https:\/\/www.alucomfort.be\/product\/zap-telemaster-s\/\",\"url\":\"https:\/\/www.alucomfort.be\/product\/zap-telemaster-s\/\",\"name\":\"ZAP Telemaster S | Alu Comfort | Revendeur Zarges\",\"isPartOf\":{\"@id\":\"https:\/\/www.alucomfort.be\/#website\"},\"primaryImageOfPage\":{\"@id\":\"https:\/\/www.alucomfort.be\/product\/zap-telemaster-s\/#primaryimage\"},\"image\":{\"@id\":\"https:\/\/www.alucomfort.be\/product\/zap-telemaster-s\/#primaryimage\"},\"thumbnailUrl\":\"https:\/\/www.alucomfort.be\/wp-content\/uploads\/ZAP-Telemaster-Bordesladder.jpg\",\"datePublished\":\"2024-08-15T15:04:29+00:00\",\"dateModified\":\"2025-11-22T21:11:00+00:00\",\"description\":\"Plateforme de travail t\u00e9lescopique ZARGES pratique et pliable. Travaillez en toute s\u00e9curit\u00e9 et confortablement \u00e0 de grandes hauteurs. Alu Comfort est votre revendeur Zarges pour la Belgique et la France\",\"breadcrumb\":{\"@id\":\"https:\/\/www.alucomfort.be\/product\/zap-telemaster-s\/#breadcrumb\"},\"inLanguage\":\"fr-FR\",\"potentialAction\":[{\"@type\":\"ReadAction\",\"target\":[\"https:\/\/www.alucomfort.be\/product\/zap-telemaster-s\/\"]}]},{\"@type\":\"ImageObject\",\"inLanguage\":\"fr-FR\",\"@id\":\"https:\/\/www.alucomfort.be\/product\/zap-telemaster-s\/#primaryimage\",\"url\":\"https:\/\/www.alucomfort.be\/wp-content\/uploads\/ZAP-Telemaster-Bordesladder.jpg\",\"contentUrl\":\"https:\/\/www.alucomfort.be\/wp-content\/uploads\/ZAP-Telemaster-Bordesladder.jpg\",\"width\":1920,\"height\":1440,\"caption\":\"ZAP Telemaster Bordesladder\"},{\"@type\":\"BreadcrumbList\",\"@id\":\"https:\/\/www.alucomfort.be\/product\/zap-telemaster-s\/#breadcrumb\",\"itemListElement\":[{\"@type\":\"ListItem\",\"position\":1,\"name\":\"Home\",\"item\":\"https:\/\/www.alucomfort.be\/fr\/\"},{\"@type\":\"ListItem\",\"position\":2,\"name\":\"Producten\",\"item\":\"https:\/\/www.alucomfort.be\/producten\/\"},{\"@type\":\"ListItem\",\"position\":3,\"name\":\"ZAP Telemaster S\"}]},{\"@type\":\"WebSite\",\"@id\":\"https:\/\/www.alucomfort.be\/#website\",\"url\":\"https:\/\/www.alucomfort.be\/\",\"name\":\"Alu Comfort\",\"description\":\"\",\"potentialAction\":[{\"@type\":\"SearchAction\",\"target\":{\"@type\":\"EntryPoint\",\"urlTemplate\":\"https:\/\/www.alucomfort.be\/?s={search_term_string}\"},\"query-input\":{\"@type\":\"PropertyValueSpecification\",\"valueRequired\":true,\"valueName\":\"search_term_string\"}}],\"inLanguage\":\"fr-FR\"}]}<\/script>\n<!-- \/ Yoast SEO plugin. -->","yoast_head_json":{"title":"ZAP Telemaster S | Alu Comfort | Revendeur Zarges","description":"Plateforme de travail t\u00e9lescopique ZARGES pratique et pliable. Travaillez en toute s\u00e9curit\u00e9 et confortablement \u00e0 de grandes hauteurs. Alu Comfort est votre revendeur Zarges pour la Belgique et la France","robots":{"index":"index","follow":"follow","max-snippet":"max-snippet:-1","max-image-preview":"max-image-preview:large","max-video-preview":"max-video-preview:-1"},"canonical":"https:\/\/www.alucomfort.be\/product\/zap-telemaster-s\/","og_locale":"fr_FR","og_type":"article","og_title":"ZAP Telemaster S | Alu Comfort | Revendeur Zarges","og_description":"Plateforme de travail t\u00e9lescopique ZARGES pratique et pliable. Travaillez en toute s\u00e9curit\u00e9 et confortablement \u00e0 de grandes hauteurs. Alu Comfort est votre revendeur Zarges pour la Belgique et la France","og_url":"https:\/\/www.alucomfort.be\/product\/zap-telemaster-s\/","og_site_name":"Alu Comfort","article_modified_time":"2025-11-22T21:11:00+00:00","og_image":[{"width":1920,"height":1440,"url":"https:\/\/www.alucomfort.be\/wp-content\/uploads\/ZAP-Telemaster-Bordesladder.jpg","type":"image\/jpeg"}],"twitter_card":"summary_large_image","schema":{"@context":"https:\/\/schema.org","@graph":[{"@type":"WebPage","@id":"https:\/\/www.alucomfort.be\/product\/zap-telemaster-s\/","url":"https:\/\/www.alucomfort.be\/product\/zap-telemaster-s\/","name":"ZAP Telemaster S | Alu Comfort | Revendeur Zarges","isPartOf":{"@id":"https:\/\/www.alucomfort.be\/#website"},"primaryImageOfPage":{"@id":"https:\/\/www.alucomfort.be\/product\/zap-telemaster-s\/#primaryimage"},"image":{"@id":"https:\/\/www.alucomfort.be\/product\/zap-telemaster-s\/#primaryimage"},"thumbnailUrl":"https:\/\/www.alucomfort.be\/wp-content\/uploads\/ZAP-Telemaster-Bordesladder.jpg","datePublished":"2024-08-15T15:04:29+00:00","dateModified":"2025-11-22T21:11:00+00:00","description":"Plateforme de travail t\u00e9lescopique ZARGES pratique et pliable. Travaillez en toute s\u00e9curit\u00e9 et confortablement \u00e0 de grandes hauteurs. Alu Comfort est votre revendeur Zarges pour la Belgique et la France","breadcrumb":{"@id":"https:\/\/www.alucomfort.be\/product\/zap-telemaster-s\/#breadcrumb"},"inLanguage":"fr-FR","potentialAction":[{"@type":"ReadAction","target":["https:\/\/www.alucomfort.be\/product\/zap-telemaster-s\/"]}]},{"@type":"ImageObject","inLanguage":"fr-FR","@id":"https:\/\/www.alucomfort.be\/product\/zap-telemaster-s\/#primaryimage","url":"https:\/\/www.alucomfort.be\/wp-content\/uploads\/ZAP-Telemaster-Bordesladder.jpg","contentUrl":"https:\/\/www.alucomfort.be\/wp-content\/uploads\/ZAP-Telemaster-Bordesladder.jpg","width":1920,"height":1440,"caption":"ZAP Telemaster Bordesladder"},{"@type":"BreadcrumbList","@id":"https:\/\/www.alucomfort.be\/product\/zap-telemaster-s\/#breadcrumb","itemListElement":[{"@type":"ListItem","position":1,"name":"Home","item":"https:\/\/www.alucomfort.be\/fr\/"},{"@type":"ListItem","position":2,"name":"Producten","item":"https:\/\/www.alucomfort.be\/producten\/"},{"@type":"ListItem","position":3,"name":"ZAP Telemaster S"}]},{"@type":"WebSite","@id":"https:\/\/www.alucomfort.be\/#website","url":"https:\/\/www.alucomfort.be\/","name":"Alu Comfort","description":"","potentialAction":[{"@type":"SearchAction","target":{"@type":"EntryPoint","urlTemplate":"https:\/\/www.alucomfort.be\/?s={search_term_string}"},"query-input":{"@type":"PropertyValueSpecification","valueRequired":true,"valueName":"search_term_string"}}],"inLanguage":"fr-FR"}]}},"_links":{"self":[{"href":"https:\/\/www.alucomfort.be\/fr\/wp-json\/wp\/v2\/product\/221089","targetHints":{"allow":["GET"]}}],"collection":[{"href":"https:\/\/www.alucomfort.be\/fr\/wp-json\/wp\/v2\/product"}],"about":[{"href":"https:\/\/www.alucomfort.be\/fr\/wp-json\/wp\/v2\/types\/product"}],"wp:featuredmedia":[{"embeddable":true,"href":"https:\/\/www.alucomfort.be\/fr\/wp-json\/wp\/v2\/media\/221082"}],"wp:attachment":[{"href":"https:\/\/www.alucomfort.be\/fr\/wp-json\/wp\/v2\/media?parent=221089"}],"wp:term":[{"taxonomy":"product_brand","embeddable":true,"href":"https:\/\/www.alucomfort.be\/fr\/wp-json\/wp\/v2\/product_brand?post=221089"},{"taxonomy":"product_cat","embeddable":true,"href":"https:\/\/www.alucomfort.be\/fr\/wp-json\/wp\/v2\/product_cat?post=221089"},{"taxonomy":"product_tag","embeddable":true,"href":"https:\/\/www.alucomfort.be\/fr\/wp-json\/wp\/v2\/product_tag?post=221089"}],"curies":[{"name":"wp","href":"https:\/\/api.w.org\/{rel}","templated":true}]}}