

{"id":221377,"date":"2024-09-05T22:54:40","date_gmt":"2024-09-05T20:54:40","guid":{"rendered":"https:\/\/www.alucomfort.be\/product\/geniegrips-tapis-de-protection\/"},"modified":"2025-05-21T20:31:54","modified_gmt":"2025-05-21T18:31:54","slug":"geniegrips-tapis-de-protection","status":"publish","type":"product","link":"https:\/\/www.alucomfort.be\/fr\/product\/geniegrips-tapis-de-protection\/","title":{"rendered":"GenieGrips\u00ae Tapis de protection"},"content":{"rendered":"<p>* GenieGrips\u00ae  Tapis de protection: con\u00e7us pour pr\u00e9venir la perte et l&rsquo;endommagement des marchandises en raison des glissements et des d\u00e9placements des charges sur les fourches de chariot \u00e9l\u00e9vateur, *  Surface antid\u00e9rapante pour emp\u00eacher les charges de glisser sur les fourches, * Haute visibilit\u00e9 gr\u00e2ce \u00e0 la couleur jaune pour une s\u00e9curit\u00e9 maximale, * Pr\u00e9vient les dommages aux marchandises, * Facile \u00e0 installer et \u00e0 retirer, * Pliable.<\/p>\n","protected":false},"excerpt":{"rendered":"<p>GenieGrips\u00ae tapis antid\u00e9rapants : Prot\u00e9gez votre chargement contre les glissements et les chutes<\/p>\n","protected":false},"featured_media":221133,"template":"","meta":{"_acf_changed":false},"product_brand":[],"product_cat":[9464],"product_tag":[],"class_list":{"0":"post-221377","1":"product","2":"type-product","3":"status-publish","4":"has-post-thumbnail","6":"product_cat-geniegrips-tapis-antiderapants-coussins-de-protection-et-embouts-de-protection","8":"first","9":"outofstock","10":"taxable","11":"shipping-taxable","12":"purchasable","13":"product-type-variable"},"acf":[],"yoast_head":"<!-- This site is optimized with the Yoast SEO plugin v24.8.1 - https:\/\/yoast.com\/wordpress\/plugins\/seo\/ -->\n<title>GenieGrips\u00ae tapis antid\u00e9rapants | Alu Comfort | plus de risques de chutes!<\/title>\n<meta name=\"description\" content=\"GenieGrips\u00ae : garantissez la s\u00e9curit\u00e9 de votre chargement gr\u00e2ce \u00e0 nos tapis antid\u00e9rapants. Id\u00e9al pour les transports en chariot \u00e9l\u00e9vateur: plus de risques de chutes ou de mouvements ind\u00e9sirables.\" \/>\n<meta name=\"robots\" content=\"index, follow, max-snippet:-1, max-image-preview:large, max-video-preview:-1\" \/>\n<link rel=\"canonical\" href=\"https:\/\/www.alucomfort.be\/product\/geniegrips-antislip-matten\/\" \/>\n<meta property=\"og:locale\" content=\"fr_FR\" \/>\n<meta property=\"og:type\" content=\"article\" \/>\n<meta property=\"og:title\" content=\"GenieGrips\u00ae tapis antid\u00e9rapants | Alu Comfort | plus de risques de chutes!\" \/>\n<meta property=\"og:description\" content=\"GenieGrips\u00ae : garantissez la s\u00e9curit\u00e9 de votre chargement gr\u00e2ce \u00e0 nos tapis antid\u00e9rapants. Id\u00e9al pour les transports en chariot \u00e9l\u00e9vateur: plus de risques de chutes ou de mouvements ind\u00e9sirables.\" \/>\n<meta property=\"og:url\" content=\"https:\/\/www.alucomfort.be\/product\/geniegrips-antislip-matten\/\" \/>\n<meta property=\"og:site_name\" content=\"Alu Comfort\" \/>\n<meta property=\"article:modified_time\" content=\"2025-05-21T18:31:54+00:00\" \/>\n<meta property=\"og:image\" content=\"https:\/\/www.alucomfort.be\/wp-content\/uploads\/Lepelbescherming-GenieGrips.jpg\" \/>\n\t<meta property=\"og:image:width\" content=\"1920\" \/>\n\t<meta property=\"og:image:height\" content=\"1280\" \/>\n\t<meta property=\"og:image:type\" content=\"image\/jpeg\" \/>\n<meta name=\"twitter:card\" content=\"summary_large_image\" \/>\n<script type=\"application\/ld+json\" class=\"yoast-schema-graph\">{\"@context\":\"https:\/\/schema.org\",\"@graph\":[{\"@type\":\"WebPage\",\"@id\":\"https:\/\/www.alucomfort.be\/product\/geniegrips-antislip-matten\/\",\"url\":\"https:\/\/www.alucomfort.be\/product\/geniegrips-antislip-matten\/\",\"name\":\"GenieGrips\u00ae tapis antid\u00e9rapants | Alu Comfort | plus de risques de chutes!\",\"isPartOf\":{\"@id\":\"https:\/\/www.alucomfort.be\/#website\"},\"primaryImageOfPage\":{\"@id\":\"https:\/\/www.alucomfort.be\/product\/geniegrips-antislip-matten\/#primaryimage\"},\"image\":{\"@id\":\"https:\/\/www.alucomfort.be\/product\/geniegrips-antislip-matten\/#primaryimage\"},\"thumbnailUrl\":\"https:\/\/www.alucomfort.be\/wp-content\/uploads\/Lepelbescherming-GenieGrips.jpg\",\"datePublished\":\"2024-09-05T20:54:40+00:00\",\"dateModified\":\"2025-05-21T18:31:54+00:00\",\"description\":\"GenieGrips\u00ae : garantissez la s\u00e9curit\u00e9 de votre chargement gr\u00e2ce \u00e0 nos tapis antid\u00e9rapants. Id\u00e9al pour les transports en chariot \u00e9l\u00e9vateur: plus de risques de chutes ou de mouvements ind\u00e9sirables.\",\"breadcrumb\":{\"@id\":\"https:\/\/www.alucomfort.be\/product\/geniegrips-antislip-matten\/#breadcrumb\"},\"inLanguage\":\"fr-FR\",\"potentialAction\":[{\"@type\":\"ReadAction\",\"target\":[\"https:\/\/www.alucomfort.be\/product\/geniegrips-antislip-matten\/\"]}]},{\"@type\":\"ImageObject\",\"inLanguage\":\"fr-FR\",\"@id\":\"https:\/\/www.alucomfort.be\/product\/geniegrips-antislip-matten\/#primaryimage\",\"url\":\"https:\/\/www.alucomfort.be\/wp-content\/uploads\/Lepelbescherming-GenieGrips.jpg\",\"contentUrl\":\"https:\/\/www.alucomfort.be\/wp-content\/uploads\/Lepelbescherming-GenieGrips.jpg\",\"width\":1920,\"height\":1280,\"caption\":\"Lepelbescherming GenieGrips\"},{\"@type\":\"BreadcrumbList\",\"@id\":\"https:\/\/www.alucomfort.be\/product\/geniegrips-antislip-matten\/#breadcrumb\",\"itemListElement\":[{\"@type\":\"ListItem\",\"position\":1,\"name\":\"Home\",\"item\":\"https:\/\/www.alucomfort.be\/fr\/\"},{\"@type\":\"ListItem\",\"position\":2,\"name\":\"Producten\",\"item\":\"https:\/\/www.alucomfort.be\/producten\/\"},{\"@type\":\"ListItem\",\"position\":3,\"name\":\"GenieGrips\u00ae Tapis de protection\"}]},{\"@type\":\"WebSite\",\"@id\":\"https:\/\/www.alucomfort.be\/#website\",\"url\":\"https:\/\/www.alucomfort.be\/\",\"name\":\"Alu Comfort\",\"description\":\"\",\"potentialAction\":[{\"@type\":\"SearchAction\",\"target\":{\"@type\":\"EntryPoint\",\"urlTemplate\":\"https:\/\/www.alucomfort.be\/?s={search_term_string}\"},\"query-input\":{\"@type\":\"PropertyValueSpecification\",\"valueRequired\":true,\"valueName\":\"search_term_string\"}}],\"inLanguage\":\"fr-FR\"}]}<\/script>\n<!-- \/ Yoast SEO plugin. -->","yoast_head_json":{"title":"GenieGrips\u00ae tapis antid\u00e9rapants | Alu Comfort | plus de risques de chutes!","description":"GenieGrips\u00ae : garantissez la s\u00e9curit\u00e9 de votre chargement gr\u00e2ce \u00e0 nos tapis antid\u00e9rapants. Id\u00e9al pour les transports en chariot \u00e9l\u00e9vateur: plus de risques de chutes ou de mouvements ind\u00e9sirables.","robots":{"index":"index","follow":"follow","max-snippet":"max-snippet:-1","max-image-preview":"max-image-preview:large","max-video-preview":"max-video-preview:-1"},"canonical":"https:\/\/www.alucomfort.be\/product\/geniegrips-antislip-matten\/","og_locale":"fr_FR","og_type":"article","og_title":"GenieGrips\u00ae tapis antid\u00e9rapants | Alu Comfort | plus de risques de chutes!","og_description":"GenieGrips\u00ae : garantissez la s\u00e9curit\u00e9 de votre chargement gr\u00e2ce \u00e0 nos tapis antid\u00e9rapants. Id\u00e9al pour les transports en chariot \u00e9l\u00e9vateur: plus de risques de chutes ou de mouvements ind\u00e9sirables.","og_url":"https:\/\/www.alucomfort.be\/product\/geniegrips-antislip-matten\/","og_site_name":"Alu Comfort","article_modified_time":"2025-05-21T18:31:54+00:00","og_image":[{"width":1920,"height":1280,"url":"https:\/\/www.alucomfort.be\/wp-content\/uploads\/Lepelbescherming-GenieGrips.jpg","type":"image\/jpeg"}],"twitter_card":"summary_large_image","schema":{"@context":"https:\/\/schema.org","@graph":[{"@type":"WebPage","@id":"https:\/\/www.alucomfort.be\/product\/geniegrips-antislip-matten\/","url":"https:\/\/www.alucomfort.be\/product\/geniegrips-antislip-matten\/","name":"GenieGrips\u00ae tapis antid\u00e9rapants | Alu Comfort | plus de risques de chutes!","isPartOf":{"@id":"https:\/\/www.alucomfort.be\/#website"},"primaryImageOfPage":{"@id":"https:\/\/www.alucomfort.be\/product\/geniegrips-antislip-matten\/#primaryimage"},"image":{"@id":"https:\/\/www.alucomfort.be\/product\/geniegrips-antislip-matten\/#primaryimage"},"thumbnailUrl":"https:\/\/www.alucomfort.be\/wp-content\/uploads\/Lepelbescherming-GenieGrips.jpg","datePublished":"2024-09-05T20:54:40+00:00","dateModified":"2025-05-21T18:31:54+00:00","description":"GenieGrips\u00ae : garantissez la s\u00e9curit\u00e9 de votre chargement gr\u00e2ce \u00e0 nos tapis antid\u00e9rapants. Id\u00e9al pour les transports en chariot \u00e9l\u00e9vateur: plus de risques de chutes ou de mouvements ind\u00e9sirables.","breadcrumb":{"@id":"https:\/\/www.alucomfort.be\/product\/geniegrips-antislip-matten\/#breadcrumb"},"inLanguage":"fr-FR","potentialAction":[{"@type":"ReadAction","target":["https:\/\/www.alucomfort.be\/product\/geniegrips-antislip-matten\/"]}]},{"@type":"ImageObject","inLanguage":"fr-FR","@id":"https:\/\/www.alucomfort.be\/product\/geniegrips-antislip-matten\/#primaryimage","url":"https:\/\/www.alucomfort.be\/wp-content\/uploads\/Lepelbescherming-GenieGrips.jpg","contentUrl":"https:\/\/www.alucomfort.be\/wp-content\/uploads\/Lepelbescherming-GenieGrips.jpg","width":1920,"height":1280,"caption":"Lepelbescherming GenieGrips"},{"@type":"BreadcrumbList","@id":"https:\/\/www.alucomfort.be\/product\/geniegrips-antislip-matten\/#breadcrumb","itemListElement":[{"@type":"ListItem","position":1,"name":"Home","item":"https:\/\/www.alucomfort.be\/fr\/"},{"@type":"ListItem","position":2,"name":"Producten","item":"https:\/\/www.alucomfort.be\/producten\/"},{"@type":"ListItem","position":3,"name":"GenieGrips\u00ae Tapis de protection"}]},{"@type":"WebSite","@id":"https:\/\/www.alucomfort.be\/#website","url":"https:\/\/www.alucomfort.be\/","name":"Alu Comfort","description":"","potentialAction":[{"@type":"SearchAction","target":{"@type":"EntryPoint","urlTemplate":"https:\/\/www.alucomfort.be\/?s={search_term_string}"},"query-input":{"@type":"PropertyValueSpecification","valueRequired":true,"valueName":"search_term_string"}}],"inLanguage":"fr-FR"}]}},"_links":{"self":[{"href":"https:\/\/www.alucomfort.be\/fr\/wp-json\/wp\/v2\/product\/221377","targetHints":{"allow":["GET"]}}],"collection":[{"href":"https:\/\/www.alucomfort.be\/fr\/wp-json\/wp\/v2\/product"}],"about":[{"href":"https:\/\/www.alucomfort.be\/fr\/wp-json\/wp\/v2\/types\/product"}],"wp:featuredmedia":[{"embeddable":true,"href":"https:\/\/www.alucomfort.be\/fr\/wp-json\/wp\/v2\/media\/221133"}],"wp:attachment":[{"href":"https:\/\/www.alucomfort.be\/fr\/wp-json\/wp\/v2\/media?parent=221377"}],"wp:term":[{"taxonomy":"product_brand","embeddable":true,"href":"https:\/\/www.alucomfort.be\/fr\/wp-json\/wp\/v2\/product_brand?post=221377"},{"taxonomy":"product_cat","embeddable":true,"href":"https:\/\/www.alucomfort.be\/fr\/wp-json\/wp\/v2\/product_cat?post=221377"},{"taxonomy":"product_tag","embeddable":true,"href":"https:\/\/www.alucomfort.be\/fr\/wp-json\/wp\/v2\/product_tag?post=221377"}],"curies":[{"name":"wp","href":"https:\/\/api.w.org\/{rel}","templated":true}]}}