

{"id":221455,"date":"2024-09-05T22:56:16","date_gmt":"2024-09-05T20:56:16","guid":{"rendered":"https:\/\/www.alucomfort.be\/product\/geniegrips-embouts-de-protection\/"},"modified":"2025-05-21T20:32:15","modified_gmt":"2025-05-21T18:32:15","slug":"geniegrips-embouts-de-protection","status":"publish","type":"product","link":"https:\/\/www.alucomfort.be\/fr\/product\/geniegrips-embouts-de-protection\/","title":{"rendered":"GenieGrips\u00ae capuchons de protection"},"content":{"rendered":"<p>* Les GenieGrips\u00ae embouts sont des embouts de protection con\u00e7us pour \u00e9quiper les fourches de chariots \u00e9l\u00e9vateurs. Ces dispositifs innovants offrent une solution efficace pour pr\u00e9venir les dommages aux marchandises pendant les op\u00e9rations de manutention, * Facilement visible gr\u00e2ce \u00e0 sa couleur jaune vif, * Facile \u00e0 installer et \u00e0 retirer.<\/p>\n","protected":false},"excerpt":{"rendered":"<p>Embouts de s\u00e9curit\u00e9 GenieGrips\u00ae pour fourches<\/p>\n","protected":false},"featured_media":221149,"template":"","meta":{"_acf_changed":false},"product_brand":[],"product_cat":[9464],"product_tag":[],"class_list":{"0":"post-221455","1":"product","2":"type-product","3":"status-publish","4":"has-post-thumbnail","6":"product_cat-geniegrips-tapis-antiderapants-coussins-de-protection-et-embouts-de-protection","8":"first","9":"outofstock","10":"taxable","11":"shipping-taxable","12":"purchasable","13":"product-type-variable"},"acf":[],"yoast_head":"<!-- This site is optimized with the Yoast SEO plugin v24.8.1 - https:\/\/yoast.com\/wordpress\/plugins\/seo\/ -->\n<title>Embouts de s\u00e9curit\u00e9 GenieGrips\u00ae pour fourches | Alu Comfort |<\/title>\n<meta name=\"description\" content=\"Commandez d\u00e8s maintenant vos GenieGrips Caps et pr\u00e9venez les co\u00fbteux dommages \u00e0 vos produits. Ces embouts de s\u00e9curit\u00e9 durables et faciles \u00e0 utiliser sont la solution id\u00e9ale pour un transport s\u00e9curis\u00e9\" \/>\n<meta name=\"robots\" content=\"index, follow, max-snippet:-1, max-image-preview:large, max-video-preview:-1\" \/>\n<link rel=\"canonical\" href=\"https:\/\/www.alucomfort.be\/product\/geniegrips-beschermkappen\/\" \/>\n<meta property=\"og:locale\" content=\"fr_FR\" \/>\n<meta property=\"og:type\" content=\"article\" \/>\n<meta property=\"og:title\" content=\"Embouts de s\u00e9curit\u00e9 GenieGrips\u00ae pour fourches | Alu Comfort |\" \/>\n<meta property=\"og:description\" content=\"Commandez d\u00e8s maintenant vos GenieGrips Caps et pr\u00e9venez les co\u00fbteux dommages \u00e0 vos produits. Ces embouts de s\u00e9curit\u00e9 durables et faciles \u00e0 utiliser sont la solution id\u00e9ale pour un transport s\u00e9curis\u00e9\" \/>\n<meta property=\"og:url\" content=\"https:\/\/www.alucomfort.be\/product\/geniegrips-beschermkappen\/\" \/>\n<meta property=\"og:site_name\" content=\"Alu Comfort\" \/>\n<meta property=\"article:modified_time\" content=\"2025-05-21T18:32:15+00:00\" \/>\n<meta property=\"og:image\" content=\"https:\/\/www.alucomfort.be\/wp-content\/uploads\/Gaines-GenieGrips.jpg\" \/>\n\t<meta property=\"og:image:width\" content=\"1920\" \/>\n\t<meta property=\"og:image:height\" content=\"1280\" \/>\n\t<meta property=\"og:image:type\" content=\"image\/jpeg\" \/>\n<meta name=\"twitter:card\" content=\"summary_large_image\" \/>\n<script type=\"application\/ld+json\" class=\"yoast-schema-graph\">{\"@context\":\"https:\/\/schema.org\",\"@graph\":[{\"@type\":\"WebPage\",\"@id\":\"https:\/\/www.alucomfort.be\/product\/geniegrips-beschermkappen\/\",\"url\":\"https:\/\/www.alucomfort.be\/product\/geniegrips-beschermkappen\/\",\"name\":\"Embouts de s\u00e9curit\u00e9 GenieGrips\u00ae pour fourches | Alu Comfort |\",\"isPartOf\":{\"@id\":\"https:\/\/www.alucomfort.be\/#website\"},\"primaryImageOfPage\":{\"@id\":\"https:\/\/www.alucomfort.be\/product\/geniegrips-beschermkappen\/#primaryimage\"},\"image\":{\"@id\":\"https:\/\/www.alucomfort.be\/product\/geniegrips-beschermkappen\/#primaryimage\"},\"thumbnailUrl\":\"https:\/\/www.alucomfort.be\/wp-content\/uploads\/Gaines-GenieGrips.jpg\",\"datePublished\":\"2024-09-05T20:56:16+00:00\",\"dateModified\":\"2025-05-21T18:32:15+00:00\",\"description\":\"Commandez d\u00e8s maintenant vos GenieGrips Caps et pr\u00e9venez les co\u00fbteux dommages \u00e0 vos produits. Ces embouts de s\u00e9curit\u00e9 durables et faciles \u00e0 utiliser sont la solution id\u00e9ale pour un transport s\u00e9curis\u00e9\",\"breadcrumb\":{\"@id\":\"https:\/\/www.alucomfort.be\/product\/geniegrips-beschermkappen\/#breadcrumb\"},\"inLanguage\":\"fr-FR\",\"potentialAction\":[{\"@type\":\"ReadAction\",\"target\":[\"https:\/\/www.alucomfort.be\/product\/geniegrips-beschermkappen\/\"]}]},{\"@type\":\"ImageObject\",\"inLanguage\":\"fr-FR\",\"@id\":\"https:\/\/www.alucomfort.be\/product\/geniegrips-beschermkappen\/#primaryimage\",\"url\":\"https:\/\/www.alucomfort.be\/wp-content\/uploads\/Gaines-GenieGrips.jpg\",\"contentUrl\":\"https:\/\/www.alucomfort.be\/wp-content\/uploads\/Gaines-GenieGrips.jpg\",\"width\":1920,\"height\":1280,\"caption\":\"Gaines GenieGrips\"},{\"@type\":\"BreadcrumbList\",\"@id\":\"https:\/\/www.alucomfort.be\/product\/geniegrips-beschermkappen\/#breadcrumb\",\"itemListElement\":[{\"@type\":\"ListItem\",\"position\":1,\"name\":\"Home\",\"item\":\"https:\/\/www.alucomfort.be\/fr\/\"},{\"@type\":\"ListItem\",\"position\":2,\"name\":\"Producten\",\"item\":\"https:\/\/www.alucomfort.be\/producten\/\"},{\"@type\":\"ListItem\",\"position\":3,\"name\":\"GenieGrips\u00ae capuchons de protection\"}]},{\"@type\":\"WebSite\",\"@id\":\"https:\/\/www.alucomfort.be\/#website\",\"url\":\"https:\/\/www.alucomfort.be\/\",\"name\":\"Alu Comfort\",\"description\":\"\",\"potentialAction\":[{\"@type\":\"SearchAction\",\"target\":{\"@type\":\"EntryPoint\",\"urlTemplate\":\"https:\/\/www.alucomfort.be\/?s={search_term_string}\"},\"query-input\":{\"@type\":\"PropertyValueSpecification\",\"valueRequired\":true,\"valueName\":\"search_term_string\"}}],\"inLanguage\":\"fr-FR\"}]}<\/script>\n<!-- \/ Yoast SEO plugin. -->","yoast_head_json":{"title":"Embouts de s\u00e9curit\u00e9 GenieGrips\u00ae pour fourches | Alu Comfort |","description":"Commandez d\u00e8s maintenant vos GenieGrips Caps et pr\u00e9venez les co\u00fbteux dommages \u00e0 vos produits. Ces embouts de s\u00e9curit\u00e9 durables et faciles \u00e0 utiliser sont la solution id\u00e9ale pour un transport s\u00e9curis\u00e9","robots":{"index":"index","follow":"follow","max-snippet":"max-snippet:-1","max-image-preview":"max-image-preview:large","max-video-preview":"max-video-preview:-1"},"canonical":"https:\/\/www.alucomfort.be\/product\/geniegrips-beschermkappen\/","og_locale":"fr_FR","og_type":"article","og_title":"Embouts de s\u00e9curit\u00e9 GenieGrips\u00ae pour fourches | Alu Comfort |","og_description":"Commandez d\u00e8s maintenant vos GenieGrips Caps et pr\u00e9venez les co\u00fbteux dommages \u00e0 vos produits. Ces embouts de s\u00e9curit\u00e9 durables et faciles \u00e0 utiliser sont la solution id\u00e9ale pour un transport s\u00e9curis\u00e9","og_url":"https:\/\/www.alucomfort.be\/product\/geniegrips-beschermkappen\/","og_site_name":"Alu Comfort","article_modified_time":"2025-05-21T18:32:15+00:00","og_image":[{"width":1920,"height":1280,"url":"https:\/\/www.alucomfort.be\/wp-content\/uploads\/Gaines-GenieGrips.jpg","type":"image\/jpeg"}],"twitter_card":"summary_large_image","schema":{"@context":"https:\/\/schema.org","@graph":[{"@type":"WebPage","@id":"https:\/\/www.alucomfort.be\/product\/geniegrips-beschermkappen\/","url":"https:\/\/www.alucomfort.be\/product\/geniegrips-beschermkappen\/","name":"Embouts de s\u00e9curit\u00e9 GenieGrips\u00ae pour fourches | Alu Comfort |","isPartOf":{"@id":"https:\/\/www.alucomfort.be\/#website"},"primaryImageOfPage":{"@id":"https:\/\/www.alucomfort.be\/product\/geniegrips-beschermkappen\/#primaryimage"},"image":{"@id":"https:\/\/www.alucomfort.be\/product\/geniegrips-beschermkappen\/#primaryimage"},"thumbnailUrl":"https:\/\/www.alucomfort.be\/wp-content\/uploads\/Gaines-GenieGrips.jpg","datePublished":"2024-09-05T20:56:16+00:00","dateModified":"2025-05-21T18:32:15+00:00","description":"Commandez d\u00e8s maintenant vos GenieGrips Caps et pr\u00e9venez les co\u00fbteux dommages \u00e0 vos produits. Ces embouts de s\u00e9curit\u00e9 durables et faciles \u00e0 utiliser sont la solution id\u00e9ale pour un transport s\u00e9curis\u00e9","breadcrumb":{"@id":"https:\/\/www.alucomfort.be\/product\/geniegrips-beschermkappen\/#breadcrumb"},"inLanguage":"fr-FR","potentialAction":[{"@type":"ReadAction","target":["https:\/\/www.alucomfort.be\/product\/geniegrips-beschermkappen\/"]}]},{"@type":"ImageObject","inLanguage":"fr-FR","@id":"https:\/\/www.alucomfort.be\/product\/geniegrips-beschermkappen\/#primaryimage","url":"https:\/\/www.alucomfort.be\/wp-content\/uploads\/Gaines-GenieGrips.jpg","contentUrl":"https:\/\/www.alucomfort.be\/wp-content\/uploads\/Gaines-GenieGrips.jpg","width":1920,"height":1280,"caption":"Gaines GenieGrips"},{"@type":"BreadcrumbList","@id":"https:\/\/www.alucomfort.be\/product\/geniegrips-beschermkappen\/#breadcrumb","itemListElement":[{"@type":"ListItem","position":1,"name":"Home","item":"https:\/\/www.alucomfort.be\/fr\/"},{"@type":"ListItem","position":2,"name":"Producten","item":"https:\/\/www.alucomfort.be\/producten\/"},{"@type":"ListItem","position":3,"name":"GenieGrips\u00ae capuchons de protection"}]},{"@type":"WebSite","@id":"https:\/\/www.alucomfort.be\/#website","url":"https:\/\/www.alucomfort.be\/","name":"Alu Comfort","description":"","potentialAction":[{"@type":"SearchAction","target":{"@type":"EntryPoint","urlTemplate":"https:\/\/www.alucomfort.be\/?s={search_term_string}"},"query-input":{"@type":"PropertyValueSpecification","valueRequired":true,"valueName":"search_term_string"}}],"inLanguage":"fr-FR"}]}},"_links":{"self":[{"href":"https:\/\/www.alucomfort.be\/fr\/wp-json\/wp\/v2\/product\/221455","targetHints":{"allow":["GET"]}}],"collection":[{"href":"https:\/\/www.alucomfort.be\/fr\/wp-json\/wp\/v2\/product"}],"about":[{"href":"https:\/\/www.alucomfort.be\/fr\/wp-json\/wp\/v2\/types\/product"}],"wp:featuredmedia":[{"embeddable":true,"href":"https:\/\/www.alucomfort.be\/fr\/wp-json\/wp\/v2\/media\/221149"}],"wp:attachment":[{"href":"https:\/\/www.alucomfort.be\/fr\/wp-json\/wp\/v2\/media?parent=221455"}],"wp:term":[{"taxonomy":"product_brand","embeddable":true,"href":"https:\/\/www.alucomfort.be\/fr\/wp-json\/wp\/v2\/product_brand?post=221455"},{"taxonomy":"product_cat","embeddable":true,"href":"https:\/\/www.alucomfort.be\/fr\/wp-json\/wp\/v2\/product_cat?post=221455"},{"taxonomy":"product_tag","embeddable":true,"href":"https:\/\/www.alucomfort.be\/fr\/wp-json\/wp\/v2\/product_tag?post=221455"}],"curies":[{"name":"wp","href":"https:\/\/api.w.org\/{rel}","templated":true}]}}