

{"id":221461,"date":"2024-09-05T22:56:20","date_gmt":"2024-09-05T20:56:20","guid":{"rendered":"https:\/\/www.alucomfort.be\/product\/geniegrips-miroir-de-charge\/"},"modified":"2025-05-21T20:32:19","modified_gmt":"2025-05-21T18:32:19","slug":"geniegrips-miroir-de-charge","status":"publish","type":"product","link":"https:\/\/www.alucomfort.be\/fr\/product\/geniegrips-miroir-de-charge\/","title":{"rendered":"GenieGrips\u00ae Miroir de charge"},"content":{"rendered":"<p>* \u00c9limine les angles morts,Offre une vue parfaite de la pointe des fourches, pour un chargement et un d\u00e9chargement d&rsquo;une pr\u00e9cision in\u00e9gal\u00e9e, * R\u00e9duit les man\u009cuvres du chariot \u00e9l\u00e9vateur gr\u00e2ce \u00e0 une man\u009cuvrabilit\u00e9 accrue, optimisant ainsi le processus de chargement , * Am\u00e9liore l&rsquo;ergonomie de travail du cariste gr\u00e2ce \u00e0 ces r\u00e9troviseurs, * Installation facile gr\u00e2ce aux aimants sur le m\u00e2t, * Disponible en 2 mod\u00e8les : Slimview pour chariots \u00e9l\u00e9vateurs de 1 \u00e0 2,5 tonnes, id\u00e9al pour les espaces r\u00e9duits. Ou Wideview pour les chariots \u00e9l\u00e9vateurs plus lourds (2,5 \u00e0 12 tonnes), offrant un champ de vision plus large gr\u00e2ce \u00e0 une extension lat\u00e9rale.<\/p>\n","protected":false},"excerpt":{"rendered":"<p>Plus d&rsquo;angles morts et une visibilit\u00e9 claire des extr\u00e9mit\u00e9s des fourches de chariot \u00e9l\u00e9vateur.<\/p>\n","protected":false},"featured_media":221145,"template":"","meta":{"_acf_changed":false},"product_brand":[],"product_cat":[1972],"product_tag":[],"class_list":{"0":"post-221461","1":"product","2":"type-product","3":"status-publish","4":"has-post-thumbnail","6":"product_cat-miroirs","8":"first","9":"outofstock","10":"taxable","11":"shipping-taxable","12":"purchasable","13":"product-type-variable"},"acf":[],"yoast_head":"<!-- This site is optimized with the Yoast SEO plugin v24.8.1 - https:\/\/yoast.com\/wordpress\/plugins\/seo\/ -->\n<title>GenieGrips\u00ae Miroir de charge | Alu Comfort | Pour une meilleure visibilit\u00e9<\/title>\n<meta name=\"description\" content=\"Chargez et d\u00e9chargez avec une pr\u00e9cision in\u00e9gal\u00e9e gr\u00e2ce aux miroirs de charge GenieGrips pour chariots \u00e9l\u00e9vateurs : \u00e9liminez les angles morts et optimisez votre processus de travail.\" \/>\n<meta name=\"robots\" content=\"index, follow, max-snippet:-1, max-image-preview:large, max-video-preview:-1\" \/>\n<link rel=\"canonical\" href=\"https:\/\/www.alucomfort.be\/product\/geniegrips-vooruitkijkspiegel-heftrucks\/\" \/>\n<meta property=\"og:locale\" content=\"fr_FR\" \/>\n<meta property=\"og:type\" content=\"article\" \/>\n<meta property=\"og:title\" content=\"GenieGrips\u00ae Miroir de charge | Alu Comfort | Pour une meilleure visibilit\u00e9\" \/>\n<meta property=\"og:description\" content=\"Chargez et d\u00e9chargez avec une pr\u00e9cision in\u00e9gal\u00e9e gr\u00e2ce aux miroirs de charge GenieGrips pour chariots \u00e9l\u00e9vateurs : \u00e9liminez les angles morts et optimisez votre processus de travail.\" \/>\n<meta property=\"og:url\" content=\"https:\/\/www.alucomfort.be\/product\/geniegrips-vooruitkijkspiegel-heftrucks\/\" \/>\n<meta property=\"og:site_name\" content=\"Alu Comfort\" \/>\n<meta property=\"article:modified_time\" content=\"2025-05-21T18:32:19+00:00\" \/>\n<meta property=\"og:image\" content=\"https:\/\/www.alucomfort.be\/wp-content\/uploads\/Vooruitkijkspiegel-heftruck.jpg\" \/>\n\t<meta property=\"og:image:width\" content=\"1825\" \/>\n\t<meta property=\"og:image:height\" content=\"2738\" \/>\n\t<meta property=\"og:image:type\" content=\"image\/jpeg\" \/>\n<meta name=\"twitter:card\" content=\"summary_large_image\" \/>\n<meta name=\"twitter:label1\" content=\"Dur\u00e9e de lecture estim\u00e9e\" \/>\n\t<meta name=\"twitter:data1\" content=\"1 minute\" \/>\n<script type=\"application\/ld+json\" class=\"yoast-schema-graph\">{\"@context\":\"https:\/\/schema.org\",\"@graph\":[{\"@type\":\"WebPage\",\"@id\":\"https:\/\/www.alucomfort.be\/product\/geniegrips-vooruitkijkspiegel-heftrucks\/\",\"url\":\"https:\/\/www.alucomfort.be\/product\/geniegrips-vooruitkijkspiegel-heftrucks\/\",\"name\":\"GenieGrips\u00ae Miroir de charge | Alu Comfort | Pour une meilleure visibilit\u00e9\",\"isPartOf\":{\"@id\":\"https:\/\/www.alucomfort.be\/#website\"},\"primaryImageOfPage\":{\"@id\":\"https:\/\/www.alucomfort.be\/product\/geniegrips-vooruitkijkspiegel-heftrucks\/#primaryimage\"},\"image\":{\"@id\":\"https:\/\/www.alucomfort.be\/product\/geniegrips-vooruitkijkspiegel-heftrucks\/#primaryimage\"},\"thumbnailUrl\":\"https:\/\/www.alucomfort.be\/wp-content\/uploads\/Vooruitkijkspiegel-heftruck.jpg\",\"datePublished\":\"2024-09-05T20:56:20+00:00\",\"dateModified\":\"2025-05-21T18:32:19+00:00\",\"description\":\"Chargez et d\u00e9chargez avec une pr\u00e9cision in\u00e9gal\u00e9e gr\u00e2ce aux miroirs de charge GenieGrips pour chariots \u00e9l\u00e9vateurs : \u00e9liminez les angles morts et optimisez votre processus de travail.\",\"breadcrumb\":{\"@id\":\"https:\/\/www.alucomfort.be\/product\/geniegrips-vooruitkijkspiegel-heftrucks\/#breadcrumb\"},\"inLanguage\":\"fr-FR\",\"potentialAction\":[{\"@type\":\"ReadAction\",\"target\":[\"https:\/\/www.alucomfort.be\/product\/geniegrips-vooruitkijkspiegel-heftrucks\/\"]}]},{\"@type\":\"ImageObject\",\"inLanguage\":\"fr-FR\",\"@id\":\"https:\/\/www.alucomfort.be\/product\/geniegrips-vooruitkijkspiegel-heftrucks\/#primaryimage\",\"url\":\"https:\/\/www.alucomfort.be\/wp-content\/uploads\/Vooruitkijkspiegel-heftruck.jpg\",\"contentUrl\":\"https:\/\/www.alucomfort.be\/wp-content\/uploads\/Vooruitkijkspiegel-heftruck.jpg\",\"width\":1825,\"height\":2738,\"caption\":\"Vooruitkijkspiegel heftruck\"},{\"@type\":\"BreadcrumbList\",\"@id\":\"https:\/\/www.alucomfort.be\/product\/geniegrips-vooruitkijkspiegel-heftrucks\/#breadcrumb\",\"itemListElement\":[{\"@type\":\"ListItem\",\"position\":1,\"name\":\"Home\",\"item\":\"https:\/\/www.alucomfort.be\/fr\/\"},{\"@type\":\"ListItem\",\"position\":2,\"name\":\"Producten\",\"item\":\"https:\/\/www.alucomfort.be\/producten\/\"},{\"@type\":\"ListItem\",\"position\":3,\"name\":\"GenieGrips\u00ae Miroir de charge\"}]},{\"@type\":\"WebSite\",\"@id\":\"https:\/\/www.alucomfort.be\/#website\",\"url\":\"https:\/\/www.alucomfort.be\/\",\"name\":\"Alu Comfort\",\"description\":\"\",\"potentialAction\":[{\"@type\":\"SearchAction\",\"target\":{\"@type\":\"EntryPoint\",\"urlTemplate\":\"https:\/\/www.alucomfort.be\/?s={search_term_string}\"},\"query-input\":{\"@type\":\"PropertyValueSpecification\",\"valueRequired\":true,\"valueName\":\"search_term_string\"}}],\"inLanguage\":\"fr-FR\"}]}<\/script>\n<!-- \/ Yoast SEO plugin. -->","yoast_head_json":{"title":"GenieGrips\u00ae Miroir de charge | Alu Comfort | Pour une meilleure visibilit\u00e9","description":"Chargez et d\u00e9chargez avec une pr\u00e9cision in\u00e9gal\u00e9e gr\u00e2ce aux miroirs de charge GenieGrips pour chariots \u00e9l\u00e9vateurs : \u00e9liminez les angles morts et optimisez votre processus de travail.","robots":{"index":"index","follow":"follow","max-snippet":"max-snippet:-1","max-image-preview":"max-image-preview:large","max-video-preview":"max-video-preview:-1"},"canonical":"https:\/\/www.alucomfort.be\/product\/geniegrips-vooruitkijkspiegel-heftrucks\/","og_locale":"fr_FR","og_type":"article","og_title":"GenieGrips\u00ae Miroir de charge | Alu Comfort | Pour une meilleure visibilit\u00e9","og_description":"Chargez et d\u00e9chargez avec une pr\u00e9cision in\u00e9gal\u00e9e gr\u00e2ce aux miroirs de charge GenieGrips pour chariots \u00e9l\u00e9vateurs : \u00e9liminez les angles morts et optimisez votre processus de travail.","og_url":"https:\/\/www.alucomfort.be\/product\/geniegrips-vooruitkijkspiegel-heftrucks\/","og_site_name":"Alu Comfort","article_modified_time":"2025-05-21T18:32:19+00:00","og_image":[{"width":1825,"height":2738,"url":"https:\/\/www.alucomfort.be\/wp-content\/uploads\/Vooruitkijkspiegel-heftruck.jpg","type":"image\/jpeg"}],"twitter_card":"summary_large_image","twitter_misc":{"Dur\u00e9e de lecture estim\u00e9e":"1 minute"},"schema":{"@context":"https:\/\/schema.org","@graph":[{"@type":"WebPage","@id":"https:\/\/www.alucomfort.be\/product\/geniegrips-vooruitkijkspiegel-heftrucks\/","url":"https:\/\/www.alucomfort.be\/product\/geniegrips-vooruitkijkspiegel-heftrucks\/","name":"GenieGrips\u00ae Miroir de charge | Alu Comfort | Pour une meilleure visibilit\u00e9","isPartOf":{"@id":"https:\/\/www.alucomfort.be\/#website"},"primaryImageOfPage":{"@id":"https:\/\/www.alucomfort.be\/product\/geniegrips-vooruitkijkspiegel-heftrucks\/#primaryimage"},"image":{"@id":"https:\/\/www.alucomfort.be\/product\/geniegrips-vooruitkijkspiegel-heftrucks\/#primaryimage"},"thumbnailUrl":"https:\/\/www.alucomfort.be\/wp-content\/uploads\/Vooruitkijkspiegel-heftruck.jpg","datePublished":"2024-09-05T20:56:20+00:00","dateModified":"2025-05-21T18:32:19+00:00","description":"Chargez et d\u00e9chargez avec une pr\u00e9cision in\u00e9gal\u00e9e gr\u00e2ce aux miroirs de charge GenieGrips pour chariots \u00e9l\u00e9vateurs : \u00e9liminez les angles morts et optimisez votre processus de travail.","breadcrumb":{"@id":"https:\/\/www.alucomfort.be\/product\/geniegrips-vooruitkijkspiegel-heftrucks\/#breadcrumb"},"inLanguage":"fr-FR","potentialAction":[{"@type":"ReadAction","target":["https:\/\/www.alucomfort.be\/product\/geniegrips-vooruitkijkspiegel-heftrucks\/"]}]},{"@type":"ImageObject","inLanguage":"fr-FR","@id":"https:\/\/www.alucomfort.be\/product\/geniegrips-vooruitkijkspiegel-heftrucks\/#primaryimage","url":"https:\/\/www.alucomfort.be\/wp-content\/uploads\/Vooruitkijkspiegel-heftruck.jpg","contentUrl":"https:\/\/www.alucomfort.be\/wp-content\/uploads\/Vooruitkijkspiegel-heftruck.jpg","width":1825,"height":2738,"caption":"Vooruitkijkspiegel heftruck"},{"@type":"BreadcrumbList","@id":"https:\/\/www.alucomfort.be\/product\/geniegrips-vooruitkijkspiegel-heftrucks\/#breadcrumb","itemListElement":[{"@type":"ListItem","position":1,"name":"Home","item":"https:\/\/www.alucomfort.be\/fr\/"},{"@type":"ListItem","position":2,"name":"Producten","item":"https:\/\/www.alucomfort.be\/producten\/"},{"@type":"ListItem","position":3,"name":"GenieGrips\u00ae Miroir de charge"}]},{"@type":"WebSite","@id":"https:\/\/www.alucomfort.be\/#website","url":"https:\/\/www.alucomfort.be\/","name":"Alu Comfort","description":"","potentialAction":[{"@type":"SearchAction","target":{"@type":"EntryPoint","urlTemplate":"https:\/\/www.alucomfort.be\/?s={search_term_string}"},"query-input":{"@type":"PropertyValueSpecification","valueRequired":true,"valueName":"search_term_string"}}],"inLanguage":"fr-FR"}]}},"_links":{"self":[{"href":"https:\/\/www.alucomfort.be\/fr\/wp-json\/wp\/v2\/product\/221461","targetHints":{"allow":["GET"]}}],"collection":[{"href":"https:\/\/www.alucomfort.be\/fr\/wp-json\/wp\/v2\/product"}],"about":[{"href":"https:\/\/www.alucomfort.be\/fr\/wp-json\/wp\/v2\/types\/product"}],"wp:featuredmedia":[{"embeddable":true,"href":"https:\/\/www.alucomfort.be\/fr\/wp-json\/wp\/v2\/media\/221145"}],"wp:attachment":[{"href":"https:\/\/www.alucomfort.be\/fr\/wp-json\/wp\/v2\/media?parent=221461"}],"wp:term":[{"taxonomy":"product_brand","embeddable":true,"href":"https:\/\/www.alucomfort.be\/fr\/wp-json\/wp\/v2\/product_brand?post=221461"},{"taxonomy":"product_cat","embeddable":true,"href":"https:\/\/www.alucomfort.be\/fr\/wp-json\/wp\/v2\/product_cat?post=221461"},{"taxonomy":"product_tag","embeddable":true,"href":"https:\/\/www.alucomfort.be\/fr\/wp-json\/wp\/v2\/product_tag?post=221461"}],"curies":[{"name":"wp","href":"https:\/\/api.w.org\/{rel}","templated":true}]}}