

{"id":221514,"date":"2024-09-17T12:39:58","date_gmt":"2024-09-17T10:39:58","guid":{"rendered":"https:\/\/www.alucomfort.be\/product\/genouillere-articulee\/"},"modified":"2024-09-17T14:17:35","modified_gmt":"2024-09-17T12:17:35","slug":"genouillere-articulee","status":"publish","type":"product","link":"https:\/\/www.alucomfort.be\/fr\/product\/genouillere-articulee\/","title":{"rendered":"Genouill\u00e8re articul\u00e9e"},"content":{"rendered":"<p>* Des genoux sans douleur. Id\u00e9al pour les professionnels du b\u00e2timent (ma\u00e7ons, menuisiers, plombiers, couvreurs, paysagistes, maintenance industrielle,&#8230;) ou les bricoleurs r\u00e9guliers, * Protection des genoux professionnelle et ergonomique pour un confort optimal. Facile \u00e0 utiliser, * Syst\u00e8me de rotation unique offrant une libert\u00e9 de mouvement totale \u00e0 l&rsquo;utilisateur, * Protection maximale du genou, \u00e0 la fois en dessous et au-dessus, * Avec un rembourrage int\u00e9rieur doux et une ventilation, * Avec des \u00e9lastiques larges et doux qui ne serrent pas, * Ne retiennent pas l&rsquo;eau, * Avec bande antid\u00e9rapante pour une adh\u00e9rence maximale sur toutes les surfaces (Rempla\u00e7able, 2 jeux inclus), * Conforme \u00e0 la norme EN 14404 + A12010, * Emballage : par paire.<\/p>\n","protected":false},"excerpt":{"rendered":"<p>Protection des genoux professionnelle et ergonomique<\/p>\n","protected":false},"featured_media":221507,"template":"","meta":{"_acf_changed":false},"product_brand":[],"product_cat":[9510],"product_tag":[],"class_list":{"0":"post-221514","1":"product","2":"type-product","3":"status-publish","4":"has-post-thumbnail","6":"product_cat-arykneeflex-genouilleres","8":"first","9":"outofstock","10":"taxable","11":"shipping-taxable","12":"purchasable","13":"product-type-variable"},"acf":[],"yoast_head":"<!-- This site is optimized with the Yoast SEO plugin v24.8.1 - https:\/\/yoast.com\/wordpress\/plugins\/seo\/ -->\n<title>Genouill\u00e8re articul\u00e9es| Alu Comfort |<\/title>\n<meta name=\"description\" content=\"\u00c0 la recherche des meilleures genouill\u00e8res? Nos genouill\u00e8res pro ergonomiques sont ultra-confortables et protectrices. Pour travailler toute la journ\u00e9e sans souffrir!\" \/>\n<meta name=\"robots\" content=\"index, follow, max-snippet:-1, max-image-preview:large, max-video-preview:-1\" \/>\n<link rel=\"canonical\" href=\"https:\/\/www.alucomfort.be\/product\/kniebescherming\/\" \/>\n<meta property=\"og:locale\" content=\"fr_FR\" \/>\n<meta property=\"og:type\" content=\"article\" \/>\n<meta property=\"og:title\" content=\"Genouill\u00e8re articul\u00e9es| Alu Comfort |\" \/>\n<meta property=\"og:description\" content=\"\u00c0 la recherche des meilleures genouill\u00e8res? Nos genouill\u00e8res pro ergonomiques sont ultra-confortables et protectrices. Pour travailler toute la journ\u00e9e sans souffrir!\" \/>\n<meta property=\"og:url\" content=\"https:\/\/www.alucomfort.be\/product\/kniebescherming\/\" \/>\n<meta property=\"og:site_name\" content=\"Alu Comfort\" \/>\n<meta property=\"article:modified_time\" content=\"2024-09-17T12:17:35+00:00\" \/>\n<meta property=\"og:image\" content=\"https:\/\/www.alucomfort.be\/wp-content\/uploads\/genouilleres-pour-les-pros.jpg\" \/>\n\t<meta property=\"og:image:width\" content=\"1080\" \/>\n\t<meta property=\"og:image:height\" content=\"1620\" \/>\n\t<meta property=\"og:image:type\" content=\"image\/jpeg\" \/>\n<meta name=\"twitter:card\" content=\"summary_large_image\" \/>\n<meta name=\"twitter:label1\" content=\"Dur\u00e9e de lecture estim\u00e9e\" \/>\n\t<meta name=\"twitter:data1\" content=\"1 minute\" \/>\n<script type=\"application\/ld+json\" class=\"yoast-schema-graph\">{\"@context\":\"https:\/\/schema.org\",\"@graph\":[{\"@type\":\"WebPage\",\"@id\":\"https:\/\/www.alucomfort.be\/product\/kniebescherming\/\",\"url\":\"https:\/\/www.alucomfort.be\/product\/kniebescherming\/\",\"name\":\"Genouill\u00e8re articul\u00e9es| Alu Comfort |\",\"isPartOf\":{\"@id\":\"https:\/\/www.alucomfort.be\/#website\"},\"primaryImageOfPage\":{\"@id\":\"https:\/\/www.alucomfort.be\/product\/kniebescherming\/#primaryimage\"},\"image\":{\"@id\":\"https:\/\/www.alucomfort.be\/product\/kniebescherming\/#primaryimage\"},\"thumbnailUrl\":\"https:\/\/www.alucomfort.be\/wp-content\/uploads\/genouilleres-pour-les-pros.jpg\",\"datePublished\":\"2024-09-17T10:39:58+00:00\",\"dateModified\":\"2024-09-17T12:17:35+00:00\",\"description\":\"\u00c0 la recherche des meilleures genouill\u00e8res? Nos genouill\u00e8res pro ergonomiques sont ultra-confortables et protectrices. Pour travailler toute la journ\u00e9e sans souffrir!\",\"breadcrumb\":{\"@id\":\"https:\/\/www.alucomfort.be\/product\/kniebescherming\/#breadcrumb\"},\"inLanguage\":\"fr-FR\",\"potentialAction\":[{\"@type\":\"ReadAction\",\"target\":[\"https:\/\/www.alucomfort.be\/product\/kniebescherming\/\"]}]},{\"@type\":\"ImageObject\",\"inLanguage\":\"fr-FR\",\"@id\":\"https:\/\/www.alucomfort.be\/product\/kniebescherming\/#primaryimage\",\"url\":\"https:\/\/www.alucomfort.be\/wp-content\/uploads\/genouilleres-pour-les-pros.jpg\",\"contentUrl\":\"https:\/\/www.alucomfort.be\/wp-content\/uploads\/genouilleres-pour-les-pros.jpg\",\"width\":1080,\"height\":1620,\"caption\":\"\u00c0 la recherche des meilleures genouill\u00e8res pour les pros? Nos genouill\u00e8res pro ergonomiques sont ultra-confortables et protectrices. Avec leur syst\u00e8me pivotant unique et leur ventilation, travaillez toute la journ\u00e9e sans souffrir.\"},{\"@type\":\"BreadcrumbList\",\"@id\":\"https:\/\/www.alucomfort.be\/product\/kniebescherming\/#breadcrumb\",\"itemListElement\":[{\"@type\":\"ListItem\",\"position\":1,\"name\":\"Home\",\"item\":\"https:\/\/www.alucomfort.be\/fr\/\"},{\"@type\":\"ListItem\",\"position\":2,\"name\":\"Producten\",\"item\":\"https:\/\/www.alucomfort.be\/producten\/\"},{\"@type\":\"ListItem\",\"position\":3,\"name\":\"Genouill\u00e8re articul\u00e9e\"}]},{\"@type\":\"WebSite\",\"@id\":\"https:\/\/www.alucomfort.be\/#website\",\"url\":\"https:\/\/www.alucomfort.be\/\",\"name\":\"Alu Comfort\",\"description\":\"\",\"potentialAction\":[{\"@type\":\"SearchAction\",\"target\":{\"@type\":\"EntryPoint\",\"urlTemplate\":\"https:\/\/www.alucomfort.be\/?s={search_term_string}\"},\"query-input\":{\"@type\":\"PropertyValueSpecification\",\"valueRequired\":true,\"valueName\":\"search_term_string\"}}],\"inLanguage\":\"fr-FR\"}]}<\/script>\n<!-- \/ Yoast SEO plugin. -->","yoast_head_json":{"title":"Genouill\u00e8re articul\u00e9es| Alu Comfort |","description":"\u00c0 la recherche des meilleures genouill\u00e8res? Nos genouill\u00e8res pro ergonomiques sont ultra-confortables et protectrices. Pour travailler toute la journ\u00e9e sans souffrir!","robots":{"index":"index","follow":"follow","max-snippet":"max-snippet:-1","max-image-preview":"max-image-preview:large","max-video-preview":"max-video-preview:-1"},"canonical":"https:\/\/www.alucomfort.be\/product\/kniebescherming\/","og_locale":"fr_FR","og_type":"article","og_title":"Genouill\u00e8re articul\u00e9es| Alu Comfort |","og_description":"\u00c0 la recherche des meilleures genouill\u00e8res? Nos genouill\u00e8res pro ergonomiques sont ultra-confortables et protectrices. Pour travailler toute la journ\u00e9e sans souffrir!","og_url":"https:\/\/www.alucomfort.be\/product\/kniebescherming\/","og_site_name":"Alu Comfort","article_modified_time":"2024-09-17T12:17:35+00:00","og_image":[{"width":1080,"height":1620,"url":"https:\/\/www.alucomfort.be\/wp-content\/uploads\/genouilleres-pour-les-pros.jpg","type":"image\/jpeg"}],"twitter_card":"summary_large_image","twitter_misc":{"Dur\u00e9e de lecture estim\u00e9e":"1 minute"},"schema":{"@context":"https:\/\/schema.org","@graph":[{"@type":"WebPage","@id":"https:\/\/www.alucomfort.be\/product\/kniebescherming\/","url":"https:\/\/www.alucomfort.be\/product\/kniebescherming\/","name":"Genouill\u00e8re articul\u00e9es| Alu Comfort |","isPartOf":{"@id":"https:\/\/www.alucomfort.be\/#website"},"primaryImageOfPage":{"@id":"https:\/\/www.alucomfort.be\/product\/kniebescherming\/#primaryimage"},"image":{"@id":"https:\/\/www.alucomfort.be\/product\/kniebescherming\/#primaryimage"},"thumbnailUrl":"https:\/\/www.alucomfort.be\/wp-content\/uploads\/genouilleres-pour-les-pros.jpg","datePublished":"2024-09-17T10:39:58+00:00","dateModified":"2024-09-17T12:17:35+00:00","description":"\u00c0 la recherche des meilleures genouill\u00e8res? Nos genouill\u00e8res pro ergonomiques sont ultra-confortables et protectrices. Pour travailler toute la journ\u00e9e sans souffrir!","breadcrumb":{"@id":"https:\/\/www.alucomfort.be\/product\/kniebescherming\/#breadcrumb"},"inLanguage":"fr-FR","potentialAction":[{"@type":"ReadAction","target":["https:\/\/www.alucomfort.be\/product\/kniebescherming\/"]}]},{"@type":"ImageObject","inLanguage":"fr-FR","@id":"https:\/\/www.alucomfort.be\/product\/kniebescherming\/#primaryimage","url":"https:\/\/www.alucomfort.be\/wp-content\/uploads\/genouilleres-pour-les-pros.jpg","contentUrl":"https:\/\/www.alucomfort.be\/wp-content\/uploads\/genouilleres-pour-les-pros.jpg","width":1080,"height":1620,"caption":"\u00c0 la recherche des meilleures genouill\u00e8res pour les pros? Nos genouill\u00e8res pro ergonomiques sont ultra-confortables et protectrices. Avec leur syst\u00e8me pivotant unique et leur ventilation, travaillez toute la journ\u00e9e sans souffrir."},{"@type":"BreadcrumbList","@id":"https:\/\/www.alucomfort.be\/product\/kniebescherming\/#breadcrumb","itemListElement":[{"@type":"ListItem","position":1,"name":"Home","item":"https:\/\/www.alucomfort.be\/fr\/"},{"@type":"ListItem","position":2,"name":"Producten","item":"https:\/\/www.alucomfort.be\/producten\/"},{"@type":"ListItem","position":3,"name":"Genouill\u00e8re articul\u00e9e"}]},{"@type":"WebSite","@id":"https:\/\/www.alucomfort.be\/#website","url":"https:\/\/www.alucomfort.be\/","name":"Alu Comfort","description":"","potentialAction":[{"@type":"SearchAction","target":{"@type":"EntryPoint","urlTemplate":"https:\/\/www.alucomfort.be\/?s={search_term_string}"},"query-input":{"@type":"PropertyValueSpecification","valueRequired":true,"valueName":"search_term_string"}}],"inLanguage":"fr-FR"}]}},"_links":{"self":[{"href":"https:\/\/www.alucomfort.be\/fr\/wp-json\/wp\/v2\/product\/221514","targetHints":{"allow":["GET"]}}],"collection":[{"href":"https:\/\/www.alucomfort.be\/fr\/wp-json\/wp\/v2\/product"}],"about":[{"href":"https:\/\/www.alucomfort.be\/fr\/wp-json\/wp\/v2\/types\/product"}],"wp:featuredmedia":[{"embeddable":true,"href":"https:\/\/www.alucomfort.be\/fr\/wp-json\/wp\/v2\/media\/221507"}],"wp:attachment":[{"href":"https:\/\/www.alucomfort.be\/fr\/wp-json\/wp\/v2\/media?parent=221514"}],"wp:term":[{"taxonomy":"product_brand","embeddable":true,"href":"https:\/\/www.alucomfort.be\/fr\/wp-json\/wp\/v2\/product_brand?post=221514"},{"taxonomy":"product_cat","embeddable":true,"href":"https:\/\/www.alucomfort.be\/fr\/wp-json\/wp\/v2\/product_cat?post=221514"},{"taxonomy":"product_tag","embeddable":true,"href":"https:\/\/www.alucomfort.be\/fr\/wp-json\/wp\/v2\/product_tag?post=221514"}],"curies":[{"name":"wp","href":"https:\/\/api.w.org\/{rel}","templated":true}]}}