

{"id":221678,"date":"2024-10-23T15:05:30","date_gmt":"2024-10-23T13:05:30","guid":{"rendered":"https:\/\/www.alucomfort.be\/product\/benne-a-beton-avec-vidage-lateral\/"},"modified":"2024-10-23T15:26:30","modified_gmt":"2024-10-23T13:26:30","slug":"benne-a-beton-avec-vidage-lateral","status":"publish","type":"product","link":"https:\/\/www.alucomfort.be\/fr\/product\/benne-a-beton-avec-vidage-lateral\/","title":{"rendered":"Benne \u00e0 b\u00e9ton avec vidage lat\u00e9ral"},"content":{"rendered":"<p>* Benne \u00e0 b\u00e9ton ouvrant \u00e0 trappe, * D\u00e9versement lat\u00e9ralet avec tuyau, * Avec un tuyau de 60 cm et diam\u00e8tre 200 mm (sur demande avec diam\u00e8tre 150 ou 300 mm), * Longueur du tube : 600 mm. Autres longueurs disponibles sur demande, * Ouverture par levier our par volant, * Tr\u00e8s robuste, * Avec cha\u00eene.<\/p>\n","protected":false},"excerpt":{"rendered":"<p>Benne \u00e0 tuyau \u00e0 d\u00e9versement lat\u00e9ral avec tuyau<\/p>\n","protected":false},"featured_media":221592,"template":"","meta":{"_acf_changed":false},"product_brand":[],"product_cat":[8817],"product_tag":[],"class_list":{"0":"post-221678","1":"product","2":"type-product","3":"status-publish","4":"has-post-thumbnail","6":"product_cat-benne-a-beton","8":"first","9":"outofstock","10":"taxable","11":"shipping-taxable","12":"purchasable","13":"product-type-variable"},"acf":[],"yoast_head":"<!-- This site is optimized with the Yoast SEO plugin v24.8.1 - https:\/\/yoast.com\/wordpress\/plugins\/seo\/ -->\n<title>Cufa \u00e0 b\u00e9ton| Alu Comfort | Sp\u00e9cialiste B2B<\/title>\n<meta name=\"description\" content=\"Bennes \u00e0 b\u00e9ton de toutes tailles et formes aux meilleurs prix ! Large choix, prix bas! Livraison rapide!\" \/>\n<meta name=\"robots\" content=\"index, follow, max-snippet:-1, max-image-preview:large, max-video-preview:-1\" \/>\n<link rel=\"canonical\" href=\"https:\/\/www.alucomfort.be\/product\/betonstortbak-met-zijlediging-en-buis\/\" \/>\n<meta property=\"og:locale\" content=\"fr_FR\" \/>\n<meta property=\"og:type\" content=\"article\" \/>\n<meta property=\"og:title\" content=\"Cufa \u00e0 b\u00e9ton| Alu Comfort | Sp\u00e9cialiste B2B\" \/>\n<meta property=\"og:description\" content=\"Bennes \u00e0 b\u00e9ton de toutes tailles et formes aux meilleurs prix ! Large choix, prix bas! Livraison rapide!\" \/>\n<meta property=\"og:url\" content=\"https:\/\/www.alucomfort.be\/product\/betonstortbak-met-zijlediging-en-buis\/\" \/>\n<meta property=\"og:site_name\" content=\"Alu Comfort\" \/>\n<meta property=\"article:modified_time\" content=\"2024-10-23T13:26:30+00:00\" \/>\n<meta property=\"og:image\" content=\"https:\/\/www.alucomfort.be\/wp-content\/uploads\/Benne-a-beton-avec-tuyau-Eichinger.jpg\" \/>\n\t<meta property=\"og:image:width\" content=\"450\" \/>\n\t<meta property=\"og:image:height\" content=\"450\" \/>\n\t<meta property=\"og:image:type\" content=\"image\/jpeg\" \/>\n<meta name=\"twitter:card\" content=\"summary_large_image\" \/>\n<script type=\"application\/ld+json\" class=\"yoast-schema-graph\">{\"@context\":\"https:\/\/schema.org\",\"@graph\":[{\"@type\":\"WebPage\",\"@id\":\"https:\/\/www.alucomfort.be\/product\/betonstortbak-met-zijlediging-en-buis\/\",\"url\":\"https:\/\/www.alucomfort.be\/product\/betonstortbak-met-zijlediging-en-buis\/\",\"name\":\"Cufa \u00e0 b\u00e9ton| Alu Comfort | Sp\u00e9cialiste B2B\",\"isPartOf\":{\"@id\":\"https:\/\/www.alucomfort.be\/#website\"},\"primaryImageOfPage\":{\"@id\":\"https:\/\/www.alucomfort.be\/product\/betonstortbak-met-zijlediging-en-buis\/#primaryimage\"},\"image\":{\"@id\":\"https:\/\/www.alucomfort.be\/product\/betonstortbak-met-zijlediging-en-buis\/#primaryimage\"},\"thumbnailUrl\":\"https:\/\/www.alucomfort.be\/wp-content\/uploads\/Benne-a-beton-avec-tuyau-Eichinger.jpg\",\"datePublished\":\"2024-10-23T13:05:30+00:00\",\"dateModified\":\"2024-10-23T13:26:30+00:00\",\"description\":\"Bennes \u00e0 b\u00e9ton de toutes tailles et formes aux meilleurs prix ! Large choix, prix bas! Livraison rapide!\",\"breadcrumb\":{\"@id\":\"https:\/\/www.alucomfort.be\/product\/betonstortbak-met-zijlediging-en-buis\/#breadcrumb\"},\"inLanguage\":\"fr-FR\",\"potentialAction\":[{\"@type\":\"ReadAction\",\"target\":[\"https:\/\/www.alucomfort.be\/product\/betonstortbak-met-zijlediging-en-buis\/\"]}]},{\"@type\":\"ImageObject\",\"inLanguage\":\"fr-FR\",\"@id\":\"https:\/\/www.alucomfort.be\/product\/betonstortbak-met-zijlediging-en-buis\/#primaryimage\",\"url\":\"https:\/\/www.alucomfort.be\/wp-content\/uploads\/Benne-a-beton-avec-tuyau-Eichinger.jpg\",\"contentUrl\":\"https:\/\/www.alucomfort.be\/wp-content\/uploads\/Benne-a-beton-avec-tuyau-Eichinger.jpg\",\"width\":450,\"height\":450,\"caption\":\"Benne-a-beton-avec-tuyau_Eichinger\"},{\"@type\":\"BreadcrumbList\",\"@id\":\"https:\/\/www.alucomfort.be\/product\/betonstortbak-met-zijlediging-en-buis\/#breadcrumb\",\"itemListElement\":[{\"@type\":\"ListItem\",\"position\":1,\"name\":\"Home\",\"item\":\"https:\/\/www.alucomfort.be\/fr\/\"},{\"@type\":\"ListItem\",\"position\":2,\"name\":\"Producten\",\"item\":\"https:\/\/www.alucomfort.be\/producten\/\"},{\"@type\":\"ListItem\",\"position\":3,\"name\":\"Benne \u00e0 b\u00e9ton avec vidage lat\u00e9ral\"}]},{\"@type\":\"WebSite\",\"@id\":\"https:\/\/www.alucomfort.be\/#website\",\"url\":\"https:\/\/www.alucomfort.be\/\",\"name\":\"Alu Comfort\",\"description\":\"\",\"potentialAction\":[{\"@type\":\"SearchAction\",\"target\":{\"@type\":\"EntryPoint\",\"urlTemplate\":\"https:\/\/www.alucomfort.be\/?s={search_term_string}\"},\"query-input\":{\"@type\":\"PropertyValueSpecification\",\"valueRequired\":true,\"valueName\":\"search_term_string\"}}],\"inLanguage\":\"fr-FR\"}]}<\/script>\n<!-- \/ Yoast SEO plugin. -->","yoast_head_json":{"title":"Cufa \u00e0 b\u00e9ton| Alu Comfort | Sp\u00e9cialiste B2B","description":"Bennes \u00e0 b\u00e9ton de toutes tailles et formes aux meilleurs prix ! Large choix, prix bas! Livraison rapide!","robots":{"index":"index","follow":"follow","max-snippet":"max-snippet:-1","max-image-preview":"max-image-preview:large","max-video-preview":"max-video-preview:-1"},"canonical":"https:\/\/www.alucomfort.be\/product\/betonstortbak-met-zijlediging-en-buis\/","og_locale":"fr_FR","og_type":"article","og_title":"Cufa \u00e0 b\u00e9ton| Alu Comfort | Sp\u00e9cialiste B2B","og_description":"Bennes \u00e0 b\u00e9ton de toutes tailles et formes aux meilleurs prix ! Large choix, prix bas! Livraison rapide!","og_url":"https:\/\/www.alucomfort.be\/product\/betonstortbak-met-zijlediging-en-buis\/","og_site_name":"Alu Comfort","article_modified_time":"2024-10-23T13:26:30+00:00","og_image":[{"width":450,"height":450,"url":"https:\/\/www.alucomfort.be\/wp-content\/uploads\/Benne-a-beton-avec-tuyau-Eichinger.jpg","type":"image\/jpeg"}],"twitter_card":"summary_large_image","schema":{"@context":"https:\/\/schema.org","@graph":[{"@type":"WebPage","@id":"https:\/\/www.alucomfort.be\/product\/betonstortbak-met-zijlediging-en-buis\/","url":"https:\/\/www.alucomfort.be\/product\/betonstortbak-met-zijlediging-en-buis\/","name":"Cufa \u00e0 b\u00e9ton| Alu Comfort | Sp\u00e9cialiste B2B","isPartOf":{"@id":"https:\/\/www.alucomfort.be\/#website"},"primaryImageOfPage":{"@id":"https:\/\/www.alucomfort.be\/product\/betonstortbak-met-zijlediging-en-buis\/#primaryimage"},"image":{"@id":"https:\/\/www.alucomfort.be\/product\/betonstortbak-met-zijlediging-en-buis\/#primaryimage"},"thumbnailUrl":"https:\/\/www.alucomfort.be\/wp-content\/uploads\/Benne-a-beton-avec-tuyau-Eichinger.jpg","datePublished":"2024-10-23T13:05:30+00:00","dateModified":"2024-10-23T13:26:30+00:00","description":"Bennes \u00e0 b\u00e9ton de toutes tailles et formes aux meilleurs prix ! Large choix, prix bas! Livraison rapide!","breadcrumb":{"@id":"https:\/\/www.alucomfort.be\/product\/betonstortbak-met-zijlediging-en-buis\/#breadcrumb"},"inLanguage":"fr-FR","potentialAction":[{"@type":"ReadAction","target":["https:\/\/www.alucomfort.be\/product\/betonstortbak-met-zijlediging-en-buis\/"]}]},{"@type":"ImageObject","inLanguage":"fr-FR","@id":"https:\/\/www.alucomfort.be\/product\/betonstortbak-met-zijlediging-en-buis\/#primaryimage","url":"https:\/\/www.alucomfort.be\/wp-content\/uploads\/Benne-a-beton-avec-tuyau-Eichinger.jpg","contentUrl":"https:\/\/www.alucomfort.be\/wp-content\/uploads\/Benne-a-beton-avec-tuyau-Eichinger.jpg","width":450,"height":450,"caption":"Benne-a-beton-avec-tuyau_Eichinger"},{"@type":"BreadcrumbList","@id":"https:\/\/www.alucomfort.be\/product\/betonstortbak-met-zijlediging-en-buis\/#breadcrumb","itemListElement":[{"@type":"ListItem","position":1,"name":"Home","item":"https:\/\/www.alucomfort.be\/fr\/"},{"@type":"ListItem","position":2,"name":"Producten","item":"https:\/\/www.alucomfort.be\/producten\/"},{"@type":"ListItem","position":3,"name":"Benne \u00e0 b\u00e9ton avec vidage lat\u00e9ral"}]},{"@type":"WebSite","@id":"https:\/\/www.alucomfort.be\/#website","url":"https:\/\/www.alucomfort.be\/","name":"Alu Comfort","description":"","potentialAction":[{"@type":"SearchAction","target":{"@type":"EntryPoint","urlTemplate":"https:\/\/www.alucomfort.be\/?s={search_term_string}"},"query-input":{"@type":"PropertyValueSpecification","valueRequired":true,"valueName":"search_term_string"}}],"inLanguage":"fr-FR"}]}},"_links":{"self":[{"href":"https:\/\/www.alucomfort.be\/fr\/wp-json\/wp\/v2\/product\/221678","targetHints":{"allow":["GET"]}}],"collection":[{"href":"https:\/\/www.alucomfort.be\/fr\/wp-json\/wp\/v2\/product"}],"about":[{"href":"https:\/\/www.alucomfort.be\/fr\/wp-json\/wp\/v2\/types\/product"}],"wp:featuredmedia":[{"embeddable":true,"href":"https:\/\/www.alucomfort.be\/fr\/wp-json\/wp\/v2\/media\/221592"}],"wp:attachment":[{"href":"https:\/\/www.alucomfort.be\/fr\/wp-json\/wp\/v2\/media?parent=221678"}],"wp:term":[{"taxonomy":"product_brand","embeddable":true,"href":"https:\/\/www.alucomfort.be\/fr\/wp-json\/wp\/v2\/product_brand?post=221678"},{"taxonomy":"product_cat","embeddable":true,"href":"https:\/\/www.alucomfort.be\/fr\/wp-json\/wp\/v2\/product_cat?post=221678"},{"taxonomy":"product_tag","embeddable":true,"href":"https:\/\/www.alucomfort.be\/fr\/wp-json\/wp\/v2\/product_tag?post=221678"}],"curies":[{"name":"wp","href":"https:\/\/api.w.org\/{rel}","templated":true}]}}