

{"id":222051,"date":"2024-11-09T21:30:34","date_gmt":"2024-11-09T19:30:34","guid":{"rendered":"https:\/\/www.alucomfort.be\/product\/echelle-simple-isolante-en-fibre-prfv\/"},"modified":"2025-11-23T23:58:26","modified_gmt":"2025-11-23T21:58:26","slug":"echelle-simple-isolante-en-fibre-prfv","status":"publish","type":"product","link":"https:\/\/www.alucomfort.be\/fr\/product\/echelle-simple-isolante-en-fibre-prfv\/","title":{"rendered":"Echelle simple isolante en fibre PRFV"},"content":{"rendered":"<p>* Echelle isolante recommand\u00e9e pour entretiens ou installations \u00e9lectrique, * Echelons en alu, * \u00e0 partir de 10 marches avec une traverse, *  Montants en fibre de verre, * Conforme aux normes DIN EN 131 en EN 61478 (1 &#8211; 1000 Volt), * Sur demande, des \u00e9chelles en fibre de verre \u00e0 100% (marches + montants) sont \u00e9galement possibles. Contactez-nous.<\/p>\n","protected":false},"excerpt":{"rendered":"<p>Echelle isolante recommand\u00e9e pour entretiens ou installations \u00e9lectrique<\/p>\n","protected":false},"featured_media":219914,"template":"","meta":{"_acf_changed":false},"product_brand":[],"product_cat":[9523],"product_tag":[],"class_list":{"0":"post-222051","1":"product","2":"type-product","3":"status-publish","4":"has-post-thumbnail","6":"product_cat-echelles-isolantes-en-fibre","8":"first","9":"outofstock","10":"taxable","11":"shipping-taxable","12":"purchasable","13":"product-type-variable"},"acf":[],"yoast_head":"<!-- This site is optimized with the Yoast SEO plugin v24.8.1 - https:\/\/yoast.com\/wordpress\/plugins\/seo\/ -->\n<title>Echelles isolantes PRFV | Alu Comfort | En fibre de verre<\/title>\n<meta name=\"description\" content=\"\u00c9chelle en plastique en fibre de verre renforc\u00e9e. Sp\u00e9cialement con\u00e7ue pour l&#039;industrie \u00e9lectrique, chimique et alimentaire. Contactez-nous d\u00e8s maintenant !\" \/>\n<meta name=\"robots\" content=\"index, follow, max-snippet:-1, max-image-preview:large, max-video-preview:-1\" \/>\n<link rel=\"canonical\" href=\"https:\/\/www.alucomfort.be\/product\/enkele-isolerende-ladder\/\" \/>\n<meta property=\"og:locale\" content=\"fr_FR\" \/>\n<meta property=\"og:type\" content=\"article\" \/>\n<meta property=\"og:title\" content=\"Echelles isolantes PRFV | Alu Comfort | En fibre de verre\" \/>\n<meta property=\"og:description\" content=\"\u00c9chelle en plastique en fibre de verre renforc\u00e9e. Sp\u00e9cialement con\u00e7ue pour l&#039;industrie \u00e9lectrique, chimique et alimentaire. Contactez-nous d\u00e8s maintenant !\" \/>\n<meta property=\"og:url\" content=\"https:\/\/www.alucomfort.be\/product\/enkele-isolerende-ladder\/\" \/>\n<meta property=\"og:site_name\" content=\"Alu Comfort\" \/>\n<meta property=\"article:modified_time\" content=\"2025-11-23T21:58:26+00:00\" \/>\n<meta property=\"og:image\" content=\"https:\/\/www.alucomfort.be\/wp-content\/uploads\/Kunstof-GVK-Ladder.jpg\" \/>\n\t<meta property=\"og:image:width\" content=\"853\" \/>\n\t<meta property=\"og:image:height\" content=\"1280\" \/>\n\t<meta property=\"og:image:type\" content=\"image\/jpeg\" \/>\n<meta name=\"twitter:card\" content=\"summary_large_image\" \/>\n<script type=\"application\/ld+json\" class=\"yoast-schema-graph\">{\"@context\":\"https:\/\/schema.org\",\"@graph\":[{\"@type\":\"WebPage\",\"@id\":\"https:\/\/www.alucomfort.be\/product\/enkele-isolerende-ladder\/\",\"url\":\"https:\/\/www.alucomfort.be\/product\/enkele-isolerende-ladder\/\",\"name\":\"Echelles isolantes PRFV | Alu Comfort | En fibre de verre\",\"isPartOf\":{\"@id\":\"https:\/\/www.alucomfort.be\/#website\"},\"primaryImageOfPage\":{\"@id\":\"https:\/\/www.alucomfort.be\/product\/enkele-isolerende-ladder\/#primaryimage\"},\"image\":{\"@id\":\"https:\/\/www.alucomfort.be\/product\/enkele-isolerende-ladder\/#primaryimage\"},\"thumbnailUrl\":\"https:\/\/www.alucomfort.be\/wp-content\/uploads\/Kunstof-GVK-Ladder.jpg\",\"datePublished\":\"2024-11-09T19:30:34+00:00\",\"dateModified\":\"2025-11-23T21:58:26+00:00\",\"description\":\"\u00c9chelle en plastique en fibre de verre renforc\u00e9e. Sp\u00e9cialement con\u00e7ue pour l'industrie \u00e9lectrique, chimique et alimentaire. Contactez-nous d\u00e8s maintenant !\",\"breadcrumb\":{\"@id\":\"https:\/\/www.alucomfort.be\/product\/enkele-isolerende-ladder\/#breadcrumb\"},\"inLanguage\":\"fr-FR\",\"potentialAction\":[{\"@type\":\"ReadAction\",\"target\":[\"https:\/\/www.alucomfort.be\/product\/enkele-isolerende-ladder\/\"]}]},{\"@type\":\"ImageObject\",\"inLanguage\":\"fr-FR\",\"@id\":\"https:\/\/www.alucomfort.be\/product\/enkele-isolerende-ladder\/#primaryimage\",\"url\":\"https:\/\/www.alucomfort.be\/wp-content\/uploads\/Kunstof-GVK-Ladder.jpg\",\"contentUrl\":\"https:\/\/www.alucomfort.be\/wp-content\/uploads\/Kunstof-GVK-Ladder.jpg\",\"width\":853,\"height\":1280,\"caption\":\"Kunstof GVK Ladder\"},{\"@type\":\"BreadcrumbList\",\"@id\":\"https:\/\/www.alucomfort.be\/product\/enkele-isolerende-ladder\/#breadcrumb\",\"itemListElement\":[{\"@type\":\"ListItem\",\"position\":1,\"name\":\"Home\",\"item\":\"https:\/\/www.alucomfort.be\/fr\/\"},{\"@type\":\"ListItem\",\"position\":2,\"name\":\"Producten\",\"item\":\"https:\/\/www.alucomfort.be\/producten\/\"},{\"@type\":\"ListItem\",\"position\":3,\"name\":\"Echelle simple isolante en fibre PRFV\"}]},{\"@type\":\"WebSite\",\"@id\":\"https:\/\/www.alucomfort.be\/#website\",\"url\":\"https:\/\/www.alucomfort.be\/\",\"name\":\"Alu Comfort\",\"description\":\"\",\"potentialAction\":[{\"@type\":\"SearchAction\",\"target\":{\"@type\":\"EntryPoint\",\"urlTemplate\":\"https:\/\/www.alucomfort.be\/?s={search_term_string}\"},\"query-input\":{\"@type\":\"PropertyValueSpecification\",\"valueRequired\":true,\"valueName\":\"search_term_string\"}}],\"inLanguage\":\"fr-FR\"}]}<\/script>\n<!-- \/ Yoast SEO plugin. -->","yoast_head_json":{"title":"Echelles isolantes PRFV | Alu Comfort | En fibre de verre","description":"\u00c9chelle en plastique en fibre de verre renforc\u00e9e. Sp\u00e9cialement con\u00e7ue pour l'industrie \u00e9lectrique, chimique et alimentaire. Contactez-nous d\u00e8s maintenant !","robots":{"index":"index","follow":"follow","max-snippet":"max-snippet:-1","max-image-preview":"max-image-preview:large","max-video-preview":"max-video-preview:-1"},"canonical":"https:\/\/www.alucomfort.be\/product\/enkele-isolerende-ladder\/","og_locale":"fr_FR","og_type":"article","og_title":"Echelles isolantes PRFV | Alu Comfort | En fibre de verre","og_description":"\u00c9chelle en plastique en fibre de verre renforc\u00e9e. Sp\u00e9cialement con\u00e7ue pour l'industrie \u00e9lectrique, chimique et alimentaire. Contactez-nous d\u00e8s maintenant !","og_url":"https:\/\/www.alucomfort.be\/product\/enkele-isolerende-ladder\/","og_site_name":"Alu Comfort","article_modified_time":"2025-11-23T21:58:26+00:00","og_image":[{"width":853,"height":1280,"url":"https:\/\/www.alucomfort.be\/wp-content\/uploads\/Kunstof-GVK-Ladder.jpg","type":"image\/jpeg"}],"twitter_card":"summary_large_image","schema":{"@context":"https:\/\/schema.org","@graph":[{"@type":"WebPage","@id":"https:\/\/www.alucomfort.be\/product\/enkele-isolerende-ladder\/","url":"https:\/\/www.alucomfort.be\/product\/enkele-isolerende-ladder\/","name":"Echelles isolantes PRFV | Alu Comfort | En fibre de verre","isPartOf":{"@id":"https:\/\/www.alucomfort.be\/#website"},"primaryImageOfPage":{"@id":"https:\/\/www.alucomfort.be\/product\/enkele-isolerende-ladder\/#primaryimage"},"image":{"@id":"https:\/\/www.alucomfort.be\/product\/enkele-isolerende-ladder\/#primaryimage"},"thumbnailUrl":"https:\/\/www.alucomfort.be\/wp-content\/uploads\/Kunstof-GVK-Ladder.jpg","datePublished":"2024-11-09T19:30:34+00:00","dateModified":"2025-11-23T21:58:26+00:00","description":"\u00c9chelle en plastique en fibre de verre renforc\u00e9e. Sp\u00e9cialement con\u00e7ue pour l'industrie \u00e9lectrique, chimique et alimentaire. Contactez-nous d\u00e8s maintenant !","breadcrumb":{"@id":"https:\/\/www.alucomfort.be\/product\/enkele-isolerende-ladder\/#breadcrumb"},"inLanguage":"fr-FR","potentialAction":[{"@type":"ReadAction","target":["https:\/\/www.alucomfort.be\/product\/enkele-isolerende-ladder\/"]}]},{"@type":"ImageObject","inLanguage":"fr-FR","@id":"https:\/\/www.alucomfort.be\/product\/enkele-isolerende-ladder\/#primaryimage","url":"https:\/\/www.alucomfort.be\/wp-content\/uploads\/Kunstof-GVK-Ladder.jpg","contentUrl":"https:\/\/www.alucomfort.be\/wp-content\/uploads\/Kunstof-GVK-Ladder.jpg","width":853,"height":1280,"caption":"Kunstof GVK Ladder"},{"@type":"BreadcrumbList","@id":"https:\/\/www.alucomfort.be\/product\/enkele-isolerende-ladder\/#breadcrumb","itemListElement":[{"@type":"ListItem","position":1,"name":"Home","item":"https:\/\/www.alucomfort.be\/fr\/"},{"@type":"ListItem","position":2,"name":"Producten","item":"https:\/\/www.alucomfort.be\/producten\/"},{"@type":"ListItem","position":3,"name":"Echelle simple isolante en fibre PRFV"}]},{"@type":"WebSite","@id":"https:\/\/www.alucomfort.be\/#website","url":"https:\/\/www.alucomfort.be\/","name":"Alu Comfort","description":"","potentialAction":[{"@type":"SearchAction","target":{"@type":"EntryPoint","urlTemplate":"https:\/\/www.alucomfort.be\/?s={search_term_string}"},"query-input":{"@type":"PropertyValueSpecification","valueRequired":true,"valueName":"search_term_string"}}],"inLanguage":"fr-FR"}]}},"_links":{"self":[{"href":"https:\/\/www.alucomfort.be\/fr\/wp-json\/wp\/v2\/product\/222051","targetHints":{"allow":["GET"]}}],"collection":[{"href":"https:\/\/www.alucomfort.be\/fr\/wp-json\/wp\/v2\/product"}],"about":[{"href":"https:\/\/www.alucomfort.be\/fr\/wp-json\/wp\/v2\/types\/product"}],"wp:featuredmedia":[{"embeddable":true,"href":"https:\/\/www.alucomfort.be\/fr\/wp-json\/wp\/v2\/media\/219914"}],"wp:attachment":[{"href":"https:\/\/www.alucomfort.be\/fr\/wp-json\/wp\/v2\/media?parent=222051"}],"wp:term":[{"taxonomy":"product_brand","embeddable":true,"href":"https:\/\/www.alucomfort.be\/fr\/wp-json\/wp\/v2\/product_brand?post=222051"},{"taxonomy":"product_cat","embeddable":true,"href":"https:\/\/www.alucomfort.be\/fr\/wp-json\/wp\/v2\/product_cat?post=222051"},{"taxonomy":"product_tag","embeddable":true,"href":"https:\/\/www.alucomfort.be\/fr\/wp-json\/wp\/v2\/product_tag?post=222051"}],"curies":[{"name":"wp","href":"https:\/\/api.w.org\/{rel}","templated":true}]}}