

{"id":222055,"date":"2024-11-09T21:31:00","date_gmt":"2024-11-09T19:31:00","guid":{"rendered":"https:\/\/www.alucomfort.be\/product\/escabeau-isolant-100-en-fibre-de-verre\/"},"modified":"2025-11-23T23:58:44","modified_gmt":"2025-11-23T21:58:44","slug":"escabeau-isolant-100-en-fibre-de-verre","status":"publish","type":"product","link":"https:\/\/www.alucomfort.be\/fr\/product\/escabeau-isolant-100-en-fibre-de-verre\/","title":{"rendered":"Escabeau isolant (100% en fibre de verre)"},"content":{"rendered":"<p>* Escabeau double tr\u00e8s robuste et stable, * Compos\u00e9e de fibre de verre assurant isolation \u00e9lectrique et l\u00e9g\u00e8ret\u00e9 de l&rsquo;\u00e9chelle, * Sp\u00e9cialement con\u00e7u pour l&rsquo;industrie \u00e9lectrique, chimique ou alimentaire, * Montants et \u00e9chelons en fibre de verre, * Conforme aux normes EN 131 en EN 61478 (de 1 \u00e0 28 000 Volts).<\/p>\n","protected":false},"excerpt":{"rendered":"<p>Compos\u00e9e de fibre de verre assurant isolation \u00e9lectrique et l\u00e9g\u00e8ret\u00e9 de l&rsquo;\u00e9chelle<\/p>\n","protected":false},"featured_media":219902,"template":"","meta":{"_acf_changed":false},"product_brand":[],"product_cat":[9523],"product_tag":[],"class_list":{"0":"post-222055","1":"product","2":"type-product","3":"status-publish","4":"has-post-thumbnail","6":"product_cat-echelles-isolantes-en-fibre","8":"first","9":"outofstock","10":"taxable","11":"shipping-taxable","12":"purchasable","13":"product-type-variable"},"acf":[],"yoast_head":"<!-- This site is optimized with the Yoast SEO plugin v24.8.1 - https:\/\/yoast.com\/wordpress\/plugins\/seo\/ -->\n<title>escabeaux isolantes PRFV | Alu Comfort | En fibre de verre<\/title>\n<meta name=\"description\" content=\"\u00c9scabeau en fibre de verre renforc\u00e9e. Sp\u00e9cialement con\u00e7ue pour l&#039;industrie \u00e9lectrique, chimique et alimentaire. Contactez-nous d\u00e8s maintenant !\" \/>\n<meta name=\"robots\" content=\"index, follow, max-snippet:-1, max-image-preview:large, max-video-preview:-1\" \/>\n<link rel=\"canonical\" href=\"https:\/\/www.alucomfort.be\/product\/isolerende-trapladder-uit-100-glasvezel-versterke-kunststof\/\" \/>\n<meta property=\"og:locale\" content=\"fr_FR\" \/>\n<meta property=\"og:type\" content=\"article\" \/>\n<meta property=\"og:title\" content=\"escabeaux isolantes PRFV | Alu Comfort | En fibre de verre\" \/>\n<meta property=\"og:description\" content=\"\u00c9scabeau en fibre de verre renforc\u00e9e. Sp\u00e9cialement con\u00e7ue pour l&#039;industrie \u00e9lectrique, chimique et alimentaire. Contactez-nous d\u00e8s maintenant !\" \/>\n<meta property=\"og:url\" content=\"https:\/\/www.alucomfort.be\/product\/isolerende-trapladder-uit-100-glasvezel-versterke-kunststof\/\" \/>\n<meta property=\"og:site_name\" content=\"Alu Comfort\" \/>\n<meta property=\"article:modified_time\" content=\"2025-11-23T21:58:44+00:00\" \/>\n<meta property=\"og:image\" content=\"https:\/\/www.alucomfort.be\/wp-content\/uploads\/Echelle-en-plastique-renforce-de-fibres-de-verre.jpg\" \/>\n\t<meta property=\"og:image:width\" content=\"786\" \/>\n\t<meta property=\"og:image:height\" content=\"1280\" \/>\n\t<meta property=\"og:image:type\" content=\"image\/jpeg\" \/>\n<meta name=\"twitter:card\" content=\"summary_large_image\" \/>\n<script type=\"application\/ld+json\" class=\"yoast-schema-graph\">{\"@context\":\"https:\/\/schema.org\",\"@graph\":[{\"@type\":\"WebPage\",\"@id\":\"https:\/\/www.alucomfort.be\/product\/isolerende-trapladder-uit-100-glasvezel-versterke-kunststof\/\",\"url\":\"https:\/\/www.alucomfort.be\/product\/isolerende-trapladder-uit-100-glasvezel-versterke-kunststof\/\",\"name\":\"escabeaux isolantes PRFV | Alu Comfort | En fibre de verre\",\"isPartOf\":{\"@id\":\"https:\/\/www.alucomfort.be\/#website\"},\"primaryImageOfPage\":{\"@id\":\"https:\/\/www.alucomfort.be\/product\/isolerende-trapladder-uit-100-glasvezel-versterke-kunststof\/#primaryimage\"},\"image\":{\"@id\":\"https:\/\/www.alucomfort.be\/product\/isolerende-trapladder-uit-100-glasvezel-versterke-kunststof\/#primaryimage\"},\"thumbnailUrl\":\"https:\/\/www.alucomfort.be\/wp-content\/uploads\/Echelle-en-plastique-renforce-de-fibres-de-verre.jpg\",\"datePublished\":\"2024-11-09T19:31:00+00:00\",\"dateModified\":\"2025-11-23T21:58:44+00:00\",\"description\":\"\u00c9scabeau en fibre de verre renforc\u00e9e. Sp\u00e9cialement con\u00e7ue pour l'industrie \u00e9lectrique, chimique et alimentaire. Contactez-nous d\u00e8s maintenant !\",\"breadcrumb\":{\"@id\":\"https:\/\/www.alucomfort.be\/product\/isolerende-trapladder-uit-100-glasvezel-versterke-kunststof\/#breadcrumb\"},\"inLanguage\":\"fr-FR\",\"potentialAction\":[{\"@type\":\"ReadAction\",\"target\":[\"https:\/\/www.alucomfort.be\/product\/isolerende-trapladder-uit-100-glasvezel-versterke-kunststof\/\"]}]},{\"@type\":\"ImageObject\",\"inLanguage\":\"fr-FR\",\"@id\":\"https:\/\/www.alucomfort.be\/product\/isolerende-trapladder-uit-100-glasvezel-versterke-kunststof\/#primaryimage\",\"url\":\"https:\/\/www.alucomfort.be\/wp-content\/uploads\/Echelle-en-plastique-renforce-de-fibres-de-verre.jpg\",\"contentUrl\":\"https:\/\/www.alucomfort.be\/wp-content\/uploads\/Echelle-en-plastique-renforce-de-fibres-de-verre.jpg\",\"width\":786,\"height\":1280,\"caption\":\"Echelle en plastique renforc\u00e9 de fibres de verre\"},{\"@type\":\"BreadcrumbList\",\"@id\":\"https:\/\/www.alucomfort.be\/product\/isolerende-trapladder-uit-100-glasvezel-versterke-kunststof\/#breadcrumb\",\"itemListElement\":[{\"@type\":\"ListItem\",\"position\":1,\"name\":\"Home\",\"item\":\"https:\/\/www.alucomfort.be\/fr\/\"},{\"@type\":\"ListItem\",\"position\":2,\"name\":\"Producten\",\"item\":\"https:\/\/www.alucomfort.be\/producten\/\"},{\"@type\":\"ListItem\",\"position\":3,\"name\":\"Escabeau isolant (100% en fibre de verre)\"}]},{\"@type\":\"WebSite\",\"@id\":\"https:\/\/www.alucomfort.be\/#website\",\"url\":\"https:\/\/www.alucomfort.be\/\",\"name\":\"Alu Comfort\",\"description\":\"\",\"potentialAction\":[{\"@type\":\"SearchAction\",\"target\":{\"@type\":\"EntryPoint\",\"urlTemplate\":\"https:\/\/www.alucomfort.be\/?s={search_term_string}\"},\"query-input\":{\"@type\":\"PropertyValueSpecification\",\"valueRequired\":true,\"valueName\":\"search_term_string\"}}],\"inLanguage\":\"fr-FR\"}]}<\/script>\n<!-- \/ Yoast SEO plugin. -->","yoast_head_json":{"title":"escabeaux isolantes PRFV | Alu Comfort | En fibre de verre","description":"\u00c9scabeau en fibre de verre renforc\u00e9e. Sp\u00e9cialement con\u00e7ue pour l'industrie \u00e9lectrique, chimique et alimentaire. Contactez-nous d\u00e8s maintenant !","robots":{"index":"index","follow":"follow","max-snippet":"max-snippet:-1","max-image-preview":"max-image-preview:large","max-video-preview":"max-video-preview:-1"},"canonical":"https:\/\/www.alucomfort.be\/product\/isolerende-trapladder-uit-100-glasvezel-versterke-kunststof\/","og_locale":"fr_FR","og_type":"article","og_title":"escabeaux isolantes PRFV | Alu Comfort | En fibre de verre","og_description":"\u00c9scabeau en fibre de verre renforc\u00e9e. Sp\u00e9cialement con\u00e7ue pour l'industrie \u00e9lectrique, chimique et alimentaire. Contactez-nous d\u00e8s maintenant !","og_url":"https:\/\/www.alucomfort.be\/product\/isolerende-trapladder-uit-100-glasvezel-versterke-kunststof\/","og_site_name":"Alu Comfort","article_modified_time":"2025-11-23T21:58:44+00:00","og_image":[{"width":786,"height":1280,"url":"https:\/\/www.alucomfort.be\/wp-content\/uploads\/Echelle-en-plastique-renforce-de-fibres-de-verre.jpg","type":"image\/jpeg"}],"twitter_card":"summary_large_image","schema":{"@context":"https:\/\/schema.org","@graph":[{"@type":"WebPage","@id":"https:\/\/www.alucomfort.be\/product\/isolerende-trapladder-uit-100-glasvezel-versterke-kunststof\/","url":"https:\/\/www.alucomfort.be\/product\/isolerende-trapladder-uit-100-glasvezel-versterke-kunststof\/","name":"escabeaux isolantes PRFV | Alu Comfort | En fibre de verre","isPartOf":{"@id":"https:\/\/www.alucomfort.be\/#website"},"primaryImageOfPage":{"@id":"https:\/\/www.alucomfort.be\/product\/isolerende-trapladder-uit-100-glasvezel-versterke-kunststof\/#primaryimage"},"image":{"@id":"https:\/\/www.alucomfort.be\/product\/isolerende-trapladder-uit-100-glasvezel-versterke-kunststof\/#primaryimage"},"thumbnailUrl":"https:\/\/www.alucomfort.be\/wp-content\/uploads\/Echelle-en-plastique-renforce-de-fibres-de-verre.jpg","datePublished":"2024-11-09T19:31:00+00:00","dateModified":"2025-11-23T21:58:44+00:00","description":"\u00c9scabeau en fibre de verre renforc\u00e9e. Sp\u00e9cialement con\u00e7ue pour l'industrie \u00e9lectrique, chimique et alimentaire. Contactez-nous d\u00e8s maintenant !","breadcrumb":{"@id":"https:\/\/www.alucomfort.be\/product\/isolerende-trapladder-uit-100-glasvezel-versterke-kunststof\/#breadcrumb"},"inLanguage":"fr-FR","potentialAction":[{"@type":"ReadAction","target":["https:\/\/www.alucomfort.be\/product\/isolerende-trapladder-uit-100-glasvezel-versterke-kunststof\/"]}]},{"@type":"ImageObject","inLanguage":"fr-FR","@id":"https:\/\/www.alucomfort.be\/product\/isolerende-trapladder-uit-100-glasvezel-versterke-kunststof\/#primaryimage","url":"https:\/\/www.alucomfort.be\/wp-content\/uploads\/Echelle-en-plastique-renforce-de-fibres-de-verre.jpg","contentUrl":"https:\/\/www.alucomfort.be\/wp-content\/uploads\/Echelle-en-plastique-renforce-de-fibres-de-verre.jpg","width":786,"height":1280,"caption":"Echelle en plastique renforc\u00e9 de fibres de verre"},{"@type":"BreadcrumbList","@id":"https:\/\/www.alucomfort.be\/product\/isolerende-trapladder-uit-100-glasvezel-versterke-kunststof\/#breadcrumb","itemListElement":[{"@type":"ListItem","position":1,"name":"Home","item":"https:\/\/www.alucomfort.be\/fr\/"},{"@type":"ListItem","position":2,"name":"Producten","item":"https:\/\/www.alucomfort.be\/producten\/"},{"@type":"ListItem","position":3,"name":"Escabeau isolant (100% en fibre de verre)"}]},{"@type":"WebSite","@id":"https:\/\/www.alucomfort.be\/#website","url":"https:\/\/www.alucomfort.be\/","name":"Alu Comfort","description":"","potentialAction":[{"@type":"SearchAction","target":{"@type":"EntryPoint","urlTemplate":"https:\/\/www.alucomfort.be\/?s={search_term_string}"},"query-input":{"@type":"PropertyValueSpecification","valueRequired":true,"valueName":"search_term_string"}}],"inLanguage":"fr-FR"}]}},"_links":{"self":[{"href":"https:\/\/www.alucomfort.be\/fr\/wp-json\/wp\/v2\/product\/222055","targetHints":{"allow":["GET"]}}],"collection":[{"href":"https:\/\/www.alucomfort.be\/fr\/wp-json\/wp\/v2\/product"}],"about":[{"href":"https:\/\/www.alucomfort.be\/fr\/wp-json\/wp\/v2\/types\/product"}],"wp:featuredmedia":[{"embeddable":true,"href":"https:\/\/www.alucomfort.be\/fr\/wp-json\/wp\/v2\/media\/219902"}],"wp:attachment":[{"href":"https:\/\/www.alucomfort.be\/fr\/wp-json\/wp\/v2\/media?parent=222055"}],"wp:term":[{"taxonomy":"product_brand","embeddable":true,"href":"https:\/\/www.alucomfort.be\/fr\/wp-json\/wp\/v2\/product_brand?post=222055"},{"taxonomy":"product_cat","embeddable":true,"href":"https:\/\/www.alucomfort.be\/fr\/wp-json\/wp\/v2\/product_cat?post=222055"},{"taxonomy":"product_tag","embeddable":true,"href":"https:\/\/www.alucomfort.be\/fr\/wp-json\/wp\/v2\/product_tag?post=222055"}],"curies":[{"name":"wp","href":"https:\/\/api.w.org\/{rel}","templated":true}]}}