

{"id":222057,"date":"2024-11-09T21:31:17","date_gmt":"2024-11-09T19:31:17","guid":{"rendered":"https:\/\/www.alucomfort.be\/product\/escabeau-isolant\/"},"modified":"2025-11-23T23:58:53","modified_gmt":"2025-11-23T21:58:53","slug":"escabeau-isolant","status":"publish","type":"product","link":"https:\/\/www.alucomfort.be\/fr\/product\/escabeau-isolant\/","title":{"rendered":"Escabeau isolant"},"content":{"rendered":"<p>* Escabeau double tr\u00e8s robuste et stable, * Marches alu stri\u00e9 antid\u00e9rapantes, * Montants en fibre de verre. Isolation contre les basses et moyennes tensions \u00e9lectriques (de 1 \u00e0 1 000 volts), * Conforme aux normes EN 131 et EN 61478.<\/p>\n","protected":false},"excerpt":{"rendered":"<p>Escabeau isolant double tr\u00e8s robuste et stabl<\/p>\n","protected":false},"featured_media":219898,"template":"","meta":{"_acf_changed":false},"product_brand":[],"product_cat":[9523],"product_tag":[],"class_list":{"0":"post-222057","1":"product","2":"type-product","3":"status-publish","4":"has-post-thumbnail","6":"product_cat-echelles-isolantes-en-fibre","8":"first","9":"outofstock","10":"taxable","11":"shipping-taxable","12":"purchasable","13":"product-type-variable"},"acf":[],"yoast_head":"<!-- This site is optimized with the Yoast SEO plugin v24.8.1 - https:\/\/yoast.com\/wordpress\/plugins\/seo\/ -->\n<title>Escabeaux isolantes en fibre | Alu Comfort | En fibre de verre<\/title>\n<meta name=\"description\" content=\"\u00c9chelle en plastique en fibre de verre renforc\u00e9e. Sp\u00e9cialement con\u00e7ue pour l&#039;industrie \u00e9lectrique, chimique et alimentaire. R\u00e9sistant \u00e0 la corrosion et sans entretien. Contactez-nous maintenant.\" \/>\n<meta name=\"robots\" content=\"index, follow, max-snippet:-1, max-image-preview:large, max-video-preview:-1\" \/>\n<link rel=\"canonical\" href=\"https:\/\/www.alucomfort.be\/product\/isolerende-trapladder\/\" \/>\n<meta property=\"og:locale\" content=\"fr_FR\" \/>\n<meta property=\"og:type\" content=\"article\" \/>\n<meta property=\"og:title\" content=\"Escabeaux isolantes en fibre | Alu Comfort | En fibre de verre\" \/>\n<meta property=\"og:description\" content=\"\u00c9chelle en plastique en fibre de verre renforc\u00e9e. Sp\u00e9cialement con\u00e7ue pour l&#039;industrie \u00e9lectrique, chimique et alimentaire. R\u00e9sistant \u00e0 la corrosion et sans entretien. Contactez-nous maintenant.\" \/>\n<meta property=\"og:url\" content=\"https:\/\/www.alucomfort.be\/product\/isolerende-trapladder\/\" \/>\n<meta property=\"og:site_name\" content=\"Alu Comfort\" \/>\n<meta property=\"article:modified_time\" content=\"2025-11-23T21:58:53+00:00\" \/>\n<meta property=\"og:image\" content=\"https:\/\/www.alucomfort.be\/wp-content\/uploads\/Echelle-en-fibre-de-verre-en-PRFV-1.jpg\" \/>\n\t<meta property=\"og:image:width\" content=\"948\" \/>\n\t<meta property=\"og:image:height\" content=\"1280\" \/>\n\t<meta property=\"og:image:type\" content=\"image\/jpeg\" \/>\n<meta name=\"twitter:card\" content=\"summary_large_image\" \/>\n<script type=\"application\/ld+json\" class=\"yoast-schema-graph\">{\"@context\":\"https:\/\/schema.org\",\"@graph\":[{\"@type\":\"WebPage\",\"@id\":\"https:\/\/www.alucomfort.be\/product\/isolerende-trapladder\/\",\"url\":\"https:\/\/www.alucomfort.be\/product\/isolerende-trapladder\/\",\"name\":\"Escabeaux isolantes en fibre | Alu Comfort | En fibre de verre\",\"isPartOf\":{\"@id\":\"https:\/\/www.alucomfort.be\/#website\"},\"primaryImageOfPage\":{\"@id\":\"https:\/\/www.alucomfort.be\/product\/isolerende-trapladder\/#primaryimage\"},\"image\":{\"@id\":\"https:\/\/www.alucomfort.be\/product\/isolerende-trapladder\/#primaryimage\"},\"thumbnailUrl\":\"https:\/\/www.alucomfort.be\/wp-content\/uploads\/Echelle-en-fibre-de-verre-en-PRFV-1.jpg\",\"datePublished\":\"2024-11-09T19:31:17+00:00\",\"dateModified\":\"2025-11-23T21:58:53+00:00\",\"description\":\"\u00c9chelle en plastique en fibre de verre renforc\u00e9e. Sp\u00e9cialement con\u00e7ue pour l'industrie \u00e9lectrique, chimique et alimentaire. R\u00e9sistant \u00e0 la corrosion et sans entretien. Contactez-nous maintenant.\",\"breadcrumb\":{\"@id\":\"https:\/\/www.alucomfort.be\/product\/isolerende-trapladder\/#breadcrumb\"},\"inLanguage\":\"fr-FR\",\"potentialAction\":[{\"@type\":\"ReadAction\",\"target\":[\"https:\/\/www.alucomfort.be\/product\/isolerende-trapladder\/\"]}]},{\"@type\":\"ImageObject\",\"inLanguage\":\"fr-FR\",\"@id\":\"https:\/\/www.alucomfort.be\/product\/isolerende-trapladder\/#primaryimage\",\"url\":\"https:\/\/www.alucomfort.be\/wp-content\/uploads\/Echelle-en-fibre-de-verre-en-PRFV-1.jpg\",\"contentUrl\":\"https:\/\/www.alucomfort.be\/wp-content\/uploads\/Echelle-en-fibre-de-verre-en-PRFV-1.jpg\",\"width\":948,\"height\":1280,\"caption\":\"Echelle en fibre de verre en PRFV\"},{\"@type\":\"BreadcrumbList\",\"@id\":\"https:\/\/www.alucomfort.be\/product\/isolerende-trapladder\/#breadcrumb\",\"itemListElement\":[{\"@type\":\"ListItem\",\"position\":1,\"name\":\"Home\",\"item\":\"https:\/\/www.alucomfort.be\/fr\/\"},{\"@type\":\"ListItem\",\"position\":2,\"name\":\"Producten\",\"item\":\"https:\/\/www.alucomfort.be\/producten\/\"},{\"@type\":\"ListItem\",\"position\":3,\"name\":\"Escabeau isolant\"}]},{\"@type\":\"WebSite\",\"@id\":\"https:\/\/www.alucomfort.be\/#website\",\"url\":\"https:\/\/www.alucomfort.be\/\",\"name\":\"Alu Comfort\",\"description\":\"\",\"potentialAction\":[{\"@type\":\"SearchAction\",\"target\":{\"@type\":\"EntryPoint\",\"urlTemplate\":\"https:\/\/www.alucomfort.be\/?s={search_term_string}\"},\"query-input\":{\"@type\":\"PropertyValueSpecification\",\"valueRequired\":true,\"valueName\":\"search_term_string\"}}],\"inLanguage\":\"fr-FR\"}]}<\/script>\n<!-- \/ Yoast SEO plugin. -->","yoast_head_json":{"title":"Escabeaux isolantes en fibre | Alu Comfort | En fibre de verre","description":"\u00c9chelle en plastique en fibre de verre renforc\u00e9e. Sp\u00e9cialement con\u00e7ue pour l'industrie \u00e9lectrique, chimique et alimentaire. R\u00e9sistant \u00e0 la corrosion et sans entretien. Contactez-nous maintenant.","robots":{"index":"index","follow":"follow","max-snippet":"max-snippet:-1","max-image-preview":"max-image-preview:large","max-video-preview":"max-video-preview:-1"},"canonical":"https:\/\/www.alucomfort.be\/product\/isolerende-trapladder\/","og_locale":"fr_FR","og_type":"article","og_title":"Escabeaux isolantes en fibre | Alu Comfort | En fibre de verre","og_description":"\u00c9chelle en plastique en fibre de verre renforc\u00e9e. Sp\u00e9cialement con\u00e7ue pour l'industrie \u00e9lectrique, chimique et alimentaire. R\u00e9sistant \u00e0 la corrosion et sans entretien. Contactez-nous maintenant.","og_url":"https:\/\/www.alucomfort.be\/product\/isolerende-trapladder\/","og_site_name":"Alu Comfort","article_modified_time":"2025-11-23T21:58:53+00:00","og_image":[{"width":948,"height":1280,"url":"https:\/\/www.alucomfort.be\/wp-content\/uploads\/Echelle-en-fibre-de-verre-en-PRFV-1.jpg","type":"image\/jpeg"}],"twitter_card":"summary_large_image","schema":{"@context":"https:\/\/schema.org","@graph":[{"@type":"WebPage","@id":"https:\/\/www.alucomfort.be\/product\/isolerende-trapladder\/","url":"https:\/\/www.alucomfort.be\/product\/isolerende-trapladder\/","name":"Escabeaux isolantes en fibre | Alu Comfort | En fibre de verre","isPartOf":{"@id":"https:\/\/www.alucomfort.be\/#website"},"primaryImageOfPage":{"@id":"https:\/\/www.alucomfort.be\/product\/isolerende-trapladder\/#primaryimage"},"image":{"@id":"https:\/\/www.alucomfort.be\/product\/isolerende-trapladder\/#primaryimage"},"thumbnailUrl":"https:\/\/www.alucomfort.be\/wp-content\/uploads\/Echelle-en-fibre-de-verre-en-PRFV-1.jpg","datePublished":"2024-11-09T19:31:17+00:00","dateModified":"2025-11-23T21:58:53+00:00","description":"\u00c9chelle en plastique en fibre de verre renforc\u00e9e. Sp\u00e9cialement con\u00e7ue pour l'industrie \u00e9lectrique, chimique et alimentaire. R\u00e9sistant \u00e0 la corrosion et sans entretien. Contactez-nous maintenant.","breadcrumb":{"@id":"https:\/\/www.alucomfort.be\/product\/isolerende-trapladder\/#breadcrumb"},"inLanguage":"fr-FR","potentialAction":[{"@type":"ReadAction","target":["https:\/\/www.alucomfort.be\/product\/isolerende-trapladder\/"]}]},{"@type":"ImageObject","inLanguage":"fr-FR","@id":"https:\/\/www.alucomfort.be\/product\/isolerende-trapladder\/#primaryimage","url":"https:\/\/www.alucomfort.be\/wp-content\/uploads\/Echelle-en-fibre-de-verre-en-PRFV-1.jpg","contentUrl":"https:\/\/www.alucomfort.be\/wp-content\/uploads\/Echelle-en-fibre-de-verre-en-PRFV-1.jpg","width":948,"height":1280,"caption":"Echelle en fibre de verre en PRFV"},{"@type":"BreadcrumbList","@id":"https:\/\/www.alucomfort.be\/product\/isolerende-trapladder\/#breadcrumb","itemListElement":[{"@type":"ListItem","position":1,"name":"Home","item":"https:\/\/www.alucomfort.be\/fr\/"},{"@type":"ListItem","position":2,"name":"Producten","item":"https:\/\/www.alucomfort.be\/producten\/"},{"@type":"ListItem","position":3,"name":"Escabeau isolant"}]},{"@type":"WebSite","@id":"https:\/\/www.alucomfort.be\/#website","url":"https:\/\/www.alucomfort.be\/","name":"Alu Comfort","description":"","potentialAction":[{"@type":"SearchAction","target":{"@type":"EntryPoint","urlTemplate":"https:\/\/www.alucomfort.be\/?s={search_term_string}"},"query-input":{"@type":"PropertyValueSpecification","valueRequired":true,"valueName":"search_term_string"}}],"inLanguage":"fr-FR"}]}},"_links":{"self":[{"href":"https:\/\/www.alucomfort.be\/fr\/wp-json\/wp\/v2\/product\/222057","targetHints":{"allow":["GET"]}}],"collection":[{"href":"https:\/\/www.alucomfort.be\/fr\/wp-json\/wp\/v2\/product"}],"about":[{"href":"https:\/\/www.alucomfort.be\/fr\/wp-json\/wp\/v2\/types\/product"}],"wp:featuredmedia":[{"embeddable":true,"href":"https:\/\/www.alucomfort.be\/fr\/wp-json\/wp\/v2\/media\/219898"}],"wp:attachment":[{"href":"https:\/\/www.alucomfort.be\/fr\/wp-json\/wp\/v2\/media?parent=222057"}],"wp:term":[{"taxonomy":"product_brand","embeddable":true,"href":"https:\/\/www.alucomfort.be\/fr\/wp-json\/wp\/v2\/product_brand?post=222057"},{"taxonomy":"product_cat","embeddable":true,"href":"https:\/\/www.alucomfort.be\/fr\/wp-json\/wp\/v2\/product_cat?post=222057"},{"taxonomy":"product_tag","embeddable":true,"href":"https:\/\/www.alucomfort.be\/fr\/wp-json\/wp\/v2\/product_tag?post=222057"}],"curies":[{"name":"wp","href":"https:\/\/api.w.org\/{rel}","templated":true}]}}