

{"id":222234,"date":"2024-11-26T11:58:57","date_gmt":"2024-11-26T09:58:57","guid":{"rendered":"https:\/\/www.alucomfort.be\/product\/benne-a-terre-autobasculante\/"},"modified":"2024-11-26T12:08:52","modified_gmt":"2024-11-26T10:08:52","slug":"benne-a-terre-autobasculante","status":"publish","type":"product","link":"https:\/\/www.alucomfort.be\/fr\/product\/benne-a-terre-autobasculante\/","title":{"rendered":"Boscaro &#8211; Benne \u00e0 gravats autobasculante"},"content":{"rendered":"<p>* Les bennes Boscaro : la r\u00e9f\u00e9rence en mati\u00e8re de bennes basculantes laqu\u00e9es pour grues, * Solides, robustes et de haute qualit\u00e9, * Elles sont \u00e9quip\u00e9es d&rsquo;un syst\u00e8me de basculement automatique innovant qui permet un d\u00e9chargement sans intervention de l&rsquo;op\u00e9rateur, * Disponibles en plusieurs tailles. Pour la plus grande version, contactez-nous.<\/p>\n","protected":false},"excerpt":{"rendered":"<p>Benne \u00e0 d\u00e9chargement automatique version peinte<\/p>\n","protected":false},"featured_media":222229,"template":"","meta":{"_acf_changed":false},"product_brand":[],"product_cat":[8863],"product_tag":[],"class_list":{"0":"post-222234","1":"product","2":"type-product","3":"status-publish","4":"has-post-thumbnail","6":"product_cat-bennes-de-chantier","8":"first","9":"outofstock","10":"taxable","11":"shipping-taxable","12":"purchasable","13":"product-type-variable"},"acf":[],"yoast_head":"<!-- This site is optimized with the Yoast SEO plugin v24.8.1 - https:\/\/yoast.com\/wordpress\/plugins\/seo\/ -->\n<title>Benne \u00e0 gravats pour grue| Alu Comfort | Boscaro<\/title>\n<meta name=\"description\" content=\"Vous cherchez des bennes \u00e0 gravats pour grue Boscaro? Ne cherchez plus! D\u00e9couvrez notre large s\u00e9lection de bennes pour toutes vos exigences.\" \/>\n<meta name=\"robots\" content=\"index, follow, max-snippet:-1, max-image-preview:large, max-video-preview:-1\" \/>\n<link rel=\"canonical\" href=\"https:\/\/www.alucomfort.be\/product\/gelakte-puinbak-boscaro\/\" \/>\n<meta property=\"og:locale\" content=\"fr_FR\" \/>\n<meta property=\"og:type\" content=\"article\" \/>\n<meta property=\"og:title\" content=\"Benne \u00e0 gravats pour grue| Alu Comfort | Boscaro\" \/>\n<meta property=\"og:description\" content=\"Vous cherchez des bennes \u00e0 gravats pour grue Boscaro? Ne cherchez plus! D\u00e9couvrez notre large s\u00e9lection de bennes pour toutes vos exigences.\" \/>\n<meta property=\"og:url\" content=\"https:\/\/www.alucomfort.be\/product\/gelakte-puinbak-boscaro\/\" \/>\n<meta property=\"og:site_name\" content=\"Alu Comfort\" \/>\n<meta property=\"article:modified_time\" content=\"2024-11-26T10:08:52+00:00\" \/>\n<meta property=\"og:image\" content=\"https:\/\/www.alucomfort.be\/wp-content\/uploads\/Zelflossende-Puinbak-Boscaro-Geel-A-35D.jpg\" \/>\n\t<meta property=\"og:image:width\" content=\"1200\" \/>\n\t<meta property=\"og:image:height\" content=\"900\" \/>\n\t<meta property=\"og:image:type\" content=\"image\/jpeg\" \/>\n<meta name=\"twitter:card\" content=\"summary_large_image\" \/>\n<script type=\"application\/ld+json\" class=\"yoast-schema-graph\">{\"@context\":\"https:\/\/schema.org\",\"@graph\":[{\"@type\":\"WebPage\",\"@id\":\"https:\/\/www.alucomfort.be\/product\/gelakte-puinbak-boscaro\/\",\"url\":\"https:\/\/www.alucomfort.be\/product\/gelakte-puinbak-boscaro\/\",\"name\":\"Benne \u00e0 gravats pour grue| Alu Comfort | Boscaro\",\"isPartOf\":{\"@id\":\"https:\/\/www.alucomfort.be\/#website\"},\"primaryImageOfPage\":{\"@id\":\"https:\/\/www.alucomfort.be\/product\/gelakte-puinbak-boscaro\/#primaryimage\"},\"image\":{\"@id\":\"https:\/\/www.alucomfort.be\/product\/gelakte-puinbak-boscaro\/#primaryimage\"},\"thumbnailUrl\":\"https:\/\/www.alucomfort.be\/wp-content\/uploads\/Zelflossende-Puinbak-Boscaro-Geel-A-35D.jpg\",\"datePublished\":\"2024-11-26T09:58:57+00:00\",\"dateModified\":\"2024-11-26T10:08:52+00:00\",\"description\":\"Vous cherchez des bennes \u00e0 gravats pour grue Boscaro? Ne cherchez plus! D\u00e9couvrez notre large s\u00e9lection de bennes pour toutes vos exigences.\",\"breadcrumb\":{\"@id\":\"https:\/\/www.alucomfort.be\/product\/gelakte-puinbak-boscaro\/#breadcrumb\"},\"inLanguage\":\"fr-FR\",\"potentialAction\":[{\"@type\":\"ReadAction\",\"target\":[\"https:\/\/www.alucomfort.be\/product\/gelakte-puinbak-boscaro\/\"]}]},{\"@type\":\"ImageObject\",\"inLanguage\":\"fr-FR\",\"@id\":\"https:\/\/www.alucomfort.be\/product\/gelakte-puinbak-boscaro\/#primaryimage\",\"url\":\"https:\/\/www.alucomfort.be\/wp-content\/uploads\/Zelflossende-Puinbak-Boscaro-Geel-A-35D.jpg\",\"contentUrl\":\"https:\/\/www.alucomfort.be\/wp-content\/uploads\/Zelflossende-Puinbak-Boscaro-Geel-A-35D.jpg\",\"width\":1200,\"height\":900,\"caption\":\"Zelflossende Puinbak Boscaro Geel\"},{\"@type\":\"BreadcrumbList\",\"@id\":\"https:\/\/www.alucomfort.be\/product\/gelakte-puinbak-boscaro\/#breadcrumb\",\"itemListElement\":[{\"@type\":\"ListItem\",\"position\":1,\"name\":\"Home\",\"item\":\"https:\/\/www.alucomfort.be\/fr\/\"},{\"@type\":\"ListItem\",\"position\":2,\"name\":\"Producten\",\"item\":\"https:\/\/www.alucomfort.be\/producten\/\"},{\"@type\":\"ListItem\",\"position\":3,\"name\":\"Boscaro &#8211; Benne \u00e0 gravats autobasculante\"}]},{\"@type\":\"WebSite\",\"@id\":\"https:\/\/www.alucomfort.be\/#website\",\"url\":\"https:\/\/www.alucomfort.be\/\",\"name\":\"Alu Comfort\",\"description\":\"\",\"potentialAction\":[{\"@type\":\"SearchAction\",\"target\":{\"@type\":\"EntryPoint\",\"urlTemplate\":\"https:\/\/www.alucomfort.be\/?s={search_term_string}\"},\"query-input\":{\"@type\":\"PropertyValueSpecification\",\"valueRequired\":true,\"valueName\":\"search_term_string\"}}],\"inLanguage\":\"fr-FR\"}]}<\/script>\n<!-- \/ Yoast SEO plugin. -->","yoast_head_json":{"title":"Benne \u00e0 gravats pour grue| Alu Comfort | Boscaro","description":"Vous cherchez des bennes \u00e0 gravats pour grue Boscaro? Ne cherchez plus! D\u00e9couvrez notre large s\u00e9lection de bennes pour toutes vos exigences.","robots":{"index":"index","follow":"follow","max-snippet":"max-snippet:-1","max-image-preview":"max-image-preview:large","max-video-preview":"max-video-preview:-1"},"canonical":"https:\/\/www.alucomfort.be\/product\/gelakte-puinbak-boscaro\/","og_locale":"fr_FR","og_type":"article","og_title":"Benne \u00e0 gravats pour grue| Alu Comfort | Boscaro","og_description":"Vous cherchez des bennes \u00e0 gravats pour grue Boscaro? Ne cherchez plus! D\u00e9couvrez notre large s\u00e9lection de bennes pour toutes vos exigences.","og_url":"https:\/\/www.alucomfort.be\/product\/gelakte-puinbak-boscaro\/","og_site_name":"Alu Comfort","article_modified_time":"2024-11-26T10:08:52+00:00","og_image":[{"width":1200,"height":900,"url":"https:\/\/www.alucomfort.be\/wp-content\/uploads\/Zelflossende-Puinbak-Boscaro-Geel-A-35D.jpg","type":"image\/jpeg"}],"twitter_card":"summary_large_image","schema":{"@context":"https:\/\/schema.org","@graph":[{"@type":"WebPage","@id":"https:\/\/www.alucomfort.be\/product\/gelakte-puinbak-boscaro\/","url":"https:\/\/www.alucomfort.be\/product\/gelakte-puinbak-boscaro\/","name":"Benne \u00e0 gravats pour grue| Alu Comfort | Boscaro","isPartOf":{"@id":"https:\/\/www.alucomfort.be\/#website"},"primaryImageOfPage":{"@id":"https:\/\/www.alucomfort.be\/product\/gelakte-puinbak-boscaro\/#primaryimage"},"image":{"@id":"https:\/\/www.alucomfort.be\/product\/gelakte-puinbak-boscaro\/#primaryimage"},"thumbnailUrl":"https:\/\/www.alucomfort.be\/wp-content\/uploads\/Zelflossende-Puinbak-Boscaro-Geel-A-35D.jpg","datePublished":"2024-11-26T09:58:57+00:00","dateModified":"2024-11-26T10:08:52+00:00","description":"Vous cherchez des bennes \u00e0 gravats pour grue Boscaro? Ne cherchez plus! D\u00e9couvrez notre large s\u00e9lection de bennes pour toutes vos exigences.","breadcrumb":{"@id":"https:\/\/www.alucomfort.be\/product\/gelakte-puinbak-boscaro\/#breadcrumb"},"inLanguage":"fr-FR","potentialAction":[{"@type":"ReadAction","target":["https:\/\/www.alucomfort.be\/product\/gelakte-puinbak-boscaro\/"]}]},{"@type":"ImageObject","inLanguage":"fr-FR","@id":"https:\/\/www.alucomfort.be\/product\/gelakte-puinbak-boscaro\/#primaryimage","url":"https:\/\/www.alucomfort.be\/wp-content\/uploads\/Zelflossende-Puinbak-Boscaro-Geel-A-35D.jpg","contentUrl":"https:\/\/www.alucomfort.be\/wp-content\/uploads\/Zelflossende-Puinbak-Boscaro-Geel-A-35D.jpg","width":1200,"height":900,"caption":"Zelflossende Puinbak Boscaro Geel"},{"@type":"BreadcrumbList","@id":"https:\/\/www.alucomfort.be\/product\/gelakte-puinbak-boscaro\/#breadcrumb","itemListElement":[{"@type":"ListItem","position":1,"name":"Home","item":"https:\/\/www.alucomfort.be\/fr\/"},{"@type":"ListItem","position":2,"name":"Producten","item":"https:\/\/www.alucomfort.be\/producten\/"},{"@type":"ListItem","position":3,"name":"Boscaro &#8211; Benne \u00e0 gravats autobasculante"}]},{"@type":"WebSite","@id":"https:\/\/www.alucomfort.be\/#website","url":"https:\/\/www.alucomfort.be\/","name":"Alu Comfort","description":"","potentialAction":[{"@type":"SearchAction","target":{"@type":"EntryPoint","urlTemplate":"https:\/\/www.alucomfort.be\/?s={search_term_string}"},"query-input":{"@type":"PropertyValueSpecification","valueRequired":true,"valueName":"search_term_string"}}],"inLanguage":"fr-FR"}]}},"_links":{"self":[{"href":"https:\/\/www.alucomfort.be\/fr\/wp-json\/wp\/v2\/product\/222234","targetHints":{"allow":["GET"]}}],"collection":[{"href":"https:\/\/www.alucomfort.be\/fr\/wp-json\/wp\/v2\/product"}],"about":[{"href":"https:\/\/www.alucomfort.be\/fr\/wp-json\/wp\/v2\/types\/product"}],"wp:featuredmedia":[{"embeddable":true,"href":"https:\/\/www.alucomfort.be\/fr\/wp-json\/wp\/v2\/media\/222229"}],"wp:attachment":[{"href":"https:\/\/www.alucomfort.be\/fr\/wp-json\/wp\/v2\/media?parent=222234"}],"wp:term":[{"taxonomy":"product_brand","embeddable":true,"href":"https:\/\/www.alucomfort.be\/fr\/wp-json\/wp\/v2\/product_brand?post=222234"},{"taxonomy":"product_cat","embeddable":true,"href":"https:\/\/www.alucomfort.be\/fr\/wp-json\/wp\/v2\/product_cat?post=222234"},{"taxonomy":"product_tag","embeddable":true,"href":"https:\/\/www.alucomfort.be\/fr\/wp-json\/wp\/v2\/product_tag?post=222234"}],"curies":[{"name":"wp","href":"https:\/\/api.w.org\/{rel}","templated":true}]}}