

{"id":222523,"date":"2025-01-07T15:40:47","date_gmt":"2025-01-07T13:40:47","guid":{"rendered":"https:\/\/www.alucomfort.be\/product\/stockmaster-navigator-2\/"},"modified":"2025-01-07T15:41:46","modified_gmt":"2025-01-07T13:41:46","slug":"stockmaster-navigator-2","status":"publish","type":"product","link":"https:\/\/www.alucomfort.be\/fr\/product\/stockmaster-navigator-2\/","title":{"rendered":"Stockmaster Navigator"},"content":{"rendered":"<p>* Avec chariot pratique \u00e0 roues. En actionnant une poign\u00e9e, vous abaissez les roues pour d\u00e9placer l&rsquo;escalier. Lors de la mont\u00e9e, l&rsquo;escalier repose sur quatre pieds, ce qui lui conf\u00e8re une stabilit\u00e9 suppl\u00e9mentaire, * Standard sans porte (Auto-Gate) et c\u00f4t\u00e9 rabattable (Rota-Gate), * Optionnellement disponible avec Rota-Gate. Rampe repliable du c\u00f4t\u00e9 droit, tr\u00e8s pratique pour retirer des marchandises des \u00e9tag\u00e8res, * Optionnellement disponible avec Auto-Gate. Fermeture pratique de la plateforme, * Optionnellement disponible avec Fold-Rail. La rambarde de la plateforme peut \u00eatre repli\u00e9e vers le bas, tr\u00e8s utile lorsque l&rsquo;escalier doit \u00eatre d\u00e9plac\u00e9 entre des passages avec des plafonds bas. Contactez-nous par e-mail \u00e0 ce sujet, * Escalier d&rsquo;entrep\u00f4t de qualit\u00e9 et robuste, * Escalier de taille compacte \u00e0 un prix abordable, * Grande man\u009cuvrabilit\u00e9, id\u00e9ale pour les all\u00e9es \u00e9troites entre les rayonnages, * Avec rebord pour les genoux et bord pour les pieds, * Charge maximale de l&rsquo;escalier : 150 kg, * Escalier tr\u00e8s adapt\u00e9 \u00e0 une utilisation sur des sols d&rsquo;entrep\u00f4t r\u00e9guliers, attention lors de l&rsquo;utilisation (ext\u00e9rieure) sur une surface irr\u00e9guli\u00e8re, * L&rsquo;escalier est emball\u00e9 en pi\u00e8ces pr\u00e9assembl\u00e9es et doit \u00eatre assembl\u00e9 par vos soins \u00e0 l&rsquo;aide d&rsquo;instructions de montage claires, * Conforme \u00e0 la norme DIN EN 131-7 et \u00e0 la directive europ\u00e9enne sur la s\u00e9curit\u00e9 2001\/45\/CEE, * D\u00e9lai de livraison: environ 7 jours ouvrables.<\/p>\n","protected":false},"excerpt":{"rendered":"<p>\u00c9chelle d&rsquo;entrep\u00f4t mobile facile \u00e0 utiliser<\/p>\n","protected":false},"featured_media":217282,"template":"","meta":{"_acf_changed":false},"product_brand":[],"product_cat":[9136],"product_tag":[],"class_list":{"0":"post-222523","1":"product","2":"type-product","3":"status-publish","4":"has-post-thumbnail","6":"product_cat-escaliers-a-plate-forme-mobile-stockmaster","8":"first","9":"outofstock","10":"taxable","11":"shipping-taxable","12":"purchasable","13":"product-type-variable"},"acf":[],"yoast_head":"<!-- This site is optimized with the Yoast SEO plugin v24.8.1 - https:\/\/yoast.com\/wordpress\/plugins\/seo\/ -->\n<title>Stockmaster Navigator | Alu Comfort | Stockmaster dealer<\/title>\n<meta name=\"description\" content=\"Stockmaster Navigator. L&#039;escalier mobile d&#039;entrep\u00f4t le plus convivial et s\u00e9curis\u00e9. Contactez-nous d\u00e8s maintenant !\" \/>\n<meta name=\"robots\" content=\"index, follow, max-snippet:-1, max-image-preview:large, max-video-preview:-1\" \/>\n<link rel=\"canonical\" href=\"https:\/\/www.alucomfort.be\/product\/stockmaster-navigator\/\" \/>\n<meta property=\"og:locale\" content=\"fr_FR\" \/>\n<meta property=\"og:type\" content=\"article\" \/>\n<meta property=\"og:title\" content=\"Stockmaster Navigator | Alu Comfort | Stockmaster dealer\" \/>\n<meta property=\"og:description\" content=\"Stockmaster Navigator. L&#039;escalier mobile d&#039;entrep\u00f4t le plus convivial et s\u00e9curis\u00e9. Contactez-nous d\u00e8s maintenant !\" \/>\n<meta property=\"og:url\" content=\"https:\/\/www.alucomfort.be\/product\/stockmaster-navigator\/\" \/>\n<meta property=\"og:site_name\" content=\"Alu Comfort\" \/>\n<meta property=\"article:modified_time\" content=\"2025-01-07T13:41:46+00:00\" \/>\n<meta property=\"og:image\" content=\"https:\/\/www.alucomfort.be\/wp-content\/uploads\/Navigator-WEB.png\" \/>\n\t<meta property=\"og:image:width\" content=\"768\" \/>\n\t<meta property=\"og:image:height\" content=\"1152\" \/>\n\t<meta property=\"og:image:type\" content=\"image\/png\" \/>\n<meta name=\"twitter:card\" content=\"summary_large_image\" \/>\n<meta name=\"twitter:label1\" content=\"Dur\u00e9e de lecture estim\u00e9e\" \/>\n\t<meta name=\"twitter:data1\" content=\"1 minute\" \/>\n<script type=\"application\/ld+json\" class=\"yoast-schema-graph\">{\"@context\":\"https:\/\/schema.org\",\"@graph\":[{\"@type\":\"WebPage\",\"@id\":\"https:\/\/www.alucomfort.be\/product\/stockmaster-navigator\/\",\"url\":\"https:\/\/www.alucomfort.be\/product\/stockmaster-navigator\/\",\"name\":\"Stockmaster Navigator | Alu Comfort | Stockmaster dealer\",\"isPartOf\":{\"@id\":\"https:\/\/www.alucomfort.be\/#website\"},\"primaryImageOfPage\":{\"@id\":\"https:\/\/www.alucomfort.be\/product\/stockmaster-navigator\/#primaryimage\"},\"image\":{\"@id\":\"https:\/\/www.alucomfort.be\/product\/stockmaster-navigator\/#primaryimage\"},\"thumbnailUrl\":\"https:\/\/www.alucomfort.be\/wp-content\/uploads\/Navigator-WEB.png\",\"datePublished\":\"2025-01-07T13:40:47+00:00\",\"dateModified\":\"2025-01-07T13:41:46+00:00\",\"description\":\"Stockmaster Navigator. L'escalier mobile d'entrep\u00f4t le plus convivial et s\u00e9curis\u00e9. Contactez-nous d\u00e8s maintenant !\",\"breadcrumb\":{\"@id\":\"https:\/\/www.alucomfort.be\/product\/stockmaster-navigator\/#breadcrumb\"},\"inLanguage\":\"fr-FR\",\"potentialAction\":[{\"@type\":\"ReadAction\",\"target\":[\"https:\/\/www.alucomfort.be\/product\/stockmaster-navigator\/\"]}]},{\"@type\":\"ImageObject\",\"inLanguage\":\"fr-FR\",\"@id\":\"https:\/\/www.alucomfort.be\/product\/stockmaster-navigator\/#primaryimage\",\"url\":\"https:\/\/www.alucomfort.be\/wp-content\/uploads\/Navigator-WEB.png\",\"contentUrl\":\"https:\/\/www.alucomfort.be\/wp-content\/uploads\/Navigator-WEB.png\",\"width\":768,\"height\":1152,\"caption\":\"Stockmaster Navigator. Nu verkrijgbaar bij Alu Comfort!\"},{\"@type\":\"BreadcrumbList\",\"@id\":\"https:\/\/www.alucomfort.be\/product\/stockmaster-navigator\/#breadcrumb\",\"itemListElement\":[{\"@type\":\"ListItem\",\"position\":1,\"name\":\"Home\",\"item\":\"https:\/\/www.alucomfort.be\/fr\/\"},{\"@type\":\"ListItem\",\"position\":2,\"name\":\"Producten\",\"item\":\"https:\/\/www.alucomfort.be\/producten\/\"},{\"@type\":\"ListItem\",\"position\":3,\"name\":\"Stockmaster Navigator\"}]},{\"@type\":\"WebSite\",\"@id\":\"https:\/\/www.alucomfort.be\/#website\",\"url\":\"https:\/\/www.alucomfort.be\/\",\"name\":\"Alu Comfort\",\"description\":\"\",\"potentialAction\":[{\"@type\":\"SearchAction\",\"target\":{\"@type\":\"EntryPoint\",\"urlTemplate\":\"https:\/\/www.alucomfort.be\/?s={search_term_string}\"},\"query-input\":{\"@type\":\"PropertyValueSpecification\",\"valueRequired\":true,\"valueName\":\"search_term_string\"}}],\"inLanguage\":\"fr-FR\"}]}<\/script>\n<!-- \/ Yoast SEO plugin. -->","yoast_head_json":{"title":"Stockmaster Navigator | Alu Comfort | Stockmaster dealer","description":"Stockmaster Navigator. L'escalier mobile d'entrep\u00f4t le plus convivial et s\u00e9curis\u00e9. Contactez-nous d\u00e8s maintenant !","robots":{"index":"index","follow":"follow","max-snippet":"max-snippet:-1","max-image-preview":"max-image-preview:large","max-video-preview":"max-video-preview:-1"},"canonical":"https:\/\/www.alucomfort.be\/product\/stockmaster-navigator\/","og_locale":"fr_FR","og_type":"article","og_title":"Stockmaster Navigator | Alu Comfort | Stockmaster dealer","og_description":"Stockmaster Navigator. L'escalier mobile d'entrep\u00f4t le plus convivial et s\u00e9curis\u00e9. Contactez-nous d\u00e8s maintenant !","og_url":"https:\/\/www.alucomfort.be\/product\/stockmaster-navigator\/","og_site_name":"Alu Comfort","article_modified_time":"2025-01-07T13:41:46+00:00","og_image":[{"width":768,"height":1152,"url":"https:\/\/www.alucomfort.be\/wp-content\/uploads\/Navigator-WEB.png","type":"image\/png"}],"twitter_card":"summary_large_image","twitter_misc":{"Dur\u00e9e de lecture estim\u00e9e":"1 minute"},"schema":{"@context":"https:\/\/schema.org","@graph":[{"@type":"WebPage","@id":"https:\/\/www.alucomfort.be\/product\/stockmaster-navigator\/","url":"https:\/\/www.alucomfort.be\/product\/stockmaster-navigator\/","name":"Stockmaster Navigator | Alu Comfort | Stockmaster dealer","isPartOf":{"@id":"https:\/\/www.alucomfort.be\/#website"},"primaryImageOfPage":{"@id":"https:\/\/www.alucomfort.be\/product\/stockmaster-navigator\/#primaryimage"},"image":{"@id":"https:\/\/www.alucomfort.be\/product\/stockmaster-navigator\/#primaryimage"},"thumbnailUrl":"https:\/\/www.alucomfort.be\/wp-content\/uploads\/Navigator-WEB.png","datePublished":"2025-01-07T13:40:47+00:00","dateModified":"2025-01-07T13:41:46+00:00","description":"Stockmaster Navigator. L'escalier mobile d'entrep\u00f4t le plus convivial et s\u00e9curis\u00e9. Contactez-nous d\u00e8s maintenant !","breadcrumb":{"@id":"https:\/\/www.alucomfort.be\/product\/stockmaster-navigator\/#breadcrumb"},"inLanguage":"fr-FR","potentialAction":[{"@type":"ReadAction","target":["https:\/\/www.alucomfort.be\/product\/stockmaster-navigator\/"]}]},{"@type":"ImageObject","inLanguage":"fr-FR","@id":"https:\/\/www.alucomfort.be\/product\/stockmaster-navigator\/#primaryimage","url":"https:\/\/www.alucomfort.be\/wp-content\/uploads\/Navigator-WEB.png","contentUrl":"https:\/\/www.alucomfort.be\/wp-content\/uploads\/Navigator-WEB.png","width":768,"height":1152,"caption":"Stockmaster Navigator. Nu verkrijgbaar bij Alu Comfort!"},{"@type":"BreadcrumbList","@id":"https:\/\/www.alucomfort.be\/product\/stockmaster-navigator\/#breadcrumb","itemListElement":[{"@type":"ListItem","position":1,"name":"Home","item":"https:\/\/www.alucomfort.be\/fr\/"},{"@type":"ListItem","position":2,"name":"Producten","item":"https:\/\/www.alucomfort.be\/producten\/"},{"@type":"ListItem","position":3,"name":"Stockmaster Navigator"}]},{"@type":"WebSite","@id":"https:\/\/www.alucomfort.be\/#website","url":"https:\/\/www.alucomfort.be\/","name":"Alu Comfort","description":"","potentialAction":[{"@type":"SearchAction","target":{"@type":"EntryPoint","urlTemplate":"https:\/\/www.alucomfort.be\/?s={search_term_string}"},"query-input":{"@type":"PropertyValueSpecification","valueRequired":true,"valueName":"search_term_string"}}],"inLanguage":"fr-FR"}]}},"_links":{"self":[{"href":"https:\/\/www.alucomfort.be\/fr\/wp-json\/wp\/v2\/product\/222523","targetHints":{"allow":["GET"]}}],"collection":[{"href":"https:\/\/www.alucomfort.be\/fr\/wp-json\/wp\/v2\/product"}],"about":[{"href":"https:\/\/www.alucomfort.be\/fr\/wp-json\/wp\/v2\/types\/product"}],"wp:featuredmedia":[{"embeddable":true,"href":"https:\/\/www.alucomfort.be\/fr\/wp-json\/wp\/v2\/media\/217282"}],"wp:attachment":[{"href":"https:\/\/www.alucomfort.be\/fr\/wp-json\/wp\/v2\/media?parent=222523"}],"wp:term":[{"taxonomy":"product_brand","embeddable":true,"href":"https:\/\/www.alucomfort.be\/fr\/wp-json\/wp\/v2\/product_brand?post=222523"},{"taxonomy":"product_cat","embeddable":true,"href":"https:\/\/www.alucomfort.be\/fr\/wp-json\/wp\/v2\/product_cat?post=222523"},{"taxonomy":"product_tag","embeddable":true,"href":"https:\/\/www.alucomfort.be\/fr\/wp-json\/wp\/v2\/product_tag?post=222523"}],"curies":[{"name":"wp","href":"https:\/\/api.w.org\/{rel}","templated":true}]}}