

{"id":222551,"date":"2025-01-07T15:41:49","date_gmt":"2025-01-07T13:41:49","guid":{"rendered":"https:\/\/www.alucomfort.be\/product\/stockmaster-lift-truk-2\/"},"modified":"2025-01-07T15:42:50","modified_gmt":"2025-01-07T13:42:50","slug":"stockmaster-lift-truk-2","status":"publish","type":"product","link":"https:\/\/www.alucomfort.be\/fr\/product\/stockmaster-lift-truk-2\/","title":{"rendered":"Stockmaster Lift-Truk"},"content":{"rendered":"<p>* Similaire au StockMaster Navigator, mais avec un \u00e9l\u00e9vateur manuel \u00e0 l&rsquo;avant pour lever ou abaisser en toute s\u00e9curit\u00e9 des marchandises (jusqu&rsquo;\u00e0 60 kg).  Le pr\u00e9parateur de commandes le plus s\u00fbr.  Les objets peuvent \u00eatre plac\u00e9s sur la table \u00e9l\u00e9vatrice et \u00eatre soulev\u00e9s ou abaiss\u00e9s rapidement, avec des co\u00fbts d&rsquo;entretien minimes, * Avec chariot pratique \u00e0 roues. En actionnant une poign\u00e9e, vous abaissez les roues pour d\u00e9placer l&rsquo;escalier. Lors de la mont\u00e9e, l&rsquo;escalier repose sur quatre pieds, ce qui lui conf\u00e8re une stabilit\u00e9 suppl\u00e9mentaire, * Standard sans porte (Auto-Gate) et c\u00f4t\u00e9 rabattable (Rota-Gate), * Optionnellement disponible avec Rota-Gate. Rampe repliable du c\u00f4t\u00e9 droit, tr\u00e8s pratique pour retirer des marchandises des \u00e9tag\u00e8res, * Optionnellement disponible avec Auto-Gate. Fermeture pratique de la plateforme, * Escalier d&rsquo;entrep\u00f4t de qualit\u00e9 et robuste, * Escalier de taille compacte \u00e0 un prix abordable, * Grande man\u009cuvrabilit\u00e9, id\u00e9ale pour les all\u00e9es \u00e9troites entre les rayonnages, * Avec rebord pour les genoux et bord pour les pieds, * Charge maximale de l&rsquo;escalier : 150 kg, * Escalier tr\u00e8s adapt\u00e9 \u00e0 une utilisation sur des sols d&rsquo;entrep\u00f4t r\u00e9guliers, attention lors de l&rsquo;utilisation (ext\u00e9rieure) sur une surface irr\u00e9guli\u00e8re, * L&rsquo;escalier est emball\u00e9 en pi\u00e8ces pr\u00e9assembl\u00e9es et doit \u00eatre assembl\u00e9 par vos soins \u00e0 l&rsquo;aide d&rsquo;instructions de montage claires, * Conforme \u00e0 la norme DIN EN 131-7 et \u00e0 la directive europ\u00e9enne sur la s\u00e9curit\u00e9 2001\/45\/CEE, * D\u00e9lai de livraison: environ 7 jours ouvrables.<\/p>\n","protected":false},"excerpt":{"rendered":"<p>L&rsquo;escalier \u00e9l\u00e9vateur mobile Stockmaster Lift-Truk<\/p>\n","protected":false},"featured_media":217387,"template":"","meta":{"_acf_changed":false},"product_brand":[],"product_cat":[9136],"product_tag":[],"class_list":{"0":"post-222551","1":"product","2":"type-product","3":"status-publish","4":"has-post-thumbnail","6":"product_cat-escaliers-a-plate-forme-mobile-stockmaster","8":"first","9":"outofstock","10":"taxable","11":"shipping-taxable","12":"purchasable","13":"product-type-variable"},"acf":[],"yoast_head":"<!-- This site is optimized with the Yoast SEO plugin v24.8.1 - https:\/\/yoast.com\/wordpress\/plugins\/seo\/ -->\n<title>Stockmaster Lift-Truk | Alu Comfort | Sp\u00e9cialiste Stockmaster<\/title>\n<meta name=\"description\" content=\"Escaliers plateformes StockMaster Navigator s\u00e9curitaires \u00e0 prix imbattable ! L&#039;\u00e9chelle parfaite pour la pr\u00e9paration de commandes. Pr\u00e9paration de commandes ergonomique gr\u00e2ce \u00e0 la table \u00e9l\u00e9vatrice. Contactez-Nous!\" \/>\n<meta name=\"robots\" content=\"index, follow, max-snippet:-1, max-image-preview:large, max-video-preview:-1\" \/>\n<link rel=\"canonical\" href=\"https:\/\/www.alucomfort.be\/product\/stockmaster-lift-truk\/\" \/>\n<meta property=\"og:locale\" content=\"fr_FR\" \/>\n<meta property=\"og:type\" content=\"article\" \/>\n<meta property=\"og:title\" content=\"Stockmaster Lift-Truk | Alu Comfort | Sp\u00e9cialiste Stockmaster\" \/>\n<meta property=\"og:description\" content=\"Escaliers plateformes StockMaster Navigator s\u00e9curitaires \u00e0 prix imbattable ! L&#039;\u00e9chelle parfaite pour la pr\u00e9paration de commandes. Pr\u00e9paration de commandes ergonomique gr\u00e2ce \u00e0 la table \u00e9l\u00e9vatrice. Contactez-Nous!\" \/>\n<meta property=\"og:url\" content=\"https:\/\/www.alucomfort.be\/product\/stockmaster-lift-truk\/\" \/>\n<meta property=\"og:site_name\" content=\"Alu Comfort\" \/>\n<meta property=\"article:modified_time\" content=\"2025-01-07T13:42:50+00:00\" \/>\n<meta property=\"og:image\" content=\"https:\/\/www.alucomfort.be\/wp-content\/uploads\/Stockmaster-Lift-Truk.jpg\" \/>\n\t<meta property=\"og:image:width\" content=\"800\" \/>\n\t<meta property=\"og:image:height\" content=\"800\" \/>\n\t<meta property=\"og:image:type\" content=\"image\/jpeg\" \/>\n<meta name=\"twitter:card\" content=\"summary_large_image\" \/>\n<meta name=\"twitter:label1\" content=\"Dur\u00e9e de lecture estim\u00e9e\" \/>\n\t<meta name=\"twitter:data1\" content=\"1 minute\" \/>\n<script type=\"application\/ld+json\" class=\"yoast-schema-graph\">{\"@context\":\"https:\/\/schema.org\",\"@graph\":[{\"@type\":\"WebPage\",\"@id\":\"https:\/\/www.alucomfort.be\/product\/stockmaster-lift-truk\/\",\"url\":\"https:\/\/www.alucomfort.be\/product\/stockmaster-lift-truk\/\",\"name\":\"Stockmaster Lift-Truk | Alu Comfort | Sp\u00e9cialiste Stockmaster\",\"isPartOf\":{\"@id\":\"https:\/\/www.alucomfort.be\/#website\"},\"primaryImageOfPage\":{\"@id\":\"https:\/\/www.alucomfort.be\/product\/stockmaster-lift-truk\/#primaryimage\"},\"image\":{\"@id\":\"https:\/\/www.alucomfort.be\/product\/stockmaster-lift-truk\/#primaryimage\"},\"thumbnailUrl\":\"https:\/\/www.alucomfort.be\/wp-content\/uploads\/Stockmaster-Lift-Truk.jpg\",\"datePublished\":\"2025-01-07T13:41:49+00:00\",\"dateModified\":\"2025-01-07T13:42:50+00:00\",\"description\":\"Escaliers plateformes StockMaster Navigator s\u00e9curitaires \u00e0 prix imbattable ! L'\u00e9chelle parfaite pour la pr\u00e9paration de commandes. Pr\u00e9paration de commandes ergonomique gr\u00e2ce \u00e0 la table \u00e9l\u00e9vatrice. Contactez-Nous!\",\"breadcrumb\":{\"@id\":\"https:\/\/www.alucomfort.be\/product\/stockmaster-lift-truk\/#breadcrumb\"},\"inLanguage\":\"fr-FR\",\"potentialAction\":[{\"@type\":\"ReadAction\",\"target\":[\"https:\/\/www.alucomfort.be\/product\/stockmaster-lift-truk\/\"]}]},{\"@type\":\"ImageObject\",\"inLanguage\":\"fr-FR\",\"@id\":\"https:\/\/www.alucomfort.be\/product\/stockmaster-lift-truk\/#primaryimage\",\"url\":\"https:\/\/www.alucomfort.be\/wp-content\/uploads\/Stockmaster-Lift-Truk.jpg\",\"contentUrl\":\"https:\/\/www.alucomfort.be\/wp-content\/uploads\/Stockmaster-Lift-Truk.jpg\",\"width\":800,\"height\":800,\"caption\":\"Stockmaster Lift Truk\"},{\"@type\":\"BreadcrumbList\",\"@id\":\"https:\/\/www.alucomfort.be\/product\/stockmaster-lift-truk\/#breadcrumb\",\"itemListElement\":[{\"@type\":\"ListItem\",\"position\":1,\"name\":\"Home\",\"item\":\"https:\/\/www.alucomfort.be\/fr\/\"},{\"@type\":\"ListItem\",\"position\":2,\"name\":\"Producten\",\"item\":\"https:\/\/www.alucomfort.be\/producten\/\"},{\"@type\":\"ListItem\",\"position\":3,\"name\":\"Stockmaster Lift-Truk\"}]},{\"@type\":\"WebSite\",\"@id\":\"https:\/\/www.alucomfort.be\/#website\",\"url\":\"https:\/\/www.alucomfort.be\/\",\"name\":\"Alu Comfort\",\"description\":\"\",\"potentialAction\":[{\"@type\":\"SearchAction\",\"target\":{\"@type\":\"EntryPoint\",\"urlTemplate\":\"https:\/\/www.alucomfort.be\/?s={search_term_string}\"},\"query-input\":{\"@type\":\"PropertyValueSpecification\",\"valueRequired\":true,\"valueName\":\"search_term_string\"}}],\"inLanguage\":\"fr-FR\"}]}<\/script>\n<!-- \/ Yoast SEO plugin. -->","yoast_head_json":{"title":"Stockmaster Lift-Truk | Alu Comfort | Sp\u00e9cialiste Stockmaster","description":"Escaliers plateformes StockMaster Navigator s\u00e9curitaires \u00e0 prix imbattable ! L'\u00e9chelle parfaite pour la pr\u00e9paration de commandes. Pr\u00e9paration de commandes ergonomique gr\u00e2ce \u00e0 la table \u00e9l\u00e9vatrice. Contactez-Nous!","robots":{"index":"index","follow":"follow","max-snippet":"max-snippet:-1","max-image-preview":"max-image-preview:large","max-video-preview":"max-video-preview:-1"},"canonical":"https:\/\/www.alucomfort.be\/product\/stockmaster-lift-truk\/","og_locale":"fr_FR","og_type":"article","og_title":"Stockmaster Lift-Truk | Alu Comfort | Sp\u00e9cialiste Stockmaster","og_description":"Escaliers plateformes StockMaster Navigator s\u00e9curitaires \u00e0 prix imbattable ! L'\u00e9chelle parfaite pour la pr\u00e9paration de commandes. Pr\u00e9paration de commandes ergonomique gr\u00e2ce \u00e0 la table \u00e9l\u00e9vatrice. Contactez-Nous!","og_url":"https:\/\/www.alucomfort.be\/product\/stockmaster-lift-truk\/","og_site_name":"Alu Comfort","article_modified_time":"2025-01-07T13:42:50+00:00","og_image":[{"width":800,"height":800,"url":"https:\/\/www.alucomfort.be\/wp-content\/uploads\/Stockmaster-Lift-Truk.jpg","type":"image\/jpeg"}],"twitter_card":"summary_large_image","twitter_misc":{"Dur\u00e9e de lecture estim\u00e9e":"1 minute"},"schema":{"@context":"https:\/\/schema.org","@graph":[{"@type":"WebPage","@id":"https:\/\/www.alucomfort.be\/product\/stockmaster-lift-truk\/","url":"https:\/\/www.alucomfort.be\/product\/stockmaster-lift-truk\/","name":"Stockmaster Lift-Truk | Alu Comfort | Sp\u00e9cialiste Stockmaster","isPartOf":{"@id":"https:\/\/www.alucomfort.be\/#website"},"primaryImageOfPage":{"@id":"https:\/\/www.alucomfort.be\/product\/stockmaster-lift-truk\/#primaryimage"},"image":{"@id":"https:\/\/www.alucomfort.be\/product\/stockmaster-lift-truk\/#primaryimage"},"thumbnailUrl":"https:\/\/www.alucomfort.be\/wp-content\/uploads\/Stockmaster-Lift-Truk.jpg","datePublished":"2025-01-07T13:41:49+00:00","dateModified":"2025-01-07T13:42:50+00:00","description":"Escaliers plateformes StockMaster Navigator s\u00e9curitaires \u00e0 prix imbattable ! L'\u00e9chelle parfaite pour la pr\u00e9paration de commandes. Pr\u00e9paration de commandes ergonomique gr\u00e2ce \u00e0 la table \u00e9l\u00e9vatrice. Contactez-Nous!","breadcrumb":{"@id":"https:\/\/www.alucomfort.be\/product\/stockmaster-lift-truk\/#breadcrumb"},"inLanguage":"fr-FR","potentialAction":[{"@type":"ReadAction","target":["https:\/\/www.alucomfort.be\/product\/stockmaster-lift-truk\/"]}]},{"@type":"ImageObject","inLanguage":"fr-FR","@id":"https:\/\/www.alucomfort.be\/product\/stockmaster-lift-truk\/#primaryimage","url":"https:\/\/www.alucomfort.be\/wp-content\/uploads\/Stockmaster-Lift-Truk.jpg","contentUrl":"https:\/\/www.alucomfort.be\/wp-content\/uploads\/Stockmaster-Lift-Truk.jpg","width":800,"height":800,"caption":"Stockmaster Lift Truk"},{"@type":"BreadcrumbList","@id":"https:\/\/www.alucomfort.be\/product\/stockmaster-lift-truk\/#breadcrumb","itemListElement":[{"@type":"ListItem","position":1,"name":"Home","item":"https:\/\/www.alucomfort.be\/fr\/"},{"@type":"ListItem","position":2,"name":"Producten","item":"https:\/\/www.alucomfort.be\/producten\/"},{"@type":"ListItem","position":3,"name":"Stockmaster Lift-Truk"}]},{"@type":"WebSite","@id":"https:\/\/www.alucomfort.be\/#website","url":"https:\/\/www.alucomfort.be\/","name":"Alu Comfort","description":"","potentialAction":[{"@type":"SearchAction","target":{"@type":"EntryPoint","urlTemplate":"https:\/\/www.alucomfort.be\/?s={search_term_string}"},"query-input":{"@type":"PropertyValueSpecification","valueRequired":true,"valueName":"search_term_string"}}],"inLanguage":"fr-FR"}]}},"_links":{"self":[{"href":"https:\/\/www.alucomfort.be\/fr\/wp-json\/wp\/v2\/product\/222551","targetHints":{"allow":["GET"]}}],"collection":[{"href":"https:\/\/www.alucomfort.be\/fr\/wp-json\/wp\/v2\/product"}],"about":[{"href":"https:\/\/www.alucomfort.be\/fr\/wp-json\/wp\/v2\/types\/product"}],"wp:featuredmedia":[{"embeddable":true,"href":"https:\/\/www.alucomfort.be\/fr\/wp-json\/wp\/v2\/media\/217387"}],"wp:attachment":[{"href":"https:\/\/www.alucomfort.be\/fr\/wp-json\/wp\/v2\/media?parent=222551"}],"wp:term":[{"taxonomy":"product_brand","embeddable":true,"href":"https:\/\/www.alucomfort.be\/fr\/wp-json\/wp\/v2\/product_brand?post=222551"},{"taxonomy":"product_cat","embeddable":true,"href":"https:\/\/www.alucomfort.be\/fr\/wp-json\/wp\/v2\/product_cat?post=222551"},{"taxonomy":"product_tag","embeddable":true,"href":"https:\/\/www.alucomfort.be\/fr\/wp-json\/wp\/v2\/product_tag?post=222551"}],"curies":[{"name":"wp","href":"https:\/\/api.w.org\/{rel}","templated":true}]}}