

{"id":222601,"date":"2025-01-07T15:42:52","date_gmt":"2025-01-07T13:42:52","guid":{"rendered":"https:\/\/www.alucomfort.be\/product\/stockmaster-tracker-2\/"},"modified":"2025-01-07T15:44:07","modified_gmt":"2025-01-07T13:44:07","slug":"stockmaster-tracker-2","status":"publish","type":"product","link":"https:\/\/www.alucomfort.be\/fr\/product\/stockmaster-tracker-2\/","title":{"rendered":"StockMaster Tracker"},"content":{"rendered":"<p>* Plateforme de travail mobile polyvalente et facile \u00e0 utiliser.  Id\u00e9ale sur des sols irr\u00e9guliers, des pentes et pour une utilisation en ext\u00e9rieur gr\u00e2ce \u00e0 ses grandes roues, * Facile \u00e0 d\u00e9placer gr\u00e2ce \u00e0 la poign\u00e9e, * Livr\u00e9e en standard sans porte (Auto-Gate) et avec un c\u00f4t\u00e9 rabattable (Rota-Gate), *  Optionnellement disponible avec Rota-Gate. Rambarde rabattable du c\u00f4t\u00e9 droit. Tr\u00e8s pratique pour, par exemple, retirer des marchandises des \u00e9tag\u00e8res, * Optionnellement disponible avec Auto-Gate. Fermeture pratique de la plateforme, * Conforme \u00e0 la norme DIN EN 131-7 et \u00e0 la directive europ\u00e9enne sur la s\u00e9curit\u00e9 2001\/45\/CEE.<\/p>\n","protected":false},"excerpt":{"rendered":"<p>Escalier plateforme StockMaster pour terrain accident\u00e9.<\/p>\n","protected":false},"featured_media":217398,"template":"","meta":{"_acf_changed":false},"product_brand":[],"product_cat":[9136],"product_tag":[],"class_list":{"0":"post-222601","1":"product","2":"type-product","3":"status-publish","4":"has-post-thumbnail","6":"product_cat-escaliers-a-plate-forme-mobile-stockmaster","8":"first","9":"outofstock","10":"taxable","11":"shipping-taxable","12":"purchasable","13":"product-type-variable"},"acf":[],"yoast_head":"<!-- This site is optimized with the Yoast SEO plugin v24.8.1 - https:\/\/yoast.com\/wordpress\/plugins\/seo\/ -->\n<title>Stockmaster Tracker | Alu Comfort | Escaliers industriels<\/title>\n<meta name=\"description\" content=\"L&#039;escalier plateforme StockMaster Tracker. Parfait pour une utilisation sur des terrains irr\u00e9guliers. L&#039;escalier roulant de stockage le plus s\u00fbr. Facile \u00e0 d\u00e9placer. Contactez-nous maintenant !\" \/>\n<meta name=\"robots\" content=\"index, follow, max-snippet:-1, max-image-preview:large, max-video-preview:-1\" \/>\n<link rel=\"canonical\" href=\"https:\/\/www.alucomfort.be\/product\/stockmaster-tracker\/\" \/>\n<meta property=\"og:locale\" content=\"fr_FR\" \/>\n<meta property=\"og:type\" content=\"article\" \/>\n<meta property=\"og:title\" content=\"Stockmaster Tracker | Alu Comfort | Escaliers industriels\" \/>\n<meta property=\"og:description\" content=\"L&#039;escalier plateforme StockMaster Tracker. Parfait pour une utilisation sur des terrains irr\u00e9guliers. L&#039;escalier roulant de stockage le plus s\u00fbr. Facile \u00e0 d\u00e9placer. Contactez-nous maintenant !\" \/>\n<meta property=\"og:url\" content=\"https:\/\/www.alucomfort.be\/product\/stockmaster-tracker\/\" \/>\n<meta property=\"og:site_name\" content=\"Alu Comfort\" \/>\n<meta property=\"article:modified_time\" content=\"2025-01-07T13:44:07+00:00\" \/>\n<meta property=\"og:image\" content=\"https:\/\/www.alucomfort.be\/wp-content\/uploads\/StockMaster-Tracker-Bordestrap.png\" \/>\n\t<meta property=\"og:image:width\" content=\"768\" \/>\n\t<meta property=\"og:image:height\" content=\"1152\" \/>\n\t<meta property=\"og:image:type\" content=\"image\/png\" \/>\n<meta name=\"twitter:card\" content=\"summary_large_image\" \/>\n<script type=\"application\/ld+json\" class=\"yoast-schema-graph\">{\"@context\":\"https:\/\/schema.org\",\"@graph\":[{\"@type\":\"WebPage\",\"@id\":\"https:\/\/www.alucomfort.be\/product\/stockmaster-tracker\/\",\"url\":\"https:\/\/www.alucomfort.be\/product\/stockmaster-tracker\/\",\"name\":\"Stockmaster Tracker | Alu Comfort | Escaliers industriels\",\"isPartOf\":{\"@id\":\"https:\/\/www.alucomfort.be\/#website\"},\"primaryImageOfPage\":{\"@id\":\"https:\/\/www.alucomfort.be\/product\/stockmaster-tracker\/#primaryimage\"},\"image\":{\"@id\":\"https:\/\/www.alucomfort.be\/product\/stockmaster-tracker\/#primaryimage\"},\"thumbnailUrl\":\"https:\/\/www.alucomfort.be\/wp-content\/uploads\/StockMaster-Tracker-Bordestrap.png\",\"datePublished\":\"2025-01-07T13:42:52+00:00\",\"dateModified\":\"2025-01-07T13:44:07+00:00\",\"description\":\"L'escalier plateforme StockMaster Tracker. Parfait pour une utilisation sur des terrains irr\u00e9guliers. L'escalier roulant de stockage le plus s\u00fbr. Facile \u00e0 d\u00e9placer. Contactez-nous maintenant !\",\"breadcrumb\":{\"@id\":\"https:\/\/www.alucomfort.be\/product\/stockmaster-tracker\/#breadcrumb\"},\"inLanguage\":\"fr-FR\",\"potentialAction\":[{\"@type\":\"ReadAction\",\"target\":[\"https:\/\/www.alucomfort.be\/product\/stockmaster-tracker\/\"]}]},{\"@type\":\"ImageObject\",\"inLanguage\":\"fr-FR\",\"@id\":\"https:\/\/www.alucomfort.be\/product\/stockmaster-tracker\/#primaryimage\",\"url\":\"https:\/\/www.alucomfort.be\/wp-content\/uploads\/StockMaster-Tracker-Bordestrap.png\",\"contentUrl\":\"https:\/\/www.alucomfort.be\/wp-content\/uploads\/StockMaster-Tracker-Bordestrap.png\",\"width\":768,\"height\":1152,\"caption\":\"StockMaster Tracker Bordestrap\"},{\"@type\":\"BreadcrumbList\",\"@id\":\"https:\/\/www.alucomfort.be\/product\/stockmaster-tracker\/#breadcrumb\",\"itemListElement\":[{\"@type\":\"ListItem\",\"position\":1,\"name\":\"Home\",\"item\":\"https:\/\/www.alucomfort.be\/fr\/\"},{\"@type\":\"ListItem\",\"position\":2,\"name\":\"Producten\",\"item\":\"https:\/\/www.alucomfort.be\/producten\/\"},{\"@type\":\"ListItem\",\"position\":3,\"name\":\"StockMaster Tracker\"}]},{\"@type\":\"WebSite\",\"@id\":\"https:\/\/www.alucomfort.be\/#website\",\"url\":\"https:\/\/www.alucomfort.be\/\",\"name\":\"Alu Comfort\",\"description\":\"\",\"potentialAction\":[{\"@type\":\"SearchAction\",\"target\":{\"@type\":\"EntryPoint\",\"urlTemplate\":\"https:\/\/www.alucomfort.be\/?s={search_term_string}\"},\"query-input\":{\"@type\":\"PropertyValueSpecification\",\"valueRequired\":true,\"valueName\":\"search_term_string\"}}],\"inLanguage\":\"fr-FR\"}]}<\/script>\n<!-- \/ Yoast SEO plugin. -->","yoast_head_json":{"title":"Stockmaster Tracker | Alu Comfort | Escaliers industriels","description":"L'escalier plateforme StockMaster Tracker. Parfait pour une utilisation sur des terrains irr\u00e9guliers. L'escalier roulant de stockage le plus s\u00fbr. Facile \u00e0 d\u00e9placer. Contactez-nous maintenant !","robots":{"index":"index","follow":"follow","max-snippet":"max-snippet:-1","max-image-preview":"max-image-preview:large","max-video-preview":"max-video-preview:-1"},"canonical":"https:\/\/www.alucomfort.be\/product\/stockmaster-tracker\/","og_locale":"fr_FR","og_type":"article","og_title":"Stockmaster Tracker | Alu Comfort | Escaliers industriels","og_description":"L'escalier plateforme StockMaster Tracker. Parfait pour une utilisation sur des terrains irr\u00e9guliers. L'escalier roulant de stockage le plus s\u00fbr. Facile \u00e0 d\u00e9placer. Contactez-nous maintenant !","og_url":"https:\/\/www.alucomfort.be\/product\/stockmaster-tracker\/","og_site_name":"Alu Comfort","article_modified_time":"2025-01-07T13:44:07+00:00","og_image":[{"width":768,"height":1152,"url":"https:\/\/www.alucomfort.be\/wp-content\/uploads\/StockMaster-Tracker-Bordestrap.png","type":"image\/png"}],"twitter_card":"summary_large_image","schema":{"@context":"https:\/\/schema.org","@graph":[{"@type":"WebPage","@id":"https:\/\/www.alucomfort.be\/product\/stockmaster-tracker\/","url":"https:\/\/www.alucomfort.be\/product\/stockmaster-tracker\/","name":"Stockmaster Tracker | Alu Comfort | Escaliers industriels","isPartOf":{"@id":"https:\/\/www.alucomfort.be\/#website"},"primaryImageOfPage":{"@id":"https:\/\/www.alucomfort.be\/product\/stockmaster-tracker\/#primaryimage"},"image":{"@id":"https:\/\/www.alucomfort.be\/product\/stockmaster-tracker\/#primaryimage"},"thumbnailUrl":"https:\/\/www.alucomfort.be\/wp-content\/uploads\/StockMaster-Tracker-Bordestrap.png","datePublished":"2025-01-07T13:42:52+00:00","dateModified":"2025-01-07T13:44:07+00:00","description":"L'escalier plateforme StockMaster Tracker. Parfait pour une utilisation sur des terrains irr\u00e9guliers. L'escalier roulant de stockage le plus s\u00fbr. Facile \u00e0 d\u00e9placer. Contactez-nous maintenant !","breadcrumb":{"@id":"https:\/\/www.alucomfort.be\/product\/stockmaster-tracker\/#breadcrumb"},"inLanguage":"fr-FR","potentialAction":[{"@type":"ReadAction","target":["https:\/\/www.alucomfort.be\/product\/stockmaster-tracker\/"]}]},{"@type":"ImageObject","inLanguage":"fr-FR","@id":"https:\/\/www.alucomfort.be\/product\/stockmaster-tracker\/#primaryimage","url":"https:\/\/www.alucomfort.be\/wp-content\/uploads\/StockMaster-Tracker-Bordestrap.png","contentUrl":"https:\/\/www.alucomfort.be\/wp-content\/uploads\/StockMaster-Tracker-Bordestrap.png","width":768,"height":1152,"caption":"StockMaster Tracker Bordestrap"},{"@type":"BreadcrumbList","@id":"https:\/\/www.alucomfort.be\/product\/stockmaster-tracker\/#breadcrumb","itemListElement":[{"@type":"ListItem","position":1,"name":"Home","item":"https:\/\/www.alucomfort.be\/fr\/"},{"@type":"ListItem","position":2,"name":"Producten","item":"https:\/\/www.alucomfort.be\/producten\/"},{"@type":"ListItem","position":3,"name":"StockMaster Tracker"}]},{"@type":"WebSite","@id":"https:\/\/www.alucomfort.be\/#website","url":"https:\/\/www.alucomfort.be\/","name":"Alu Comfort","description":"","potentialAction":[{"@type":"SearchAction","target":{"@type":"EntryPoint","urlTemplate":"https:\/\/www.alucomfort.be\/?s={search_term_string}"},"query-input":{"@type":"PropertyValueSpecification","valueRequired":true,"valueName":"search_term_string"}}],"inLanguage":"fr-FR"}]}},"_links":{"self":[{"href":"https:\/\/www.alucomfort.be\/fr\/wp-json\/wp\/v2\/product\/222601","targetHints":{"allow":["GET"]}}],"collection":[{"href":"https:\/\/www.alucomfort.be\/fr\/wp-json\/wp\/v2\/product"}],"about":[{"href":"https:\/\/www.alucomfort.be\/fr\/wp-json\/wp\/v2\/types\/product"}],"wp:featuredmedia":[{"embeddable":true,"href":"https:\/\/www.alucomfort.be\/fr\/wp-json\/wp\/v2\/media\/217398"}],"wp:attachment":[{"href":"https:\/\/www.alucomfort.be\/fr\/wp-json\/wp\/v2\/media?parent=222601"}],"wp:term":[{"taxonomy":"product_brand","embeddable":true,"href":"https:\/\/www.alucomfort.be\/fr\/wp-json\/wp\/v2\/product_brand?post=222601"},{"taxonomy":"product_cat","embeddable":true,"href":"https:\/\/www.alucomfort.be\/fr\/wp-json\/wp\/v2\/product_cat?post=222601"},{"taxonomy":"product_tag","embeddable":true,"href":"https:\/\/www.alucomfort.be\/fr\/wp-json\/wp\/v2\/product_tag?post=222601"}],"curies":[{"name":"wp","href":"https:\/\/api.w.org\/{rel}","templated":true}]}}