

{"id":222689,"date":"2025-01-07T15:44:54","date_gmt":"2025-01-07T13:44:54","guid":{"rendered":"https:\/\/www.alucomfort.be\/product\/stockmaster-mezzalad-2\/"},"modified":"2025-01-07T15:45:15","modified_gmt":"2025-01-07T13:45:15","slug":"stockmaster-mezzalad-2","status":"publish","type":"product","link":"https:\/\/www.alucomfort.be\/fr\/product\/stockmaster-mezzalad-2\/","title":{"rendered":"StockMaster Mezzalad"},"content":{"rendered":"<p>* StockMaster Mezzalad. L&rsquo;escalier d&rsquo;acc\u00e8s pour mezzanines, * Pliable lorsqu&rsquo;il n&rsquo;est pas utilis\u00e9, * Tr\u00e8s large (600 mm) avec des rampes de chaque c\u00f4t\u00e9, * Avec une extension en haut pour permettre une mont\u00e9e et une descente en toute s\u00e9curit\u00e9, * Avec une porte d&rsquo;acc\u00e8s en haut, * Des supports optionnels sont disponibles pour la fixation.<\/p>\n","protected":false},"excerpt":{"rendered":"<p>\u00c9chelle pratique pour acc\u00e9der aux mezzanines dans les entrep\u00f4ts<\/p>\n","protected":false},"featured_media":217408,"template":"","meta":{"_acf_changed":false},"product_brand":[],"product_cat":[9136],"product_tag":[],"class_list":{"0":"post-222689","1":"product","2":"type-product","3":"status-publish","4":"has-post-thumbnail","6":"product_cat-escaliers-a-plate-forme-mobile-stockmaster","8":"first","9":"outofstock","10":"taxable","11":"shipping-taxable","12":"purchasable","13":"product-type-variable"},"acf":[],"yoast_head":"<!-- This site is optimized with the Yoast SEO plugin v24.8.1 - https:\/\/yoast.com\/wordpress\/plugins\/seo\/ -->\n<title>Stockmaster Mezzalad | Alu Comfort | Escaliers industriels<\/title>\n<meta name=\"description\" content=\"Stockmaster Mezzalad. L&#039;escalier d&#039;acc\u00e8s s\u00e9curis\u00e9 pour acc\u00e9der aux mezzanines dans les entrep\u00f4ts. Facile \u00e0 replier lorsqu&#039;il n&#039;est pas utilis\u00e9. Contactez-nous maintenant!\" \/>\n<meta name=\"robots\" content=\"index, follow, max-snippet:-1, max-image-preview:large, max-video-preview:-1\" \/>\n<link rel=\"canonical\" href=\"https:\/\/www.alucomfort.be\/product\/stockmaster-mezzalad\/\" \/>\n<meta property=\"og:locale\" content=\"fr_FR\" \/>\n<meta property=\"og:type\" content=\"article\" \/>\n<meta property=\"og:title\" content=\"Stockmaster Mezzalad | Alu Comfort | Escaliers industriels\" \/>\n<meta property=\"og:description\" content=\"Stockmaster Mezzalad. L&#039;escalier d&#039;acc\u00e8s s\u00e9curis\u00e9 pour acc\u00e9der aux mezzanines dans les entrep\u00f4ts. Facile \u00e0 replier lorsqu&#039;il n&#039;est pas utilis\u00e9. Contactez-nous maintenant!\" \/>\n<meta property=\"og:url\" content=\"https:\/\/www.alucomfort.be\/product\/stockmaster-mezzalad\/\" \/>\n<meta property=\"og:site_name\" content=\"Alu Comfort\" \/>\n<meta property=\"article:modified_time\" content=\"2025-01-07T13:45:15+00:00\" \/>\n<meta property=\"og:image\" content=\"https:\/\/www.alucomfort.be\/wp-content\/uploads\/StockMaster-Mezzalad.png\" \/>\n\t<meta property=\"og:image:width\" content=\"487\" \/>\n\t<meta property=\"og:image:height\" content=\"908\" \/>\n\t<meta property=\"og:image:type\" content=\"image\/png\" \/>\n<meta name=\"twitter:card\" content=\"summary_large_image\" \/>\n<script type=\"application\/ld+json\" class=\"yoast-schema-graph\">{\"@context\":\"https:\/\/schema.org\",\"@graph\":[{\"@type\":\"WebPage\",\"@id\":\"https:\/\/www.alucomfort.be\/product\/stockmaster-mezzalad\/\",\"url\":\"https:\/\/www.alucomfort.be\/product\/stockmaster-mezzalad\/\",\"name\":\"Stockmaster Mezzalad | Alu Comfort | Escaliers industriels\",\"isPartOf\":{\"@id\":\"https:\/\/www.alucomfort.be\/#website\"},\"primaryImageOfPage\":{\"@id\":\"https:\/\/www.alucomfort.be\/product\/stockmaster-mezzalad\/#primaryimage\"},\"image\":{\"@id\":\"https:\/\/www.alucomfort.be\/product\/stockmaster-mezzalad\/#primaryimage\"},\"thumbnailUrl\":\"https:\/\/www.alucomfort.be\/wp-content\/uploads\/StockMaster-Mezzalad.png\",\"datePublished\":\"2025-01-07T13:44:54+00:00\",\"dateModified\":\"2025-01-07T13:45:15+00:00\",\"description\":\"Stockmaster Mezzalad. L'escalier d'acc\u00e8s s\u00e9curis\u00e9 pour acc\u00e9der aux mezzanines dans les entrep\u00f4ts. Facile \u00e0 replier lorsqu'il n'est pas utilis\u00e9. Contactez-nous maintenant!\",\"breadcrumb\":{\"@id\":\"https:\/\/www.alucomfort.be\/product\/stockmaster-mezzalad\/#breadcrumb\"},\"inLanguage\":\"fr-FR\",\"potentialAction\":[{\"@type\":\"ReadAction\",\"target\":[\"https:\/\/www.alucomfort.be\/product\/stockmaster-mezzalad\/\"]}]},{\"@type\":\"ImageObject\",\"inLanguage\":\"fr-FR\",\"@id\":\"https:\/\/www.alucomfort.be\/product\/stockmaster-mezzalad\/#primaryimage\",\"url\":\"https:\/\/www.alucomfort.be\/wp-content\/uploads\/StockMaster-Mezzalad.png\",\"contentUrl\":\"https:\/\/www.alucomfort.be\/wp-content\/uploads\/StockMaster-Mezzalad.png\",\"width\":487,\"height\":908,\"caption\":\"StockMaster Mezzalad\"},{\"@type\":\"BreadcrumbList\",\"@id\":\"https:\/\/www.alucomfort.be\/product\/stockmaster-mezzalad\/#breadcrumb\",\"itemListElement\":[{\"@type\":\"ListItem\",\"position\":1,\"name\":\"Home\",\"item\":\"https:\/\/www.alucomfort.be\/fr\/\"},{\"@type\":\"ListItem\",\"position\":2,\"name\":\"Producten\",\"item\":\"https:\/\/www.alucomfort.be\/producten\/\"},{\"@type\":\"ListItem\",\"position\":3,\"name\":\"StockMaster Mezzalad\"}]},{\"@type\":\"WebSite\",\"@id\":\"https:\/\/www.alucomfort.be\/#website\",\"url\":\"https:\/\/www.alucomfort.be\/\",\"name\":\"Alu Comfort\",\"description\":\"\",\"potentialAction\":[{\"@type\":\"SearchAction\",\"target\":{\"@type\":\"EntryPoint\",\"urlTemplate\":\"https:\/\/www.alucomfort.be\/?s={search_term_string}\"},\"query-input\":{\"@type\":\"PropertyValueSpecification\",\"valueRequired\":true,\"valueName\":\"search_term_string\"}}],\"inLanguage\":\"fr-FR\"}]}<\/script>\n<!-- \/ Yoast SEO plugin. -->","yoast_head_json":{"title":"Stockmaster Mezzalad | Alu Comfort | Escaliers industriels","description":"Stockmaster Mezzalad. L'escalier d'acc\u00e8s s\u00e9curis\u00e9 pour acc\u00e9der aux mezzanines dans les entrep\u00f4ts. Facile \u00e0 replier lorsqu'il n'est pas utilis\u00e9. Contactez-nous maintenant!","robots":{"index":"index","follow":"follow","max-snippet":"max-snippet:-1","max-image-preview":"max-image-preview:large","max-video-preview":"max-video-preview:-1"},"canonical":"https:\/\/www.alucomfort.be\/product\/stockmaster-mezzalad\/","og_locale":"fr_FR","og_type":"article","og_title":"Stockmaster Mezzalad | Alu Comfort | Escaliers industriels","og_description":"Stockmaster Mezzalad. L'escalier d'acc\u00e8s s\u00e9curis\u00e9 pour acc\u00e9der aux mezzanines dans les entrep\u00f4ts. Facile \u00e0 replier lorsqu'il n'est pas utilis\u00e9. Contactez-nous maintenant!","og_url":"https:\/\/www.alucomfort.be\/product\/stockmaster-mezzalad\/","og_site_name":"Alu Comfort","article_modified_time":"2025-01-07T13:45:15+00:00","og_image":[{"width":487,"height":908,"url":"https:\/\/www.alucomfort.be\/wp-content\/uploads\/StockMaster-Mezzalad.png","type":"image\/png"}],"twitter_card":"summary_large_image","schema":{"@context":"https:\/\/schema.org","@graph":[{"@type":"WebPage","@id":"https:\/\/www.alucomfort.be\/product\/stockmaster-mezzalad\/","url":"https:\/\/www.alucomfort.be\/product\/stockmaster-mezzalad\/","name":"Stockmaster Mezzalad | Alu Comfort | Escaliers industriels","isPartOf":{"@id":"https:\/\/www.alucomfort.be\/#website"},"primaryImageOfPage":{"@id":"https:\/\/www.alucomfort.be\/product\/stockmaster-mezzalad\/#primaryimage"},"image":{"@id":"https:\/\/www.alucomfort.be\/product\/stockmaster-mezzalad\/#primaryimage"},"thumbnailUrl":"https:\/\/www.alucomfort.be\/wp-content\/uploads\/StockMaster-Mezzalad.png","datePublished":"2025-01-07T13:44:54+00:00","dateModified":"2025-01-07T13:45:15+00:00","description":"Stockmaster Mezzalad. L'escalier d'acc\u00e8s s\u00e9curis\u00e9 pour acc\u00e9der aux mezzanines dans les entrep\u00f4ts. Facile \u00e0 replier lorsqu'il n'est pas utilis\u00e9. Contactez-nous maintenant!","breadcrumb":{"@id":"https:\/\/www.alucomfort.be\/product\/stockmaster-mezzalad\/#breadcrumb"},"inLanguage":"fr-FR","potentialAction":[{"@type":"ReadAction","target":["https:\/\/www.alucomfort.be\/product\/stockmaster-mezzalad\/"]}]},{"@type":"ImageObject","inLanguage":"fr-FR","@id":"https:\/\/www.alucomfort.be\/product\/stockmaster-mezzalad\/#primaryimage","url":"https:\/\/www.alucomfort.be\/wp-content\/uploads\/StockMaster-Mezzalad.png","contentUrl":"https:\/\/www.alucomfort.be\/wp-content\/uploads\/StockMaster-Mezzalad.png","width":487,"height":908,"caption":"StockMaster Mezzalad"},{"@type":"BreadcrumbList","@id":"https:\/\/www.alucomfort.be\/product\/stockmaster-mezzalad\/#breadcrumb","itemListElement":[{"@type":"ListItem","position":1,"name":"Home","item":"https:\/\/www.alucomfort.be\/fr\/"},{"@type":"ListItem","position":2,"name":"Producten","item":"https:\/\/www.alucomfort.be\/producten\/"},{"@type":"ListItem","position":3,"name":"StockMaster Mezzalad"}]},{"@type":"WebSite","@id":"https:\/\/www.alucomfort.be\/#website","url":"https:\/\/www.alucomfort.be\/","name":"Alu Comfort","description":"","potentialAction":[{"@type":"SearchAction","target":{"@type":"EntryPoint","urlTemplate":"https:\/\/www.alucomfort.be\/?s={search_term_string}"},"query-input":{"@type":"PropertyValueSpecification","valueRequired":true,"valueName":"search_term_string"}}],"inLanguage":"fr-FR"}]}},"_links":{"self":[{"href":"https:\/\/www.alucomfort.be\/fr\/wp-json\/wp\/v2\/product\/222689","targetHints":{"allow":["GET"]}}],"collection":[{"href":"https:\/\/www.alucomfort.be\/fr\/wp-json\/wp\/v2\/product"}],"about":[{"href":"https:\/\/www.alucomfort.be\/fr\/wp-json\/wp\/v2\/types\/product"}],"wp:featuredmedia":[{"embeddable":true,"href":"https:\/\/www.alucomfort.be\/fr\/wp-json\/wp\/v2\/media\/217408"}],"wp:attachment":[{"href":"https:\/\/www.alucomfort.be\/fr\/wp-json\/wp\/v2\/media?parent=222689"}],"wp:term":[{"taxonomy":"product_brand","embeddable":true,"href":"https:\/\/www.alucomfort.be\/fr\/wp-json\/wp\/v2\/product_brand?post=222689"},{"taxonomy":"product_cat","embeddable":true,"href":"https:\/\/www.alucomfort.be\/fr\/wp-json\/wp\/v2\/product_cat?post=222689"},{"taxonomy":"product_tag","embeddable":true,"href":"https:\/\/www.alucomfort.be\/fr\/wp-json\/wp\/v2\/product_tag?post=222689"}],"curies":[{"name":"wp","href":"https:\/\/api.w.org\/{rel}","templated":true}]}}