

{"id":222787,"date":"2025-02-11T13:49:28","date_gmt":"2025-02-11T11:49:28","guid":{"rendered":"https:\/\/www.alucomfort.be\/product\/thermoplongeur-ibc\/"},"modified":"2026-05-06T00:31:23","modified_gmt":"2026-05-05T22:31:23","slug":"thermoplongeur-ibc","status":"publish","type":"product","link":"https:\/\/www.alucomfort.be\/fr\/product\/thermoplongeur-ibc\/","title":{"rendered":"Thermoplongeur IBC"},"content":{"rendered":"<p>* Un chauffage uniforme et s\u00e9curis\u00e9, * Une efficacit\u00e9 thermique maximale, * 0-90\u00b0, * 230V, 2000 W, * Diam. 100 mm\u00a0<\/p>\n","protected":false},"excerpt":{"rendered":"<p>* Un chauffage uniforme et s\u00e9curis\u00e9, * Une efficacit\u00e9 thermique maximale, * 0-90\u00b0, * 230V, 2000 W, * Diam. 100 mm\u00a0<\/p>\n","protected":false},"featured_media":222782,"template":"","meta":{"_acf_changed":false},"product_brand":[],"product_cat":[9004],"product_tag":[],"class_list":{"0":"post-222787","1":"product","2":"type-product","3":"status-publish","4":"has-post-thumbnail","6":"product_cat-chauffage-conteneurs-ibc","8":"first","9":"instock","10":"taxable","11":"shipping-taxable","12":"purchasable","13":"product-type-simple"},"acf":[],"yoast_head":"<!-- This site is optimized with the Yoast SEO plugin v24.8.1 - https:\/\/yoast.com\/wordpress\/plugins\/seo\/ -->\n<title>D\u00e9couvrez le Thermoplongeur IBC | Alu Comfort | Chauffage rapide!<\/title>\n<meta name=\"description\" content=\"Besoin d&#039;un r\u00e9chauffement ultra-rapide ? Le thermoplongeur chauffe vos liquides directement de l&#039;int\u00e9rieur. La m\u00e9thode la plus efficace pour un chauffage express. Commandez !\" \/>\n<meta name=\"robots\" content=\"index, follow, max-snippet:-1, max-image-preview:large, max-video-preview:-1\" \/>\n<link rel=\"canonical\" href=\"https:\/\/www.alucomfort.be\/product\/dompelverwarmer-voor-ibc-containers\/\" \/>\n<meta property=\"og:locale\" content=\"fr_FR\" \/>\n<meta property=\"og:type\" content=\"article\" \/>\n<meta property=\"og:title\" content=\"D\u00e9couvrez le Thermoplongeur IBC | Alu Comfort | Chauffage rapide!\" \/>\n<meta property=\"og:description\" content=\"Besoin d&#039;un r\u00e9chauffement ultra-rapide ? Le thermoplongeur chauffe vos liquides directement de l&#039;int\u00e9rieur. La m\u00e9thode la plus efficace pour un chauffage express. Commandez !\" \/>\n<meta property=\"og:url\" content=\"https:\/\/www.alucomfort.be\/product\/dompelverwarmer-voor-ibc-containers\/\" \/>\n<meta property=\"og:site_name\" content=\"Alu Comfort\" \/>\n<meta property=\"article:modified_time\" content=\"2026-05-05T22:31:23+00:00\" \/>\n<meta property=\"og:image\" content=\"https:\/\/www.alucomfort.be\/wp-content\/uploads\/Dompelverwarmer-IBC-Kubitainer-Cubitainer.jpg\" \/>\n\t<meta property=\"og:image:width\" content=\"1000\" \/>\n\t<meta property=\"og:image:height\" content=\"1000\" \/>\n\t<meta property=\"og:image:type\" content=\"image\/jpeg\" \/>\n<meta name=\"twitter:card\" content=\"summary_large_image\" \/>\n<script type=\"application\/ld+json\" class=\"yoast-schema-graph\">{\"@context\":\"https:\/\/schema.org\",\"@graph\":[{\"@type\":\"WebPage\",\"@id\":\"https:\/\/www.alucomfort.be\/product\/dompelverwarmer-voor-ibc-containers\/\",\"url\":\"https:\/\/www.alucomfort.be\/product\/dompelverwarmer-voor-ibc-containers\/\",\"name\":\"D\u00e9couvrez le Thermoplongeur IBC | Alu Comfort | Chauffage rapide!\",\"isPartOf\":{\"@id\":\"https:\/\/www.alucomfort.be\/#website\"},\"primaryImageOfPage\":{\"@id\":\"https:\/\/www.alucomfort.be\/product\/dompelverwarmer-voor-ibc-containers\/#primaryimage\"},\"image\":{\"@id\":\"https:\/\/www.alucomfort.be\/product\/dompelverwarmer-voor-ibc-containers\/#primaryimage\"},\"thumbnailUrl\":\"https:\/\/www.alucomfort.be\/wp-content\/uploads\/Dompelverwarmer-IBC-Kubitainer-Cubitainer.jpg\",\"datePublished\":\"2025-02-11T11:49:28+00:00\",\"dateModified\":\"2026-05-05T22:31:23+00:00\",\"description\":\"Besoin d'un r\u00e9chauffement ultra-rapide ? Le thermoplongeur chauffe vos liquides directement de l'int\u00e9rieur. La m\u00e9thode la plus efficace pour un chauffage express. Commandez !\",\"breadcrumb\":{\"@id\":\"https:\/\/www.alucomfort.be\/product\/dompelverwarmer-voor-ibc-containers\/#breadcrumb\"},\"inLanguage\":\"fr-FR\",\"potentialAction\":[{\"@type\":\"ReadAction\",\"target\":[\"https:\/\/www.alucomfort.be\/product\/dompelverwarmer-voor-ibc-containers\/\"]}]},{\"@type\":\"ImageObject\",\"inLanguage\":\"fr-FR\",\"@id\":\"https:\/\/www.alucomfort.be\/product\/dompelverwarmer-voor-ibc-containers\/#primaryimage\",\"url\":\"https:\/\/www.alucomfort.be\/wp-content\/uploads\/Dompelverwarmer-IBC-Kubitainer-Cubitainer.jpg\",\"contentUrl\":\"https:\/\/www.alucomfort.be\/wp-content\/uploads\/Dompelverwarmer-IBC-Kubitainer-Cubitainer.jpg\",\"width\":1000,\"height\":1000,\"caption\":\"Dompelverwarmer IBC Kubitainer Cubitainer\"},{\"@type\":\"BreadcrumbList\",\"@id\":\"https:\/\/www.alucomfort.be\/product\/dompelverwarmer-voor-ibc-containers\/#breadcrumb\",\"itemListElement\":[{\"@type\":\"ListItem\",\"position\":1,\"name\":\"Home\",\"item\":\"https:\/\/www.alucomfort.be\/fr\/\"},{\"@type\":\"ListItem\",\"position\":2,\"name\":\"Producten\",\"item\":\"https:\/\/www.alucomfort.be\/producten\/\"},{\"@type\":\"ListItem\",\"position\":3,\"name\":\"Thermoplongeur IBC\"}]},{\"@type\":\"WebSite\",\"@id\":\"https:\/\/www.alucomfort.be\/#website\",\"url\":\"https:\/\/www.alucomfort.be\/\",\"name\":\"Alu Comfort\",\"description\":\"\",\"potentialAction\":[{\"@type\":\"SearchAction\",\"target\":{\"@type\":\"EntryPoint\",\"urlTemplate\":\"https:\/\/www.alucomfort.be\/?s={search_term_string}\"},\"query-input\":{\"@type\":\"PropertyValueSpecification\",\"valueRequired\":true,\"valueName\":\"search_term_string\"}}],\"inLanguage\":\"fr-FR\"}]}<\/script>\n<!-- \/ Yoast SEO plugin. -->","yoast_head_json":{"title":"D\u00e9couvrez le Thermoplongeur IBC | Alu Comfort | Chauffage rapide!","description":"Besoin d'un r\u00e9chauffement ultra-rapide ? Le thermoplongeur chauffe vos liquides directement de l'int\u00e9rieur. La m\u00e9thode la plus efficace pour un chauffage express. Commandez !","robots":{"index":"index","follow":"follow","max-snippet":"max-snippet:-1","max-image-preview":"max-image-preview:large","max-video-preview":"max-video-preview:-1"},"canonical":"https:\/\/www.alucomfort.be\/product\/dompelverwarmer-voor-ibc-containers\/","og_locale":"fr_FR","og_type":"article","og_title":"D\u00e9couvrez le Thermoplongeur IBC | Alu Comfort | Chauffage rapide!","og_description":"Besoin d'un r\u00e9chauffement ultra-rapide ? Le thermoplongeur chauffe vos liquides directement de l'int\u00e9rieur. La m\u00e9thode la plus efficace pour un chauffage express. Commandez !","og_url":"https:\/\/www.alucomfort.be\/product\/dompelverwarmer-voor-ibc-containers\/","og_site_name":"Alu Comfort","article_modified_time":"2026-05-05T22:31:23+00:00","og_image":[{"width":1000,"height":1000,"url":"https:\/\/www.alucomfort.be\/wp-content\/uploads\/Dompelverwarmer-IBC-Kubitainer-Cubitainer.jpg","type":"image\/jpeg"}],"twitter_card":"summary_large_image","schema":{"@context":"https:\/\/schema.org","@graph":[{"@type":"WebPage","@id":"https:\/\/www.alucomfort.be\/product\/dompelverwarmer-voor-ibc-containers\/","url":"https:\/\/www.alucomfort.be\/product\/dompelverwarmer-voor-ibc-containers\/","name":"D\u00e9couvrez le Thermoplongeur IBC | Alu Comfort | Chauffage rapide!","isPartOf":{"@id":"https:\/\/www.alucomfort.be\/#website"},"primaryImageOfPage":{"@id":"https:\/\/www.alucomfort.be\/product\/dompelverwarmer-voor-ibc-containers\/#primaryimage"},"image":{"@id":"https:\/\/www.alucomfort.be\/product\/dompelverwarmer-voor-ibc-containers\/#primaryimage"},"thumbnailUrl":"https:\/\/www.alucomfort.be\/wp-content\/uploads\/Dompelverwarmer-IBC-Kubitainer-Cubitainer.jpg","datePublished":"2025-02-11T11:49:28+00:00","dateModified":"2026-05-05T22:31:23+00:00","description":"Besoin d'un r\u00e9chauffement ultra-rapide ? Le thermoplongeur chauffe vos liquides directement de l'int\u00e9rieur. La m\u00e9thode la plus efficace pour un chauffage express. Commandez !","breadcrumb":{"@id":"https:\/\/www.alucomfort.be\/product\/dompelverwarmer-voor-ibc-containers\/#breadcrumb"},"inLanguage":"fr-FR","potentialAction":[{"@type":"ReadAction","target":["https:\/\/www.alucomfort.be\/product\/dompelverwarmer-voor-ibc-containers\/"]}]},{"@type":"ImageObject","inLanguage":"fr-FR","@id":"https:\/\/www.alucomfort.be\/product\/dompelverwarmer-voor-ibc-containers\/#primaryimage","url":"https:\/\/www.alucomfort.be\/wp-content\/uploads\/Dompelverwarmer-IBC-Kubitainer-Cubitainer.jpg","contentUrl":"https:\/\/www.alucomfort.be\/wp-content\/uploads\/Dompelverwarmer-IBC-Kubitainer-Cubitainer.jpg","width":1000,"height":1000,"caption":"Dompelverwarmer IBC Kubitainer Cubitainer"},{"@type":"BreadcrumbList","@id":"https:\/\/www.alucomfort.be\/product\/dompelverwarmer-voor-ibc-containers\/#breadcrumb","itemListElement":[{"@type":"ListItem","position":1,"name":"Home","item":"https:\/\/www.alucomfort.be\/fr\/"},{"@type":"ListItem","position":2,"name":"Producten","item":"https:\/\/www.alucomfort.be\/producten\/"},{"@type":"ListItem","position":3,"name":"Thermoplongeur IBC"}]},{"@type":"WebSite","@id":"https:\/\/www.alucomfort.be\/#website","url":"https:\/\/www.alucomfort.be\/","name":"Alu Comfort","description":"","potentialAction":[{"@type":"SearchAction","target":{"@type":"EntryPoint","urlTemplate":"https:\/\/www.alucomfort.be\/?s={search_term_string}"},"query-input":{"@type":"PropertyValueSpecification","valueRequired":true,"valueName":"search_term_string"}}],"inLanguage":"fr-FR"}]}},"_links":{"self":[{"href":"https:\/\/www.alucomfort.be\/fr\/wp-json\/wp\/v2\/product\/222787","targetHints":{"allow":["GET"]}}],"collection":[{"href":"https:\/\/www.alucomfort.be\/fr\/wp-json\/wp\/v2\/product"}],"about":[{"href":"https:\/\/www.alucomfort.be\/fr\/wp-json\/wp\/v2\/types\/product"}],"wp:featuredmedia":[{"embeddable":true,"href":"https:\/\/www.alucomfort.be\/fr\/wp-json\/wp\/v2\/media\/222782"}],"wp:attachment":[{"href":"https:\/\/www.alucomfort.be\/fr\/wp-json\/wp\/v2\/media?parent=222787"}],"wp:term":[{"taxonomy":"product_brand","embeddable":true,"href":"https:\/\/www.alucomfort.be\/fr\/wp-json\/wp\/v2\/product_brand?post=222787"},{"taxonomy":"product_cat","embeddable":true,"href":"https:\/\/www.alucomfort.be\/fr\/wp-json\/wp\/v2\/product_cat?post=222787"},{"taxonomy":"product_tag","embeddable":true,"href":"https:\/\/www.alucomfort.be\/fr\/wp-json\/wp\/v2\/product_tag?post=222787"}],"curies":[{"name":"wp","href":"https:\/\/api.w.org\/{rel}","templated":true}]}}