

{"id":222846,"date":"2025-02-19T18:07:52","date_gmt":"2025-02-19T16:07:52","guid":{"rendered":"https:\/\/www.alucomfort.be\/product\/escalier-stationnaire-en-polyester-renforce-de-fibre-de-verre\/"},"modified":"2025-02-19T18:07:52","modified_gmt":"2025-02-19T16:07:52","slug":"escalier-stationnaire-en-polyester-renforce-de-fibre-de-verre","status":"publish","type":"product","link":"https:\/\/www.alucomfort.be\/fr\/product\/escalier-stationnaire-en-polyester-renforce-de-fibre-de-verre\/","title":{"rendered":"Escalier stationnaire en polyester renforc\u00e9 de fibre de verre"},"content":{"rendered":"<p>* Escalier industriel l\u00e9ger en fibre de verre pour acc\u00e8s aux machines (PRV), * Fabrication dans le respect de la norme DIN EN ISO 14122-3, * Sp\u00e9cifique pour une utilisation dans les environnements chimiques agressifs, les installations \u00e9lectriques et \u00e0 proximit\u00e9 des \u00e9quipements d&rsquo;\u00e9mission (solution transparente RF), * L&rsquo;escalier est test\u00e9 pour une utilisation \u00e0 30 000 volts.  Qualit\u00e9 sup\u00e9rieure d&rsquo;isolation \u00e9lectrique: 13,5 kV\/cm. * Des qualit\u00e9s stables entre -20\u00b0 et 120\u00b0C.  Isolation thermal: 0,58 W\/mK, * Avec rampe en PRV d&rsquo;un c\u00f4t\u00e9 au choix ou des deux c\u00f4t\u00e9s, * 12 marches maximum (ou diff\u00e9rence de hauteur verticale de 3 m\u00e8tres), * Disponible sur mesure.  Veuillez prendre contacte avec nous!<\/p>\n","protected":false},"excerpt":{"rendered":"<p>L&rsquo;escalier isolant en fibre de verre est con\u00e7u sp\u00e9cialement pour les \u00e9lectriciens, l&rsquo;industrie chimique et l&rsquo;industrie alimentaire<\/p>\n","protected":false},"featured_media":222839,"template":"","meta":{"_acf_changed":false},"product_brand":[],"product_cat":[2218],"product_tag":[],"class_list":{"0":"post-222846","1":"product","2":"type-product","3":"status-publish","4":"has-post-thumbnail","6":"product_cat-escaliers-fixes","8":"first","9":"instock","10":"taxable","11":"shipping-taxable","12":"purchasable","13":"product-type-simple"},"acf":[],"yoast_head":"<!-- This site is optimized with the Yoast SEO plugin v24.8.1 - https:\/\/yoast.com\/wordpress\/plugins\/seo\/ -->\n<title>Escalier industriel | Alu Comfort |Escalier PRV<\/title>\n<meta name=\"description\" content=\"Besoin d&#039;une \u00e9chelle industrielle en fibre de verre pour l&#039;industrie chimique ou \u00e9lectrique? Durable, s\u00e9curis\u00e9e, r\u00e9sistante \u00e0 la corrosion et hautement isolante. Contactez Alu Comfort d\u00e8s maintenant!\" \/>\n<meta name=\"robots\" content=\"index, follow, max-snippet:-1, max-image-preview:large, max-video-preview:-1\" \/>\n<link rel=\"canonical\" href=\"https:\/\/www.alucomfort.be\/product\/glasvezelversterke-kunststof-industrietrap\/\" \/>\n<meta property=\"og:locale\" content=\"fr_FR\" \/>\n<meta property=\"og:type\" content=\"article\" \/>\n<meta property=\"og:title\" content=\"Escalier industriel | Alu Comfort |Escalier PRV\" \/>\n<meta property=\"og:description\" content=\"Besoin d&#039;une \u00e9chelle industrielle en fibre de verre pour l&#039;industrie chimique ou \u00e9lectrique? Durable, s\u00e9curis\u00e9e, r\u00e9sistante \u00e0 la corrosion et hautement isolante. Contactez Alu Comfort d\u00e8s maintenant!\" \/>\n<meta property=\"og:url\" content=\"https:\/\/www.alucomfort.be\/product\/glasvezelversterke-kunststof-industrietrap\/\" \/>\n<meta property=\"og:site_name\" content=\"Alu Comfort\" \/>\n<meta property=\"og:image\" content=\"https:\/\/www.alucomfort.be\/wp-content\/uploads\/Escalier-en-fibre-de-verre-PRV.jpeg\" \/>\n\t<meta property=\"og:image:width\" content=\"750\" \/>\n\t<meta property=\"og:image:height\" content=\"1000\" \/>\n\t<meta property=\"og:image:type\" content=\"image\/jpeg\" \/>\n<meta name=\"twitter:card\" content=\"summary_large_image\" \/>\n<meta name=\"twitter:label1\" content=\"Dur\u00e9e de lecture estim\u00e9e\" \/>\n\t<meta name=\"twitter:data1\" content=\"1 minute\" \/>\n<script type=\"application\/ld+json\" class=\"yoast-schema-graph\">{\"@context\":\"https:\/\/schema.org\",\"@graph\":[{\"@type\":\"WebPage\",\"@id\":\"https:\/\/www.alucomfort.be\/product\/glasvezelversterke-kunststof-industrietrap\/\",\"url\":\"https:\/\/www.alucomfort.be\/product\/glasvezelversterke-kunststof-industrietrap\/\",\"name\":\"Escalier industriel | Alu Comfort |Escalier PRV\",\"isPartOf\":{\"@id\":\"https:\/\/www.alucomfort.be\/#website\"},\"primaryImageOfPage\":{\"@id\":\"https:\/\/www.alucomfort.be\/product\/glasvezelversterke-kunststof-industrietrap\/#primaryimage\"},\"image\":{\"@id\":\"https:\/\/www.alucomfort.be\/product\/glasvezelversterke-kunststof-industrietrap\/#primaryimage\"},\"thumbnailUrl\":\"https:\/\/www.alucomfort.be\/wp-content\/uploads\/Escalier-en-fibre-de-verre-PRV.jpeg\",\"datePublished\":\"2025-02-19T16:07:52+00:00\",\"description\":\"Besoin d'une \u00e9chelle industrielle en fibre de verre pour l'industrie chimique ou \u00e9lectrique? Durable, s\u00e9curis\u00e9e, r\u00e9sistante \u00e0 la corrosion et hautement isolante. Contactez Alu Comfort d\u00e8s maintenant!\",\"breadcrumb\":{\"@id\":\"https:\/\/www.alucomfort.be\/product\/glasvezelversterke-kunststof-industrietrap\/#breadcrumb\"},\"inLanguage\":\"fr-FR\",\"potentialAction\":[{\"@type\":\"ReadAction\",\"target\":[\"https:\/\/www.alucomfort.be\/product\/glasvezelversterke-kunststof-industrietrap\/\"]}]},{\"@type\":\"ImageObject\",\"inLanguage\":\"fr-FR\",\"@id\":\"https:\/\/www.alucomfort.be\/product\/glasvezelversterke-kunststof-industrietrap\/#primaryimage\",\"url\":\"https:\/\/www.alucomfort.be\/wp-content\/uploads\/Escalier-en-fibre-de-verre-PRV.jpeg\",\"contentUrl\":\"https:\/\/www.alucomfort.be\/wp-content\/uploads\/Escalier-en-fibre-de-verre-PRV.jpeg\",\"width\":750,\"height\":1000,\"caption\":\"Escalier en fibre de verre PRV\"},{\"@type\":\"BreadcrumbList\",\"@id\":\"https:\/\/www.alucomfort.be\/product\/glasvezelversterke-kunststof-industrietrap\/#breadcrumb\",\"itemListElement\":[{\"@type\":\"ListItem\",\"position\":1,\"name\":\"Home\",\"item\":\"https:\/\/www.alucomfort.be\/fr\/\"},{\"@type\":\"ListItem\",\"position\":2,\"name\":\"Producten\",\"item\":\"https:\/\/www.alucomfort.be\/producten\/\"},{\"@type\":\"ListItem\",\"position\":3,\"name\":\"Escalier stationnaire en polyester renforc\u00e9 de fibre de verre\"}]},{\"@type\":\"WebSite\",\"@id\":\"https:\/\/www.alucomfort.be\/#website\",\"url\":\"https:\/\/www.alucomfort.be\/\",\"name\":\"Alu Comfort\",\"description\":\"\",\"potentialAction\":[{\"@type\":\"SearchAction\",\"target\":{\"@type\":\"EntryPoint\",\"urlTemplate\":\"https:\/\/www.alucomfort.be\/?s={search_term_string}\"},\"query-input\":{\"@type\":\"PropertyValueSpecification\",\"valueRequired\":true,\"valueName\":\"search_term_string\"}}],\"inLanguage\":\"fr-FR\"}]}<\/script>\n<!-- \/ Yoast SEO plugin. -->","yoast_head_json":{"title":"Escalier industriel | Alu Comfort |Escalier PRV","description":"Besoin d'une \u00e9chelle industrielle en fibre de verre pour l'industrie chimique ou \u00e9lectrique? Durable, s\u00e9curis\u00e9e, r\u00e9sistante \u00e0 la corrosion et hautement isolante. Contactez Alu Comfort d\u00e8s maintenant!","robots":{"index":"index","follow":"follow","max-snippet":"max-snippet:-1","max-image-preview":"max-image-preview:large","max-video-preview":"max-video-preview:-1"},"canonical":"https:\/\/www.alucomfort.be\/product\/glasvezelversterke-kunststof-industrietrap\/","og_locale":"fr_FR","og_type":"article","og_title":"Escalier industriel | Alu Comfort |Escalier PRV","og_description":"Besoin d'une \u00e9chelle industrielle en fibre de verre pour l'industrie chimique ou \u00e9lectrique? Durable, s\u00e9curis\u00e9e, r\u00e9sistante \u00e0 la corrosion et hautement isolante. Contactez Alu Comfort d\u00e8s maintenant!","og_url":"https:\/\/www.alucomfort.be\/product\/glasvezelversterke-kunststof-industrietrap\/","og_site_name":"Alu Comfort","og_image":[{"width":750,"height":1000,"url":"https:\/\/www.alucomfort.be\/wp-content\/uploads\/Escalier-en-fibre-de-verre-PRV.jpeg","type":"image\/jpeg"}],"twitter_card":"summary_large_image","twitter_misc":{"Dur\u00e9e de lecture estim\u00e9e":"1 minute"},"schema":{"@context":"https:\/\/schema.org","@graph":[{"@type":"WebPage","@id":"https:\/\/www.alucomfort.be\/product\/glasvezelversterke-kunststof-industrietrap\/","url":"https:\/\/www.alucomfort.be\/product\/glasvezelversterke-kunststof-industrietrap\/","name":"Escalier industriel | Alu Comfort |Escalier PRV","isPartOf":{"@id":"https:\/\/www.alucomfort.be\/#website"},"primaryImageOfPage":{"@id":"https:\/\/www.alucomfort.be\/product\/glasvezelversterke-kunststof-industrietrap\/#primaryimage"},"image":{"@id":"https:\/\/www.alucomfort.be\/product\/glasvezelversterke-kunststof-industrietrap\/#primaryimage"},"thumbnailUrl":"https:\/\/www.alucomfort.be\/wp-content\/uploads\/Escalier-en-fibre-de-verre-PRV.jpeg","datePublished":"2025-02-19T16:07:52+00:00","description":"Besoin d'une \u00e9chelle industrielle en fibre de verre pour l'industrie chimique ou \u00e9lectrique? Durable, s\u00e9curis\u00e9e, r\u00e9sistante \u00e0 la corrosion et hautement isolante. Contactez Alu Comfort d\u00e8s maintenant!","breadcrumb":{"@id":"https:\/\/www.alucomfort.be\/product\/glasvezelversterke-kunststof-industrietrap\/#breadcrumb"},"inLanguage":"fr-FR","potentialAction":[{"@type":"ReadAction","target":["https:\/\/www.alucomfort.be\/product\/glasvezelversterke-kunststof-industrietrap\/"]}]},{"@type":"ImageObject","inLanguage":"fr-FR","@id":"https:\/\/www.alucomfort.be\/product\/glasvezelversterke-kunststof-industrietrap\/#primaryimage","url":"https:\/\/www.alucomfort.be\/wp-content\/uploads\/Escalier-en-fibre-de-verre-PRV.jpeg","contentUrl":"https:\/\/www.alucomfort.be\/wp-content\/uploads\/Escalier-en-fibre-de-verre-PRV.jpeg","width":750,"height":1000,"caption":"Escalier en fibre de verre PRV"},{"@type":"BreadcrumbList","@id":"https:\/\/www.alucomfort.be\/product\/glasvezelversterke-kunststof-industrietrap\/#breadcrumb","itemListElement":[{"@type":"ListItem","position":1,"name":"Home","item":"https:\/\/www.alucomfort.be\/fr\/"},{"@type":"ListItem","position":2,"name":"Producten","item":"https:\/\/www.alucomfort.be\/producten\/"},{"@type":"ListItem","position":3,"name":"Escalier stationnaire en polyester renforc\u00e9 de fibre de verre"}]},{"@type":"WebSite","@id":"https:\/\/www.alucomfort.be\/#website","url":"https:\/\/www.alucomfort.be\/","name":"Alu Comfort","description":"","potentialAction":[{"@type":"SearchAction","target":{"@type":"EntryPoint","urlTemplate":"https:\/\/www.alucomfort.be\/?s={search_term_string}"},"query-input":{"@type":"PropertyValueSpecification","valueRequired":true,"valueName":"search_term_string"}}],"inLanguage":"fr-FR"}]}},"_links":{"self":[{"href":"https:\/\/www.alucomfort.be\/fr\/wp-json\/wp\/v2\/product\/222846","targetHints":{"allow":["GET"]}}],"collection":[{"href":"https:\/\/www.alucomfort.be\/fr\/wp-json\/wp\/v2\/product"}],"about":[{"href":"https:\/\/www.alucomfort.be\/fr\/wp-json\/wp\/v2\/types\/product"}],"wp:featuredmedia":[{"embeddable":true,"href":"https:\/\/www.alucomfort.be\/fr\/wp-json\/wp\/v2\/media\/222839"}],"wp:attachment":[{"href":"https:\/\/www.alucomfort.be\/fr\/wp-json\/wp\/v2\/media?parent=222846"}],"wp:term":[{"taxonomy":"product_brand","embeddable":true,"href":"https:\/\/www.alucomfort.be\/fr\/wp-json\/wp\/v2\/product_brand?post=222846"},{"taxonomy":"product_cat","embeddable":true,"href":"https:\/\/www.alucomfort.be\/fr\/wp-json\/wp\/v2\/product_cat?post=222846"},{"taxonomy":"product_tag","embeddable":true,"href":"https:\/\/www.alucomfort.be\/fr\/wp-json\/wp\/v2\/product_tag?post=222846"}],"curies":[{"name":"wp","href":"https:\/\/api.w.org\/{rel}","templated":true}]}}