

{"id":222848,"date":"2025-02-19T18:08:11","date_gmt":"2025-02-19T16:08:11","guid":{"rendered":"https:\/\/www.alucomfort.be\/product\/escalier-roulant-en-polyester-renforce-de-fibre-de-verre\/"},"modified":"2025-02-19T18:08:28","modified_gmt":"2025-02-19T16:08:28","slug":"escalier-roulant-en-polyester-renforce-de-fibre-de-verre","status":"publish","type":"product","link":"https:\/\/www.alucomfort.be\/fr\/product\/escalier-roulant-en-polyester-renforce-de-fibre-de-verre\/","title":{"rendered":"Escalier roulant en polyester renforc\u00e9 de fibre de verre"},"content":{"rendered":"<p>* Escalier stable en PRV.  Plate-forme de travail roulant en polyester renforc\u00e9 de fibre de verre conforme \u00e0 la norme DIN EN ISO 14122, * Utilisation sp\u00e9cifique dans les installations \u00e9lectriques, p\u00e9trochimiques et aupr\u00e8s des apprareils de transmission.  Id\u00e9al pour les environnements chimiques agressifs, * Angle d&rsquo;escalier standard de 45\u00b0, 38\u00b0, 50\u00b0 ou 60\u00b0 sur demande, * Plate-forme de travail : 1000 x 800 mm (dimensions standard, variations sur demande), * Escalier de palier avec une haute r\u00e9sistance aux chocs, une bonne r\u00e9sistance chimique en milieux acides et basiques, isolant \u00e9lectrique et thermique, * Livr\u00e9 en standard avec garde-corps sur 2 c\u00f4t\u00e9s et sur la plate-forme sur 3 c\u00f4t\u00e9s, * L&rsquo;escalier est test\u00e9 pour une utilisation \u00e0 30 000 volts.  Qualit\u00e9 sup\u00e9rieure d&rsquo;isolation \u00e9lectrique: 13,5 kV\/cm, * Avec marches robustes et profondes, * Fabrication sur mesure possible!  Variations de hauteur, largeur, inclinaison et longueur disponibles sur demande.<\/p>\n","protected":false},"excerpt":{"rendered":"<p>Plate-forme de travail roulant en PRV pour utilisation dans les installations chimiques et \u00e9lectriques <\/p>\n","protected":false},"featured_media":222815,"template":"","meta":{"_acf_changed":false},"product_brand":[],"product_cat":[2148],"product_tag":[],"class_list":{"0":"post-222848","1":"product","2":"type-product","3":"status-publish","4":"has-post-thumbnail","6":"product_cat-escaliers-mobiles-avec-plate-forme","8":"first","9":"outofstock","10":"taxable","11":"shipping-taxable","12":"purchasable","13":"product-type-variable"},"acf":[],"yoast_head":"<!-- This site is optimized with the Yoast SEO plugin v24.8.1 - https:\/\/yoast.com\/wordpress\/plugins\/seo\/ -->\n<title>Escaliers PRV | Alu Comfort | Durable, R\u00e9sistant, Id\u00e9al<\/title>\n<meta name=\"description\" content=\"Besoin d&#039;un escalier mobile en PRV pour l&#039;industrie chimique ou \u00e9lectrique? Alu Comfort vous propose des escaliers en fibre de verre r\u00e9sistants \u00e0 la corrosion et isolants. Contactez-nous!\" \/>\n<meta name=\"robots\" content=\"index, follow, max-snippet:-1, max-image-preview:large, max-video-preview:-1\" \/>\n<link rel=\"canonical\" href=\"https:\/\/www.alucomfort.be\/product\/verrijdbare-trap-uit-gvk\/\" \/>\n<meta property=\"og:locale\" content=\"fr_FR\" \/>\n<meta property=\"og:type\" content=\"article\" \/>\n<meta property=\"og:title\" content=\"Escaliers PRV | Alu Comfort | Durable, R\u00e9sistant, Id\u00e9al\" \/>\n<meta property=\"og:description\" content=\"Besoin d&#039;un escalier mobile en PRV pour l&#039;industrie chimique ou \u00e9lectrique? Alu Comfort vous propose des escaliers en fibre de verre r\u00e9sistants \u00e0 la corrosion et isolants. Contactez-nous!\" \/>\n<meta property=\"og:url\" content=\"https:\/\/www.alucomfort.be\/product\/verrijdbare-trap-uit-gvk\/\" \/>\n<meta property=\"og:site_name\" content=\"Alu Comfort\" \/>\n<meta property=\"article:modified_time\" content=\"2025-02-19T16:08:28+00:00\" \/>\n<meta property=\"og:image\" content=\"https:\/\/www.alucomfort.be\/wp-content\/uploads\/GVK-Mobiele-Trap-Voor-Chemische-Elektrische-Installaties.jpg\" \/>\n\t<meta property=\"og:image:width\" content=\"750\" \/>\n\t<meta property=\"og:image:height\" content=\"1000\" \/>\n\t<meta property=\"og:image:type\" content=\"image\/jpeg\" \/>\n<meta name=\"twitter:card\" content=\"summary_large_image\" \/>\n<meta name=\"twitter:label1\" content=\"Dur\u00e9e de lecture estim\u00e9e\" \/>\n\t<meta name=\"twitter:data1\" content=\"1 minute\" \/>\n<script type=\"application\/ld+json\" class=\"yoast-schema-graph\">{\"@context\":\"https:\/\/schema.org\",\"@graph\":[{\"@type\":\"WebPage\",\"@id\":\"https:\/\/www.alucomfort.be\/product\/verrijdbare-trap-uit-gvk\/\",\"url\":\"https:\/\/www.alucomfort.be\/product\/verrijdbare-trap-uit-gvk\/\",\"name\":\"Escaliers PRV | Alu Comfort | Durable, R\u00e9sistant, Id\u00e9al\",\"isPartOf\":{\"@id\":\"https:\/\/www.alucomfort.be\/#website\"},\"primaryImageOfPage\":{\"@id\":\"https:\/\/www.alucomfort.be\/product\/verrijdbare-trap-uit-gvk\/#primaryimage\"},\"image\":{\"@id\":\"https:\/\/www.alucomfort.be\/product\/verrijdbare-trap-uit-gvk\/#primaryimage\"},\"thumbnailUrl\":\"https:\/\/www.alucomfort.be\/wp-content\/uploads\/GVK-Mobiele-Trap-Voor-Chemische-Elektrische-Installaties.jpg\",\"datePublished\":\"2025-02-19T16:08:11+00:00\",\"dateModified\":\"2025-02-19T16:08:28+00:00\",\"description\":\"Besoin d'un escalier mobile en PRV pour l'industrie chimique ou \u00e9lectrique? Alu Comfort vous propose des escaliers en fibre de verre r\u00e9sistants \u00e0 la corrosion et isolants. Contactez-nous!\",\"breadcrumb\":{\"@id\":\"https:\/\/www.alucomfort.be\/product\/verrijdbare-trap-uit-gvk\/#breadcrumb\"},\"inLanguage\":\"fr-FR\",\"potentialAction\":[{\"@type\":\"ReadAction\",\"target\":[\"https:\/\/www.alucomfort.be\/product\/verrijdbare-trap-uit-gvk\/\"]}]},{\"@type\":\"ImageObject\",\"inLanguage\":\"fr-FR\",\"@id\":\"https:\/\/www.alucomfort.be\/product\/verrijdbare-trap-uit-gvk\/#primaryimage\",\"url\":\"https:\/\/www.alucomfort.be\/wp-content\/uploads\/GVK-Mobiele-Trap-Voor-Chemische-Elektrische-Installaties.jpg\",\"contentUrl\":\"https:\/\/www.alucomfort.be\/wp-content\/uploads\/GVK-Mobiele-Trap-Voor-Chemische-Elektrische-Installaties.jpg\",\"width\":750,\"height\":1000,\"caption\":\"GVK Mobiele Trap voor de chemische industrie en voor elektrische installaties\"},{\"@type\":\"BreadcrumbList\",\"@id\":\"https:\/\/www.alucomfort.be\/product\/verrijdbare-trap-uit-gvk\/#breadcrumb\",\"itemListElement\":[{\"@type\":\"ListItem\",\"position\":1,\"name\":\"Home\",\"item\":\"https:\/\/www.alucomfort.be\/fr\/\"},{\"@type\":\"ListItem\",\"position\":2,\"name\":\"Producten\",\"item\":\"https:\/\/www.alucomfort.be\/producten\/\"},{\"@type\":\"ListItem\",\"position\":3,\"name\":\"Escalier roulant en polyester renforc\u00e9 de fibre de verre\"}]},{\"@type\":\"WebSite\",\"@id\":\"https:\/\/www.alucomfort.be\/#website\",\"url\":\"https:\/\/www.alucomfort.be\/\",\"name\":\"Alu Comfort\",\"description\":\"\",\"potentialAction\":[{\"@type\":\"SearchAction\",\"target\":{\"@type\":\"EntryPoint\",\"urlTemplate\":\"https:\/\/www.alucomfort.be\/?s={search_term_string}\"},\"query-input\":{\"@type\":\"PropertyValueSpecification\",\"valueRequired\":true,\"valueName\":\"search_term_string\"}}],\"inLanguage\":\"fr-FR\"}]}<\/script>\n<!-- \/ Yoast SEO plugin. -->","yoast_head_json":{"title":"Escaliers PRV | Alu Comfort | Durable, R\u00e9sistant, Id\u00e9al","description":"Besoin d'un escalier mobile en PRV pour l'industrie chimique ou \u00e9lectrique? Alu Comfort vous propose des escaliers en fibre de verre r\u00e9sistants \u00e0 la corrosion et isolants. Contactez-nous!","robots":{"index":"index","follow":"follow","max-snippet":"max-snippet:-1","max-image-preview":"max-image-preview:large","max-video-preview":"max-video-preview:-1"},"canonical":"https:\/\/www.alucomfort.be\/product\/verrijdbare-trap-uit-gvk\/","og_locale":"fr_FR","og_type":"article","og_title":"Escaliers PRV | Alu Comfort | Durable, R\u00e9sistant, Id\u00e9al","og_description":"Besoin d'un escalier mobile en PRV pour l'industrie chimique ou \u00e9lectrique? Alu Comfort vous propose des escaliers en fibre de verre r\u00e9sistants \u00e0 la corrosion et isolants. Contactez-nous!","og_url":"https:\/\/www.alucomfort.be\/product\/verrijdbare-trap-uit-gvk\/","og_site_name":"Alu Comfort","article_modified_time":"2025-02-19T16:08:28+00:00","og_image":[{"width":750,"height":1000,"url":"https:\/\/www.alucomfort.be\/wp-content\/uploads\/GVK-Mobiele-Trap-Voor-Chemische-Elektrische-Installaties.jpg","type":"image\/jpeg"}],"twitter_card":"summary_large_image","twitter_misc":{"Dur\u00e9e de lecture estim\u00e9e":"1 minute"},"schema":{"@context":"https:\/\/schema.org","@graph":[{"@type":"WebPage","@id":"https:\/\/www.alucomfort.be\/product\/verrijdbare-trap-uit-gvk\/","url":"https:\/\/www.alucomfort.be\/product\/verrijdbare-trap-uit-gvk\/","name":"Escaliers PRV | Alu Comfort | Durable, R\u00e9sistant, Id\u00e9al","isPartOf":{"@id":"https:\/\/www.alucomfort.be\/#website"},"primaryImageOfPage":{"@id":"https:\/\/www.alucomfort.be\/product\/verrijdbare-trap-uit-gvk\/#primaryimage"},"image":{"@id":"https:\/\/www.alucomfort.be\/product\/verrijdbare-trap-uit-gvk\/#primaryimage"},"thumbnailUrl":"https:\/\/www.alucomfort.be\/wp-content\/uploads\/GVK-Mobiele-Trap-Voor-Chemische-Elektrische-Installaties.jpg","datePublished":"2025-02-19T16:08:11+00:00","dateModified":"2025-02-19T16:08:28+00:00","description":"Besoin d'un escalier mobile en PRV pour l'industrie chimique ou \u00e9lectrique? Alu Comfort vous propose des escaliers en fibre de verre r\u00e9sistants \u00e0 la corrosion et isolants. Contactez-nous!","breadcrumb":{"@id":"https:\/\/www.alucomfort.be\/product\/verrijdbare-trap-uit-gvk\/#breadcrumb"},"inLanguage":"fr-FR","potentialAction":[{"@type":"ReadAction","target":["https:\/\/www.alucomfort.be\/product\/verrijdbare-trap-uit-gvk\/"]}]},{"@type":"ImageObject","inLanguage":"fr-FR","@id":"https:\/\/www.alucomfort.be\/product\/verrijdbare-trap-uit-gvk\/#primaryimage","url":"https:\/\/www.alucomfort.be\/wp-content\/uploads\/GVK-Mobiele-Trap-Voor-Chemische-Elektrische-Installaties.jpg","contentUrl":"https:\/\/www.alucomfort.be\/wp-content\/uploads\/GVK-Mobiele-Trap-Voor-Chemische-Elektrische-Installaties.jpg","width":750,"height":1000,"caption":"GVK Mobiele Trap voor de chemische industrie en voor elektrische installaties"},{"@type":"BreadcrumbList","@id":"https:\/\/www.alucomfort.be\/product\/verrijdbare-trap-uit-gvk\/#breadcrumb","itemListElement":[{"@type":"ListItem","position":1,"name":"Home","item":"https:\/\/www.alucomfort.be\/fr\/"},{"@type":"ListItem","position":2,"name":"Producten","item":"https:\/\/www.alucomfort.be\/producten\/"},{"@type":"ListItem","position":3,"name":"Escalier roulant en polyester renforc\u00e9 de fibre de verre"}]},{"@type":"WebSite","@id":"https:\/\/www.alucomfort.be\/#website","url":"https:\/\/www.alucomfort.be\/","name":"Alu Comfort","description":"","potentialAction":[{"@type":"SearchAction","target":{"@type":"EntryPoint","urlTemplate":"https:\/\/www.alucomfort.be\/?s={search_term_string}"},"query-input":{"@type":"PropertyValueSpecification","valueRequired":true,"valueName":"search_term_string"}}],"inLanguage":"fr-FR"}]}},"_links":{"self":[{"href":"https:\/\/www.alucomfort.be\/fr\/wp-json\/wp\/v2\/product\/222848","targetHints":{"allow":["GET"]}}],"collection":[{"href":"https:\/\/www.alucomfort.be\/fr\/wp-json\/wp\/v2\/product"}],"about":[{"href":"https:\/\/www.alucomfort.be\/fr\/wp-json\/wp\/v2\/types\/product"}],"wp:featuredmedia":[{"embeddable":true,"href":"https:\/\/www.alucomfort.be\/fr\/wp-json\/wp\/v2\/media\/222815"}],"wp:attachment":[{"href":"https:\/\/www.alucomfort.be\/fr\/wp-json\/wp\/v2\/media?parent=222848"}],"wp:term":[{"taxonomy":"product_brand","embeddable":true,"href":"https:\/\/www.alucomfort.be\/fr\/wp-json\/wp\/v2\/product_brand?post=222848"},{"taxonomy":"product_cat","embeddable":true,"href":"https:\/\/www.alucomfort.be\/fr\/wp-json\/wp\/v2\/product_cat?post=222848"},{"taxonomy":"product_tag","embeddable":true,"href":"https:\/\/www.alucomfort.be\/fr\/wp-json\/wp\/v2\/product_tag?post=222848"}],"curies":[{"name":"wp","href":"https:\/\/api.w.org\/{rel}","templated":true}]}}