

{"id":222877,"date":"2025-02-21T00:03:59","date_gmt":"2025-02-20T22:03:59","guid":{"rendered":"https:\/\/www.alucomfort.be\/product\/tariere\/"},"modified":"2025-02-21T00:04:36","modified_gmt":"2025-02-20T22:04:36","slug":"tariere","status":"publish","type":"product","link":"https:\/\/www.alucomfort.be\/fr\/product\/tariere\/","title":{"rendered":"Tari\u00e8re"},"content":{"rendered":"<p>* Tari\u00e8re \u00e9quip\u00e9e d&rsquo;un puissant moteur \u00e0 essence 2 temps, * Pompe d&rsquo;amor\u00e7age pour un d\u00e9marrage facile, * Embrayage centrifuge avec syst\u00e8me de d\u00e9compression, * Foreuse de sol livr\u00e9e avec 3 m\u00e8ches (diam. 100 mm, diam. 150 mm, diam. 200 mm), * Des forets et des rallonges suppl\u00e9mentaires sont disponibles en option.<\/p>\n","protected":false},"excerpt":{"rendered":"<p>Tari\u00e8re id\u00e9ale pour installer des poteaux de cl\u00f4ture et planter des arbres<\/p>\n","protected":false},"featured_media":222874,"template":"","meta":{"_acf_changed":false},"product_brand":[],"product_cat":[9568],"product_tag":[],"class_list":{"0":"post-222877","1":"product","2":"type-product","3":"status-publish","4":"has-post-thumbnail","6":"product_cat-tariere","8":"first","9":"instock","10":"taxable","11":"shipping-taxable","12":"purchasable","13":"product-type-simple"},"acf":[],"yoast_head":"<!-- This site is optimized with the Yoast SEO plugin v24.8.1 - https:\/\/yoast.com\/wordpress\/plugins\/seo\/ -->\n<title>Tari\u00e8re | Alu Comfort | Foreuse de sol |M\u00e8che de terre<\/title>\n<meta name=\"description\" content=\"Besoin d&#039;une tari\u00e8re pour vos cl\u00f4tures ou plantations d&#039;arbres? Alu Comfort a ce qu&#039;il vous faut! D\u00e9couvrez notre gamme en ligne.\" \/>\n<meta name=\"robots\" content=\"index, follow, max-snippet:-1, max-image-preview:large, max-video-preview:-1\" \/>\n<link rel=\"canonical\" href=\"https:\/\/www.alucomfort.be\/product\/grondboor\/\" \/>\n<meta property=\"og:locale\" content=\"fr_FR\" \/>\n<meta property=\"og:type\" content=\"article\" \/>\n<meta property=\"og:title\" content=\"Tari\u00e8re | Alu Comfort | Foreuse de sol |M\u00e8che de terre\" \/>\n<meta property=\"og:description\" content=\"Besoin d&#039;une tari\u00e8re pour vos cl\u00f4tures ou plantations d&#039;arbres? Alu Comfort a ce qu&#039;il vous faut! D\u00e9couvrez notre gamme en ligne.\" \/>\n<meta property=\"og:url\" content=\"https:\/\/www.alucomfort.be\/product\/grondboor\/\" \/>\n<meta property=\"og:site_name\" content=\"Alu Comfort\" \/>\n<meta property=\"article:modified_time\" content=\"2025-02-20T22:04:36+00:00\" \/>\n<meta property=\"og:image\" content=\"https:\/\/www.alucomfort.be\/wp-content\/uploads\/Grondboor-Tarriere.jpg\" \/>\n\t<meta property=\"og:image:width\" content=\"1181\" \/>\n\t<meta property=\"og:image:height\" content=\"1894\" \/>\n\t<meta property=\"og:image:type\" content=\"image\/jpeg\" \/>\n<meta name=\"twitter:card\" content=\"summary_large_image\" \/>\n<script type=\"application\/ld+json\" class=\"yoast-schema-graph\">{\"@context\":\"https:\/\/schema.org\",\"@graph\":[{\"@type\":\"WebPage\",\"@id\":\"https:\/\/www.alucomfort.be\/product\/grondboor\/\",\"url\":\"https:\/\/www.alucomfort.be\/product\/grondboor\/\",\"name\":\"Tari\u00e8re | Alu Comfort | Foreuse de sol |M\u00e8che de terre\",\"isPartOf\":{\"@id\":\"https:\/\/www.alucomfort.be\/#website\"},\"primaryImageOfPage\":{\"@id\":\"https:\/\/www.alucomfort.be\/product\/grondboor\/#primaryimage\"},\"image\":{\"@id\":\"https:\/\/www.alucomfort.be\/product\/grondboor\/#primaryimage\"},\"thumbnailUrl\":\"https:\/\/www.alucomfort.be\/wp-content\/uploads\/Grondboor-Tarriere.jpg\",\"datePublished\":\"2025-02-20T22:03:59+00:00\",\"dateModified\":\"2025-02-20T22:04:36+00:00\",\"description\":\"Besoin d'une tari\u00e8re pour vos cl\u00f4tures ou plantations d'arbres? Alu Comfort a ce qu'il vous faut! D\u00e9couvrez notre gamme en ligne.\",\"breadcrumb\":{\"@id\":\"https:\/\/www.alucomfort.be\/product\/grondboor\/#breadcrumb\"},\"inLanguage\":\"fr-FR\",\"potentialAction\":[{\"@type\":\"ReadAction\",\"target\":[\"https:\/\/www.alucomfort.be\/product\/grondboor\/\"]}]},{\"@type\":\"ImageObject\",\"inLanguage\":\"fr-FR\",\"@id\":\"https:\/\/www.alucomfort.be\/product\/grondboor\/#primaryimage\",\"url\":\"https:\/\/www.alucomfort.be\/wp-content\/uploads\/Grondboor-Tarriere.jpg\",\"contentUrl\":\"https:\/\/www.alucomfort.be\/wp-content\/uploads\/Grondboor-Tarriere.jpg\",\"width\":1181,\"height\":1894,\"caption\":\"Grondboor Tarri\u00e8re Altrad\"},{\"@type\":\"BreadcrumbList\",\"@id\":\"https:\/\/www.alucomfort.be\/product\/grondboor\/#breadcrumb\",\"itemListElement\":[{\"@type\":\"ListItem\",\"position\":1,\"name\":\"Home\",\"item\":\"https:\/\/www.alucomfort.be\/fr\/\"},{\"@type\":\"ListItem\",\"position\":2,\"name\":\"Producten\",\"item\":\"https:\/\/www.alucomfort.be\/producten\/\"},{\"@type\":\"ListItem\",\"position\":3,\"name\":\"Tari\u00e8re\"}]},{\"@type\":\"WebSite\",\"@id\":\"https:\/\/www.alucomfort.be\/#website\",\"url\":\"https:\/\/www.alucomfort.be\/\",\"name\":\"Alu Comfort\",\"description\":\"\",\"potentialAction\":[{\"@type\":\"SearchAction\",\"target\":{\"@type\":\"EntryPoint\",\"urlTemplate\":\"https:\/\/www.alucomfort.be\/?s={search_term_string}\"},\"query-input\":{\"@type\":\"PropertyValueSpecification\",\"valueRequired\":true,\"valueName\":\"search_term_string\"}}],\"inLanguage\":\"fr-FR\"}]}<\/script>\n<!-- \/ Yoast SEO plugin. -->","yoast_head_json":{"title":"Tari\u00e8re | Alu Comfort | Foreuse de sol |M\u00e8che de terre","description":"Besoin d'une tari\u00e8re pour vos cl\u00f4tures ou plantations d'arbres? Alu Comfort a ce qu'il vous faut! D\u00e9couvrez notre gamme en ligne.","robots":{"index":"index","follow":"follow","max-snippet":"max-snippet:-1","max-image-preview":"max-image-preview:large","max-video-preview":"max-video-preview:-1"},"canonical":"https:\/\/www.alucomfort.be\/product\/grondboor\/","og_locale":"fr_FR","og_type":"article","og_title":"Tari\u00e8re | Alu Comfort | Foreuse de sol |M\u00e8che de terre","og_description":"Besoin d'une tari\u00e8re pour vos cl\u00f4tures ou plantations d'arbres? Alu Comfort a ce qu'il vous faut! D\u00e9couvrez notre gamme en ligne.","og_url":"https:\/\/www.alucomfort.be\/product\/grondboor\/","og_site_name":"Alu Comfort","article_modified_time":"2025-02-20T22:04:36+00:00","og_image":[{"width":1181,"height":1894,"url":"https:\/\/www.alucomfort.be\/wp-content\/uploads\/Grondboor-Tarriere.jpg","type":"image\/jpeg"}],"twitter_card":"summary_large_image","schema":{"@context":"https:\/\/schema.org","@graph":[{"@type":"WebPage","@id":"https:\/\/www.alucomfort.be\/product\/grondboor\/","url":"https:\/\/www.alucomfort.be\/product\/grondboor\/","name":"Tari\u00e8re | Alu Comfort | Foreuse de sol |M\u00e8che de terre","isPartOf":{"@id":"https:\/\/www.alucomfort.be\/#website"},"primaryImageOfPage":{"@id":"https:\/\/www.alucomfort.be\/product\/grondboor\/#primaryimage"},"image":{"@id":"https:\/\/www.alucomfort.be\/product\/grondboor\/#primaryimage"},"thumbnailUrl":"https:\/\/www.alucomfort.be\/wp-content\/uploads\/Grondboor-Tarriere.jpg","datePublished":"2025-02-20T22:03:59+00:00","dateModified":"2025-02-20T22:04:36+00:00","description":"Besoin d'une tari\u00e8re pour vos cl\u00f4tures ou plantations d'arbres? Alu Comfort a ce qu'il vous faut! D\u00e9couvrez notre gamme en ligne.","breadcrumb":{"@id":"https:\/\/www.alucomfort.be\/product\/grondboor\/#breadcrumb"},"inLanguage":"fr-FR","potentialAction":[{"@type":"ReadAction","target":["https:\/\/www.alucomfort.be\/product\/grondboor\/"]}]},{"@type":"ImageObject","inLanguage":"fr-FR","@id":"https:\/\/www.alucomfort.be\/product\/grondboor\/#primaryimage","url":"https:\/\/www.alucomfort.be\/wp-content\/uploads\/Grondboor-Tarriere.jpg","contentUrl":"https:\/\/www.alucomfort.be\/wp-content\/uploads\/Grondboor-Tarriere.jpg","width":1181,"height":1894,"caption":"Grondboor Tarri\u00e8re Altrad"},{"@type":"BreadcrumbList","@id":"https:\/\/www.alucomfort.be\/product\/grondboor\/#breadcrumb","itemListElement":[{"@type":"ListItem","position":1,"name":"Home","item":"https:\/\/www.alucomfort.be\/fr\/"},{"@type":"ListItem","position":2,"name":"Producten","item":"https:\/\/www.alucomfort.be\/producten\/"},{"@type":"ListItem","position":3,"name":"Tari\u00e8re"}]},{"@type":"WebSite","@id":"https:\/\/www.alucomfort.be\/#website","url":"https:\/\/www.alucomfort.be\/","name":"Alu Comfort","description":"","potentialAction":[{"@type":"SearchAction","target":{"@type":"EntryPoint","urlTemplate":"https:\/\/www.alucomfort.be\/?s={search_term_string}"},"query-input":{"@type":"PropertyValueSpecification","valueRequired":true,"valueName":"search_term_string"}}],"inLanguage":"fr-FR"}]}},"_links":{"self":[{"href":"https:\/\/www.alucomfort.be\/fr\/wp-json\/wp\/v2\/product\/222877","targetHints":{"allow":["GET"]}}],"collection":[{"href":"https:\/\/www.alucomfort.be\/fr\/wp-json\/wp\/v2\/product"}],"about":[{"href":"https:\/\/www.alucomfort.be\/fr\/wp-json\/wp\/v2\/types\/product"}],"wp:featuredmedia":[{"embeddable":true,"href":"https:\/\/www.alucomfort.be\/fr\/wp-json\/wp\/v2\/media\/222874"}],"wp:attachment":[{"href":"https:\/\/www.alucomfort.be\/fr\/wp-json\/wp\/v2\/media?parent=222877"}],"wp:term":[{"taxonomy":"product_brand","embeddable":true,"href":"https:\/\/www.alucomfort.be\/fr\/wp-json\/wp\/v2\/product_brand?post=222877"},{"taxonomy":"product_cat","embeddable":true,"href":"https:\/\/www.alucomfort.be\/fr\/wp-json\/wp\/v2\/product_cat?post=222877"},{"taxonomy":"product_tag","embeddable":true,"href":"https:\/\/www.alucomfort.be\/fr\/wp-json\/wp\/v2\/product_tag?post=222877"}],"curies":[{"name":"wp","href":"https:\/\/api.w.org\/{rel}","templated":true}]}}