

{"id":222879,"date":"2025-02-21T00:04:02","date_gmt":"2025-02-20T22:04:02","guid":{"rendered":"https:\/\/www.alucomfort.be\/product\/rallonge-pour-tariere\/"},"modified":"2025-02-21T00:04:43","modified_gmt":"2025-02-20T22:04:43","slug":"rallonge-pour-tariere","status":"publish","type":"product","link":"https:\/\/www.alucomfort.be\/fr\/product\/rallonge-pour-tariere\/","title":{"rendered":"Rallonge pour tari\u00e8re"},"content":{"rendered":"<p>*Rallonge pour tari\u00e8re, * Au choix rallonge de 500 mm ou de 1000 mm.<\/p>\n","protected":false},"excerpt":{"rendered":"<p>Rallonge de 500 mm ou de 1000 mm.<\/p>\n","protected":false},"featured_media":222866,"template":"","meta":{"_acf_changed":false},"product_brand":[],"product_cat":[9568],"product_tag":[],"class_list":{"0":"post-222879","1":"product","2":"type-product","3":"status-publish","4":"has-post-thumbnail","6":"product_cat-tariere","8":"first","9":"outofstock","10":"taxable","11":"shipping-taxable","12":"purchasable","13":"product-type-variable"},"acf":[],"yoast_head":"<!-- This site is optimized with the Yoast SEO plugin v24.8.1 - https:\/\/yoast.com\/wordpress\/plugins\/seo\/ -->\n<title>Tari\u00e8re | Alu Comfort | revendeur Altrad<\/title>\n<meta name=\"description\" content=\"Pour installer vos cl\u00f4tures et planter vos arbres, trouvez la tari\u00e8re id\u00e9ale chez Alu Comfort!\" \/>\n<meta name=\"robots\" content=\"index, follow, max-snippet:-1, max-image-preview:large, max-video-preview:-1\" \/>\n<link rel=\"canonical\" href=\"https:\/\/www.alucomfort.be\/product\/verlengstuk-voor-grondboor\/\" \/>\n<meta property=\"og:locale\" content=\"fr_FR\" \/>\n<meta property=\"og:type\" content=\"article\" \/>\n<meta property=\"og:title\" content=\"Tari\u00e8re | Alu Comfort | revendeur Altrad\" \/>\n<meta property=\"og:description\" content=\"Pour installer vos cl\u00f4tures et planter vos arbres, trouvez la tari\u00e8re id\u00e9ale chez Alu Comfort!\" \/>\n<meta property=\"og:url\" content=\"https:\/\/www.alucomfort.be\/product\/verlengstuk-voor-grondboor\/\" \/>\n<meta property=\"og:site_name\" content=\"Alu Comfort\" \/>\n<meta property=\"article:modified_time\" content=\"2025-02-20T22:04:43+00:00\" \/>\n<meta property=\"og:image\" content=\"https:\/\/www.alucomfort.be\/wp-content\/uploads\/Aardboor-Grondboor-Verlengstuk-Altrad.png\" \/>\n\t<meta property=\"og:image:width\" content=\"241\" \/>\n\t<meta property=\"og:image:height\" content=\"1476\" \/>\n\t<meta property=\"og:image:type\" content=\"image\/png\" \/>\n<meta name=\"twitter:card\" content=\"summary_large_image\" \/>\n<script type=\"application\/ld+json\" class=\"yoast-schema-graph\">{\"@context\":\"https:\/\/schema.org\",\"@graph\":[{\"@type\":\"WebPage\",\"@id\":\"https:\/\/www.alucomfort.be\/product\/verlengstuk-voor-grondboor\/\",\"url\":\"https:\/\/www.alucomfort.be\/product\/verlengstuk-voor-grondboor\/\",\"name\":\"Tari\u00e8re | Alu Comfort | revendeur Altrad\",\"isPartOf\":{\"@id\":\"https:\/\/www.alucomfort.be\/#website\"},\"primaryImageOfPage\":{\"@id\":\"https:\/\/www.alucomfort.be\/product\/verlengstuk-voor-grondboor\/#primaryimage\"},\"image\":{\"@id\":\"https:\/\/www.alucomfort.be\/product\/verlengstuk-voor-grondboor\/#primaryimage\"},\"thumbnailUrl\":\"https:\/\/www.alucomfort.be\/wp-content\/uploads\/Aardboor-Grondboor-Verlengstuk-Altrad.png\",\"datePublished\":\"2025-02-20T22:04:02+00:00\",\"dateModified\":\"2025-02-20T22:04:43+00:00\",\"description\":\"Pour installer vos cl\u00f4tures et planter vos arbres, trouvez la tari\u00e8re id\u00e9ale chez Alu Comfort!\",\"breadcrumb\":{\"@id\":\"https:\/\/www.alucomfort.be\/product\/verlengstuk-voor-grondboor\/#breadcrumb\"},\"inLanguage\":\"fr-FR\",\"potentialAction\":[{\"@type\":\"ReadAction\",\"target\":[\"https:\/\/www.alucomfort.be\/product\/verlengstuk-voor-grondboor\/\"]}]},{\"@type\":\"ImageObject\",\"inLanguage\":\"fr-FR\",\"@id\":\"https:\/\/www.alucomfort.be\/product\/verlengstuk-voor-grondboor\/#primaryimage\",\"url\":\"https:\/\/www.alucomfort.be\/wp-content\/uploads\/Aardboor-Grondboor-Verlengstuk-Altrad.png\",\"contentUrl\":\"https:\/\/www.alucomfort.be\/wp-content\/uploads\/Aardboor-Grondboor-Verlengstuk-Altrad.png\",\"width\":241,\"height\":1476,\"caption\":\"Aardboor - Grondboor - Verlengstuk_- Altrad\"},{\"@type\":\"BreadcrumbList\",\"@id\":\"https:\/\/www.alucomfort.be\/product\/verlengstuk-voor-grondboor\/#breadcrumb\",\"itemListElement\":[{\"@type\":\"ListItem\",\"position\":1,\"name\":\"Home\",\"item\":\"https:\/\/www.alucomfort.be\/fr\/\"},{\"@type\":\"ListItem\",\"position\":2,\"name\":\"Producten\",\"item\":\"https:\/\/www.alucomfort.be\/producten\/\"},{\"@type\":\"ListItem\",\"position\":3,\"name\":\"Rallonge pour tari\u00e8re\"}]},{\"@type\":\"WebSite\",\"@id\":\"https:\/\/www.alucomfort.be\/#website\",\"url\":\"https:\/\/www.alucomfort.be\/\",\"name\":\"Alu Comfort\",\"description\":\"\",\"potentialAction\":[{\"@type\":\"SearchAction\",\"target\":{\"@type\":\"EntryPoint\",\"urlTemplate\":\"https:\/\/www.alucomfort.be\/?s={search_term_string}\"},\"query-input\":{\"@type\":\"PropertyValueSpecification\",\"valueRequired\":true,\"valueName\":\"search_term_string\"}}],\"inLanguage\":\"fr-FR\"}]}<\/script>\n<!-- \/ Yoast SEO plugin. -->","yoast_head_json":{"title":"Tari\u00e8re | Alu Comfort | revendeur Altrad","description":"Pour installer vos cl\u00f4tures et planter vos arbres, trouvez la tari\u00e8re id\u00e9ale chez Alu Comfort!","robots":{"index":"index","follow":"follow","max-snippet":"max-snippet:-1","max-image-preview":"max-image-preview:large","max-video-preview":"max-video-preview:-1"},"canonical":"https:\/\/www.alucomfort.be\/product\/verlengstuk-voor-grondboor\/","og_locale":"fr_FR","og_type":"article","og_title":"Tari\u00e8re | Alu Comfort | revendeur Altrad","og_description":"Pour installer vos cl\u00f4tures et planter vos arbres, trouvez la tari\u00e8re id\u00e9ale chez Alu Comfort!","og_url":"https:\/\/www.alucomfort.be\/product\/verlengstuk-voor-grondboor\/","og_site_name":"Alu Comfort","article_modified_time":"2025-02-20T22:04:43+00:00","og_image":[{"width":241,"height":1476,"url":"https:\/\/www.alucomfort.be\/wp-content\/uploads\/Aardboor-Grondboor-Verlengstuk-Altrad.png","type":"image\/png"}],"twitter_card":"summary_large_image","schema":{"@context":"https:\/\/schema.org","@graph":[{"@type":"WebPage","@id":"https:\/\/www.alucomfort.be\/product\/verlengstuk-voor-grondboor\/","url":"https:\/\/www.alucomfort.be\/product\/verlengstuk-voor-grondboor\/","name":"Tari\u00e8re | Alu Comfort | revendeur Altrad","isPartOf":{"@id":"https:\/\/www.alucomfort.be\/#website"},"primaryImageOfPage":{"@id":"https:\/\/www.alucomfort.be\/product\/verlengstuk-voor-grondboor\/#primaryimage"},"image":{"@id":"https:\/\/www.alucomfort.be\/product\/verlengstuk-voor-grondboor\/#primaryimage"},"thumbnailUrl":"https:\/\/www.alucomfort.be\/wp-content\/uploads\/Aardboor-Grondboor-Verlengstuk-Altrad.png","datePublished":"2025-02-20T22:04:02+00:00","dateModified":"2025-02-20T22:04:43+00:00","description":"Pour installer vos cl\u00f4tures et planter vos arbres, trouvez la tari\u00e8re id\u00e9ale chez Alu Comfort!","breadcrumb":{"@id":"https:\/\/www.alucomfort.be\/product\/verlengstuk-voor-grondboor\/#breadcrumb"},"inLanguage":"fr-FR","potentialAction":[{"@type":"ReadAction","target":["https:\/\/www.alucomfort.be\/product\/verlengstuk-voor-grondboor\/"]}]},{"@type":"ImageObject","inLanguage":"fr-FR","@id":"https:\/\/www.alucomfort.be\/product\/verlengstuk-voor-grondboor\/#primaryimage","url":"https:\/\/www.alucomfort.be\/wp-content\/uploads\/Aardboor-Grondboor-Verlengstuk-Altrad.png","contentUrl":"https:\/\/www.alucomfort.be\/wp-content\/uploads\/Aardboor-Grondboor-Verlengstuk-Altrad.png","width":241,"height":1476,"caption":"Aardboor - Grondboor - Verlengstuk_- Altrad"},{"@type":"BreadcrumbList","@id":"https:\/\/www.alucomfort.be\/product\/verlengstuk-voor-grondboor\/#breadcrumb","itemListElement":[{"@type":"ListItem","position":1,"name":"Home","item":"https:\/\/www.alucomfort.be\/fr\/"},{"@type":"ListItem","position":2,"name":"Producten","item":"https:\/\/www.alucomfort.be\/producten\/"},{"@type":"ListItem","position":3,"name":"Rallonge pour tari\u00e8re"}]},{"@type":"WebSite","@id":"https:\/\/www.alucomfort.be\/#website","url":"https:\/\/www.alucomfort.be\/","name":"Alu Comfort","description":"","potentialAction":[{"@type":"SearchAction","target":{"@type":"EntryPoint","urlTemplate":"https:\/\/www.alucomfort.be\/?s={search_term_string}"},"query-input":{"@type":"PropertyValueSpecification","valueRequired":true,"valueName":"search_term_string"}}],"inLanguage":"fr-FR"}]}},"_links":{"self":[{"href":"https:\/\/www.alucomfort.be\/fr\/wp-json\/wp\/v2\/product\/222879","targetHints":{"allow":["GET"]}}],"collection":[{"href":"https:\/\/www.alucomfort.be\/fr\/wp-json\/wp\/v2\/product"}],"about":[{"href":"https:\/\/www.alucomfort.be\/fr\/wp-json\/wp\/v2\/types\/product"}],"wp:featuredmedia":[{"embeddable":true,"href":"https:\/\/www.alucomfort.be\/fr\/wp-json\/wp\/v2\/media\/222866"}],"wp:attachment":[{"href":"https:\/\/www.alucomfort.be\/fr\/wp-json\/wp\/v2\/media?parent=222879"}],"wp:term":[{"taxonomy":"product_brand","embeddable":true,"href":"https:\/\/www.alucomfort.be\/fr\/wp-json\/wp\/v2\/product_brand?post=222879"},{"taxonomy":"product_cat","embeddable":true,"href":"https:\/\/www.alucomfort.be\/fr\/wp-json\/wp\/v2\/product_cat?post=222879"},{"taxonomy":"product_tag","embeddable":true,"href":"https:\/\/www.alucomfort.be\/fr\/wp-json\/wp\/v2\/product_tag?post=222879"}],"curies":[{"name":"wp","href":"https:\/\/api.w.org\/{rel}","templated":true}]}}