

{"id":222918,"date":"2025-02-25T22:46:48","date_gmt":"2025-02-25T20:46:48","guid":{"rendered":"https:\/\/www.alucomfort.be\/product\/talocheuse-a-beton-mecanique-belle-pro-600x\/"},"modified":"2025-02-25T22:54:08","modified_gmt":"2025-02-25T20:54:08","slug":"talocheuse-a-beton-mecanique-belle-pro-600x","status":"publish","type":"product","link":"https:\/\/www.alucomfort.be\/fr\/product\/talocheuse-a-beton-mecanique-belle-pro-600x\/","title":{"rendered":"Talocheuse \u00e0 b\u00e9ton m\u00e9canique Belle Pro 600X"},"content":{"rendered":"<p>* Talocheuse \u00e0 b\u00e9ton id\u00e9ale pour les petits espaces.  Id\u00e9ale pour travailler contre les murs et autour des obstacles, * Livr\u00e9e en standard avec 4 p\u00e2les de finitions + 1 disque flottant, * Choix entre moteur essence Honda GC120 ou moteur \u00e9lectrique 230V &#8211; 2100 W, * Diam\u00e8tre : 600 mm.<\/p>\n","protected":false},"excerpt":{"rendered":"<p>Polisseuse \u00e0 b\u00e9ton 600 mm diam.<\/p>\n","protected":false},"featured_media":222902,"template":"","meta":{"_acf_changed":false},"product_brand":[],"product_cat":[9584],"product_tag":[],"class_list":{"0":"post-222918","1":"product","2":"type-product","3":"status-publish","4":"has-post-thumbnail","6":"product_cat-talocheuse-mecanique","8":"first","9":"outofstock","10":"taxable","11":"shipping-taxable","12":"purchasable","13":"product-type-variable"},"acf":[],"yoast_head":"<!-- This site is optimized with the Yoast SEO plugin v24.8.1 - https:\/\/yoast.com\/wordpress\/plugins\/seo\/ -->\n<title>Talocheuse \u00e0 b\u00e9ton | Alu Comfort | revendeur Altrad<\/title>\n<meta name=\"description\" content=\"Pour la meilleure polisseuse \u00e0 b\u00e9ton et des conseils d&#039;experts, rendez-vous chez Alu Comfort BV - votre partenaire pour du mat\u00e9riel de construction professionnel.\" \/>\n<meta name=\"robots\" content=\"index, follow, max-snippet:-1, max-image-preview:large, max-video-preview:-1\" \/>\n<link rel=\"canonical\" href=\"https:\/\/www.alucomfort.be\/product\/betonpoliermachine-belle-pro-600x\/\" \/>\n<meta property=\"og:locale\" content=\"fr_FR\" \/>\n<meta property=\"og:type\" content=\"article\" \/>\n<meta property=\"og:title\" content=\"Talocheuse \u00e0 b\u00e9ton | Alu Comfort | revendeur Altrad\" \/>\n<meta property=\"og:description\" content=\"Pour la meilleure polisseuse \u00e0 b\u00e9ton et des conseils d&#039;experts, rendez-vous chez Alu Comfort BV - votre partenaire pour du mat\u00e9riel de construction professionnel.\" \/>\n<meta property=\"og:url\" content=\"https:\/\/www.alucomfort.be\/product\/betonpoliermachine-belle-pro-600x\/\" \/>\n<meta property=\"og:site_name\" content=\"Alu Comfort\" \/>\n<meta property=\"article:modified_time\" content=\"2025-02-25T20:54:08+00:00\" \/>\n<meta property=\"og:image\" content=\"https:\/\/www.alucomfort.be\/wp-content\/uploads\/Talocheuses-Mecaniques-Belle-Pro-600X.jpg\" \/>\n\t<meta property=\"og:image:width\" content=\"1181\" \/>\n\t<meta property=\"og:image:height\" content=\"1235\" \/>\n\t<meta property=\"og:image:type\" content=\"image\/jpeg\" \/>\n<meta name=\"twitter:card\" content=\"summary_large_image\" \/>\n<script type=\"application\/ld+json\" class=\"yoast-schema-graph\">{\"@context\":\"https:\/\/schema.org\",\"@graph\":[{\"@type\":\"WebPage\",\"@id\":\"https:\/\/www.alucomfort.be\/product\/betonpoliermachine-belle-pro-600x\/\",\"url\":\"https:\/\/www.alucomfort.be\/product\/betonpoliermachine-belle-pro-600x\/\",\"name\":\"Talocheuse \u00e0 b\u00e9ton | Alu Comfort | revendeur Altrad\",\"isPartOf\":{\"@id\":\"https:\/\/www.alucomfort.be\/#website\"},\"primaryImageOfPage\":{\"@id\":\"https:\/\/www.alucomfort.be\/product\/betonpoliermachine-belle-pro-600x\/#primaryimage\"},\"image\":{\"@id\":\"https:\/\/www.alucomfort.be\/product\/betonpoliermachine-belle-pro-600x\/#primaryimage\"},\"thumbnailUrl\":\"https:\/\/www.alucomfort.be\/wp-content\/uploads\/Talocheuses-Mecaniques-Belle-Pro-600X.jpg\",\"datePublished\":\"2025-02-25T20:46:48+00:00\",\"dateModified\":\"2025-02-25T20:54:08+00:00\",\"description\":\"Pour la meilleure polisseuse \u00e0 b\u00e9ton et des conseils d'experts, rendez-vous chez Alu Comfort BV - votre partenaire pour du mat\u00e9riel de construction professionnel.\",\"breadcrumb\":{\"@id\":\"https:\/\/www.alucomfort.be\/product\/betonpoliermachine-belle-pro-600x\/#breadcrumb\"},\"inLanguage\":\"fr-FR\",\"potentialAction\":[{\"@type\":\"ReadAction\",\"target\":[\"https:\/\/www.alucomfort.be\/product\/betonpoliermachine-belle-pro-600x\/\"]}]},{\"@type\":\"ImageObject\",\"inLanguage\":\"fr-FR\",\"@id\":\"https:\/\/www.alucomfort.be\/product\/betonpoliermachine-belle-pro-600x\/#primaryimage\",\"url\":\"https:\/\/www.alucomfort.be\/wp-content\/uploads\/Talocheuses-Mecaniques-Belle-Pro-600X.jpg\",\"contentUrl\":\"https:\/\/www.alucomfort.be\/wp-content\/uploads\/Talocheuses-Mecaniques-Belle-Pro-600X.jpg\",\"width\":1181,\"height\":1235,\"caption\":\"Talocheuses M\u00e9caniques Belle Pro 600X\"},{\"@type\":\"BreadcrumbList\",\"@id\":\"https:\/\/www.alucomfort.be\/product\/betonpoliermachine-belle-pro-600x\/#breadcrumb\",\"itemListElement\":[{\"@type\":\"ListItem\",\"position\":1,\"name\":\"Home\",\"item\":\"https:\/\/www.alucomfort.be\/fr\/\"},{\"@type\":\"ListItem\",\"position\":2,\"name\":\"Producten\",\"item\":\"https:\/\/www.alucomfort.be\/producten\/\"},{\"@type\":\"ListItem\",\"position\":3,\"name\":\"Talocheuse \u00e0 b\u00e9ton m\u00e9canique Belle Pro 600X\"}]},{\"@type\":\"WebSite\",\"@id\":\"https:\/\/www.alucomfort.be\/#website\",\"url\":\"https:\/\/www.alucomfort.be\/\",\"name\":\"Alu Comfort\",\"description\":\"\",\"potentialAction\":[{\"@type\":\"SearchAction\",\"target\":{\"@type\":\"EntryPoint\",\"urlTemplate\":\"https:\/\/www.alucomfort.be\/?s={search_term_string}\"},\"query-input\":{\"@type\":\"PropertyValueSpecification\",\"valueRequired\":true,\"valueName\":\"search_term_string\"}}],\"inLanguage\":\"fr-FR\"}]}<\/script>\n<!-- \/ Yoast SEO plugin. -->","yoast_head_json":{"title":"Talocheuse \u00e0 b\u00e9ton | Alu Comfort | revendeur Altrad","description":"Pour la meilleure polisseuse \u00e0 b\u00e9ton et des conseils d'experts, rendez-vous chez Alu Comfort BV - votre partenaire pour du mat\u00e9riel de construction professionnel.","robots":{"index":"index","follow":"follow","max-snippet":"max-snippet:-1","max-image-preview":"max-image-preview:large","max-video-preview":"max-video-preview:-1"},"canonical":"https:\/\/www.alucomfort.be\/product\/betonpoliermachine-belle-pro-600x\/","og_locale":"fr_FR","og_type":"article","og_title":"Talocheuse \u00e0 b\u00e9ton | Alu Comfort | revendeur Altrad","og_description":"Pour la meilleure polisseuse \u00e0 b\u00e9ton et des conseils d'experts, rendez-vous chez Alu Comfort BV - votre partenaire pour du mat\u00e9riel de construction professionnel.","og_url":"https:\/\/www.alucomfort.be\/product\/betonpoliermachine-belle-pro-600x\/","og_site_name":"Alu Comfort","article_modified_time":"2025-02-25T20:54:08+00:00","og_image":[{"width":1181,"height":1235,"url":"https:\/\/www.alucomfort.be\/wp-content\/uploads\/Talocheuses-Mecaniques-Belle-Pro-600X.jpg","type":"image\/jpeg"}],"twitter_card":"summary_large_image","schema":{"@context":"https:\/\/schema.org","@graph":[{"@type":"WebPage","@id":"https:\/\/www.alucomfort.be\/product\/betonpoliermachine-belle-pro-600x\/","url":"https:\/\/www.alucomfort.be\/product\/betonpoliermachine-belle-pro-600x\/","name":"Talocheuse \u00e0 b\u00e9ton | Alu Comfort | revendeur Altrad","isPartOf":{"@id":"https:\/\/www.alucomfort.be\/#website"},"primaryImageOfPage":{"@id":"https:\/\/www.alucomfort.be\/product\/betonpoliermachine-belle-pro-600x\/#primaryimage"},"image":{"@id":"https:\/\/www.alucomfort.be\/product\/betonpoliermachine-belle-pro-600x\/#primaryimage"},"thumbnailUrl":"https:\/\/www.alucomfort.be\/wp-content\/uploads\/Talocheuses-Mecaniques-Belle-Pro-600X.jpg","datePublished":"2025-02-25T20:46:48+00:00","dateModified":"2025-02-25T20:54:08+00:00","description":"Pour la meilleure polisseuse \u00e0 b\u00e9ton et des conseils d'experts, rendez-vous chez Alu Comfort BV - votre partenaire pour du mat\u00e9riel de construction professionnel.","breadcrumb":{"@id":"https:\/\/www.alucomfort.be\/product\/betonpoliermachine-belle-pro-600x\/#breadcrumb"},"inLanguage":"fr-FR","potentialAction":[{"@type":"ReadAction","target":["https:\/\/www.alucomfort.be\/product\/betonpoliermachine-belle-pro-600x\/"]}]},{"@type":"ImageObject","inLanguage":"fr-FR","@id":"https:\/\/www.alucomfort.be\/product\/betonpoliermachine-belle-pro-600x\/#primaryimage","url":"https:\/\/www.alucomfort.be\/wp-content\/uploads\/Talocheuses-Mecaniques-Belle-Pro-600X.jpg","contentUrl":"https:\/\/www.alucomfort.be\/wp-content\/uploads\/Talocheuses-Mecaniques-Belle-Pro-600X.jpg","width":1181,"height":1235,"caption":"Talocheuses M\u00e9caniques Belle Pro 600X"},{"@type":"BreadcrumbList","@id":"https:\/\/www.alucomfort.be\/product\/betonpoliermachine-belle-pro-600x\/#breadcrumb","itemListElement":[{"@type":"ListItem","position":1,"name":"Home","item":"https:\/\/www.alucomfort.be\/fr\/"},{"@type":"ListItem","position":2,"name":"Producten","item":"https:\/\/www.alucomfort.be\/producten\/"},{"@type":"ListItem","position":3,"name":"Talocheuse \u00e0 b\u00e9ton m\u00e9canique Belle Pro 600X"}]},{"@type":"WebSite","@id":"https:\/\/www.alucomfort.be\/#website","url":"https:\/\/www.alucomfort.be\/","name":"Alu Comfort","description":"","potentialAction":[{"@type":"SearchAction","target":{"@type":"EntryPoint","urlTemplate":"https:\/\/www.alucomfort.be\/?s={search_term_string}"},"query-input":{"@type":"PropertyValueSpecification","valueRequired":true,"valueName":"search_term_string"}}],"inLanguage":"fr-FR"}]}},"_links":{"self":[{"href":"https:\/\/www.alucomfort.be\/fr\/wp-json\/wp\/v2\/product\/222918","targetHints":{"allow":["GET"]}}],"collection":[{"href":"https:\/\/www.alucomfort.be\/fr\/wp-json\/wp\/v2\/product"}],"about":[{"href":"https:\/\/www.alucomfort.be\/fr\/wp-json\/wp\/v2\/types\/product"}],"wp:featuredmedia":[{"embeddable":true,"href":"https:\/\/www.alucomfort.be\/fr\/wp-json\/wp\/v2\/media\/222902"}],"wp:attachment":[{"href":"https:\/\/www.alucomfort.be\/fr\/wp-json\/wp\/v2\/media?parent=222918"}],"wp:term":[{"taxonomy":"product_brand","embeddable":true,"href":"https:\/\/www.alucomfort.be\/fr\/wp-json\/wp\/v2\/product_brand?post=222918"},{"taxonomy":"product_cat","embeddable":true,"href":"https:\/\/www.alucomfort.be\/fr\/wp-json\/wp\/v2\/product_cat?post=222918"},{"taxonomy":"product_tag","embeddable":true,"href":"https:\/\/www.alucomfort.be\/fr\/wp-json\/wp\/v2\/product_tag?post=222918"}],"curies":[{"name":"wp","href":"https:\/\/api.w.org\/{rel}","templated":true}]}}