

{"id":222924,"date":"2025-02-25T22:46:55","date_gmt":"2025-02-25T20:46:55","guid":{"rendered":"https:\/\/www.alucomfort.be\/product\/talocheuse-mecanique-belle-pro-900-1200\/"},"modified":"2025-02-25T22:54:15","modified_gmt":"2025-02-25T20:54:15","slug":"talocheuse-mecanique-belle-pro-900-1200","status":"publish","type":"product","link":"https:\/\/www.alucomfort.be\/fr\/product\/talocheuse-mecanique-belle-pro-900-1200\/","title":{"rendered":"Talocheuse m\u00e9canique Belle Pro 900\/1200"},"content":{"rendered":"<p>* Talocheuse \u00e0 b\u00e9ton con\u00e7ue pour une utilisation continue sur de grandes surfaces, * Choix entre la PRO 900 d&rsquo;une largeur de 925 mm ou la PRO 1200 d&rsquo;une largeur de 1170 mm, * Avec poign\u00e9e pliable pratique, * Travail confortable et manipulation facile, * Lames r\u00e9glables avec un bouton rotatif, * Livr\u00e9e standard avec jeu de p\u00e2les mixtes mont\u00e9es, * Avec point de levage central. Facile \u00e0 transporter.<\/p>\n","protected":false},"excerpt":{"rendered":"<p>H\u00e9licopt\u00e8re \u00e0 b\u00e9ton\/Truelle m\u00e9canique Belle Pro 900\/1200<\/p>\n","protected":false},"featured_media":222904,"template":"","meta":{"_acf_changed":false},"product_brand":[],"product_cat":[9584],"product_tag":[],"class_list":{"0":"post-222924","1":"product","2":"type-product","3":"status-publish","4":"has-post-thumbnail","6":"product_cat-talocheuse-mecanique","8":"first","9":"outofstock","10":"taxable","11":"shipping-taxable","12":"purchasable","13":"product-type-variable"},"acf":[],"yoast_head":"<!-- This site is optimized with the Yoast SEO plugin v24.8.1 - https:\/\/yoast.com\/wordpress\/plugins\/seo\/ -->\n<title>H\u00e9licopt\u00e8re \u00e0 b\u00e9ton | Alu Comfort | Truelle m\u00e9canique<\/title>\n<meta name=\"description\" content=\"Talocheuses \u00e0 b\u00e9ton professionnelles pour tous vos chantiers, livraison rapide. Contactez Alu Comfort BV - votre partenaire pour du mat\u00e9riel de construction professionnel.\" \/>\n<meta name=\"robots\" content=\"index, follow, max-snippet:-1, max-image-preview:large, max-video-preview:-1\" \/>\n<link rel=\"canonical\" href=\"https:\/\/www.alucomfort.be\/product\/betonpoliemachine-belle-pro-900-1200\/\" \/>\n<meta property=\"og:locale\" content=\"fr_FR\" \/>\n<meta property=\"og:type\" content=\"article\" \/>\n<meta property=\"og:title\" content=\"H\u00e9licopt\u00e8re \u00e0 b\u00e9ton | Alu Comfort | Truelle m\u00e9canique\" \/>\n<meta property=\"og:description\" content=\"Talocheuses \u00e0 b\u00e9ton professionnelles pour tous vos chantiers, livraison rapide. Contactez Alu Comfort BV - votre partenaire pour du mat\u00e9riel de construction professionnel.\" \/>\n<meta property=\"og:url\" content=\"https:\/\/www.alucomfort.be\/product\/betonpoliemachine-belle-pro-900-1200\/\" \/>\n<meta property=\"og:site_name\" content=\"Alu Comfort\" \/>\n<meta property=\"article:modified_time\" content=\"2025-02-25T20:54:15+00:00\" \/>\n<meta property=\"og:image\" content=\"https:\/\/www.alucomfort.be\/wp-content\/uploads\/Troffelmachine-Belle-Pro-900-1200.jpg\" \/>\n\t<meta property=\"og:image:width\" content=\"1204\" \/>\n\t<meta property=\"og:image:height\" content=\"1400\" \/>\n\t<meta property=\"og:image:type\" content=\"image\/jpeg\" \/>\n<meta name=\"twitter:card\" content=\"summary_large_image\" \/>\n<script type=\"application\/ld+json\" class=\"yoast-schema-graph\">{\"@context\":\"https:\/\/schema.org\",\"@graph\":[{\"@type\":\"WebPage\",\"@id\":\"https:\/\/www.alucomfort.be\/product\/betonpoliemachine-belle-pro-900-1200\/\",\"url\":\"https:\/\/www.alucomfort.be\/product\/betonpoliemachine-belle-pro-900-1200\/\",\"name\":\"H\u00e9licopt\u00e8re \u00e0 b\u00e9ton | Alu Comfort | Truelle m\u00e9canique\",\"isPartOf\":{\"@id\":\"https:\/\/www.alucomfort.be\/#website\"},\"primaryImageOfPage\":{\"@id\":\"https:\/\/www.alucomfort.be\/product\/betonpoliemachine-belle-pro-900-1200\/#primaryimage\"},\"image\":{\"@id\":\"https:\/\/www.alucomfort.be\/product\/betonpoliemachine-belle-pro-900-1200\/#primaryimage\"},\"thumbnailUrl\":\"https:\/\/www.alucomfort.be\/wp-content\/uploads\/Troffelmachine-Belle-Pro-900-1200.jpg\",\"datePublished\":\"2025-02-25T20:46:55+00:00\",\"dateModified\":\"2025-02-25T20:54:15+00:00\",\"description\":\"Talocheuses \u00e0 b\u00e9ton professionnelles pour tous vos chantiers, livraison rapide. Contactez Alu Comfort BV - votre partenaire pour du mat\u00e9riel de construction professionnel.\",\"breadcrumb\":{\"@id\":\"https:\/\/www.alucomfort.be\/product\/betonpoliemachine-belle-pro-900-1200\/#breadcrumb\"},\"inLanguage\":\"fr-FR\",\"potentialAction\":[{\"@type\":\"ReadAction\",\"target\":[\"https:\/\/www.alucomfort.be\/product\/betonpoliemachine-belle-pro-900-1200\/\"]}]},{\"@type\":\"ImageObject\",\"inLanguage\":\"fr-FR\",\"@id\":\"https:\/\/www.alucomfort.be\/product\/betonpoliemachine-belle-pro-900-1200\/#primaryimage\",\"url\":\"https:\/\/www.alucomfort.be\/wp-content\/uploads\/Troffelmachine-Belle-Pro-900-1200.jpg\",\"contentUrl\":\"https:\/\/www.alucomfort.be\/wp-content\/uploads\/Troffelmachine-Belle-Pro-900-1200.jpg\",\"width\":1204,\"height\":1400,\"caption\":\"Troffelmachine Belle Pro 900 1200 Betonafwerker\"},{\"@type\":\"BreadcrumbList\",\"@id\":\"https:\/\/www.alucomfort.be\/product\/betonpoliemachine-belle-pro-900-1200\/#breadcrumb\",\"itemListElement\":[{\"@type\":\"ListItem\",\"position\":1,\"name\":\"Home\",\"item\":\"https:\/\/www.alucomfort.be\/fr\/\"},{\"@type\":\"ListItem\",\"position\":2,\"name\":\"Producten\",\"item\":\"https:\/\/www.alucomfort.be\/producten\/\"},{\"@type\":\"ListItem\",\"position\":3,\"name\":\"Talocheuse m\u00e9canique Belle Pro 900\/1200\"}]},{\"@type\":\"WebSite\",\"@id\":\"https:\/\/www.alucomfort.be\/#website\",\"url\":\"https:\/\/www.alucomfort.be\/\",\"name\":\"Alu Comfort\",\"description\":\"\",\"potentialAction\":[{\"@type\":\"SearchAction\",\"target\":{\"@type\":\"EntryPoint\",\"urlTemplate\":\"https:\/\/www.alucomfort.be\/?s={search_term_string}\"},\"query-input\":{\"@type\":\"PropertyValueSpecification\",\"valueRequired\":true,\"valueName\":\"search_term_string\"}}],\"inLanguage\":\"fr-FR\"}]}<\/script>\n<!-- \/ Yoast SEO plugin. -->","yoast_head_json":{"title":"H\u00e9licopt\u00e8re \u00e0 b\u00e9ton | Alu Comfort | Truelle m\u00e9canique","description":"Talocheuses \u00e0 b\u00e9ton professionnelles pour tous vos chantiers, livraison rapide. Contactez Alu Comfort BV - votre partenaire pour du mat\u00e9riel de construction professionnel.","robots":{"index":"index","follow":"follow","max-snippet":"max-snippet:-1","max-image-preview":"max-image-preview:large","max-video-preview":"max-video-preview:-1"},"canonical":"https:\/\/www.alucomfort.be\/product\/betonpoliemachine-belle-pro-900-1200\/","og_locale":"fr_FR","og_type":"article","og_title":"H\u00e9licopt\u00e8re \u00e0 b\u00e9ton | Alu Comfort | Truelle m\u00e9canique","og_description":"Talocheuses \u00e0 b\u00e9ton professionnelles pour tous vos chantiers, livraison rapide. Contactez Alu Comfort BV - votre partenaire pour du mat\u00e9riel de construction professionnel.","og_url":"https:\/\/www.alucomfort.be\/product\/betonpoliemachine-belle-pro-900-1200\/","og_site_name":"Alu Comfort","article_modified_time":"2025-02-25T20:54:15+00:00","og_image":[{"width":1204,"height":1400,"url":"https:\/\/www.alucomfort.be\/wp-content\/uploads\/Troffelmachine-Belle-Pro-900-1200.jpg","type":"image\/jpeg"}],"twitter_card":"summary_large_image","schema":{"@context":"https:\/\/schema.org","@graph":[{"@type":"WebPage","@id":"https:\/\/www.alucomfort.be\/product\/betonpoliemachine-belle-pro-900-1200\/","url":"https:\/\/www.alucomfort.be\/product\/betonpoliemachine-belle-pro-900-1200\/","name":"H\u00e9licopt\u00e8re \u00e0 b\u00e9ton | Alu Comfort | Truelle m\u00e9canique","isPartOf":{"@id":"https:\/\/www.alucomfort.be\/#website"},"primaryImageOfPage":{"@id":"https:\/\/www.alucomfort.be\/product\/betonpoliemachine-belle-pro-900-1200\/#primaryimage"},"image":{"@id":"https:\/\/www.alucomfort.be\/product\/betonpoliemachine-belle-pro-900-1200\/#primaryimage"},"thumbnailUrl":"https:\/\/www.alucomfort.be\/wp-content\/uploads\/Troffelmachine-Belle-Pro-900-1200.jpg","datePublished":"2025-02-25T20:46:55+00:00","dateModified":"2025-02-25T20:54:15+00:00","description":"Talocheuses \u00e0 b\u00e9ton professionnelles pour tous vos chantiers, livraison rapide. Contactez Alu Comfort BV - votre partenaire pour du mat\u00e9riel de construction professionnel.","breadcrumb":{"@id":"https:\/\/www.alucomfort.be\/product\/betonpoliemachine-belle-pro-900-1200\/#breadcrumb"},"inLanguage":"fr-FR","potentialAction":[{"@type":"ReadAction","target":["https:\/\/www.alucomfort.be\/product\/betonpoliemachine-belle-pro-900-1200\/"]}]},{"@type":"ImageObject","inLanguage":"fr-FR","@id":"https:\/\/www.alucomfort.be\/product\/betonpoliemachine-belle-pro-900-1200\/#primaryimage","url":"https:\/\/www.alucomfort.be\/wp-content\/uploads\/Troffelmachine-Belle-Pro-900-1200.jpg","contentUrl":"https:\/\/www.alucomfort.be\/wp-content\/uploads\/Troffelmachine-Belle-Pro-900-1200.jpg","width":1204,"height":1400,"caption":"Troffelmachine Belle Pro 900 1200 Betonafwerker"},{"@type":"BreadcrumbList","@id":"https:\/\/www.alucomfort.be\/product\/betonpoliemachine-belle-pro-900-1200\/#breadcrumb","itemListElement":[{"@type":"ListItem","position":1,"name":"Home","item":"https:\/\/www.alucomfort.be\/fr\/"},{"@type":"ListItem","position":2,"name":"Producten","item":"https:\/\/www.alucomfort.be\/producten\/"},{"@type":"ListItem","position":3,"name":"Talocheuse m\u00e9canique Belle Pro 900\/1200"}]},{"@type":"WebSite","@id":"https:\/\/www.alucomfort.be\/#website","url":"https:\/\/www.alucomfort.be\/","name":"Alu Comfort","description":"","potentialAction":[{"@type":"SearchAction","target":{"@type":"EntryPoint","urlTemplate":"https:\/\/www.alucomfort.be\/?s={search_term_string}"},"query-input":{"@type":"PropertyValueSpecification","valueRequired":true,"valueName":"search_term_string"}}],"inLanguage":"fr-FR"}]}},"_links":{"self":[{"href":"https:\/\/www.alucomfort.be\/fr\/wp-json\/wp\/v2\/product\/222924","targetHints":{"allow":["GET"]}}],"collection":[{"href":"https:\/\/www.alucomfort.be\/fr\/wp-json\/wp\/v2\/product"}],"about":[{"href":"https:\/\/www.alucomfort.be\/fr\/wp-json\/wp\/v2\/types\/product"}],"wp:featuredmedia":[{"embeddable":true,"href":"https:\/\/www.alucomfort.be\/fr\/wp-json\/wp\/v2\/media\/222904"}],"wp:attachment":[{"href":"https:\/\/www.alucomfort.be\/fr\/wp-json\/wp\/v2\/media?parent=222924"}],"wp:term":[{"taxonomy":"product_brand","embeddable":true,"href":"https:\/\/www.alucomfort.be\/fr\/wp-json\/wp\/v2\/product_brand?post=222924"},{"taxonomy":"product_cat","embeddable":true,"href":"https:\/\/www.alucomfort.be\/fr\/wp-json\/wp\/v2\/product_cat?post=222924"},{"taxonomy":"product_tag","embeddable":true,"href":"https:\/\/www.alucomfort.be\/fr\/wp-json\/wp\/v2\/product_tag?post=222924"}],"curies":[{"name":"wp","href":"https:\/\/api.w.org\/{rel}","templated":true}]}}