

{"id":222930,"date":"2025-02-25T22:47:01","date_gmt":"2025-02-25T20:47:01","guid":{"rendered":"https:\/\/www.alucomfort.be\/product\/accessoires-pour-lisseuses-a-beton\/"},"modified":"2025-02-25T22:54:17","modified_gmt":"2025-02-25T20:54:17","slug":"accessoires-pour-lisseuses-a-beton","status":"publish","type":"product","link":"https:\/\/www.alucomfort.be\/fr\/product\/accessoires-pour-lisseuses-a-beton\/","title":{"rendered":"Accessoires pour lisseuses \u00e0 b\u00e9ton"},"content":{"rendered":"<p>* Contactez-nous pour toutes les pi\u00e8ces de rechange des talocheuses \u00e0 b\u00e9ton Altrad Belle.  Veuillez pr\u00e9ciser dans votre demande le type de machine, ainsi que les accessoires souhait\u00e9s (Plateau de lissage, Disque flottant, pale combi, pale d&rsquo;\u00e9bauche) et les quantit\u00e9s d\u00e9sir\u00e9es.<\/p>\n","protected":false},"excerpt":{"rendered":"<p>Pale de finition, Disque flottant, pale combi, pale d&rsquo;\u00e9bauche<\/p>\n","protected":false},"featured_media":222907,"template":"","meta":{"_acf_changed":false},"product_brand":[],"product_cat":[9584],"product_tag":[],"class_list":{"0":"post-222930","1":"product","2":"type-product","3":"status-publish","4":"has-post-thumbnail","6":"product_cat-talocheuse-mecanique","8":"first","9":"instock","10":"taxable","11":"shipping-taxable","12":"purchasable","13":"product-type-simple"},"acf":[],"yoast_head":"<!-- This site is optimized with the Yoast SEO plugin v24.8.1 - https:\/\/yoast.com\/wordpress\/plugins\/seo\/ -->\n<title>Talocheuse m\u00e9canique | Alu Comfort | Sp\u00e9cialiste en mat\u00e9riel de constructio<\/title>\n<meta name=\"description\" content=\"Achetez ici tous les accessoires pour les talocheuses \u00e0 b\u00e9ton Altrad. Pale de finition, Disque flottant, pale combi, pale d&#039;\u00e9bauche pour un prix imbattable. Contactez-nous d\u00e8s maintenant !\" \/>\n<meta name=\"robots\" content=\"index, follow, max-snippet:-1, max-image-preview:large, max-video-preview:-1\" \/>\n<link rel=\"canonical\" href=\"https:\/\/www.alucomfort.be\/product\/accessoires-voor-betonpoliermachines\/\" \/>\n<meta property=\"og:locale\" content=\"fr_FR\" \/>\n<meta property=\"og:type\" content=\"article\" \/>\n<meta property=\"og:title\" content=\"Talocheuse m\u00e9canique | Alu Comfort | Sp\u00e9cialiste en mat\u00e9riel de constructio\" \/>\n<meta property=\"og:description\" content=\"Achetez ici tous les accessoires pour les talocheuses \u00e0 b\u00e9ton Altrad. Pale de finition, Disque flottant, pale combi, pale d&#039;\u00e9bauche pour un prix imbattable. Contactez-nous d\u00e8s maintenant !\" \/>\n<meta property=\"og:url\" content=\"https:\/\/www.alucomfort.be\/product\/accessoires-voor-betonpoliermachines\/\" \/>\n<meta property=\"og:site_name\" content=\"Alu Comfort\" \/>\n<meta property=\"article:modified_time\" content=\"2025-02-25T20:54:17+00:00\" \/>\n<meta property=\"og:image\" content=\"https:\/\/www.alucomfort.be\/wp-content\/uploads\/Afwijkingsblad-Vlindermachine-Altrad.png\" \/>\n\t<meta property=\"og:image:width\" content=\"1699\" \/>\n\t<meta property=\"og:image:height\" content=\"1279\" \/>\n\t<meta property=\"og:image:type\" content=\"image\/png\" \/>\n<meta name=\"twitter:card\" content=\"summary_large_image\" \/>\n<script type=\"application\/ld+json\" class=\"yoast-schema-graph\">{\"@context\":\"https:\/\/schema.org\",\"@graph\":[{\"@type\":\"WebPage\",\"@id\":\"https:\/\/www.alucomfort.be\/product\/accessoires-voor-betonpoliermachines\/\",\"url\":\"https:\/\/www.alucomfort.be\/product\/accessoires-voor-betonpoliermachines\/\",\"name\":\"Talocheuse m\u00e9canique | Alu Comfort | Sp\u00e9cialiste en mat\u00e9riel de constructio\",\"isPartOf\":{\"@id\":\"https:\/\/www.alucomfort.be\/#website\"},\"primaryImageOfPage\":{\"@id\":\"https:\/\/www.alucomfort.be\/product\/accessoires-voor-betonpoliermachines\/#primaryimage\"},\"image\":{\"@id\":\"https:\/\/www.alucomfort.be\/product\/accessoires-voor-betonpoliermachines\/#primaryimage\"},\"thumbnailUrl\":\"https:\/\/www.alucomfort.be\/wp-content\/uploads\/Afwijkingsblad-Vlindermachine-Altrad.png\",\"datePublished\":\"2025-02-25T20:47:01+00:00\",\"dateModified\":\"2025-02-25T20:54:17+00:00\",\"description\":\"Achetez ici tous les accessoires pour les talocheuses \u00e0 b\u00e9ton Altrad. Pale de finition, Disque flottant, pale combi, pale d'\u00e9bauche pour un prix imbattable. Contactez-nous d\u00e8s maintenant !\",\"breadcrumb\":{\"@id\":\"https:\/\/www.alucomfort.be\/product\/accessoires-voor-betonpoliermachines\/#breadcrumb\"},\"inLanguage\":\"fr-FR\",\"potentialAction\":[{\"@type\":\"ReadAction\",\"target\":[\"https:\/\/www.alucomfort.be\/product\/accessoires-voor-betonpoliermachines\/\"]}]},{\"@type\":\"ImageObject\",\"inLanguage\":\"fr-FR\",\"@id\":\"https:\/\/www.alucomfort.be\/product\/accessoires-voor-betonpoliermachines\/#primaryimage\",\"url\":\"https:\/\/www.alucomfort.be\/wp-content\/uploads\/Afwijkingsblad-Vlindermachine-Altrad.png\",\"contentUrl\":\"https:\/\/www.alucomfort.be\/wp-content\/uploads\/Afwijkingsblad-Vlindermachine-Altrad.png\",\"width\":1699,\"height\":1279,\"caption\":\"Afwijkingsblad Vlindermachine Altrad\"},{\"@type\":\"BreadcrumbList\",\"@id\":\"https:\/\/www.alucomfort.be\/product\/accessoires-voor-betonpoliermachines\/#breadcrumb\",\"itemListElement\":[{\"@type\":\"ListItem\",\"position\":1,\"name\":\"Home\",\"item\":\"https:\/\/www.alucomfort.be\/fr\/\"},{\"@type\":\"ListItem\",\"position\":2,\"name\":\"Producten\",\"item\":\"https:\/\/www.alucomfort.be\/producten\/\"},{\"@type\":\"ListItem\",\"position\":3,\"name\":\"Accessoires pour lisseuses \u00e0 b\u00e9ton\"}]},{\"@type\":\"WebSite\",\"@id\":\"https:\/\/www.alucomfort.be\/#website\",\"url\":\"https:\/\/www.alucomfort.be\/\",\"name\":\"Alu Comfort\",\"description\":\"\",\"potentialAction\":[{\"@type\":\"SearchAction\",\"target\":{\"@type\":\"EntryPoint\",\"urlTemplate\":\"https:\/\/www.alucomfort.be\/?s={search_term_string}\"},\"query-input\":{\"@type\":\"PropertyValueSpecification\",\"valueRequired\":true,\"valueName\":\"search_term_string\"}}],\"inLanguage\":\"fr-FR\"}]}<\/script>\n<!-- \/ Yoast SEO plugin. -->","yoast_head_json":{"title":"Talocheuse m\u00e9canique | Alu Comfort | Sp\u00e9cialiste en mat\u00e9riel de constructio","description":"Achetez ici tous les accessoires pour les talocheuses \u00e0 b\u00e9ton Altrad. Pale de finition, Disque flottant, pale combi, pale d'\u00e9bauche pour un prix imbattable. Contactez-nous d\u00e8s maintenant !","robots":{"index":"index","follow":"follow","max-snippet":"max-snippet:-1","max-image-preview":"max-image-preview:large","max-video-preview":"max-video-preview:-1"},"canonical":"https:\/\/www.alucomfort.be\/product\/accessoires-voor-betonpoliermachines\/","og_locale":"fr_FR","og_type":"article","og_title":"Talocheuse m\u00e9canique | Alu Comfort | Sp\u00e9cialiste en mat\u00e9riel de constructio","og_description":"Achetez ici tous les accessoires pour les talocheuses \u00e0 b\u00e9ton Altrad. Pale de finition, Disque flottant, pale combi, pale d'\u00e9bauche pour un prix imbattable. Contactez-nous d\u00e8s maintenant !","og_url":"https:\/\/www.alucomfort.be\/product\/accessoires-voor-betonpoliermachines\/","og_site_name":"Alu Comfort","article_modified_time":"2025-02-25T20:54:17+00:00","og_image":[{"width":1699,"height":1279,"url":"https:\/\/www.alucomfort.be\/wp-content\/uploads\/Afwijkingsblad-Vlindermachine-Altrad.png","type":"image\/png"}],"twitter_card":"summary_large_image","schema":{"@context":"https:\/\/schema.org","@graph":[{"@type":"WebPage","@id":"https:\/\/www.alucomfort.be\/product\/accessoires-voor-betonpoliermachines\/","url":"https:\/\/www.alucomfort.be\/product\/accessoires-voor-betonpoliermachines\/","name":"Talocheuse m\u00e9canique | Alu Comfort | Sp\u00e9cialiste en mat\u00e9riel de constructio","isPartOf":{"@id":"https:\/\/www.alucomfort.be\/#website"},"primaryImageOfPage":{"@id":"https:\/\/www.alucomfort.be\/product\/accessoires-voor-betonpoliermachines\/#primaryimage"},"image":{"@id":"https:\/\/www.alucomfort.be\/product\/accessoires-voor-betonpoliermachines\/#primaryimage"},"thumbnailUrl":"https:\/\/www.alucomfort.be\/wp-content\/uploads\/Afwijkingsblad-Vlindermachine-Altrad.png","datePublished":"2025-02-25T20:47:01+00:00","dateModified":"2025-02-25T20:54:17+00:00","description":"Achetez ici tous les accessoires pour les talocheuses \u00e0 b\u00e9ton Altrad. Pale de finition, Disque flottant, pale combi, pale d'\u00e9bauche pour un prix imbattable. Contactez-nous d\u00e8s maintenant !","breadcrumb":{"@id":"https:\/\/www.alucomfort.be\/product\/accessoires-voor-betonpoliermachines\/#breadcrumb"},"inLanguage":"fr-FR","potentialAction":[{"@type":"ReadAction","target":["https:\/\/www.alucomfort.be\/product\/accessoires-voor-betonpoliermachines\/"]}]},{"@type":"ImageObject","inLanguage":"fr-FR","@id":"https:\/\/www.alucomfort.be\/product\/accessoires-voor-betonpoliermachines\/#primaryimage","url":"https:\/\/www.alucomfort.be\/wp-content\/uploads\/Afwijkingsblad-Vlindermachine-Altrad.png","contentUrl":"https:\/\/www.alucomfort.be\/wp-content\/uploads\/Afwijkingsblad-Vlindermachine-Altrad.png","width":1699,"height":1279,"caption":"Afwijkingsblad Vlindermachine Altrad"},{"@type":"BreadcrumbList","@id":"https:\/\/www.alucomfort.be\/product\/accessoires-voor-betonpoliermachines\/#breadcrumb","itemListElement":[{"@type":"ListItem","position":1,"name":"Home","item":"https:\/\/www.alucomfort.be\/fr\/"},{"@type":"ListItem","position":2,"name":"Producten","item":"https:\/\/www.alucomfort.be\/producten\/"},{"@type":"ListItem","position":3,"name":"Accessoires pour lisseuses \u00e0 b\u00e9ton"}]},{"@type":"WebSite","@id":"https:\/\/www.alucomfort.be\/#website","url":"https:\/\/www.alucomfort.be\/","name":"Alu Comfort","description":"","potentialAction":[{"@type":"SearchAction","target":{"@type":"EntryPoint","urlTemplate":"https:\/\/www.alucomfort.be\/?s={search_term_string}"},"query-input":{"@type":"PropertyValueSpecification","valueRequired":true,"valueName":"search_term_string"}}],"inLanguage":"fr-FR"}]}},"_links":{"self":[{"href":"https:\/\/www.alucomfort.be\/fr\/wp-json\/wp\/v2\/product\/222930","targetHints":{"allow":["GET"]}}],"collection":[{"href":"https:\/\/www.alucomfort.be\/fr\/wp-json\/wp\/v2\/product"}],"about":[{"href":"https:\/\/www.alucomfort.be\/fr\/wp-json\/wp\/v2\/types\/product"}],"wp:featuredmedia":[{"embeddable":true,"href":"https:\/\/www.alucomfort.be\/fr\/wp-json\/wp\/v2\/media\/222907"}],"wp:attachment":[{"href":"https:\/\/www.alucomfort.be\/fr\/wp-json\/wp\/v2\/media?parent=222930"}],"wp:term":[{"taxonomy":"product_brand","embeddable":true,"href":"https:\/\/www.alucomfort.be\/fr\/wp-json\/wp\/v2\/product_brand?post=222930"},{"taxonomy":"product_cat","embeddable":true,"href":"https:\/\/www.alucomfort.be\/fr\/wp-json\/wp\/v2\/product_cat?post=222930"},{"taxonomy":"product_tag","embeddable":true,"href":"https:\/\/www.alucomfort.be\/fr\/wp-json\/wp\/v2\/product_tag?post=222930"}],"curies":[{"name":"wp","href":"https:\/\/api.w.org\/{rel}","templated":true}]}}