

{"id":222945,"date":"2025-02-27T16:37:10","date_gmt":"2025-02-27T14:37:10","guid":{"rendered":"https:\/\/www.alucomfort.be\/product\/bga-pompe-a-eaux-chargees-5-m-ou-7-m\/"},"modified":"2025-02-27T16:43:57","modified_gmt":"2025-02-27T14:43:57","slug":"bga-pompe-a-eaux-chargees-5-m-ou-7-m","status":"publish","type":"product","link":"https:\/\/www.alucomfort.be\/fr\/product\/bga-pompe-a-eaux-chargees-5-m-ou-7-m\/","title":{"rendered":"BGA pompe \u00e0 eaux charg\u00e9es 5 m ou 7 m"},"content":{"rendered":"<p>* Pompe \u00e0 eaux charg\u00e9es \u00e0 haute capacit\u00e9. Id\u00e9ale pour l&rsquo;\u00e9vacuation de l&rsquo;eau des foss\u00e9s et des chantiers sans \u00e9lectricit\u00e9, * Puissante pompe de drainage avec un d\u00e9bit de 70 m\u00b3\/h, * Choix entre un tuyau anti-abrasif de 5 m ou 7 m, * Diam\u00e8tre de passage des particules libres (pierres, salet\u00e9s) : 15 mm, * Facile \u00e0 utiliser, * En combinaison avec le moteur d&rsquo;entra\u00eenement Honda pratique, vous avez une autonomie compl\u00e8te sur le chantier.<\/p>\n","protected":false},"excerpt":{"rendered":"<p>BGA pompe \u00e0 eaux charg\u00e9es avec manche de 5 m ou 7 m + raccords pompiers 3&Prime; + tuyau de refoulement bleu de 10 m + groupe d&rsquo;entra\u00eenement<\/p>\n","protected":false},"featured_media":222937,"template":"","meta":{"_acf_changed":false},"product_brand":[],"product_cat":[9594],"product_tag":[],"class_list":{"0":"post-222945","1":"product","2":"type-product","3":"status-publish","4":"has-post-thumbnail","6":"product_cat-pompe-pour-eaux-chargees","8":"first","9":"outofstock","10":"taxable","11":"shipping-taxable","12":"purchasable","13":"product-type-variable"},"acf":[],"yoast_head":"<!-- This site is optimized with the Yoast SEO plugin v24.8.1 - https:\/\/yoast.com\/wordpress\/plugins\/seo\/ -->\n<title>Pompe \u00e0 eaux charg\u00e9es| Alu Comfort | revendeur BGA Belle<\/title>\n<meta name=\"description\" content=\"Pompe \u00e0 eaux charg\u00e9es puissante \u00e0 haute capacit\u00e9. Parfaite pour l&#039;\u00e9vacuation de l&#039;eau sur les chantiers sans \u00e9lectricit\u00e9. Contactez Alu Comfort d\u00e8s maintenant!\" \/>\n<meta name=\"robots\" content=\"index, follow, max-snippet:-1, max-image-preview:large, max-video-preview:-1\" \/>\n<link rel=\"canonical\" href=\"https:\/\/www.alucomfort.be\/product\/bga-vuilwaterpomp-met-slang-5-m-of-7-m\/\" \/>\n<meta property=\"og:locale\" content=\"fr_FR\" \/>\n<meta property=\"og:type\" content=\"article\" \/>\n<meta property=\"og:title\" content=\"Pompe \u00e0 eaux charg\u00e9es| Alu Comfort | revendeur BGA Belle\" \/>\n<meta property=\"og:description\" content=\"Pompe \u00e0 eaux charg\u00e9es puissante \u00e0 haute capacit\u00e9. Parfaite pour l&#039;\u00e9vacuation de l&#039;eau sur les chantiers sans \u00e9lectricit\u00e9. Contactez Alu Comfort d\u00e8s maintenant!\" \/>\n<meta property=\"og:url\" content=\"https:\/\/www.alucomfort.be\/product\/bga-vuilwaterpomp-met-slang-5-m-of-7-m\/\" \/>\n<meta property=\"og:site_name\" content=\"Alu Comfort\" \/>\n<meta property=\"article:modified_time\" content=\"2025-02-27T14:43:57+00:00\" \/>\n<meta property=\"og:image\" content=\"https:\/\/www.alucomfort.be\/wp-content\/uploads\/Vuilwaterpomp-Benzinemotor-Honda-Met-Hoge-Capaciteit.jpg\" \/>\n\t<meta property=\"og:image:width\" content=\"1000\" \/>\n\t<meta property=\"og:image:height\" content=\"909\" \/>\n\t<meta property=\"og:image:type\" content=\"image\/jpeg\" \/>\n<meta name=\"twitter:card\" content=\"summary_large_image\" \/>\n<script type=\"application\/ld+json\" class=\"yoast-schema-graph\">{\"@context\":\"https:\/\/schema.org\",\"@graph\":[{\"@type\":\"WebPage\",\"@id\":\"https:\/\/www.alucomfort.be\/product\/bga-vuilwaterpomp-met-slang-5-m-of-7-m\/\",\"url\":\"https:\/\/www.alucomfort.be\/product\/bga-vuilwaterpomp-met-slang-5-m-of-7-m\/\",\"name\":\"Pompe \u00e0 eaux charg\u00e9es| Alu Comfort | revendeur BGA Belle\",\"isPartOf\":{\"@id\":\"https:\/\/www.alucomfort.be\/#website\"},\"primaryImageOfPage\":{\"@id\":\"https:\/\/www.alucomfort.be\/product\/bga-vuilwaterpomp-met-slang-5-m-of-7-m\/#primaryimage\"},\"image\":{\"@id\":\"https:\/\/www.alucomfort.be\/product\/bga-vuilwaterpomp-met-slang-5-m-of-7-m\/#primaryimage\"},\"thumbnailUrl\":\"https:\/\/www.alucomfort.be\/wp-content\/uploads\/Vuilwaterpomp-Benzinemotor-Honda-Met-Hoge-Capaciteit.jpg\",\"datePublished\":\"2025-02-27T14:37:10+00:00\",\"dateModified\":\"2025-02-27T14:43:57+00:00\",\"description\":\"Pompe \u00e0 eaux charg\u00e9es puissante \u00e0 haute capacit\u00e9. Parfaite pour l'\u00e9vacuation de l'eau sur les chantiers sans \u00e9lectricit\u00e9. Contactez Alu Comfort d\u00e8s maintenant!\",\"breadcrumb\":{\"@id\":\"https:\/\/www.alucomfort.be\/product\/bga-vuilwaterpomp-met-slang-5-m-of-7-m\/#breadcrumb\"},\"inLanguage\":\"fr-FR\",\"potentialAction\":[{\"@type\":\"ReadAction\",\"target\":[\"https:\/\/www.alucomfort.be\/product\/bga-vuilwaterpomp-met-slang-5-m-of-7-m\/\"]}]},{\"@type\":\"ImageObject\",\"inLanguage\":\"fr-FR\",\"@id\":\"https:\/\/www.alucomfort.be\/product\/bga-vuilwaterpomp-met-slang-5-m-of-7-m\/#primaryimage\",\"url\":\"https:\/\/www.alucomfort.be\/wp-content\/uploads\/Vuilwaterpomp-Benzinemotor-Honda-Met-Hoge-Capaciteit.jpg\",\"contentUrl\":\"https:\/\/www.alucomfort.be\/wp-content\/uploads\/Vuilwaterpomp-Benzinemotor-Honda-Met-Hoge-Capaciteit.jpg\",\"width\":1000,\"height\":909,\"caption\":\"Vuilwaterpomp Benzinemotor Honda Met Hoge Capaciteit\"},{\"@type\":\"BreadcrumbList\",\"@id\":\"https:\/\/www.alucomfort.be\/product\/bga-vuilwaterpomp-met-slang-5-m-of-7-m\/#breadcrumb\",\"itemListElement\":[{\"@type\":\"ListItem\",\"position\":1,\"name\":\"Home\",\"item\":\"https:\/\/www.alucomfort.be\/fr\/\"},{\"@type\":\"ListItem\",\"position\":2,\"name\":\"Producten\",\"item\":\"https:\/\/www.alucomfort.be\/producten\/\"},{\"@type\":\"ListItem\",\"position\":3,\"name\":\"BGA pompe \u00e0 eaux charg\u00e9es 5 m ou 7 m\"}]},{\"@type\":\"WebSite\",\"@id\":\"https:\/\/www.alucomfort.be\/#website\",\"url\":\"https:\/\/www.alucomfort.be\/\",\"name\":\"Alu Comfort\",\"description\":\"\",\"potentialAction\":[{\"@type\":\"SearchAction\",\"target\":{\"@type\":\"EntryPoint\",\"urlTemplate\":\"https:\/\/www.alucomfort.be\/?s={search_term_string}\"},\"query-input\":{\"@type\":\"PropertyValueSpecification\",\"valueRequired\":true,\"valueName\":\"search_term_string\"}}],\"inLanguage\":\"fr-FR\"}]}<\/script>\n<!-- \/ Yoast SEO plugin. -->","yoast_head_json":{"title":"Pompe \u00e0 eaux charg\u00e9es| Alu Comfort | revendeur BGA Belle","description":"Pompe \u00e0 eaux charg\u00e9es puissante \u00e0 haute capacit\u00e9. Parfaite pour l'\u00e9vacuation de l'eau sur les chantiers sans \u00e9lectricit\u00e9. Contactez Alu Comfort d\u00e8s maintenant!","robots":{"index":"index","follow":"follow","max-snippet":"max-snippet:-1","max-image-preview":"max-image-preview:large","max-video-preview":"max-video-preview:-1"},"canonical":"https:\/\/www.alucomfort.be\/product\/bga-vuilwaterpomp-met-slang-5-m-of-7-m\/","og_locale":"fr_FR","og_type":"article","og_title":"Pompe \u00e0 eaux charg\u00e9es| Alu Comfort | revendeur BGA Belle","og_description":"Pompe \u00e0 eaux charg\u00e9es puissante \u00e0 haute capacit\u00e9. Parfaite pour l'\u00e9vacuation de l'eau sur les chantiers sans \u00e9lectricit\u00e9. Contactez Alu Comfort d\u00e8s maintenant!","og_url":"https:\/\/www.alucomfort.be\/product\/bga-vuilwaterpomp-met-slang-5-m-of-7-m\/","og_site_name":"Alu Comfort","article_modified_time":"2025-02-27T14:43:57+00:00","og_image":[{"width":1000,"height":909,"url":"https:\/\/www.alucomfort.be\/wp-content\/uploads\/Vuilwaterpomp-Benzinemotor-Honda-Met-Hoge-Capaciteit.jpg","type":"image\/jpeg"}],"twitter_card":"summary_large_image","schema":{"@context":"https:\/\/schema.org","@graph":[{"@type":"WebPage","@id":"https:\/\/www.alucomfort.be\/product\/bga-vuilwaterpomp-met-slang-5-m-of-7-m\/","url":"https:\/\/www.alucomfort.be\/product\/bga-vuilwaterpomp-met-slang-5-m-of-7-m\/","name":"Pompe \u00e0 eaux charg\u00e9es| Alu Comfort | revendeur BGA Belle","isPartOf":{"@id":"https:\/\/www.alucomfort.be\/#website"},"primaryImageOfPage":{"@id":"https:\/\/www.alucomfort.be\/product\/bga-vuilwaterpomp-met-slang-5-m-of-7-m\/#primaryimage"},"image":{"@id":"https:\/\/www.alucomfort.be\/product\/bga-vuilwaterpomp-met-slang-5-m-of-7-m\/#primaryimage"},"thumbnailUrl":"https:\/\/www.alucomfort.be\/wp-content\/uploads\/Vuilwaterpomp-Benzinemotor-Honda-Met-Hoge-Capaciteit.jpg","datePublished":"2025-02-27T14:37:10+00:00","dateModified":"2025-02-27T14:43:57+00:00","description":"Pompe \u00e0 eaux charg\u00e9es puissante \u00e0 haute capacit\u00e9. Parfaite pour l'\u00e9vacuation de l'eau sur les chantiers sans \u00e9lectricit\u00e9. Contactez Alu Comfort d\u00e8s maintenant!","breadcrumb":{"@id":"https:\/\/www.alucomfort.be\/product\/bga-vuilwaterpomp-met-slang-5-m-of-7-m\/#breadcrumb"},"inLanguage":"fr-FR","potentialAction":[{"@type":"ReadAction","target":["https:\/\/www.alucomfort.be\/product\/bga-vuilwaterpomp-met-slang-5-m-of-7-m\/"]}]},{"@type":"ImageObject","inLanguage":"fr-FR","@id":"https:\/\/www.alucomfort.be\/product\/bga-vuilwaterpomp-met-slang-5-m-of-7-m\/#primaryimage","url":"https:\/\/www.alucomfort.be\/wp-content\/uploads\/Vuilwaterpomp-Benzinemotor-Honda-Met-Hoge-Capaciteit.jpg","contentUrl":"https:\/\/www.alucomfort.be\/wp-content\/uploads\/Vuilwaterpomp-Benzinemotor-Honda-Met-Hoge-Capaciteit.jpg","width":1000,"height":909,"caption":"Vuilwaterpomp Benzinemotor Honda Met Hoge Capaciteit"},{"@type":"BreadcrumbList","@id":"https:\/\/www.alucomfort.be\/product\/bga-vuilwaterpomp-met-slang-5-m-of-7-m\/#breadcrumb","itemListElement":[{"@type":"ListItem","position":1,"name":"Home","item":"https:\/\/www.alucomfort.be\/fr\/"},{"@type":"ListItem","position":2,"name":"Producten","item":"https:\/\/www.alucomfort.be\/producten\/"},{"@type":"ListItem","position":3,"name":"BGA pompe \u00e0 eaux charg\u00e9es 5 m ou 7 m"}]},{"@type":"WebSite","@id":"https:\/\/www.alucomfort.be\/#website","url":"https:\/\/www.alucomfort.be\/","name":"Alu Comfort","description":"","potentialAction":[{"@type":"SearchAction","target":{"@type":"EntryPoint","urlTemplate":"https:\/\/www.alucomfort.be\/?s={search_term_string}"},"query-input":{"@type":"PropertyValueSpecification","valueRequired":true,"valueName":"search_term_string"}}],"inLanguage":"fr-FR"}]}},"_links":{"self":[{"href":"https:\/\/www.alucomfort.be\/fr\/wp-json\/wp\/v2\/product\/222945","targetHints":{"allow":["GET"]}}],"collection":[{"href":"https:\/\/www.alucomfort.be\/fr\/wp-json\/wp\/v2\/product"}],"about":[{"href":"https:\/\/www.alucomfort.be\/fr\/wp-json\/wp\/v2\/types\/product"}],"wp:featuredmedia":[{"embeddable":true,"href":"https:\/\/www.alucomfort.be\/fr\/wp-json\/wp\/v2\/media\/222937"}],"wp:attachment":[{"href":"https:\/\/www.alucomfort.be\/fr\/wp-json\/wp\/v2\/media?parent=222945"}],"wp:term":[{"taxonomy":"product_brand","embeddable":true,"href":"https:\/\/www.alucomfort.be\/fr\/wp-json\/wp\/v2\/product_brand?post=222945"},{"taxonomy":"product_cat","embeddable":true,"href":"https:\/\/www.alucomfort.be\/fr\/wp-json\/wp\/v2\/product_cat?post=222945"},{"taxonomy":"product_tag","embeddable":true,"href":"https:\/\/www.alucomfort.be\/fr\/wp-json\/wp\/v2\/product_tag?post=222945"}],"curies":[{"name":"wp","href":"https:\/\/api.w.org\/{rel}","templated":true}]}}