

{"id":222951,"date":"2025-02-27T16:37:17","date_gmt":"2025-02-27T14:37:17","guid":{"rendered":"https:\/\/www.alucomfort.be\/product\/groupe-dentrainement-a-essence\/"},"modified":"2025-02-27T16:44:00","modified_gmt":"2025-02-27T14:44:00","slug":"groupe-dentrainement-a-essence","status":"publish","type":"product","link":"https:\/\/www.alucomfort.be\/fr\/product\/groupe-dentrainement-a-essence\/","title":{"rendered":"Groupe d&rsquo;entra\u00eenement \u00e0 essence"},"content":{"rendered":"<p>* Unit\u00e9 d&rsquo;entra\u00eenement pratique avec moteur \u00e0 essence Honda GX160, * Con\u00e7ue pour un usage intensif sur les chantiers ou en location, * Avec arceau de protection. D\u00e9placement rapide et facile sur les chantiers, * Unit\u00e9 d&rsquo;entra\u00eenement \u00e0 double embrayage adapt\u00e9e \u00e0 l&rsquo;aiguille vibrante BGA et \u00e0 la pompe \u00e0 eau BGA.  Le pompage de l&rsquo;eau et la vibration du b\u00e9ton sont possibles avec cette seule unit\u00e9 d&rsquo;entra\u00eenement!<\/p>\n","protected":false},"excerpt":{"rendered":"<p>Groupe moteur portatif BGA Honda GX160<\/p>\n","protected":false},"featured_media":222939,"template":"","meta":{"_acf_changed":false},"product_brand":[],"product_cat":[9594],"product_tag":[],"class_list":{"0":"post-222951","1":"product","2":"type-product","3":"status-publish","4":"has-post-thumbnail","6":"product_cat-pompe-pour-eaux-chargees","8":"first","9":"instock","10":"taxable","11":"shipping-taxable","12":"purchasable","13":"product-type-simple"},"acf":[],"yoast_head":"<!-- This site is optimized with the Yoast SEO plugin v24.8.1 - https:\/\/yoast.com\/wordpress\/plugins\/seo\/ -->\n<title>Groupe d&#039;entra\u00eenement \u00e0 essence | Alu Comfort | revendeur Belle BGA<\/title>\n<meta name=\"description\" content=\"Unit\u00e9 d&#039;entra\u00eenement pour pompe \u00e0 eaux charg\u00e9es ou aiguille vibrante \u00e0 b\u00e9ton. Avec puissant moteur Honda. Id\u00e9al pour les chantiers! Contactez-nous maintenant!\" \/>\n<meta name=\"robots\" content=\"index, follow, max-snippet:-1, max-image-preview:large, max-video-preview:-1\" \/>\n<link rel=\"canonical\" href=\"https:\/\/www.alucomfort.be\/product\/aandrijfeenheid\/\" \/>\n<meta property=\"og:locale\" content=\"fr_FR\" \/>\n<meta property=\"og:type\" content=\"article\" \/>\n<meta property=\"og:title\" content=\"Groupe d&#039;entra\u00eenement \u00e0 essence | Alu Comfort | revendeur Belle BGA\" \/>\n<meta property=\"og:description\" content=\"Unit\u00e9 d&#039;entra\u00eenement pour pompe \u00e0 eaux charg\u00e9es ou aiguille vibrante \u00e0 b\u00e9ton. Avec puissant moteur Honda. Id\u00e9al pour les chantiers! Contactez-nous maintenant!\" \/>\n<meta property=\"og:url\" content=\"https:\/\/www.alucomfort.be\/product\/aandrijfeenheid\/\" \/>\n<meta property=\"og:site_name\" content=\"Alu Comfort\" \/>\n<meta property=\"article:modified_time\" content=\"2025-02-27T14:44:00+00:00\" \/>\n<meta property=\"og:image\" content=\"https:\/\/www.alucomfort.be\/wp-content\/uploads\/Pomp-BGA-Aandrijfeenheid-Honda-GX160-Altrad.jpg\" \/>\n\t<meta property=\"og:image:width\" content=\"1920\" \/>\n\t<meta property=\"og:image:height\" content=\"1993\" \/>\n\t<meta property=\"og:image:type\" content=\"image\/jpeg\" \/>\n<meta name=\"twitter:card\" content=\"summary_large_image\" \/>\n<script type=\"application\/ld+json\" class=\"yoast-schema-graph\">{\"@context\":\"https:\/\/schema.org\",\"@graph\":[{\"@type\":\"WebPage\",\"@id\":\"https:\/\/www.alucomfort.be\/product\/aandrijfeenheid\/\",\"url\":\"https:\/\/www.alucomfort.be\/product\/aandrijfeenheid\/\",\"name\":\"Groupe d'entra\u00eenement \u00e0 essence | Alu Comfort | revendeur Belle BGA\",\"isPartOf\":{\"@id\":\"https:\/\/www.alucomfort.be\/#website\"},\"primaryImageOfPage\":{\"@id\":\"https:\/\/www.alucomfort.be\/product\/aandrijfeenheid\/#primaryimage\"},\"image\":{\"@id\":\"https:\/\/www.alucomfort.be\/product\/aandrijfeenheid\/#primaryimage\"},\"thumbnailUrl\":\"https:\/\/www.alucomfort.be\/wp-content\/uploads\/Pomp-BGA-Aandrijfeenheid-Honda-GX160-Altrad.jpg\",\"datePublished\":\"2025-02-27T14:37:17+00:00\",\"dateModified\":\"2025-02-27T14:44:00+00:00\",\"description\":\"Unit\u00e9 d'entra\u00eenement pour pompe \u00e0 eaux charg\u00e9es ou aiguille vibrante \u00e0 b\u00e9ton. Avec puissant moteur Honda. Id\u00e9al pour les chantiers! Contactez-nous maintenant!\",\"breadcrumb\":{\"@id\":\"https:\/\/www.alucomfort.be\/product\/aandrijfeenheid\/#breadcrumb\"},\"inLanguage\":\"fr-FR\",\"potentialAction\":[{\"@type\":\"ReadAction\",\"target\":[\"https:\/\/www.alucomfort.be\/product\/aandrijfeenheid\/\"]}]},{\"@type\":\"ImageObject\",\"inLanguage\":\"fr-FR\",\"@id\":\"https:\/\/www.alucomfort.be\/product\/aandrijfeenheid\/#primaryimage\",\"url\":\"https:\/\/www.alucomfort.be\/wp-content\/uploads\/Pomp-BGA-Aandrijfeenheid-Honda-GX160-Altrad.jpg\",\"contentUrl\":\"https:\/\/www.alucomfort.be\/wp-content\/uploads\/Pomp-BGA-Aandrijfeenheid-Honda-GX160-Altrad.jpg\",\"width\":1920,\"height\":1993,\"caption\":\"Pomp BGA Aandrijfeenheid Honda GX160 Altrad\"},{\"@type\":\"BreadcrumbList\",\"@id\":\"https:\/\/www.alucomfort.be\/product\/aandrijfeenheid\/#breadcrumb\",\"itemListElement\":[{\"@type\":\"ListItem\",\"position\":1,\"name\":\"Home\",\"item\":\"https:\/\/www.alucomfort.be\/fr\/\"},{\"@type\":\"ListItem\",\"position\":2,\"name\":\"Producten\",\"item\":\"https:\/\/www.alucomfort.be\/producten\/\"},{\"@type\":\"ListItem\",\"position\":3,\"name\":\"Groupe d&#8217;entra\u00eenement \u00e0 essence\"}]},{\"@type\":\"WebSite\",\"@id\":\"https:\/\/www.alucomfort.be\/#website\",\"url\":\"https:\/\/www.alucomfort.be\/\",\"name\":\"Alu Comfort\",\"description\":\"\",\"potentialAction\":[{\"@type\":\"SearchAction\",\"target\":{\"@type\":\"EntryPoint\",\"urlTemplate\":\"https:\/\/www.alucomfort.be\/?s={search_term_string}\"},\"query-input\":{\"@type\":\"PropertyValueSpecification\",\"valueRequired\":true,\"valueName\":\"search_term_string\"}}],\"inLanguage\":\"fr-FR\"}]}<\/script>\n<!-- \/ Yoast SEO plugin. -->","yoast_head_json":{"title":"Groupe d'entra\u00eenement \u00e0 essence | Alu Comfort | revendeur Belle BGA","description":"Unit\u00e9 d'entra\u00eenement pour pompe \u00e0 eaux charg\u00e9es ou aiguille vibrante \u00e0 b\u00e9ton. Avec puissant moteur Honda. Id\u00e9al pour les chantiers! Contactez-nous maintenant!","robots":{"index":"index","follow":"follow","max-snippet":"max-snippet:-1","max-image-preview":"max-image-preview:large","max-video-preview":"max-video-preview:-1"},"canonical":"https:\/\/www.alucomfort.be\/product\/aandrijfeenheid\/","og_locale":"fr_FR","og_type":"article","og_title":"Groupe d'entra\u00eenement \u00e0 essence | Alu Comfort | revendeur Belle BGA","og_description":"Unit\u00e9 d'entra\u00eenement pour pompe \u00e0 eaux charg\u00e9es ou aiguille vibrante \u00e0 b\u00e9ton. Avec puissant moteur Honda. Id\u00e9al pour les chantiers! Contactez-nous maintenant!","og_url":"https:\/\/www.alucomfort.be\/product\/aandrijfeenheid\/","og_site_name":"Alu Comfort","article_modified_time":"2025-02-27T14:44:00+00:00","og_image":[{"width":1920,"height":1993,"url":"https:\/\/www.alucomfort.be\/wp-content\/uploads\/Pomp-BGA-Aandrijfeenheid-Honda-GX160-Altrad.jpg","type":"image\/jpeg"}],"twitter_card":"summary_large_image","schema":{"@context":"https:\/\/schema.org","@graph":[{"@type":"WebPage","@id":"https:\/\/www.alucomfort.be\/product\/aandrijfeenheid\/","url":"https:\/\/www.alucomfort.be\/product\/aandrijfeenheid\/","name":"Groupe d'entra\u00eenement \u00e0 essence | Alu Comfort | revendeur Belle BGA","isPartOf":{"@id":"https:\/\/www.alucomfort.be\/#website"},"primaryImageOfPage":{"@id":"https:\/\/www.alucomfort.be\/product\/aandrijfeenheid\/#primaryimage"},"image":{"@id":"https:\/\/www.alucomfort.be\/product\/aandrijfeenheid\/#primaryimage"},"thumbnailUrl":"https:\/\/www.alucomfort.be\/wp-content\/uploads\/Pomp-BGA-Aandrijfeenheid-Honda-GX160-Altrad.jpg","datePublished":"2025-02-27T14:37:17+00:00","dateModified":"2025-02-27T14:44:00+00:00","description":"Unit\u00e9 d'entra\u00eenement pour pompe \u00e0 eaux charg\u00e9es ou aiguille vibrante \u00e0 b\u00e9ton. Avec puissant moteur Honda. Id\u00e9al pour les chantiers! Contactez-nous maintenant!","breadcrumb":{"@id":"https:\/\/www.alucomfort.be\/product\/aandrijfeenheid\/#breadcrumb"},"inLanguage":"fr-FR","potentialAction":[{"@type":"ReadAction","target":["https:\/\/www.alucomfort.be\/product\/aandrijfeenheid\/"]}]},{"@type":"ImageObject","inLanguage":"fr-FR","@id":"https:\/\/www.alucomfort.be\/product\/aandrijfeenheid\/#primaryimage","url":"https:\/\/www.alucomfort.be\/wp-content\/uploads\/Pomp-BGA-Aandrijfeenheid-Honda-GX160-Altrad.jpg","contentUrl":"https:\/\/www.alucomfort.be\/wp-content\/uploads\/Pomp-BGA-Aandrijfeenheid-Honda-GX160-Altrad.jpg","width":1920,"height":1993,"caption":"Pomp BGA Aandrijfeenheid Honda GX160 Altrad"},{"@type":"BreadcrumbList","@id":"https:\/\/www.alucomfort.be\/product\/aandrijfeenheid\/#breadcrumb","itemListElement":[{"@type":"ListItem","position":1,"name":"Home","item":"https:\/\/www.alucomfort.be\/fr\/"},{"@type":"ListItem","position":2,"name":"Producten","item":"https:\/\/www.alucomfort.be\/producten\/"},{"@type":"ListItem","position":3,"name":"Groupe d&#8217;entra\u00eenement \u00e0 essence"}]},{"@type":"WebSite","@id":"https:\/\/www.alucomfort.be\/#website","url":"https:\/\/www.alucomfort.be\/","name":"Alu Comfort","description":"","potentialAction":[{"@type":"SearchAction","target":{"@type":"EntryPoint","urlTemplate":"https:\/\/www.alucomfort.be\/?s={search_term_string}"},"query-input":{"@type":"PropertyValueSpecification","valueRequired":true,"valueName":"search_term_string"}}],"inLanguage":"fr-FR"}]}},"_links":{"self":[{"href":"https:\/\/www.alucomfort.be\/fr\/wp-json\/wp\/v2\/product\/222951","targetHints":{"allow":["GET"]}}],"collection":[{"href":"https:\/\/www.alucomfort.be\/fr\/wp-json\/wp\/v2\/product"}],"about":[{"href":"https:\/\/www.alucomfort.be\/fr\/wp-json\/wp\/v2\/types\/product"}],"wp:featuredmedia":[{"embeddable":true,"href":"https:\/\/www.alucomfort.be\/fr\/wp-json\/wp\/v2\/media\/222939"}],"wp:attachment":[{"href":"https:\/\/www.alucomfort.be\/fr\/wp-json\/wp\/v2\/media?parent=222951"}],"wp:term":[{"taxonomy":"product_brand","embeddable":true,"href":"https:\/\/www.alucomfort.be\/fr\/wp-json\/wp\/v2\/product_brand?post=222951"},{"taxonomy":"product_cat","embeddable":true,"href":"https:\/\/www.alucomfort.be\/fr\/wp-json\/wp\/v2\/product_cat?post=222951"},{"taxonomy":"product_tag","embeddable":true,"href":"https:\/\/www.alucomfort.be\/fr\/wp-json\/wp\/v2\/product_tag?post=222951"}],"curies":[{"name":"wp","href":"https:\/\/api.w.org\/{rel}","templated":true}]}}