

{"id":222965,"date":"2025-02-27T18:32:58","date_gmt":"2025-02-27T16:32:58","guid":{"rendered":"https:\/\/www.alucomfort.be\/product\/deshumidificateur-lescha-1000-w\/"},"modified":"2025-02-27T18:32:58","modified_gmt":"2025-02-27T16:32:58","slug":"deshumidificateur-lescha-1000-w","status":"publish","type":"product","link":"https:\/\/www.alucomfort.be\/fr\/product\/deshumidificateur-lescha-1000-w\/","title":{"rendered":"D\u00e9shumidificateur Lescha 1000 W"},"content":{"rendered":"<p>* D\u00e9shumidificateur de chantier professionnel Lescha. Facile \u00e0 utiliser et \u00e0 haute capacit\u00e9 de s\u00e9chage, * \u00c9cran digital et programmable. Degr\u00e9 d&rsquo;humidit\u00e9 r\u00e9glable en continu, * Puissance: 1000 W, * D\u00e9placement d&rsquo;air: 680 m\u00b3\/h, * Espace de travail: 175 &#8211; 250 m\u00b3, * Capacit\u00e9 de d\u00e9shumidification: 60L\/24h, * Poids: 51,5 kg, * \u00c9quip\u00e9 en standard d&rsquo;un grand bac de r\u00e9cup\u00e9ration d&rsquo;eau, * Avec de grandes roues. Pr\u00eat \u00e0 l&#8217;emploi 1 heure apr\u00e8s le transport.<\/p>\n","protected":false},"excerpt":{"rendered":"<p>* D\u00e9shumidificateur de chantier professionnel Lescha. Facile \u00e0 utiliser et \u00e0 haute capacit\u00e9 de s\u00e9chage, * \u00c9cran digital et programmable. Degr\u00e9 d&rsquo;humidit\u00e9 r\u00e9glable en continu, * Puissance: 1000 W, * D\u00e9placement d&rsquo;air: 680 m\u00b3\/h, * Espace de travail: 175 &#8211; 250 m\u00b3, * Capacit\u00e9 de d\u00e9shumidification: 60L\/24h, * Poids: 51,5 kg, * \u00c9quip\u00e9 en standard<\/p>\n","protected":false},"featured_media":222960,"template":"","meta":{"_acf_changed":false},"product_brand":[],"product_cat":[9600],"product_tag":[],"class_list":{"0":"post-222965","1":"product","2":"type-product","3":"status-publish","4":"has-post-thumbnail","6":"product_cat-deshumidificateur-lescha","8":"first","9":"instock","10":"taxable","11":"shipping-taxable","12":"purchasable","13":"product-type-simple"},"acf":[],"yoast_head":"<!-- This site is optimized with the Yoast SEO plugin v24.8.1 - https:\/\/yoast.com\/wordpress\/plugins\/seo\/ -->\n<title>Ass\u00e8cheur de chantier| Alu Comfort | revendeur Altrad<\/title>\n<meta name=\"description\" content=\"Achetez votre d\u00e9shumidificateur de chantier au meilleur prix. Large gamme et livraison rapide.\" \/>\n<meta name=\"robots\" content=\"index, follow, max-snippet:-1, max-image-preview:large, max-video-preview:-1\" \/>\n<link rel=\"canonical\" href=\"https:\/\/www.alucomfort.be\/product\/bouwdroger-lescha-1000-w\/\" \/>\n<meta property=\"og:locale\" content=\"fr_FR\" \/>\n<meta property=\"og:type\" content=\"article\" \/>\n<meta property=\"og:title\" content=\"Ass\u00e8cheur de chantier| Alu Comfort | revendeur Altrad\" \/>\n<meta property=\"og:description\" content=\"Achetez votre d\u00e9shumidificateur de chantier au meilleur prix. Large gamme et livraison rapide.\" \/>\n<meta property=\"og:url\" content=\"https:\/\/www.alucomfort.be\/product\/bouwdroger-lescha-1000-w\/\" \/>\n<meta property=\"og:site_name\" content=\"Alu Comfort\" \/>\n<meta property=\"og:image\" content=\"https:\/\/www.alucomfort.be\/wp-content\/uploads\/Professionele-Bouwdroger-Lescha-LDH-600-Industriele-Ontvochtiger.jpg\" \/>\n\t<meta property=\"og:image:width\" content=\"517\" \/>\n\t<meta property=\"og:image:height\" content=\"881\" \/>\n\t<meta property=\"og:image:type\" content=\"image\/jpeg\" \/>\n<meta name=\"twitter:card\" content=\"summary_large_image\" \/>\n<script type=\"application\/ld+json\" class=\"yoast-schema-graph\">{\"@context\":\"https:\/\/schema.org\",\"@graph\":[{\"@type\":\"WebPage\",\"@id\":\"https:\/\/www.alucomfort.be\/product\/bouwdroger-lescha-1000-w\/\",\"url\":\"https:\/\/www.alucomfort.be\/product\/bouwdroger-lescha-1000-w\/\",\"name\":\"Ass\u00e8cheur de chantier| Alu Comfort | revendeur Altrad\",\"isPartOf\":{\"@id\":\"https:\/\/www.alucomfort.be\/#website\"},\"primaryImageOfPage\":{\"@id\":\"https:\/\/www.alucomfort.be\/product\/bouwdroger-lescha-1000-w\/#primaryimage\"},\"image\":{\"@id\":\"https:\/\/www.alucomfort.be\/product\/bouwdroger-lescha-1000-w\/#primaryimage\"},\"thumbnailUrl\":\"https:\/\/www.alucomfort.be\/wp-content\/uploads\/Professionele-Bouwdroger-Lescha-LDH-600-Industriele-Ontvochtiger.jpg\",\"datePublished\":\"2025-02-27T16:32:58+00:00\",\"description\":\"Achetez votre d\u00e9shumidificateur de chantier au meilleur prix. Large gamme et livraison rapide.\",\"breadcrumb\":{\"@id\":\"https:\/\/www.alucomfort.be\/product\/bouwdroger-lescha-1000-w\/#breadcrumb\"},\"inLanguage\":\"fr-FR\",\"potentialAction\":[{\"@type\":\"ReadAction\",\"target\":[\"https:\/\/www.alucomfort.be\/product\/bouwdroger-lescha-1000-w\/\"]}]},{\"@type\":\"ImageObject\",\"inLanguage\":\"fr-FR\",\"@id\":\"https:\/\/www.alucomfort.be\/product\/bouwdroger-lescha-1000-w\/#primaryimage\",\"url\":\"https:\/\/www.alucomfort.be\/wp-content\/uploads\/Professionele-Bouwdroger-Lescha-LDH-600-Industriele-Ontvochtiger.jpg\",\"contentUrl\":\"https:\/\/www.alucomfort.be\/wp-content\/uploads\/Professionele-Bouwdroger-Lescha-LDH-600-Industriele-Ontvochtiger.jpg\",\"width\":517,\"height\":881,\"caption\":\"Professionele Bouwdroger Lescha LDH 600 Industriele Ontvochtiger\"},{\"@type\":\"BreadcrumbList\",\"@id\":\"https:\/\/www.alucomfort.be\/product\/bouwdroger-lescha-1000-w\/#breadcrumb\",\"itemListElement\":[{\"@type\":\"ListItem\",\"position\":1,\"name\":\"Home\",\"item\":\"https:\/\/www.alucomfort.be\/fr\/\"},{\"@type\":\"ListItem\",\"position\":2,\"name\":\"Producten\",\"item\":\"https:\/\/www.alucomfort.be\/producten\/\"},{\"@type\":\"ListItem\",\"position\":3,\"name\":\"D\u00e9shumidificateur Lescha 1000 W\"}]},{\"@type\":\"WebSite\",\"@id\":\"https:\/\/www.alucomfort.be\/#website\",\"url\":\"https:\/\/www.alucomfort.be\/\",\"name\":\"Alu Comfort\",\"description\":\"\",\"potentialAction\":[{\"@type\":\"SearchAction\",\"target\":{\"@type\":\"EntryPoint\",\"urlTemplate\":\"https:\/\/www.alucomfort.be\/?s={search_term_string}\"},\"query-input\":{\"@type\":\"PropertyValueSpecification\",\"valueRequired\":true,\"valueName\":\"search_term_string\"}}],\"inLanguage\":\"fr-FR\"}]}<\/script>\n<!-- \/ Yoast SEO plugin. -->","yoast_head_json":{"title":"Ass\u00e8cheur de chantier| Alu Comfort | revendeur Altrad","description":"Achetez votre d\u00e9shumidificateur de chantier au meilleur prix. Large gamme et livraison rapide.","robots":{"index":"index","follow":"follow","max-snippet":"max-snippet:-1","max-image-preview":"max-image-preview:large","max-video-preview":"max-video-preview:-1"},"canonical":"https:\/\/www.alucomfort.be\/product\/bouwdroger-lescha-1000-w\/","og_locale":"fr_FR","og_type":"article","og_title":"Ass\u00e8cheur de chantier| Alu Comfort | revendeur Altrad","og_description":"Achetez votre d\u00e9shumidificateur de chantier au meilleur prix. Large gamme et livraison rapide.","og_url":"https:\/\/www.alucomfort.be\/product\/bouwdroger-lescha-1000-w\/","og_site_name":"Alu Comfort","og_image":[{"width":517,"height":881,"url":"https:\/\/www.alucomfort.be\/wp-content\/uploads\/Professionele-Bouwdroger-Lescha-LDH-600-Industriele-Ontvochtiger.jpg","type":"image\/jpeg"}],"twitter_card":"summary_large_image","schema":{"@context":"https:\/\/schema.org","@graph":[{"@type":"WebPage","@id":"https:\/\/www.alucomfort.be\/product\/bouwdroger-lescha-1000-w\/","url":"https:\/\/www.alucomfort.be\/product\/bouwdroger-lescha-1000-w\/","name":"Ass\u00e8cheur de chantier| Alu Comfort | revendeur Altrad","isPartOf":{"@id":"https:\/\/www.alucomfort.be\/#website"},"primaryImageOfPage":{"@id":"https:\/\/www.alucomfort.be\/product\/bouwdroger-lescha-1000-w\/#primaryimage"},"image":{"@id":"https:\/\/www.alucomfort.be\/product\/bouwdroger-lescha-1000-w\/#primaryimage"},"thumbnailUrl":"https:\/\/www.alucomfort.be\/wp-content\/uploads\/Professionele-Bouwdroger-Lescha-LDH-600-Industriele-Ontvochtiger.jpg","datePublished":"2025-02-27T16:32:58+00:00","description":"Achetez votre d\u00e9shumidificateur de chantier au meilleur prix. Large gamme et livraison rapide.","breadcrumb":{"@id":"https:\/\/www.alucomfort.be\/product\/bouwdroger-lescha-1000-w\/#breadcrumb"},"inLanguage":"fr-FR","potentialAction":[{"@type":"ReadAction","target":["https:\/\/www.alucomfort.be\/product\/bouwdroger-lescha-1000-w\/"]}]},{"@type":"ImageObject","inLanguage":"fr-FR","@id":"https:\/\/www.alucomfort.be\/product\/bouwdroger-lescha-1000-w\/#primaryimage","url":"https:\/\/www.alucomfort.be\/wp-content\/uploads\/Professionele-Bouwdroger-Lescha-LDH-600-Industriele-Ontvochtiger.jpg","contentUrl":"https:\/\/www.alucomfort.be\/wp-content\/uploads\/Professionele-Bouwdroger-Lescha-LDH-600-Industriele-Ontvochtiger.jpg","width":517,"height":881,"caption":"Professionele Bouwdroger Lescha LDH 600 Industriele Ontvochtiger"},{"@type":"BreadcrumbList","@id":"https:\/\/www.alucomfort.be\/product\/bouwdroger-lescha-1000-w\/#breadcrumb","itemListElement":[{"@type":"ListItem","position":1,"name":"Home","item":"https:\/\/www.alucomfort.be\/fr\/"},{"@type":"ListItem","position":2,"name":"Producten","item":"https:\/\/www.alucomfort.be\/producten\/"},{"@type":"ListItem","position":3,"name":"D\u00e9shumidificateur Lescha 1000 W"}]},{"@type":"WebSite","@id":"https:\/\/www.alucomfort.be\/#website","url":"https:\/\/www.alucomfort.be\/","name":"Alu Comfort","description":"","potentialAction":[{"@type":"SearchAction","target":{"@type":"EntryPoint","urlTemplate":"https:\/\/www.alucomfort.be\/?s={search_term_string}"},"query-input":{"@type":"PropertyValueSpecification","valueRequired":true,"valueName":"search_term_string"}}],"inLanguage":"fr-FR"}]}},"_links":{"self":[{"href":"https:\/\/www.alucomfort.be\/fr\/wp-json\/wp\/v2\/product\/222965","targetHints":{"allow":["GET"]}}],"collection":[{"href":"https:\/\/www.alucomfort.be\/fr\/wp-json\/wp\/v2\/product"}],"about":[{"href":"https:\/\/www.alucomfort.be\/fr\/wp-json\/wp\/v2\/types\/product"}],"wp:featuredmedia":[{"embeddable":true,"href":"https:\/\/www.alucomfort.be\/fr\/wp-json\/wp\/v2\/media\/222960"}],"wp:attachment":[{"href":"https:\/\/www.alucomfort.be\/fr\/wp-json\/wp\/v2\/media?parent=222965"}],"wp:term":[{"taxonomy":"product_brand","embeddable":true,"href":"https:\/\/www.alucomfort.be\/fr\/wp-json\/wp\/v2\/product_brand?post=222965"},{"taxonomy":"product_cat","embeddable":true,"href":"https:\/\/www.alucomfort.be\/fr\/wp-json\/wp\/v2\/product_cat?post=222965"},{"taxonomy":"product_tag","embeddable":true,"href":"https:\/\/www.alucomfort.be\/fr\/wp-json\/wp\/v2\/product_tag?post=222965"}],"curies":[{"name":"wp","href":"https:\/\/api.w.org\/{rel}","templated":true}]}}