

{"id":222981,"date":"2025-02-27T23:18:49","date_gmt":"2025-02-27T21:18:49","guid":{"rendered":"https:\/\/www.alucomfort.be\/product\/malaxeurs-140-l\/"},"modified":"2025-02-27T23:18:49","modified_gmt":"2025-02-27T21:18:49","slug":"malaxeurs-140-l","status":"publish","type":"product","link":"https:\/\/www.alucomfort.be\/fr\/product\/malaxeurs-140-l\/","title":{"rendered":"Malaxeurs 140 l"},"content":{"rendered":"<p>* Malaxeur \u00e0 action forc\u00e9e professionnel Lescha 100 L, * Mixeur compact et pratique \u00e0 haute performance, * Avec de grandes roues pour un transport simple, rapide et facile, * Malaxeur \u00e0 action forc\u00e9e de la marque allemande de premier plan Lescha.  Ils sont id\u00e9aux pour les mat\u00e9riaux difficiles \u00e0 m\u00e9langer, tels que le mortier, le mortier d&rsquo;\u00e9galisation, les r\u00e9sines \u00e9poxy et autres m\u00e9langes sp\u00e9ciaux&#8230;\u00a0\u00bb<\/p>\n","protected":false},"excerpt":{"rendered":"<p>Malaxeur \u00e0 action forc\u00e9e pour mat\u00e9riaux difficiles \u00e0 m\u00e9langer, tels que le mortier, le mortier d&rsquo;\u00e9galisation, les r\u00e9sines \u00e9poxy et autres m\u00e9langes sp\u00e9ciaux.<\/p>\n","protected":false},"featured_media":222970,"template":"","meta":{"_acf_changed":false},"product_brand":[],"product_cat":[9602],"product_tag":[],"class_list":{"0":"post-222981","1":"product","2":"type-product","3":"status-publish","4":"has-post-thumbnail","6":"product_cat-malaxeurs-lescha","8":"first","9":"instock","10":"taxable","11":"shipping-taxable","12":"purchasable","13":"product-type-simple"},"acf":[],"yoast_head":"<!-- This site is optimized with the Yoast SEO plugin v24.8.1 - https:\/\/yoast.com\/wordpress\/plugins\/seo\/ -->\n<title>Malaxeur| Alu Comfort | Tout pour votre chantier !<\/title>\n<meta name=\"description\" content=\"Des malaxeurs \u00e0 action forc\u00e9e performants pour des m\u00e9langes homog\u00e8nes et rapides : trouvez votre mod\u00e8le id\u00e9al chez Alu Comfort!\" \/>\n<meta name=\"robots\" content=\"index, follow, max-snippet:-1, max-image-preview:large, max-video-preview:-1\" \/>\n<link rel=\"canonical\" href=\"https:\/\/www.alucomfort.be\/product\/dwangmenger-lescha-140-l\/\" \/>\n<meta property=\"og:locale\" content=\"fr_FR\" \/>\n<meta property=\"og:type\" content=\"article\" \/>\n<meta property=\"og:title\" content=\"Malaxeur| Alu Comfort | Tout pour votre chantier !\" \/>\n<meta property=\"og:description\" content=\"Des malaxeurs \u00e0 action forc\u00e9e performants pour des m\u00e9langes homog\u00e8nes et rapides : trouvez votre mod\u00e8le id\u00e9al chez Alu Comfort!\" \/>\n<meta property=\"og:url\" content=\"https:\/\/www.alucomfort.be\/product\/dwangmenger-lescha-140-l\/\" \/>\n<meta property=\"og:site_name\" content=\"Alu Comfort\" \/>\n<meta property=\"og:image\" content=\"https:\/\/www.alucomfort.be\/wp-content\/uploads\/Dwangmenger-Lescha-Altrad-Betonmenger.png\" \/>\n\t<meta property=\"og:image:width\" content=\"1144\" \/>\n\t<meta property=\"og:image:height\" content=\"1617\" \/>\n\t<meta property=\"og:image:type\" content=\"image\/png\" \/>\n<meta name=\"twitter:card\" content=\"summary_large_image\" \/>\n<script type=\"application\/ld+json\" class=\"yoast-schema-graph\">{\"@context\":\"https:\/\/schema.org\",\"@graph\":[{\"@type\":\"WebPage\",\"@id\":\"https:\/\/www.alucomfort.be\/product\/dwangmenger-lescha-140-l\/\",\"url\":\"https:\/\/www.alucomfort.be\/product\/dwangmenger-lescha-140-l\/\",\"name\":\"Malaxeur| Alu Comfort | Tout pour votre chantier !\",\"isPartOf\":{\"@id\":\"https:\/\/www.alucomfort.be\/#website\"},\"primaryImageOfPage\":{\"@id\":\"https:\/\/www.alucomfort.be\/product\/dwangmenger-lescha-140-l\/#primaryimage\"},\"image\":{\"@id\":\"https:\/\/www.alucomfort.be\/product\/dwangmenger-lescha-140-l\/#primaryimage\"},\"thumbnailUrl\":\"https:\/\/www.alucomfort.be\/wp-content\/uploads\/Dwangmenger-Lescha-Altrad-Betonmenger.png\",\"datePublished\":\"2025-02-27T21:18:49+00:00\",\"description\":\"Des malaxeurs \u00e0 action forc\u00e9e performants pour des m\u00e9langes homog\u00e8nes et rapides : trouvez votre mod\u00e8le id\u00e9al chez Alu Comfort!\",\"breadcrumb\":{\"@id\":\"https:\/\/www.alucomfort.be\/product\/dwangmenger-lescha-140-l\/#breadcrumb\"},\"inLanguage\":\"fr-FR\",\"potentialAction\":[{\"@type\":\"ReadAction\",\"target\":[\"https:\/\/www.alucomfort.be\/product\/dwangmenger-lescha-140-l\/\"]}]},{\"@type\":\"ImageObject\",\"inLanguage\":\"fr-FR\",\"@id\":\"https:\/\/www.alucomfort.be\/product\/dwangmenger-lescha-140-l\/#primaryimage\",\"url\":\"https:\/\/www.alucomfort.be\/wp-content\/uploads\/Dwangmenger-Lescha-Altrad-Betonmenger.png\",\"contentUrl\":\"https:\/\/www.alucomfort.be\/wp-content\/uploads\/Dwangmenger-Lescha-Altrad-Betonmenger.png\",\"width\":1144,\"height\":1617,\"caption\":\"Dwangmenger Lescha Altrad Betonmenger\"},{\"@type\":\"BreadcrumbList\",\"@id\":\"https:\/\/www.alucomfort.be\/product\/dwangmenger-lescha-140-l\/#breadcrumb\",\"itemListElement\":[{\"@type\":\"ListItem\",\"position\":1,\"name\":\"Home\",\"item\":\"https:\/\/www.alucomfort.be\/fr\/\"},{\"@type\":\"ListItem\",\"position\":2,\"name\":\"Producten\",\"item\":\"https:\/\/www.alucomfort.be\/producten\/\"},{\"@type\":\"ListItem\",\"position\":3,\"name\":\"Malaxeurs 140 l\"}]},{\"@type\":\"WebSite\",\"@id\":\"https:\/\/www.alucomfort.be\/#website\",\"url\":\"https:\/\/www.alucomfort.be\/\",\"name\":\"Alu Comfort\",\"description\":\"\",\"potentialAction\":[{\"@type\":\"SearchAction\",\"target\":{\"@type\":\"EntryPoint\",\"urlTemplate\":\"https:\/\/www.alucomfort.be\/?s={search_term_string}\"},\"query-input\":{\"@type\":\"PropertyValueSpecification\",\"valueRequired\":true,\"valueName\":\"search_term_string\"}}],\"inLanguage\":\"fr-FR\"}]}<\/script>\n<!-- \/ Yoast SEO plugin. -->","yoast_head_json":{"title":"Malaxeur| Alu Comfort | Tout pour votre chantier !","description":"Des malaxeurs \u00e0 action forc\u00e9e performants pour des m\u00e9langes homog\u00e8nes et rapides : trouvez votre mod\u00e8le id\u00e9al chez Alu Comfort!","robots":{"index":"index","follow":"follow","max-snippet":"max-snippet:-1","max-image-preview":"max-image-preview:large","max-video-preview":"max-video-preview:-1"},"canonical":"https:\/\/www.alucomfort.be\/product\/dwangmenger-lescha-140-l\/","og_locale":"fr_FR","og_type":"article","og_title":"Malaxeur| Alu Comfort | Tout pour votre chantier !","og_description":"Des malaxeurs \u00e0 action forc\u00e9e performants pour des m\u00e9langes homog\u00e8nes et rapides : trouvez votre mod\u00e8le id\u00e9al chez Alu Comfort!","og_url":"https:\/\/www.alucomfort.be\/product\/dwangmenger-lescha-140-l\/","og_site_name":"Alu Comfort","og_image":[{"width":1144,"height":1617,"url":"https:\/\/www.alucomfort.be\/wp-content\/uploads\/Dwangmenger-Lescha-Altrad-Betonmenger.png","type":"image\/png"}],"twitter_card":"summary_large_image","schema":{"@context":"https:\/\/schema.org","@graph":[{"@type":"WebPage","@id":"https:\/\/www.alucomfort.be\/product\/dwangmenger-lescha-140-l\/","url":"https:\/\/www.alucomfort.be\/product\/dwangmenger-lescha-140-l\/","name":"Malaxeur| Alu Comfort | Tout pour votre chantier !","isPartOf":{"@id":"https:\/\/www.alucomfort.be\/#website"},"primaryImageOfPage":{"@id":"https:\/\/www.alucomfort.be\/product\/dwangmenger-lescha-140-l\/#primaryimage"},"image":{"@id":"https:\/\/www.alucomfort.be\/product\/dwangmenger-lescha-140-l\/#primaryimage"},"thumbnailUrl":"https:\/\/www.alucomfort.be\/wp-content\/uploads\/Dwangmenger-Lescha-Altrad-Betonmenger.png","datePublished":"2025-02-27T21:18:49+00:00","description":"Des malaxeurs \u00e0 action forc\u00e9e performants pour des m\u00e9langes homog\u00e8nes et rapides : trouvez votre mod\u00e8le id\u00e9al chez Alu Comfort!","breadcrumb":{"@id":"https:\/\/www.alucomfort.be\/product\/dwangmenger-lescha-140-l\/#breadcrumb"},"inLanguage":"fr-FR","potentialAction":[{"@type":"ReadAction","target":["https:\/\/www.alucomfort.be\/product\/dwangmenger-lescha-140-l\/"]}]},{"@type":"ImageObject","inLanguage":"fr-FR","@id":"https:\/\/www.alucomfort.be\/product\/dwangmenger-lescha-140-l\/#primaryimage","url":"https:\/\/www.alucomfort.be\/wp-content\/uploads\/Dwangmenger-Lescha-Altrad-Betonmenger.png","contentUrl":"https:\/\/www.alucomfort.be\/wp-content\/uploads\/Dwangmenger-Lescha-Altrad-Betonmenger.png","width":1144,"height":1617,"caption":"Dwangmenger Lescha Altrad Betonmenger"},{"@type":"BreadcrumbList","@id":"https:\/\/www.alucomfort.be\/product\/dwangmenger-lescha-140-l\/#breadcrumb","itemListElement":[{"@type":"ListItem","position":1,"name":"Home","item":"https:\/\/www.alucomfort.be\/fr\/"},{"@type":"ListItem","position":2,"name":"Producten","item":"https:\/\/www.alucomfort.be\/producten\/"},{"@type":"ListItem","position":3,"name":"Malaxeurs 140 l"}]},{"@type":"WebSite","@id":"https:\/\/www.alucomfort.be\/#website","url":"https:\/\/www.alucomfort.be\/","name":"Alu Comfort","description":"","potentialAction":[{"@type":"SearchAction","target":{"@type":"EntryPoint","urlTemplate":"https:\/\/www.alucomfort.be\/?s={search_term_string}"},"query-input":{"@type":"PropertyValueSpecification","valueRequired":true,"valueName":"search_term_string"}}],"inLanguage":"fr-FR"}]}},"_links":{"self":[{"href":"https:\/\/www.alucomfort.be\/fr\/wp-json\/wp\/v2\/product\/222981","targetHints":{"allow":["GET"]}}],"collection":[{"href":"https:\/\/www.alucomfort.be\/fr\/wp-json\/wp\/v2\/product"}],"about":[{"href":"https:\/\/www.alucomfort.be\/fr\/wp-json\/wp\/v2\/types\/product"}],"wp:featuredmedia":[{"embeddable":true,"href":"https:\/\/www.alucomfort.be\/fr\/wp-json\/wp\/v2\/media\/222970"}],"wp:attachment":[{"href":"https:\/\/www.alucomfort.be\/fr\/wp-json\/wp\/v2\/media?parent=222981"}],"wp:term":[{"taxonomy":"product_brand","embeddable":true,"href":"https:\/\/www.alucomfort.be\/fr\/wp-json\/wp\/v2\/product_brand?post=222981"},{"taxonomy":"product_cat","embeddable":true,"href":"https:\/\/www.alucomfort.be\/fr\/wp-json\/wp\/v2\/product_cat?post=222981"},{"taxonomy":"product_tag","embeddable":true,"href":"https:\/\/www.alucomfort.be\/fr\/wp-json\/wp\/v2\/product_tag?post=222981"}],"curies":[{"name":"wp","href":"https:\/\/api.w.org\/{rel}","templated":true}]}}