

{"id":222995,"date":"2025-02-28T23:48:36","date_gmt":"2025-02-28T21:48:36","guid":{"rendered":"https:\/\/www.alucomfort.be\/product\/pilonneuse-vibrante-belle-rtx-60\/"},"modified":"2025-02-28T23:51:35","modified_gmt":"2025-02-28T21:51:35","slug":"pilonneuse-vibrante-belle-rtx-60","status":"publish","type":"product","link":"https:\/\/www.alucomfort.be\/fr\/product\/pilonneuse-vibrante-belle-rtx-60\/","title":{"rendered":"Pilonneuse vibrante Belle RTX 60"},"content":{"rendered":"<p>* Pilonneuse vibrante puissante, id\u00e9ale pour les tranch\u00e9es et les foss\u00e9s, * \u00c9quilibre excellent avec une manipulation ais\u00e9e et une compaction de haut niveau, * Conception robuste et durable avec de faibles vibrations main-bras, * Moteur Honda GX100, * Maintenance r\u00e9duite, * Poign\u00e9e basse et rouleau avant pour un transport facile, * Protection moteur \u00e0 ouverture facile, * Force centrifuge : 13,6 kN, * Incl. max: 20\u00b0, * Poids: 60 kg, * Disponible en option avec kit roues, compteur horaire et chariot de transport.<\/p>\n","protected":false},"excerpt":{"rendered":"<p>Pilonneuse professionnelle puissante Belle<\/p>\n","protected":false},"featured_media":222986,"template":"","meta":{"_acf_changed":false},"product_brand":[],"product_cat":[9604],"product_tag":[],"class_list":{"0":"post-222995","1":"product","2":"type-product","3":"status-publish","4":"has-post-thumbnail","6":"product_cat-pilonneuse","8":"first","9":"instock","10":"taxable","11":"shipping-taxable","12":"purchasable","13":"product-type-simple"},"acf":[],"yoast_head":"<!-- This site is optimized with the Yoast SEO plugin v24.8.1 - https:\/\/yoast.com\/wordpress\/plugins\/seo\/ -->\n<title>Pilonneuse vibrante | Alu Comfort | Belle Altrad dealer<\/title>\n<meta name=\"description\" content=\"Compactez tous les terrains avec les pilonneuses vibrantes puissantes d&#039;Alu Comfort. Nos machines robustes garantissent une base stable pour chaque projet de construction.\" \/>\n<meta name=\"robots\" content=\"index, follow, max-snippet:-1, max-image-preview:large, max-video-preview:-1\" \/>\n<link rel=\"canonical\" href=\"https:\/\/www.alucomfort.be\/product\/trillstamper-belle-rtx-60\/\" \/>\n<meta property=\"og:locale\" content=\"fr_FR\" \/>\n<meta property=\"og:type\" content=\"article\" \/>\n<meta property=\"og:title\" content=\"Pilonneuse vibrante | Alu Comfort | Belle Altrad dealer\" \/>\n<meta property=\"og:description\" content=\"Compactez tous les terrains avec les pilonneuses vibrantes puissantes d&#039;Alu Comfort. Nos machines robustes garantissent une base stable pour chaque projet de construction.\" \/>\n<meta property=\"og:url\" content=\"https:\/\/www.alucomfort.be\/product\/trillstamper-belle-rtx-60\/\" \/>\n<meta property=\"og:site_name\" content=\"Alu Comfort\" \/>\n<meta property=\"article:modified_time\" content=\"2025-02-28T21:51:35+00:00\" \/>\n<meta property=\"og:image\" content=\"https:\/\/www.alucomfort.be\/wp-content\/uploads\/Sleufstamper-Belle-RTX-60-ALTRAD.png\" \/>\n\t<meta property=\"og:image:width\" content=\"1072\" \/>\n\t<meta property=\"og:image:height\" content=\"1611\" \/>\n\t<meta property=\"og:image:type\" content=\"image\/png\" \/>\n<meta name=\"twitter:card\" content=\"summary_large_image\" \/>\n<script type=\"application\/ld+json\" class=\"yoast-schema-graph\">{\"@context\":\"https:\/\/schema.org\",\"@graph\":[{\"@type\":\"WebPage\",\"@id\":\"https:\/\/www.alucomfort.be\/product\/trillstamper-belle-rtx-60\/\",\"url\":\"https:\/\/www.alucomfort.be\/product\/trillstamper-belle-rtx-60\/\",\"name\":\"Pilonneuse vibrante | Alu Comfort | Belle Altrad dealer\",\"isPartOf\":{\"@id\":\"https:\/\/www.alucomfort.be\/#website\"},\"primaryImageOfPage\":{\"@id\":\"https:\/\/www.alucomfort.be\/product\/trillstamper-belle-rtx-60\/#primaryimage\"},\"image\":{\"@id\":\"https:\/\/www.alucomfort.be\/product\/trillstamper-belle-rtx-60\/#primaryimage\"},\"thumbnailUrl\":\"https:\/\/www.alucomfort.be\/wp-content\/uploads\/Sleufstamper-Belle-RTX-60-ALTRAD.png\",\"datePublished\":\"2025-02-28T21:48:36+00:00\",\"dateModified\":\"2025-02-28T21:51:35+00:00\",\"description\":\"Compactez tous les terrains avec les pilonneuses vibrantes puissantes d'Alu Comfort. Nos machines robustes garantissent une base stable pour chaque projet de construction.\",\"breadcrumb\":{\"@id\":\"https:\/\/www.alucomfort.be\/product\/trillstamper-belle-rtx-60\/#breadcrumb\"},\"inLanguage\":\"fr-FR\",\"potentialAction\":[{\"@type\":\"ReadAction\",\"target\":[\"https:\/\/www.alucomfort.be\/product\/trillstamper-belle-rtx-60\/\"]}]},{\"@type\":\"ImageObject\",\"inLanguage\":\"fr-FR\",\"@id\":\"https:\/\/www.alucomfort.be\/product\/trillstamper-belle-rtx-60\/#primaryimage\",\"url\":\"https:\/\/www.alucomfort.be\/wp-content\/uploads\/Sleufstamper-Belle-RTX-60-ALTRAD.png\",\"contentUrl\":\"https:\/\/www.alucomfort.be\/wp-content\/uploads\/Sleufstamper-Belle-RTX-60-ALTRAD.png\",\"width\":1072,\"height\":1611,\"caption\":\"Sleufstamper Belle RTX 60 ALTRAD\"},{\"@type\":\"BreadcrumbList\",\"@id\":\"https:\/\/www.alucomfort.be\/product\/trillstamper-belle-rtx-60\/#breadcrumb\",\"itemListElement\":[{\"@type\":\"ListItem\",\"position\":1,\"name\":\"Home\",\"item\":\"https:\/\/www.alucomfort.be\/fr\/\"},{\"@type\":\"ListItem\",\"position\":2,\"name\":\"Producten\",\"item\":\"https:\/\/www.alucomfort.be\/producten\/\"},{\"@type\":\"ListItem\",\"position\":3,\"name\":\"Pilonneuse vibrante Belle RTX 60\"}]},{\"@type\":\"WebSite\",\"@id\":\"https:\/\/www.alucomfort.be\/#website\",\"url\":\"https:\/\/www.alucomfort.be\/\",\"name\":\"Alu Comfort\",\"description\":\"\",\"potentialAction\":[{\"@type\":\"SearchAction\",\"target\":{\"@type\":\"EntryPoint\",\"urlTemplate\":\"https:\/\/www.alucomfort.be\/?s={search_term_string}\"},\"query-input\":{\"@type\":\"PropertyValueSpecification\",\"valueRequired\":true,\"valueName\":\"search_term_string\"}}],\"inLanguage\":\"fr-FR\"}]}<\/script>\n<!-- \/ Yoast SEO plugin. -->","yoast_head_json":{"title":"Pilonneuse vibrante | Alu Comfort | Belle Altrad dealer","description":"Compactez tous les terrains avec les pilonneuses vibrantes puissantes d'Alu Comfort. Nos machines robustes garantissent une base stable pour chaque projet de construction.","robots":{"index":"index","follow":"follow","max-snippet":"max-snippet:-1","max-image-preview":"max-image-preview:large","max-video-preview":"max-video-preview:-1"},"canonical":"https:\/\/www.alucomfort.be\/product\/trillstamper-belle-rtx-60\/","og_locale":"fr_FR","og_type":"article","og_title":"Pilonneuse vibrante | Alu Comfort | Belle Altrad dealer","og_description":"Compactez tous les terrains avec les pilonneuses vibrantes puissantes d'Alu Comfort. Nos machines robustes garantissent une base stable pour chaque projet de construction.","og_url":"https:\/\/www.alucomfort.be\/product\/trillstamper-belle-rtx-60\/","og_site_name":"Alu Comfort","article_modified_time":"2025-02-28T21:51:35+00:00","og_image":[{"width":1072,"height":1611,"url":"https:\/\/www.alucomfort.be\/wp-content\/uploads\/Sleufstamper-Belle-RTX-60-ALTRAD.png","type":"image\/png"}],"twitter_card":"summary_large_image","schema":{"@context":"https:\/\/schema.org","@graph":[{"@type":"WebPage","@id":"https:\/\/www.alucomfort.be\/product\/trillstamper-belle-rtx-60\/","url":"https:\/\/www.alucomfort.be\/product\/trillstamper-belle-rtx-60\/","name":"Pilonneuse vibrante | Alu Comfort | Belle Altrad dealer","isPartOf":{"@id":"https:\/\/www.alucomfort.be\/#website"},"primaryImageOfPage":{"@id":"https:\/\/www.alucomfort.be\/product\/trillstamper-belle-rtx-60\/#primaryimage"},"image":{"@id":"https:\/\/www.alucomfort.be\/product\/trillstamper-belle-rtx-60\/#primaryimage"},"thumbnailUrl":"https:\/\/www.alucomfort.be\/wp-content\/uploads\/Sleufstamper-Belle-RTX-60-ALTRAD.png","datePublished":"2025-02-28T21:48:36+00:00","dateModified":"2025-02-28T21:51:35+00:00","description":"Compactez tous les terrains avec les pilonneuses vibrantes puissantes d'Alu Comfort. Nos machines robustes garantissent une base stable pour chaque projet de construction.","breadcrumb":{"@id":"https:\/\/www.alucomfort.be\/product\/trillstamper-belle-rtx-60\/#breadcrumb"},"inLanguage":"fr-FR","potentialAction":[{"@type":"ReadAction","target":["https:\/\/www.alucomfort.be\/product\/trillstamper-belle-rtx-60\/"]}]},{"@type":"ImageObject","inLanguage":"fr-FR","@id":"https:\/\/www.alucomfort.be\/product\/trillstamper-belle-rtx-60\/#primaryimage","url":"https:\/\/www.alucomfort.be\/wp-content\/uploads\/Sleufstamper-Belle-RTX-60-ALTRAD.png","contentUrl":"https:\/\/www.alucomfort.be\/wp-content\/uploads\/Sleufstamper-Belle-RTX-60-ALTRAD.png","width":1072,"height":1611,"caption":"Sleufstamper Belle RTX 60 ALTRAD"},{"@type":"BreadcrumbList","@id":"https:\/\/www.alucomfort.be\/product\/trillstamper-belle-rtx-60\/#breadcrumb","itemListElement":[{"@type":"ListItem","position":1,"name":"Home","item":"https:\/\/www.alucomfort.be\/fr\/"},{"@type":"ListItem","position":2,"name":"Producten","item":"https:\/\/www.alucomfort.be\/producten\/"},{"@type":"ListItem","position":3,"name":"Pilonneuse vibrante Belle RTX 60"}]},{"@type":"WebSite","@id":"https:\/\/www.alucomfort.be\/#website","url":"https:\/\/www.alucomfort.be\/","name":"Alu Comfort","description":"","potentialAction":[{"@type":"SearchAction","target":{"@type":"EntryPoint","urlTemplate":"https:\/\/www.alucomfort.be\/?s={search_term_string}"},"query-input":{"@type":"PropertyValueSpecification","valueRequired":true,"valueName":"search_term_string"}}],"inLanguage":"fr-FR"}]}},"_links":{"self":[{"href":"https:\/\/www.alucomfort.be\/fr\/wp-json\/wp\/v2\/product\/222995","targetHints":{"allow":["GET"]}}],"collection":[{"href":"https:\/\/www.alucomfort.be\/fr\/wp-json\/wp\/v2\/product"}],"about":[{"href":"https:\/\/www.alucomfort.be\/fr\/wp-json\/wp\/v2\/types\/product"}],"wp:featuredmedia":[{"embeddable":true,"href":"https:\/\/www.alucomfort.be\/fr\/wp-json\/wp\/v2\/media\/222986"}],"wp:attachment":[{"href":"https:\/\/www.alucomfort.be\/fr\/wp-json\/wp\/v2\/media?parent=222995"}],"wp:term":[{"taxonomy":"product_brand","embeddable":true,"href":"https:\/\/www.alucomfort.be\/fr\/wp-json\/wp\/v2\/product_brand?post=222995"},{"taxonomy":"product_cat","embeddable":true,"href":"https:\/\/www.alucomfort.be\/fr\/wp-json\/wp\/v2\/product_cat?post=222995"},{"taxonomy":"product_tag","embeddable":true,"href":"https:\/\/www.alucomfort.be\/fr\/wp-json\/wp\/v2\/product_tag?post=222995"}],"curies":[{"name":"wp","href":"https:\/\/api.w.org\/{rel}","templated":true}]}}