

{"id":222999,"date":"2025-02-28T23:48:42","date_gmt":"2025-02-28T21:48:42","guid":{"rendered":"https:\/\/www.alucomfort.be\/product\/pilonneuse-vibrante-belle-rtx-70\/"},"modified":"2025-02-28T23:51:40","modified_gmt":"2025-02-28T21:51:40","slug":"pilonneuse-vibrante-belle-rtx-70","status":"publish","type":"product","link":"https:\/\/www.alucomfort.be\/fr\/product\/pilonneuse-vibrante-belle-rtx-70\/","title":{"rendered":"Pilonneuse vibrante Belle RTX 70"},"content":{"rendered":"<p>* Pilonneuse vibrante puissante, id\u00e9ale pour les tranch\u00e9es et les foss\u00e9s, * \u00c9quilibre excellent avec une manipulation ais\u00e9e et une compaction de haut niveau, * Conception robuste et durable avec de faibles vibrations main-bras, * Moteur Honda GX100, * Maintenance r\u00e9duite, * Poign\u00e9e basse et rouleau avant pour un transport facile, * Protection moteur \u00e0 ouverture facile, * Force centrifuge : 17 kN, * Incl. max: 20\u00b0, * Poids: 72 kg, * Disponible en option avec kit roues, compteur horaire et chariot de transport.<\/p>\n","protected":false},"excerpt":{"rendered":"<p>Pilonneuse professionnelle puissante Belle<\/p>\n","protected":false},"featured_media":222990,"template":"","meta":{"_acf_changed":false},"product_brand":[],"product_cat":[9604],"product_tag":[],"class_list":{"0":"post-222999","1":"product","2":"type-product","3":"status-publish","4":"has-post-thumbnail","6":"product_cat-pilonneuse","8":"first","9":"instock","10":"taxable","11":"shipping-taxable","12":"purchasable","13":"product-type-simple"},"acf":[],"yoast_head":"<!-- This site is optimized with the Yoast SEO plugin v24.8.1 - https:\/\/yoast.com\/wordpress\/plugins\/seo\/ -->\n<title>Pilonneuse vibrante | Alu Comfort | Tous les \u00e9quipements de chantier<\/title>\n<meta name=\"description\" content=\"Des tranch\u00e9es aux fondations, nos pilonneuses vibrantes chez Alu Comfort fournissent une compaction sup\u00e9rieure et une fiabilit\u00e9, chantier apr\u00e8s chantier.\" \/>\n<meta name=\"robots\" content=\"index, follow, max-snippet:-1, max-image-preview:large, max-video-preview:-1\" \/>\n<link rel=\"canonical\" href=\"https:\/\/www.alucomfort.be\/product\/trillstamper-belle-rtx-70\/\" \/>\n<meta property=\"og:locale\" content=\"fr_FR\" \/>\n<meta property=\"og:type\" content=\"article\" \/>\n<meta property=\"og:title\" content=\"Pilonneuse vibrante | Alu Comfort | Tous les \u00e9quipements de chantier\" \/>\n<meta property=\"og:description\" content=\"Des tranch\u00e9es aux fondations, nos pilonneuses vibrantes chez Alu Comfort fournissent une compaction sup\u00e9rieure et une fiabilit\u00e9, chantier apr\u00e8s chantier.\" \/>\n<meta property=\"og:url\" content=\"https:\/\/www.alucomfort.be\/product\/trillstamper-belle-rtx-70\/\" \/>\n<meta property=\"og:site_name\" content=\"Alu Comfort\" \/>\n<meta property=\"article:modified_time\" content=\"2025-02-28T21:51:40+00:00\" \/>\n<meta property=\"og:image\" content=\"https:\/\/www.alucomfort.be\/wp-content\/uploads\/Verdichtingsstamper-RTX-70-Belle-ALTRAD-Trilstamper-Bouwmachine-675x1024.png\" \/>\n\t<meta property=\"og:image:width\" content=\"675\" \/>\n\t<meta property=\"og:image:height\" content=\"1024\" \/>\n\t<meta property=\"og:image:type\" content=\"image\/png\" \/>\n<meta name=\"twitter:card\" content=\"summary_large_image\" \/>\n<script type=\"application\/ld+json\" class=\"yoast-schema-graph\">{\"@context\":\"https:\/\/schema.org\",\"@graph\":[{\"@type\":\"WebPage\",\"@id\":\"https:\/\/www.alucomfort.be\/product\/trillstamper-belle-rtx-70\/\",\"url\":\"https:\/\/www.alucomfort.be\/product\/trillstamper-belle-rtx-70\/\",\"name\":\"Pilonneuse vibrante | Alu Comfort | Tous les \u00e9quipements de chantier\",\"isPartOf\":{\"@id\":\"https:\/\/www.alucomfort.be\/#website\"},\"primaryImageOfPage\":{\"@id\":\"https:\/\/www.alucomfort.be\/product\/trillstamper-belle-rtx-70\/#primaryimage\"},\"image\":{\"@id\":\"https:\/\/www.alucomfort.be\/product\/trillstamper-belle-rtx-70\/#primaryimage\"},\"thumbnailUrl\":\"https:\/\/www.alucomfort.be\/wp-content\/uploads\/Verdichtingsstamper-RTX-70-Belle-ALTRAD-Trilstamper-Bouwmachine.png\",\"datePublished\":\"2025-02-28T21:48:42+00:00\",\"dateModified\":\"2025-02-28T21:51:40+00:00\",\"description\":\"Des tranch\u00e9es aux fondations, nos pilonneuses vibrantes chez Alu Comfort fournissent une compaction sup\u00e9rieure et une fiabilit\u00e9, chantier apr\u00e8s chantier.\",\"breadcrumb\":{\"@id\":\"https:\/\/www.alucomfort.be\/product\/trillstamper-belle-rtx-70\/#breadcrumb\"},\"inLanguage\":\"fr-FR\",\"potentialAction\":[{\"@type\":\"ReadAction\",\"target\":[\"https:\/\/www.alucomfort.be\/product\/trillstamper-belle-rtx-70\/\"]}]},{\"@type\":\"ImageObject\",\"inLanguage\":\"fr-FR\",\"@id\":\"https:\/\/www.alucomfort.be\/product\/trillstamper-belle-rtx-70\/#primaryimage\",\"url\":\"https:\/\/www.alucomfort.be\/wp-content\/uploads\/Verdichtingsstamper-RTX-70-Belle-ALTRAD-Trilstamper-Bouwmachine.png\",\"contentUrl\":\"https:\/\/www.alucomfort.be\/wp-content\/uploads\/Verdichtingsstamper-RTX-70-Belle-ALTRAD-Trilstamper-Bouwmachine.png\",\"width\":1068,\"height\":1621,\"caption\":\"Verdichtingsstamper_RTX 70-Belle ALTRAD Trilstamper Bouwmachine\"},{\"@type\":\"BreadcrumbList\",\"@id\":\"https:\/\/www.alucomfort.be\/product\/trillstamper-belle-rtx-70\/#breadcrumb\",\"itemListElement\":[{\"@type\":\"ListItem\",\"position\":1,\"name\":\"Home\",\"item\":\"https:\/\/www.alucomfort.be\/fr\/\"},{\"@type\":\"ListItem\",\"position\":2,\"name\":\"Producten\",\"item\":\"https:\/\/www.alucomfort.be\/producten\/\"},{\"@type\":\"ListItem\",\"position\":3,\"name\":\"Pilonneuse vibrante Belle RTX 70\"}]},{\"@type\":\"WebSite\",\"@id\":\"https:\/\/www.alucomfort.be\/#website\",\"url\":\"https:\/\/www.alucomfort.be\/\",\"name\":\"Alu Comfort\",\"description\":\"\",\"potentialAction\":[{\"@type\":\"SearchAction\",\"target\":{\"@type\":\"EntryPoint\",\"urlTemplate\":\"https:\/\/www.alucomfort.be\/?s={search_term_string}\"},\"query-input\":{\"@type\":\"PropertyValueSpecification\",\"valueRequired\":true,\"valueName\":\"search_term_string\"}}],\"inLanguage\":\"fr-FR\"}]}<\/script>\n<!-- \/ Yoast SEO plugin. -->","yoast_head_json":{"title":"Pilonneuse vibrante | Alu Comfort | Tous les \u00e9quipements de chantier","description":"Des tranch\u00e9es aux fondations, nos pilonneuses vibrantes chez Alu Comfort fournissent une compaction sup\u00e9rieure et une fiabilit\u00e9, chantier apr\u00e8s chantier.","robots":{"index":"index","follow":"follow","max-snippet":"max-snippet:-1","max-image-preview":"max-image-preview:large","max-video-preview":"max-video-preview:-1"},"canonical":"https:\/\/www.alucomfort.be\/product\/trillstamper-belle-rtx-70\/","og_locale":"fr_FR","og_type":"article","og_title":"Pilonneuse vibrante | Alu Comfort | Tous les \u00e9quipements de chantier","og_description":"Des tranch\u00e9es aux fondations, nos pilonneuses vibrantes chez Alu Comfort fournissent une compaction sup\u00e9rieure et une fiabilit\u00e9, chantier apr\u00e8s chantier.","og_url":"https:\/\/www.alucomfort.be\/product\/trillstamper-belle-rtx-70\/","og_site_name":"Alu Comfort","article_modified_time":"2025-02-28T21:51:40+00:00","og_image":[{"width":675,"height":1024,"url":"https:\/\/www.alucomfort.be\/wp-content\/uploads\/Verdichtingsstamper-RTX-70-Belle-ALTRAD-Trilstamper-Bouwmachine-675x1024.png","type":"image\/png"}],"twitter_card":"summary_large_image","schema":{"@context":"https:\/\/schema.org","@graph":[{"@type":"WebPage","@id":"https:\/\/www.alucomfort.be\/product\/trillstamper-belle-rtx-70\/","url":"https:\/\/www.alucomfort.be\/product\/trillstamper-belle-rtx-70\/","name":"Pilonneuse vibrante | Alu Comfort | Tous les \u00e9quipements de chantier","isPartOf":{"@id":"https:\/\/www.alucomfort.be\/#website"},"primaryImageOfPage":{"@id":"https:\/\/www.alucomfort.be\/product\/trillstamper-belle-rtx-70\/#primaryimage"},"image":{"@id":"https:\/\/www.alucomfort.be\/product\/trillstamper-belle-rtx-70\/#primaryimage"},"thumbnailUrl":"https:\/\/www.alucomfort.be\/wp-content\/uploads\/Verdichtingsstamper-RTX-70-Belle-ALTRAD-Trilstamper-Bouwmachine.png","datePublished":"2025-02-28T21:48:42+00:00","dateModified":"2025-02-28T21:51:40+00:00","description":"Des tranch\u00e9es aux fondations, nos pilonneuses vibrantes chez Alu Comfort fournissent une compaction sup\u00e9rieure et une fiabilit\u00e9, chantier apr\u00e8s chantier.","breadcrumb":{"@id":"https:\/\/www.alucomfort.be\/product\/trillstamper-belle-rtx-70\/#breadcrumb"},"inLanguage":"fr-FR","potentialAction":[{"@type":"ReadAction","target":["https:\/\/www.alucomfort.be\/product\/trillstamper-belle-rtx-70\/"]}]},{"@type":"ImageObject","inLanguage":"fr-FR","@id":"https:\/\/www.alucomfort.be\/product\/trillstamper-belle-rtx-70\/#primaryimage","url":"https:\/\/www.alucomfort.be\/wp-content\/uploads\/Verdichtingsstamper-RTX-70-Belle-ALTRAD-Trilstamper-Bouwmachine.png","contentUrl":"https:\/\/www.alucomfort.be\/wp-content\/uploads\/Verdichtingsstamper-RTX-70-Belle-ALTRAD-Trilstamper-Bouwmachine.png","width":1068,"height":1621,"caption":"Verdichtingsstamper_RTX 70-Belle ALTRAD Trilstamper Bouwmachine"},{"@type":"BreadcrumbList","@id":"https:\/\/www.alucomfort.be\/product\/trillstamper-belle-rtx-70\/#breadcrumb","itemListElement":[{"@type":"ListItem","position":1,"name":"Home","item":"https:\/\/www.alucomfort.be\/fr\/"},{"@type":"ListItem","position":2,"name":"Producten","item":"https:\/\/www.alucomfort.be\/producten\/"},{"@type":"ListItem","position":3,"name":"Pilonneuse vibrante Belle RTX 70"}]},{"@type":"WebSite","@id":"https:\/\/www.alucomfort.be\/#website","url":"https:\/\/www.alucomfort.be\/","name":"Alu Comfort","description":"","potentialAction":[{"@type":"SearchAction","target":{"@type":"EntryPoint","urlTemplate":"https:\/\/www.alucomfort.be\/?s={search_term_string}"},"query-input":{"@type":"PropertyValueSpecification","valueRequired":true,"valueName":"search_term_string"}}],"inLanguage":"fr-FR"}]}},"_links":{"self":[{"href":"https:\/\/www.alucomfort.be\/fr\/wp-json\/wp\/v2\/product\/222999","targetHints":{"allow":["GET"]}}],"collection":[{"href":"https:\/\/www.alucomfort.be\/fr\/wp-json\/wp\/v2\/product"}],"about":[{"href":"https:\/\/www.alucomfort.be\/fr\/wp-json\/wp\/v2\/types\/product"}],"wp:featuredmedia":[{"embeddable":true,"href":"https:\/\/www.alucomfort.be\/fr\/wp-json\/wp\/v2\/media\/222990"}],"wp:attachment":[{"href":"https:\/\/www.alucomfort.be\/fr\/wp-json\/wp\/v2\/media?parent=222999"}],"wp:term":[{"taxonomy":"product_brand","embeddable":true,"href":"https:\/\/www.alucomfort.be\/fr\/wp-json\/wp\/v2\/product_brand?post=222999"},{"taxonomy":"product_cat","embeddable":true,"href":"https:\/\/www.alucomfort.be\/fr\/wp-json\/wp\/v2\/product_cat?post=222999"},{"taxonomy":"product_tag","embeddable":true,"href":"https:\/\/www.alucomfort.be\/fr\/wp-json\/wp\/v2\/product_tag?post=222999"}],"curies":[{"name":"wp","href":"https:\/\/api.w.org\/{rel}","templated":true}]}}