

{"id":223019,"date":"2025-03-03T23:50:06","date_gmt":"2025-03-03T21:50:06","guid":{"rendered":"https:\/\/www.alucomfort.be\/product\/betonniere-lescha-euromix-125\/"},"modified":"2025-03-05T23:51:21","modified_gmt":"2025-03-05T21:51:21","slug":"betonniere-lescha-euromix-125","status":"publish","type":"product","link":"https:\/\/www.alucomfort.be\/fr\/product\/betonniere-lescha-euromix-125\/","title":{"rendered":"B\u00e9tonni\u00e8re Lescha Euromix 125"},"content":{"rendered":"<p>* B\u00e9tonni\u00e8re mod\u00e8le d&rsquo;entr\u00e9e de gamme de la marque allemande de qualit\u00e9 sup\u00e9rieure Lescha, * Capacit\u00e9 de m\u00e9lange maximale : 100 l, * Avec moteur \u00e9lectrique 500 W\/230 V, * Mod\u00e8le avec frein \u00e0 main, * Protection contre les projections d&rsquo;eau IP44, * M\u00e9lange rapide et optimal gr\u00e2ce \u00e0 la cuve sp\u00e9cialement con\u00e7ue \u00e0 cet effet, * Facile \u00e0 d\u00e9placer.<\/p>\n","protected":false},"excerpt":{"rendered":"<p>M\u00e9langeur \u00e0 B\u00e9ton pro &#8211; Cap. De malaxage: 100 l<\/p>\n","protected":false},"featured_media":223014,"template":"","meta":{"_acf_changed":false},"product_brand":[],"product_cat":[9606],"product_tag":[],"class_list":{"0":"post-223019","1":"product","2":"type-product","3":"status-publish","4":"has-post-thumbnail","6":"product_cat-betonniere","8":"first","9":"instock","10":"taxable","11":"shipping-taxable","12":"purchasable","13":"product-type-simple"},"acf":[],"yoast_head":"<!-- This site is optimized with the Yoast SEO plugin v24.8.1 - https:\/\/yoast.com\/wordpress\/plugins\/seo\/ -->\n<title>M\u00e9langeur Lescha| Alu Comfort | M\u00e9langeur de mortier<\/title>\n<meta name=\"description\" content=\"M\u00e9langeurs \u00e0 b\u00e9ton Lescha de qualit\u00e9 sup\u00e9rieure, en exclusivit\u00e9 chez Alu Comfort: votre partenaire pour des machines robustes et durables pour chaque chantier.\" \/>\n<meta name=\"robots\" content=\"index, follow, max-snippet:-1, max-image-preview:large, max-video-preview:-1\" \/>\n<link rel=\"canonical\" href=\"https:\/\/www.alucomfort.be\/product\/betonmolen-lescha-euromix-125\/\" \/>\n<meta property=\"og:locale\" content=\"fr_FR\" \/>\n<meta property=\"og:type\" content=\"article\" \/>\n<meta property=\"og:title\" content=\"M\u00e9langeur Lescha| Alu Comfort | M\u00e9langeur de mortier\" \/>\n<meta property=\"og:description\" content=\"M\u00e9langeurs \u00e0 b\u00e9ton Lescha de qualit\u00e9 sup\u00e9rieure, en exclusivit\u00e9 chez Alu Comfort: votre partenaire pour des machines robustes et durables pour chaque chantier.\" \/>\n<meta property=\"og:url\" content=\"https:\/\/www.alucomfort.be\/product\/betonmolen-lescha-euromix-125\/\" \/>\n<meta property=\"og:site_name\" content=\"Alu Comfort\" \/>\n<meta property=\"article:modified_time\" content=\"2025-03-05T21:51:21+00:00\" \/>\n<meta property=\"og:image\" content=\"https:\/\/www.alucomfort.be\/wp-content\/uploads\/Betonmolens-Lescha-Pro-Euromix-125-ALTRAD-1021x1024.png\" \/>\n\t<meta property=\"og:image:width\" content=\"1021\" \/>\n\t<meta property=\"og:image:height\" content=\"1024\" \/>\n\t<meta property=\"og:image:type\" content=\"image\/png\" \/>\n<meta name=\"twitter:card\" content=\"summary_large_image\" \/>\n<script type=\"application\/ld+json\" class=\"yoast-schema-graph\">{\"@context\":\"https:\/\/schema.org\",\"@graph\":[{\"@type\":\"WebPage\",\"@id\":\"https:\/\/www.alucomfort.be\/product\/betonmolen-lescha-euromix-125\/\",\"url\":\"https:\/\/www.alucomfort.be\/product\/betonmolen-lescha-euromix-125\/\",\"name\":\"M\u00e9langeur Lescha| Alu Comfort | M\u00e9langeur de mortier\",\"isPartOf\":{\"@id\":\"https:\/\/www.alucomfort.be\/#website\"},\"primaryImageOfPage\":{\"@id\":\"https:\/\/www.alucomfort.be\/product\/betonmolen-lescha-euromix-125\/#primaryimage\"},\"image\":{\"@id\":\"https:\/\/www.alucomfort.be\/product\/betonmolen-lescha-euromix-125\/#primaryimage\"},\"thumbnailUrl\":\"https:\/\/www.alucomfort.be\/wp-content\/uploads\/Betonmolens-Lescha-Pro-Euromix-125-ALTRAD.png\",\"datePublished\":\"2025-03-03T21:50:06+00:00\",\"dateModified\":\"2025-03-05T21:51:21+00:00\",\"description\":\"M\u00e9langeurs \u00e0 b\u00e9ton Lescha de qualit\u00e9 sup\u00e9rieure, en exclusivit\u00e9 chez Alu Comfort: votre partenaire pour des machines robustes et durables pour chaque chantier.\",\"breadcrumb\":{\"@id\":\"https:\/\/www.alucomfort.be\/product\/betonmolen-lescha-euromix-125\/#breadcrumb\"},\"inLanguage\":\"fr-FR\",\"potentialAction\":[{\"@type\":\"ReadAction\",\"target\":[\"https:\/\/www.alucomfort.be\/product\/betonmolen-lescha-euromix-125\/\"]}]},{\"@type\":\"ImageObject\",\"inLanguage\":\"fr-FR\",\"@id\":\"https:\/\/www.alucomfort.be\/product\/betonmolen-lescha-euromix-125\/#primaryimage\",\"url\":\"https:\/\/www.alucomfort.be\/wp-content\/uploads\/Betonmolens-Lescha-Pro-Euromix-125-ALTRAD.png\",\"contentUrl\":\"https:\/\/www.alucomfort.be\/wp-content\/uploads\/Betonmolens-Lescha-Pro-Euromix-125-ALTRAD.png\",\"width\":1612,\"height\":1617,\"caption\":\"Betonmolens Lescha Pro Euromix 125 ALTRAD\"},{\"@type\":\"BreadcrumbList\",\"@id\":\"https:\/\/www.alucomfort.be\/product\/betonmolen-lescha-euromix-125\/#breadcrumb\",\"itemListElement\":[{\"@type\":\"ListItem\",\"position\":1,\"name\":\"Home\",\"item\":\"https:\/\/www.alucomfort.be\/fr\/\"},{\"@type\":\"ListItem\",\"position\":2,\"name\":\"Producten\",\"item\":\"https:\/\/www.alucomfort.be\/producten\/\"},{\"@type\":\"ListItem\",\"position\":3,\"name\":\"B\u00e9tonni\u00e8re Lescha Euromix 125\"}]},{\"@type\":\"WebSite\",\"@id\":\"https:\/\/www.alucomfort.be\/#website\",\"url\":\"https:\/\/www.alucomfort.be\/\",\"name\":\"Alu Comfort\",\"description\":\"\",\"potentialAction\":[{\"@type\":\"SearchAction\",\"target\":{\"@type\":\"EntryPoint\",\"urlTemplate\":\"https:\/\/www.alucomfort.be\/?s={search_term_string}\"},\"query-input\":{\"@type\":\"PropertyValueSpecification\",\"valueRequired\":true,\"valueName\":\"search_term_string\"}}],\"inLanguage\":\"fr-FR\"}]}<\/script>\n<!-- \/ Yoast SEO plugin. -->","yoast_head_json":{"title":"M\u00e9langeur Lescha| Alu Comfort | M\u00e9langeur de mortier","description":"M\u00e9langeurs \u00e0 b\u00e9ton Lescha de qualit\u00e9 sup\u00e9rieure, en exclusivit\u00e9 chez Alu Comfort: votre partenaire pour des machines robustes et durables pour chaque chantier.","robots":{"index":"index","follow":"follow","max-snippet":"max-snippet:-1","max-image-preview":"max-image-preview:large","max-video-preview":"max-video-preview:-1"},"canonical":"https:\/\/www.alucomfort.be\/product\/betonmolen-lescha-euromix-125\/","og_locale":"fr_FR","og_type":"article","og_title":"M\u00e9langeur Lescha| Alu Comfort | M\u00e9langeur de mortier","og_description":"M\u00e9langeurs \u00e0 b\u00e9ton Lescha de qualit\u00e9 sup\u00e9rieure, en exclusivit\u00e9 chez Alu Comfort: votre partenaire pour des machines robustes et durables pour chaque chantier.","og_url":"https:\/\/www.alucomfort.be\/product\/betonmolen-lescha-euromix-125\/","og_site_name":"Alu Comfort","article_modified_time":"2025-03-05T21:51:21+00:00","og_image":[{"width":1021,"height":1024,"url":"https:\/\/www.alucomfort.be\/wp-content\/uploads\/Betonmolens-Lescha-Pro-Euromix-125-ALTRAD-1021x1024.png","type":"image\/png"}],"twitter_card":"summary_large_image","schema":{"@context":"https:\/\/schema.org","@graph":[{"@type":"WebPage","@id":"https:\/\/www.alucomfort.be\/product\/betonmolen-lescha-euromix-125\/","url":"https:\/\/www.alucomfort.be\/product\/betonmolen-lescha-euromix-125\/","name":"M\u00e9langeur Lescha| Alu Comfort | M\u00e9langeur de mortier","isPartOf":{"@id":"https:\/\/www.alucomfort.be\/#website"},"primaryImageOfPage":{"@id":"https:\/\/www.alucomfort.be\/product\/betonmolen-lescha-euromix-125\/#primaryimage"},"image":{"@id":"https:\/\/www.alucomfort.be\/product\/betonmolen-lescha-euromix-125\/#primaryimage"},"thumbnailUrl":"https:\/\/www.alucomfort.be\/wp-content\/uploads\/Betonmolens-Lescha-Pro-Euromix-125-ALTRAD.png","datePublished":"2025-03-03T21:50:06+00:00","dateModified":"2025-03-05T21:51:21+00:00","description":"M\u00e9langeurs \u00e0 b\u00e9ton Lescha de qualit\u00e9 sup\u00e9rieure, en exclusivit\u00e9 chez Alu Comfort: votre partenaire pour des machines robustes et durables pour chaque chantier.","breadcrumb":{"@id":"https:\/\/www.alucomfort.be\/product\/betonmolen-lescha-euromix-125\/#breadcrumb"},"inLanguage":"fr-FR","potentialAction":[{"@type":"ReadAction","target":["https:\/\/www.alucomfort.be\/product\/betonmolen-lescha-euromix-125\/"]}]},{"@type":"ImageObject","inLanguage":"fr-FR","@id":"https:\/\/www.alucomfort.be\/product\/betonmolen-lescha-euromix-125\/#primaryimage","url":"https:\/\/www.alucomfort.be\/wp-content\/uploads\/Betonmolens-Lescha-Pro-Euromix-125-ALTRAD.png","contentUrl":"https:\/\/www.alucomfort.be\/wp-content\/uploads\/Betonmolens-Lescha-Pro-Euromix-125-ALTRAD.png","width":1612,"height":1617,"caption":"Betonmolens Lescha Pro Euromix 125 ALTRAD"},{"@type":"BreadcrumbList","@id":"https:\/\/www.alucomfort.be\/product\/betonmolen-lescha-euromix-125\/#breadcrumb","itemListElement":[{"@type":"ListItem","position":1,"name":"Home","item":"https:\/\/www.alucomfort.be\/fr\/"},{"@type":"ListItem","position":2,"name":"Producten","item":"https:\/\/www.alucomfort.be\/producten\/"},{"@type":"ListItem","position":3,"name":"B\u00e9tonni\u00e8re Lescha Euromix 125"}]},{"@type":"WebSite","@id":"https:\/\/www.alucomfort.be\/#website","url":"https:\/\/www.alucomfort.be\/","name":"Alu Comfort","description":"","potentialAction":[{"@type":"SearchAction","target":{"@type":"EntryPoint","urlTemplate":"https:\/\/www.alucomfort.be\/?s={search_term_string}"},"query-input":{"@type":"PropertyValueSpecification","valueRequired":true,"valueName":"search_term_string"}}],"inLanguage":"fr-FR"}]}},"_links":{"self":[{"href":"https:\/\/www.alucomfort.be\/fr\/wp-json\/wp\/v2\/product\/223019","targetHints":{"allow":["GET"]}}],"collection":[{"href":"https:\/\/www.alucomfort.be\/fr\/wp-json\/wp\/v2\/product"}],"about":[{"href":"https:\/\/www.alucomfort.be\/fr\/wp-json\/wp\/v2\/types\/product"}],"wp:featuredmedia":[{"embeddable":true,"href":"https:\/\/www.alucomfort.be\/fr\/wp-json\/wp\/v2\/media\/223014"}],"wp:attachment":[{"href":"https:\/\/www.alucomfort.be\/fr\/wp-json\/wp\/v2\/media?parent=223019"}],"wp:term":[{"taxonomy":"product_brand","embeddable":true,"href":"https:\/\/www.alucomfort.be\/fr\/wp-json\/wp\/v2\/product_brand?post=223019"},{"taxonomy":"product_cat","embeddable":true,"href":"https:\/\/www.alucomfort.be\/fr\/wp-json\/wp\/v2\/product_cat?post=223019"},{"taxonomy":"product_tag","embeddable":true,"href":"https:\/\/www.alucomfort.be\/fr\/wp-json\/wp\/v2\/product_tag?post=223019"}],"curies":[{"name":"wp","href":"https:\/\/api.w.org\/{rel}","templated":true}]}}