

{"id":223027,"date":"2025-03-03T23:50:16","date_gmt":"2025-03-03T21:50:16","guid":{"rendered":"https:\/\/www.alucomfort.be\/product\/betonniere-lescha-sm165s\/"},"modified":"2025-03-05T23:51:37","modified_gmt":"2025-03-05T21:51:37","slug":"betonniere-lescha-sm165s","status":"publish","type":"product","link":"https:\/\/www.alucomfort.be\/fr\/product\/betonniere-lescha-sm165s\/","title":{"rendered":"B\u00e9tonni\u00e8re Lescha SM165S"},"content":{"rendered":"<p>* B\u00e9tonni\u00e8re professionnelle de la marque allemande de qualit\u00e9 sup\u00e9rieure Lescha, * Capacit\u00e9 de m\u00e9lange maximale : 140 l, * Choix entre mod\u00e8le avec moteur \u00e9lectrique 500 W\/230 V ou moteur \u00e0 essence 3,5 CV (Briggs &#038; Stratton), * Avec frein \u00e0 pied, * IP44, * M\u00e9lange rapide et optimal gr\u00e2ce \u00e0 la cuve sp\u00e9cialement con\u00e7ue \u00e0 cet effet, * Facile \u00e0 d\u00e9placer.<\/p>\n","protected":false},"excerpt":{"rendered":"<p>M\u00e9langeur \u00e0 B\u00e9ton pro &#8211; Cap. De malaxage: 140 l<\/p>\n","protected":false},"featured_media":223010,"template":"","meta":{"_acf_changed":false},"product_brand":[],"product_cat":[9606],"product_tag":[],"class_list":{"0":"post-223027","1":"product","2":"type-product","3":"status-publish","4":"has-post-thumbnail","6":"product_cat-betonniere","8":"first","9":"outofstock","10":"taxable","11":"shipping-taxable","12":"purchasable","13":"product-type-variable"},"acf":[],"yoast_head":"<!-- This site is optimized with the Yoast SEO plugin v24.8.1 - https:\/\/yoast.com\/wordpress\/plugins\/seo\/ -->\n<title>B\u00e9tonni\u00e8re Lescha| Alu Comfort | Sp\u00e9cialiste B2B<\/title>\n<meta name=\"description\" content=\"M\u00e9lange de b\u00e9ton optimal avec les robustes b\u00e9tonni\u00e8res Lescha, d\u00e9sormais disponibles chez Alu Comfort. Commandez d\u00e8s aujourd&#039;hui et profitez d&#039;une livraison rapide et d&#039;un excellent service.\" \/>\n<meta name=\"robots\" content=\"index, follow, max-snippet:-1, max-image-preview:large, max-video-preview:-1\" \/>\n<link rel=\"canonical\" href=\"https:\/\/www.alucomfort.be\/product\/betonmolen-lescha-sm165s\/\" \/>\n<meta property=\"og:locale\" content=\"fr_FR\" \/>\n<meta property=\"og:type\" content=\"article\" \/>\n<meta property=\"og:title\" content=\"B\u00e9tonni\u00e8re Lescha| Alu Comfort | Sp\u00e9cialiste B2B\" \/>\n<meta property=\"og:description\" content=\"M\u00e9lange de b\u00e9ton optimal avec les robustes b\u00e9tonni\u00e8res Lescha, d\u00e9sormais disponibles chez Alu Comfort. Commandez d\u00e8s aujourd&#039;hui et profitez d&#039;une livraison rapide et d&#039;un excellent service.\" \/>\n<meta property=\"og:url\" content=\"https:\/\/www.alucomfort.be\/product\/betonmolen-lescha-sm165s\/\" \/>\n<meta property=\"og:site_name\" content=\"Alu Comfort\" \/>\n<meta property=\"article:modified_time\" content=\"2025-03-05T21:51:37+00:00\" \/>\n<meta property=\"og:image\" content=\"https:\/\/www.alucomfort.be\/wp-content\/uploads\/Melangeur-a-Beton-Lescha-SM165S.jpg\" \/>\n\t<meta property=\"og:image:width\" content=\"1920\" \/>\n\t<meta property=\"og:image:height\" content=\"1280\" \/>\n\t<meta property=\"og:image:type\" content=\"image\/jpeg\" \/>\n<meta name=\"twitter:card\" content=\"summary_large_image\" \/>\n<script type=\"application\/ld+json\" class=\"yoast-schema-graph\">{\"@context\":\"https:\/\/schema.org\",\"@graph\":[{\"@type\":\"WebPage\",\"@id\":\"https:\/\/www.alucomfort.be\/product\/betonmolen-lescha-sm165s\/\",\"url\":\"https:\/\/www.alucomfort.be\/product\/betonmolen-lescha-sm165s\/\",\"name\":\"B\u00e9tonni\u00e8re Lescha| Alu Comfort | Sp\u00e9cialiste B2B\",\"isPartOf\":{\"@id\":\"https:\/\/www.alucomfort.be\/#website\"},\"primaryImageOfPage\":{\"@id\":\"https:\/\/www.alucomfort.be\/product\/betonmolen-lescha-sm165s\/#primaryimage\"},\"image\":{\"@id\":\"https:\/\/www.alucomfort.be\/product\/betonmolen-lescha-sm165s\/#primaryimage\"},\"thumbnailUrl\":\"https:\/\/www.alucomfort.be\/wp-content\/uploads\/Melangeur-a-Beton-Lescha-SM165S.jpg\",\"datePublished\":\"2025-03-03T21:50:16+00:00\",\"dateModified\":\"2025-03-05T21:51:37+00:00\",\"description\":\"M\u00e9lange de b\u00e9ton optimal avec les robustes b\u00e9tonni\u00e8res Lescha, d\u00e9sormais disponibles chez Alu Comfort. Commandez d\u00e8s aujourd'hui et profitez d'une livraison rapide et d'un excellent service.\",\"breadcrumb\":{\"@id\":\"https:\/\/www.alucomfort.be\/product\/betonmolen-lescha-sm165s\/#breadcrumb\"},\"inLanguage\":\"fr-FR\",\"potentialAction\":[{\"@type\":\"ReadAction\",\"target\":[\"https:\/\/www.alucomfort.be\/product\/betonmolen-lescha-sm165s\/\"]}]},{\"@type\":\"ImageObject\",\"inLanguage\":\"fr-FR\",\"@id\":\"https:\/\/www.alucomfort.be\/product\/betonmolen-lescha-sm165s\/#primaryimage\",\"url\":\"https:\/\/www.alucomfort.be\/wp-content\/uploads\/Melangeur-a-Beton-Lescha-SM165S.jpg\",\"contentUrl\":\"https:\/\/www.alucomfort.be\/wp-content\/uploads\/Melangeur-a-Beton-Lescha-SM165S.jpg\",\"width\":1920,\"height\":1280,\"caption\":\"M\u00e9langeur \u00e0 B\u00e9ton Lescha SM165S\"},{\"@type\":\"BreadcrumbList\",\"@id\":\"https:\/\/www.alucomfort.be\/product\/betonmolen-lescha-sm165s\/#breadcrumb\",\"itemListElement\":[{\"@type\":\"ListItem\",\"position\":1,\"name\":\"Home\",\"item\":\"https:\/\/www.alucomfort.be\/fr\/\"},{\"@type\":\"ListItem\",\"position\":2,\"name\":\"Producten\",\"item\":\"https:\/\/www.alucomfort.be\/producten\/\"},{\"@type\":\"ListItem\",\"position\":3,\"name\":\"B\u00e9tonni\u00e8re Lescha SM165S\"}]},{\"@type\":\"WebSite\",\"@id\":\"https:\/\/www.alucomfort.be\/#website\",\"url\":\"https:\/\/www.alucomfort.be\/\",\"name\":\"Alu Comfort\",\"description\":\"\",\"potentialAction\":[{\"@type\":\"SearchAction\",\"target\":{\"@type\":\"EntryPoint\",\"urlTemplate\":\"https:\/\/www.alucomfort.be\/?s={search_term_string}\"},\"query-input\":{\"@type\":\"PropertyValueSpecification\",\"valueRequired\":true,\"valueName\":\"search_term_string\"}}],\"inLanguage\":\"fr-FR\"}]}<\/script>\n<!-- \/ Yoast SEO plugin. -->","yoast_head_json":{"title":"B\u00e9tonni\u00e8re Lescha| Alu Comfort | Sp\u00e9cialiste B2B","description":"M\u00e9lange de b\u00e9ton optimal avec les robustes b\u00e9tonni\u00e8res Lescha, d\u00e9sormais disponibles chez Alu Comfort. Commandez d\u00e8s aujourd'hui et profitez d'une livraison rapide et d'un excellent service.","robots":{"index":"index","follow":"follow","max-snippet":"max-snippet:-1","max-image-preview":"max-image-preview:large","max-video-preview":"max-video-preview:-1"},"canonical":"https:\/\/www.alucomfort.be\/product\/betonmolen-lescha-sm165s\/","og_locale":"fr_FR","og_type":"article","og_title":"B\u00e9tonni\u00e8re Lescha| Alu Comfort | Sp\u00e9cialiste B2B","og_description":"M\u00e9lange de b\u00e9ton optimal avec les robustes b\u00e9tonni\u00e8res Lescha, d\u00e9sormais disponibles chez Alu Comfort. Commandez d\u00e8s aujourd'hui et profitez d'une livraison rapide et d'un excellent service.","og_url":"https:\/\/www.alucomfort.be\/product\/betonmolen-lescha-sm165s\/","og_site_name":"Alu Comfort","article_modified_time":"2025-03-05T21:51:37+00:00","og_image":[{"width":1920,"height":1280,"url":"https:\/\/www.alucomfort.be\/wp-content\/uploads\/Melangeur-a-Beton-Lescha-SM165S.jpg","type":"image\/jpeg"}],"twitter_card":"summary_large_image","schema":{"@context":"https:\/\/schema.org","@graph":[{"@type":"WebPage","@id":"https:\/\/www.alucomfort.be\/product\/betonmolen-lescha-sm165s\/","url":"https:\/\/www.alucomfort.be\/product\/betonmolen-lescha-sm165s\/","name":"B\u00e9tonni\u00e8re Lescha| Alu Comfort | Sp\u00e9cialiste B2B","isPartOf":{"@id":"https:\/\/www.alucomfort.be\/#website"},"primaryImageOfPage":{"@id":"https:\/\/www.alucomfort.be\/product\/betonmolen-lescha-sm165s\/#primaryimage"},"image":{"@id":"https:\/\/www.alucomfort.be\/product\/betonmolen-lescha-sm165s\/#primaryimage"},"thumbnailUrl":"https:\/\/www.alucomfort.be\/wp-content\/uploads\/Melangeur-a-Beton-Lescha-SM165S.jpg","datePublished":"2025-03-03T21:50:16+00:00","dateModified":"2025-03-05T21:51:37+00:00","description":"M\u00e9lange de b\u00e9ton optimal avec les robustes b\u00e9tonni\u00e8res Lescha, d\u00e9sormais disponibles chez Alu Comfort. Commandez d\u00e8s aujourd'hui et profitez d'une livraison rapide et d'un excellent service.","breadcrumb":{"@id":"https:\/\/www.alucomfort.be\/product\/betonmolen-lescha-sm165s\/#breadcrumb"},"inLanguage":"fr-FR","potentialAction":[{"@type":"ReadAction","target":["https:\/\/www.alucomfort.be\/product\/betonmolen-lescha-sm165s\/"]}]},{"@type":"ImageObject","inLanguage":"fr-FR","@id":"https:\/\/www.alucomfort.be\/product\/betonmolen-lescha-sm165s\/#primaryimage","url":"https:\/\/www.alucomfort.be\/wp-content\/uploads\/Melangeur-a-Beton-Lescha-SM165S.jpg","contentUrl":"https:\/\/www.alucomfort.be\/wp-content\/uploads\/Melangeur-a-Beton-Lescha-SM165S.jpg","width":1920,"height":1280,"caption":"M\u00e9langeur \u00e0 B\u00e9ton Lescha SM165S"},{"@type":"BreadcrumbList","@id":"https:\/\/www.alucomfort.be\/product\/betonmolen-lescha-sm165s\/#breadcrumb","itemListElement":[{"@type":"ListItem","position":1,"name":"Home","item":"https:\/\/www.alucomfort.be\/fr\/"},{"@type":"ListItem","position":2,"name":"Producten","item":"https:\/\/www.alucomfort.be\/producten\/"},{"@type":"ListItem","position":3,"name":"B\u00e9tonni\u00e8re Lescha SM165S"}]},{"@type":"WebSite","@id":"https:\/\/www.alucomfort.be\/#website","url":"https:\/\/www.alucomfort.be\/","name":"Alu Comfort","description":"","potentialAction":[{"@type":"SearchAction","target":{"@type":"EntryPoint","urlTemplate":"https:\/\/www.alucomfort.be\/?s={search_term_string}"},"query-input":{"@type":"PropertyValueSpecification","valueRequired":true,"valueName":"search_term_string"}}],"inLanguage":"fr-FR"}]}},"_links":{"self":[{"href":"https:\/\/www.alucomfort.be\/fr\/wp-json\/wp\/v2\/product\/223027","targetHints":{"allow":["GET"]}}],"collection":[{"href":"https:\/\/www.alucomfort.be\/fr\/wp-json\/wp\/v2\/product"}],"about":[{"href":"https:\/\/www.alucomfort.be\/fr\/wp-json\/wp\/v2\/types\/product"}],"wp:featuredmedia":[{"embeddable":true,"href":"https:\/\/www.alucomfort.be\/fr\/wp-json\/wp\/v2\/media\/223010"}],"wp:attachment":[{"href":"https:\/\/www.alucomfort.be\/fr\/wp-json\/wp\/v2\/media?parent=223027"}],"wp:term":[{"taxonomy":"product_brand","embeddable":true,"href":"https:\/\/www.alucomfort.be\/fr\/wp-json\/wp\/v2\/product_brand?post=223027"},{"taxonomy":"product_cat","embeddable":true,"href":"https:\/\/www.alucomfort.be\/fr\/wp-json\/wp\/v2\/product_cat?post=223027"},{"taxonomy":"product_tag","embeddable":true,"href":"https:\/\/www.alucomfort.be\/fr\/wp-json\/wp\/v2\/product_tag?post=223027"}],"curies":[{"name":"wp","href":"https:\/\/api.w.org\/{rel}","templated":true}]}}