

{"id":223053,"date":"2025-03-04T23:59:45","date_gmt":"2025-03-04T21:59:45","guid":{"rendered":"https:\/\/www.alucomfort.be\/product\/regle-vibrante-easy-screed-200\/"},"modified":"2025-03-05T00:04:07","modified_gmt":"2025-03-04T22:04:07","slug":"regle-vibrante-easy-screed-200","status":"publish","type":"product","link":"https:\/\/www.alucomfort.be\/fr\/product\/regle-vibrante-easy-screed-200\/","title":{"rendered":"R\u00e8gle vibrante Easy Screed 200"},"content":{"rendered":"<p>* R\u00e8gle vibrante \u00e0 b\u00e9ton motoris\u00e9e professionnelle pour vibrer et niveler le b\u00e9ton. L&rsquo;air est \u00e9limin\u00e9 du b\u00e9ton, ce qui am\u00e9liore la solidit\u00e9 de la dalle de b\u00e9ton, * Disponible en version avec poutre de 2 m ou 3 m, * Avec moteur Honda GX25.<\/p>\n","protected":false},"excerpt":{"rendered":"<p>* R\u00e8gle vibrante \u00e0 b\u00e9ton motoris\u00e9e professionnelle pour vibrer et niveler le b\u00e9ton. L&rsquo;air est \u00e9limin\u00e9 du b\u00e9ton, ce qui am\u00e9liore la solidit\u00e9 de la dalle de b\u00e9ton, * Disponible en version avec poutre de 2 m ou 3 m, * Avec moteur Honda GX25.<\/p>\n","protected":false},"featured_media":223040,"template":"","meta":{"_acf_changed":false},"product_brand":[],"product_cat":[9616],"product_tag":[],"class_list":{"0":"post-223053","1":"product","2":"type-product","3":"status-publish","4":"has-post-thumbnail","6":"product_cat-regle-vibrante","8":"first","9":"outofstock","10":"taxable","11":"shipping-taxable","12":"purchasable","13":"product-type-variable"},"acf":[],"yoast_head":"<!-- This site is optimized with the Yoast SEO plugin v24.8.1 - https:\/\/yoast.com\/wordpress\/plugins\/seo\/ -->\n<title>R\u00e8gle vibrante | Alu Comfort | Belle Altrad dealer<\/title>\n<meta name=\"description\" content=\"Am\u00e9liorez la qualit\u00e9 de votre travail de b\u00e9ton avec les r\u00e8gles vibrantes puissantes d&#039;Alu Comfort. D\u00e9couvrez notre gamme pour une finition parfaite et une durabilit\u00e9 exceptionnell\" \/>\n<meta name=\"robots\" content=\"index, follow, max-snippet:-1, max-image-preview:large, max-video-preview:-1\" \/>\n<link rel=\"canonical\" href=\"https:\/\/www.alucomfort.be\/product\/trilbalk-easy-screed-200\/\" \/>\n<meta property=\"og:locale\" content=\"fr_FR\" \/>\n<meta property=\"og:type\" content=\"article\" \/>\n<meta property=\"og:title\" content=\"R\u00e8gle vibrante | Alu Comfort | Belle Altrad dealer\" \/>\n<meta property=\"og:description\" content=\"Am\u00e9liorez la qualit\u00e9 de votre travail de b\u00e9ton avec les r\u00e8gles vibrantes puissantes d&#039;Alu Comfort. D\u00e9couvrez notre gamme pour une finition parfaite et une durabilit\u00e9 exceptionnell\" \/>\n<meta property=\"og:url\" content=\"https:\/\/www.alucomfort.be\/product\/trilbalk-easy-screed-200\/\" \/>\n<meta property=\"og:site_name\" content=\"Alu Comfort\" \/>\n<meta property=\"article:modified_time\" content=\"2025-03-04T22:04:07+00:00\" \/>\n<meta property=\"og:image\" content=\"https:\/\/www.alucomfort.be\/wp-content\/uploads\/Afreibalk-Altrad-Belles-Easy-Screed-1024x674.png\" \/>\n\t<meta property=\"og:image:width\" content=\"1024\" \/>\n\t<meta property=\"og:image:height\" content=\"674\" \/>\n\t<meta property=\"og:image:type\" content=\"image\/png\" \/>\n<meta name=\"twitter:card\" content=\"summary_large_image\" \/>\n<script type=\"application\/ld+json\" class=\"yoast-schema-graph\">{\"@context\":\"https:\/\/schema.org\",\"@graph\":[{\"@type\":\"WebPage\",\"@id\":\"https:\/\/www.alucomfort.be\/product\/trilbalk-easy-screed-200\/\",\"url\":\"https:\/\/www.alucomfort.be\/product\/trilbalk-easy-screed-200\/\",\"name\":\"R\u00e8gle vibrante | Alu Comfort | Belle Altrad dealer\",\"isPartOf\":{\"@id\":\"https:\/\/www.alucomfort.be\/#website\"},\"primaryImageOfPage\":{\"@id\":\"https:\/\/www.alucomfort.be\/product\/trilbalk-easy-screed-200\/#primaryimage\"},\"image\":{\"@id\":\"https:\/\/www.alucomfort.be\/product\/trilbalk-easy-screed-200\/#primaryimage\"},\"thumbnailUrl\":\"https:\/\/www.alucomfort.be\/wp-content\/uploads\/Afreibalk-Altrad-Belles-Easy-Screed.png\",\"datePublished\":\"2025-03-04T21:59:45+00:00\",\"dateModified\":\"2025-03-04T22:04:07+00:00\",\"description\":\"Am\u00e9liorez la qualit\u00e9 de votre travail de b\u00e9ton avec les r\u00e8gles vibrantes puissantes d'Alu Comfort. D\u00e9couvrez notre gamme pour une finition parfaite et une durabilit\u00e9 exceptionnell\",\"breadcrumb\":{\"@id\":\"https:\/\/www.alucomfort.be\/product\/trilbalk-easy-screed-200\/#breadcrumb\"},\"inLanguage\":\"fr-FR\",\"potentialAction\":[{\"@type\":\"ReadAction\",\"target\":[\"https:\/\/www.alucomfort.be\/product\/trilbalk-easy-screed-200\/\"]}]},{\"@type\":\"ImageObject\",\"inLanguage\":\"fr-FR\",\"@id\":\"https:\/\/www.alucomfort.be\/product\/trilbalk-easy-screed-200\/#primaryimage\",\"url\":\"https:\/\/www.alucomfort.be\/wp-content\/uploads\/Afreibalk-Altrad-Belles-Easy-Screed.png\",\"contentUrl\":\"https:\/\/www.alucomfort.be\/wp-content\/uploads\/Afreibalk-Altrad-Belles-Easy-Screed.png\",\"width\":1488,\"height\":979,\"caption\":\"Afreibalk Altrad Belles Easy Screed\"},{\"@type\":\"BreadcrumbList\",\"@id\":\"https:\/\/www.alucomfort.be\/product\/trilbalk-easy-screed-200\/#breadcrumb\",\"itemListElement\":[{\"@type\":\"ListItem\",\"position\":1,\"name\":\"Home\",\"item\":\"https:\/\/www.alucomfort.be\/fr\/\"},{\"@type\":\"ListItem\",\"position\":2,\"name\":\"Producten\",\"item\":\"https:\/\/www.alucomfort.be\/producten\/\"},{\"@type\":\"ListItem\",\"position\":3,\"name\":\"R\u00e8gle vibrante Easy Screed 200\"}]},{\"@type\":\"WebSite\",\"@id\":\"https:\/\/www.alucomfort.be\/#website\",\"url\":\"https:\/\/www.alucomfort.be\/\",\"name\":\"Alu Comfort\",\"description\":\"\",\"potentialAction\":[{\"@type\":\"SearchAction\",\"target\":{\"@type\":\"EntryPoint\",\"urlTemplate\":\"https:\/\/www.alucomfort.be\/?s={search_term_string}\"},\"query-input\":{\"@type\":\"PropertyValueSpecification\",\"valueRequired\":true,\"valueName\":\"search_term_string\"}}],\"inLanguage\":\"fr-FR\"}]}<\/script>\n<!-- \/ Yoast SEO plugin. -->","yoast_head_json":{"title":"R\u00e8gle vibrante | Alu Comfort | Belle Altrad dealer","description":"Am\u00e9liorez la qualit\u00e9 de votre travail de b\u00e9ton avec les r\u00e8gles vibrantes puissantes d'Alu Comfort. D\u00e9couvrez notre gamme pour une finition parfaite et une durabilit\u00e9 exceptionnell","robots":{"index":"index","follow":"follow","max-snippet":"max-snippet:-1","max-image-preview":"max-image-preview:large","max-video-preview":"max-video-preview:-1"},"canonical":"https:\/\/www.alucomfort.be\/product\/trilbalk-easy-screed-200\/","og_locale":"fr_FR","og_type":"article","og_title":"R\u00e8gle vibrante | Alu Comfort | Belle Altrad dealer","og_description":"Am\u00e9liorez la qualit\u00e9 de votre travail de b\u00e9ton avec les r\u00e8gles vibrantes puissantes d'Alu Comfort. D\u00e9couvrez notre gamme pour une finition parfaite et une durabilit\u00e9 exceptionnell","og_url":"https:\/\/www.alucomfort.be\/product\/trilbalk-easy-screed-200\/","og_site_name":"Alu Comfort","article_modified_time":"2025-03-04T22:04:07+00:00","og_image":[{"width":1024,"height":674,"url":"https:\/\/www.alucomfort.be\/wp-content\/uploads\/Afreibalk-Altrad-Belles-Easy-Screed-1024x674.png","type":"image\/png"}],"twitter_card":"summary_large_image","schema":{"@context":"https:\/\/schema.org","@graph":[{"@type":"WebPage","@id":"https:\/\/www.alucomfort.be\/product\/trilbalk-easy-screed-200\/","url":"https:\/\/www.alucomfort.be\/product\/trilbalk-easy-screed-200\/","name":"R\u00e8gle vibrante | Alu Comfort | Belle Altrad dealer","isPartOf":{"@id":"https:\/\/www.alucomfort.be\/#website"},"primaryImageOfPage":{"@id":"https:\/\/www.alucomfort.be\/product\/trilbalk-easy-screed-200\/#primaryimage"},"image":{"@id":"https:\/\/www.alucomfort.be\/product\/trilbalk-easy-screed-200\/#primaryimage"},"thumbnailUrl":"https:\/\/www.alucomfort.be\/wp-content\/uploads\/Afreibalk-Altrad-Belles-Easy-Screed.png","datePublished":"2025-03-04T21:59:45+00:00","dateModified":"2025-03-04T22:04:07+00:00","description":"Am\u00e9liorez la qualit\u00e9 de votre travail de b\u00e9ton avec les r\u00e8gles vibrantes puissantes d'Alu Comfort. D\u00e9couvrez notre gamme pour une finition parfaite et une durabilit\u00e9 exceptionnell","breadcrumb":{"@id":"https:\/\/www.alucomfort.be\/product\/trilbalk-easy-screed-200\/#breadcrumb"},"inLanguage":"fr-FR","potentialAction":[{"@type":"ReadAction","target":["https:\/\/www.alucomfort.be\/product\/trilbalk-easy-screed-200\/"]}]},{"@type":"ImageObject","inLanguage":"fr-FR","@id":"https:\/\/www.alucomfort.be\/product\/trilbalk-easy-screed-200\/#primaryimage","url":"https:\/\/www.alucomfort.be\/wp-content\/uploads\/Afreibalk-Altrad-Belles-Easy-Screed.png","contentUrl":"https:\/\/www.alucomfort.be\/wp-content\/uploads\/Afreibalk-Altrad-Belles-Easy-Screed.png","width":1488,"height":979,"caption":"Afreibalk Altrad Belles Easy Screed"},{"@type":"BreadcrumbList","@id":"https:\/\/www.alucomfort.be\/product\/trilbalk-easy-screed-200\/#breadcrumb","itemListElement":[{"@type":"ListItem","position":1,"name":"Home","item":"https:\/\/www.alucomfort.be\/fr\/"},{"@type":"ListItem","position":2,"name":"Producten","item":"https:\/\/www.alucomfort.be\/producten\/"},{"@type":"ListItem","position":3,"name":"R\u00e8gle vibrante Easy Screed 200"}]},{"@type":"WebSite","@id":"https:\/\/www.alucomfort.be\/#website","url":"https:\/\/www.alucomfort.be\/","name":"Alu Comfort","description":"","potentialAction":[{"@type":"SearchAction","target":{"@type":"EntryPoint","urlTemplate":"https:\/\/www.alucomfort.be\/?s={search_term_string}"},"query-input":{"@type":"PropertyValueSpecification","valueRequired":true,"valueName":"search_term_string"}}],"inLanguage":"fr-FR"}]}},"_links":{"self":[{"href":"https:\/\/www.alucomfort.be\/fr\/wp-json\/wp\/v2\/product\/223053","targetHints":{"allow":["GET"]}}],"collection":[{"href":"https:\/\/www.alucomfort.be\/fr\/wp-json\/wp\/v2\/product"}],"about":[{"href":"https:\/\/www.alucomfort.be\/fr\/wp-json\/wp\/v2\/types\/product"}],"wp:featuredmedia":[{"embeddable":true,"href":"https:\/\/www.alucomfort.be\/fr\/wp-json\/wp\/v2\/media\/223040"}],"wp:attachment":[{"href":"https:\/\/www.alucomfort.be\/fr\/wp-json\/wp\/v2\/media?parent=223053"}],"wp:term":[{"taxonomy":"product_brand","embeddable":true,"href":"https:\/\/www.alucomfort.be\/fr\/wp-json\/wp\/v2\/product_brand?post=223053"},{"taxonomy":"product_cat","embeddable":true,"href":"https:\/\/www.alucomfort.be\/fr\/wp-json\/wp\/v2\/product_cat?post=223053"},{"taxonomy":"product_tag","embeddable":true,"href":"https:\/\/www.alucomfort.be\/fr\/wp-json\/wp\/v2\/product_tag?post=223053"}],"curies":[{"name":"wp","href":"https:\/\/api.w.org\/{rel}","templated":true}]}}