

{"id":223059,"date":"2025-03-04T23:59:52","date_gmt":"2025-03-04T21:59:52","guid":{"rendered":"https:\/\/www.alucomfort.be\/product\/regle-vibrante-easy-screed-pro\/"},"modified":"2025-03-05T00:04:22","modified_gmt":"2025-03-04T22:04:22","slug":"regle-vibrante-easy-screed-pro","status":"publish","type":"product","link":"https:\/\/www.alucomfort.be\/fr\/product\/regle-vibrante-easy-screed-pro\/","title":{"rendered":"R\u00e8gle vibrante Easy Screed Pro"},"content":{"rendered":"<p>* R\u00e8gle vibrante \u00e0 b\u00e9ton avec unit\u00e9 d&rsquo;entra\u00eenement amovible, * Avec double poign\u00e9e pouvant \u00eatre fix\u00e9e sur des barres de diff\u00e9rentes longueurs, * Avec moteur Honda GX35, * La poutre, en alu extrud\u00e9 ultra rigide, a un double profil, r\u00e9versible permettant un arasage libre ou sur coffrage,  * 6 longueurs de poutres diff\u00e9rentes. \u00c0 partir de 5,5 m, nous recommandons 2 unit\u00e9s d&rsquo;entra\u00eenement, * Profondeur de compactage de 75 mm<\/p>\n","protected":false},"excerpt":{"rendered":"<p>* R\u00e8gle vibrante \u00e0 b\u00e9ton avec unit\u00e9 d&rsquo;entra\u00eenement amovible, * Avec double poign\u00e9e pouvant \u00eatre fix\u00e9e sur des barres de diff\u00e9rentes longueurs, * Avec moteur Honda GX35, * La poutre, en alu extrud\u00e9 ultra rigide, a un double profil, r\u00e9versible permettant un arasage libre ou sur coffrage, * 6 longueurs de poutres diff\u00e9rentes. \u00c0 partir<\/p>\n","protected":false},"featured_media":223048,"template":"","meta":{"_acf_changed":false},"product_brand":[],"product_cat":[9616],"product_tag":[],"class_list":{"0":"post-223059","1":"product","2":"type-product","3":"status-publish","4":"has-post-thumbnail","6":"product_cat-regle-vibrante","8":"first","9":"outofstock","10":"taxable","11":"shipping-taxable","12":"purchasable","13":"product-type-variable"},"acf":[],"yoast_head":"<!-- This site is optimized with the Yoast SEO plugin v24.8.1 - https:\/\/yoast.com\/wordpress\/plugins\/seo\/ -->\n<title>Poutre vibrante | Alu Comfort | Vibrateur \u00e0 b\u00e9ton<\/title>\n<meta name=\"description\" content=\"Besoin de r\u00e8gles vibrantes de qualit\u00e9 sup\u00e9rieure ? Alu Comfort propose une vaste s\u00e9lection pour chaque constructeur professionnel. Consultez notre offre et commandez directement en ligne.\" \/>\n<meta name=\"robots\" content=\"index, follow, max-snippet:-1, max-image-preview:large, max-video-preview:-1\" \/>\n<link rel=\"canonical\" href=\"https:\/\/www.alucomfort.be\/product\/trilbalk-easy-screed-pro\/\" \/>\n<meta property=\"og:locale\" content=\"fr_FR\" \/>\n<meta property=\"og:type\" content=\"article\" \/>\n<meta property=\"og:title\" content=\"Poutre vibrante | Alu Comfort | Vibrateur \u00e0 b\u00e9ton\" \/>\n<meta property=\"og:description\" content=\"Besoin de r\u00e8gles vibrantes de qualit\u00e9 sup\u00e9rieure ? Alu Comfort propose une vaste s\u00e9lection pour chaque constructeur professionnel. Consultez notre offre et commandez directement en ligne.\" \/>\n<meta property=\"og:url\" content=\"https:\/\/www.alucomfort.be\/product\/trilbalk-easy-screed-pro\/\" \/>\n<meta property=\"og:site_name\" content=\"Alu Comfort\" \/>\n<meta property=\"article:modified_time\" content=\"2025-03-04T22:04:22+00:00\" \/>\n<meta property=\"og:image\" content=\"https:\/\/www.alucomfort.be\/wp-content\/uploads\/Regle-Vibrante-Beton-Belle-Altrad.png\" \/>\n\t<meta property=\"og:image:width\" content=\"1059\" \/>\n\t<meta property=\"og:image:height\" content=\"681\" \/>\n\t<meta property=\"og:image:type\" content=\"image\/png\" \/>\n<meta name=\"twitter:card\" content=\"summary_large_image\" \/>\n<script type=\"application\/ld+json\" class=\"yoast-schema-graph\">{\"@context\":\"https:\/\/schema.org\",\"@graph\":[{\"@type\":\"WebPage\",\"@id\":\"https:\/\/www.alucomfort.be\/product\/trilbalk-easy-screed-pro\/\",\"url\":\"https:\/\/www.alucomfort.be\/product\/trilbalk-easy-screed-pro\/\",\"name\":\"Poutre vibrante | Alu Comfort | Vibrateur \u00e0 b\u00e9ton\",\"isPartOf\":{\"@id\":\"https:\/\/www.alucomfort.be\/#website\"},\"primaryImageOfPage\":{\"@id\":\"https:\/\/www.alucomfort.be\/product\/trilbalk-easy-screed-pro\/#primaryimage\"},\"image\":{\"@id\":\"https:\/\/www.alucomfort.be\/product\/trilbalk-easy-screed-pro\/#primaryimage\"},\"thumbnailUrl\":\"https:\/\/www.alucomfort.be\/wp-content\/uploads\/Regle-Vibrante-Beton-Belle-Altrad.png\",\"datePublished\":\"2025-03-04T21:59:52+00:00\",\"dateModified\":\"2025-03-04T22:04:22+00:00\",\"description\":\"Besoin de r\u00e8gles vibrantes de qualit\u00e9 sup\u00e9rieure ? Alu Comfort propose une vaste s\u00e9lection pour chaque constructeur professionnel. Consultez notre offre et commandez directement en ligne.\",\"breadcrumb\":{\"@id\":\"https:\/\/www.alucomfort.be\/product\/trilbalk-easy-screed-pro\/#breadcrumb\"},\"inLanguage\":\"fr-FR\",\"potentialAction\":[{\"@type\":\"ReadAction\",\"target\":[\"https:\/\/www.alucomfort.be\/product\/trilbalk-easy-screed-pro\/\"]}]},{\"@type\":\"ImageObject\",\"inLanguage\":\"fr-FR\",\"@id\":\"https:\/\/www.alucomfort.be\/product\/trilbalk-easy-screed-pro\/#primaryimage\",\"url\":\"https:\/\/www.alucomfort.be\/wp-content\/uploads\/Regle-Vibrante-Beton-Belle-Altrad.png\",\"contentUrl\":\"https:\/\/www.alucomfort.be\/wp-content\/uploads\/Regle-Vibrante-Beton-Belle-Altrad.png\",\"width\":1059,\"height\":681,\"caption\":\"R\u00e8gle Vibrante B\u00e9ton Belle Altrad\"},{\"@type\":\"BreadcrumbList\",\"@id\":\"https:\/\/www.alucomfort.be\/product\/trilbalk-easy-screed-pro\/#breadcrumb\",\"itemListElement\":[{\"@type\":\"ListItem\",\"position\":1,\"name\":\"Home\",\"item\":\"https:\/\/www.alucomfort.be\/fr\/\"},{\"@type\":\"ListItem\",\"position\":2,\"name\":\"Producten\",\"item\":\"https:\/\/www.alucomfort.be\/producten\/\"},{\"@type\":\"ListItem\",\"position\":3,\"name\":\"R\u00e8gle vibrante Easy Screed Pro\"}]},{\"@type\":\"WebSite\",\"@id\":\"https:\/\/www.alucomfort.be\/#website\",\"url\":\"https:\/\/www.alucomfort.be\/\",\"name\":\"Alu Comfort\",\"description\":\"\",\"potentialAction\":[{\"@type\":\"SearchAction\",\"target\":{\"@type\":\"EntryPoint\",\"urlTemplate\":\"https:\/\/www.alucomfort.be\/?s={search_term_string}\"},\"query-input\":{\"@type\":\"PropertyValueSpecification\",\"valueRequired\":true,\"valueName\":\"search_term_string\"}}],\"inLanguage\":\"fr-FR\"}]}<\/script>\n<!-- \/ Yoast SEO plugin. -->","yoast_head_json":{"title":"Poutre vibrante | Alu Comfort | Vibrateur \u00e0 b\u00e9ton","description":"Besoin de r\u00e8gles vibrantes de qualit\u00e9 sup\u00e9rieure ? Alu Comfort propose une vaste s\u00e9lection pour chaque constructeur professionnel. Consultez notre offre et commandez directement en ligne.","robots":{"index":"index","follow":"follow","max-snippet":"max-snippet:-1","max-image-preview":"max-image-preview:large","max-video-preview":"max-video-preview:-1"},"canonical":"https:\/\/www.alucomfort.be\/product\/trilbalk-easy-screed-pro\/","og_locale":"fr_FR","og_type":"article","og_title":"Poutre vibrante | Alu Comfort | Vibrateur \u00e0 b\u00e9ton","og_description":"Besoin de r\u00e8gles vibrantes de qualit\u00e9 sup\u00e9rieure ? Alu Comfort propose une vaste s\u00e9lection pour chaque constructeur professionnel. Consultez notre offre et commandez directement en ligne.","og_url":"https:\/\/www.alucomfort.be\/product\/trilbalk-easy-screed-pro\/","og_site_name":"Alu Comfort","article_modified_time":"2025-03-04T22:04:22+00:00","og_image":[{"width":1059,"height":681,"url":"https:\/\/www.alucomfort.be\/wp-content\/uploads\/Regle-Vibrante-Beton-Belle-Altrad.png","type":"image\/png"}],"twitter_card":"summary_large_image","schema":{"@context":"https:\/\/schema.org","@graph":[{"@type":"WebPage","@id":"https:\/\/www.alucomfort.be\/product\/trilbalk-easy-screed-pro\/","url":"https:\/\/www.alucomfort.be\/product\/trilbalk-easy-screed-pro\/","name":"Poutre vibrante | Alu Comfort | Vibrateur \u00e0 b\u00e9ton","isPartOf":{"@id":"https:\/\/www.alucomfort.be\/#website"},"primaryImageOfPage":{"@id":"https:\/\/www.alucomfort.be\/product\/trilbalk-easy-screed-pro\/#primaryimage"},"image":{"@id":"https:\/\/www.alucomfort.be\/product\/trilbalk-easy-screed-pro\/#primaryimage"},"thumbnailUrl":"https:\/\/www.alucomfort.be\/wp-content\/uploads\/Regle-Vibrante-Beton-Belle-Altrad.png","datePublished":"2025-03-04T21:59:52+00:00","dateModified":"2025-03-04T22:04:22+00:00","description":"Besoin de r\u00e8gles vibrantes de qualit\u00e9 sup\u00e9rieure ? Alu Comfort propose une vaste s\u00e9lection pour chaque constructeur professionnel. Consultez notre offre et commandez directement en ligne.","breadcrumb":{"@id":"https:\/\/www.alucomfort.be\/product\/trilbalk-easy-screed-pro\/#breadcrumb"},"inLanguage":"fr-FR","potentialAction":[{"@type":"ReadAction","target":["https:\/\/www.alucomfort.be\/product\/trilbalk-easy-screed-pro\/"]}]},{"@type":"ImageObject","inLanguage":"fr-FR","@id":"https:\/\/www.alucomfort.be\/product\/trilbalk-easy-screed-pro\/#primaryimage","url":"https:\/\/www.alucomfort.be\/wp-content\/uploads\/Regle-Vibrante-Beton-Belle-Altrad.png","contentUrl":"https:\/\/www.alucomfort.be\/wp-content\/uploads\/Regle-Vibrante-Beton-Belle-Altrad.png","width":1059,"height":681,"caption":"R\u00e8gle Vibrante B\u00e9ton Belle Altrad"},{"@type":"BreadcrumbList","@id":"https:\/\/www.alucomfort.be\/product\/trilbalk-easy-screed-pro\/#breadcrumb","itemListElement":[{"@type":"ListItem","position":1,"name":"Home","item":"https:\/\/www.alucomfort.be\/fr\/"},{"@type":"ListItem","position":2,"name":"Producten","item":"https:\/\/www.alucomfort.be\/producten\/"},{"@type":"ListItem","position":3,"name":"R\u00e8gle vibrante Easy Screed Pro"}]},{"@type":"WebSite","@id":"https:\/\/www.alucomfort.be\/#website","url":"https:\/\/www.alucomfort.be\/","name":"Alu Comfort","description":"","potentialAction":[{"@type":"SearchAction","target":{"@type":"EntryPoint","urlTemplate":"https:\/\/www.alucomfort.be\/?s={search_term_string}"},"query-input":{"@type":"PropertyValueSpecification","valueRequired":true,"valueName":"search_term_string"}}],"inLanguage":"fr-FR"}]}},"_links":{"self":[{"href":"https:\/\/www.alucomfort.be\/fr\/wp-json\/wp\/v2\/product\/223059","targetHints":{"allow":["GET"]}}],"collection":[{"href":"https:\/\/www.alucomfort.be\/fr\/wp-json\/wp\/v2\/product"}],"about":[{"href":"https:\/\/www.alucomfort.be\/fr\/wp-json\/wp\/v2\/types\/product"}],"wp:featuredmedia":[{"embeddable":true,"href":"https:\/\/www.alucomfort.be\/fr\/wp-json\/wp\/v2\/media\/223048"}],"wp:attachment":[{"href":"https:\/\/www.alucomfort.be\/fr\/wp-json\/wp\/v2\/media?parent=223059"}],"wp:term":[{"taxonomy":"product_brand","embeddable":true,"href":"https:\/\/www.alucomfort.be\/fr\/wp-json\/wp\/v2\/product_brand?post=223059"},{"taxonomy":"product_cat","embeddable":true,"href":"https:\/\/www.alucomfort.be\/fr\/wp-json\/wp\/v2\/product_cat?post=223059"},{"taxonomy":"product_tag","embeddable":true,"href":"https:\/\/www.alucomfort.be\/fr\/wp-json\/wp\/v2\/product_tag?post=223059"}],"curies":[{"name":"wp","href":"https:\/\/api.w.org\/{rel}","templated":true}]}}