

{"id":223103,"date":"2025-03-06T23:15:58","date_gmt":"2025-03-06T21:15:58","guid":{"rendered":"https:\/\/www.alucomfort.be\/product\/echafaudage-de-jardin\/"},"modified":"2025-03-06T23:16:24","modified_gmt":"2025-03-06T21:16:24","slug":"echafaudage-de-jardin","status":"publish","type":"product","link":"https:\/\/www.alucomfort.be\/fr\/product\/echafaudage-de-jardin\/","title":{"rendered":"Echafaudage de jardin"},"content":{"rendered":"<p>* \u00c9chafaudages de jardin de haute qualit\u00e9 pour usage professionnel et domestique, con\u00e7us pour une stabilit\u00e9 optimale.  Facile \u00e0 d\u00e9placer sur l&rsquo;herbe et m\u00eame sur le sable meuble gr\u00e2ce aux grandes roues, * Disponible avec ou sans trappe, * Dimensions : 1500 mm x 750 mm, * Hauteur de travail 3 m, * Poids : 25 kg, * Roues pleines de diam\u00e8tre 265 mm, * Extensible, * Pi\u00e8ces d\u00e9tach\u00e9es \u00e9galement disponibles, veuillez nous contacter pour cela.<\/p>\n","protected":false},"excerpt":{"rendered":"<p>\u00c9chafaudage de jardin pratique<\/p>\n","protected":false},"featured_media":223100,"template":"","meta":{"_acf_changed":false},"product_brand":[],"product_cat":[9646],"product_tag":[],"class_list":{"0":"post-223103","1":"product","2":"type-product","3":"status-publish","4":"has-post-thumbnail","6":"product_cat-echafaudage-de-jardin","8":"first","9":"outofstock","10":"taxable","11":"shipping-taxable","12":"purchasable","13":"product-type-variable"},"acf":[],"yoast_head":"<!-- This site is optimized with the Yoast SEO plugin v24.8.1 - https:\/\/yoast.com\/wordpress\/plugins\/seo\/ -->\n<title>\u00c9chafaudage de jardin| Alu Comfort | revendeur Altrad<\/title>\n<meta name=\"description\" content=\"Achat d&#039;\u00e9chafaudage de jardin? Alu Comfort offre les \u00e9chafaudages de jardin les plus robustes et faciles \u00e0 utiliser. Atteignez des hauteurs in\u00e9gal\u00e9es dans votre jardin!&quot;\" \/>\n<meta name=\"robots\" content=\"index, follow, max-snippet:-1, max-image-preview:large, max-video-preview:-1\" \/>\n<link rel=\"canonical\" href=\"https:\/\/www.alucomfort.be\/product\/tuinsteiger-compact-up\/\" \/>\n<meta property=\"og:locale\" content=\"fr_FR\" \/>\n<meta property=\"og:type\" content=\"article\" \/>\n<meta property=\"og:title\" content=\"\u00c9chafaudage de jardin| Alu Comfort | revendeur Altrad\" \/>\n<meta property=\"og:description\" content=\"Achat d&#039;\u00e9chafaudage de jardin? Alu Comfort offre les \u00e9chafaudages de jardin les plus robustes et faciles \u00e0 utiliser. Atteignez des hauteurs in\u00e9gal\u00e9es dans votre jardin!&quot;\" \/>\n<meta property=\"og:url\" content=\"https:\/\/www.alucomfort.be\/product\/tuinsteiger-compact-up\/\" \/>\n<meta property=\"og:site_name\" content=\"Alu Comfort\" \/>\n<meta property=\"article:modified_time\" content=\"2025-03-06T21:16:24+00:00\" \/>\n<meta property=\"og:image\" content=\"https:\/\/www.alucomfort.be\/wp-content\/uploads\/Tuinsteiger-Tuinstelling-Rolstelling-Voor-Tuin-Altrad-Vouwstellingen.png\" \/>\n\t<meta property=\"og:image:width\" content=\"1569\" \/>\n\t<meta property=\"og:image:height\" content=\"1626\" \/>\n\t<meta property=\"og:image:type\" content=\"image\/png\" \/>\n<meta name=\"twitter:card\" content=\"summary_large_image\" \/>\n<script type=\"application\/ld+json\" class=\"yoast-schema-graph\">{\"@context\":\"https:\/\/schema.org\",\"@graph\":[{\"@type\":\"WebPage\",\"@id\":\"https:\/\/www.alucomfort.be\/product\/tuinsteiger-compact-up\/\",\"url\":\"https:\/\/www.alucomfort.be\/product\/tuinsteiger-compact-up\/\",\"name\":\"\u00c9chafaudage de jardin| Alu Comfort | revendeur Altrad\",\"isPartOf\":{\"@id\":\"https:\/\/www.alucomfort.be\/#website\"},\"primaryImageOfPage\":{\"@id\":\"https:\/\/www.alucomfort.be\/product\/tuinsteiger-compact-up\/#primaryimage\"},\"image\":{\"@id\":\"https:\/\/www.alucomfort.be\/product\/tuinsteiger-compact-up\/#primaryimage\"},\"thumbnailUrl\":\"https:\/\/www.alucomfort.be\/wp-content\/uploads\/Tuinsteiger-Tuinstelling-Rolstelling-Voor-Tuin-Altrad-Vouwstellingen.png\",\"datePublished\":\"2025-03-06T21:15:58+00:00\",\"dateModified\":\"2025-03-06T21:16:24+00:00\",\"description\":\"Achat d'\u00e9chafaudage de jardin? Alu Comfort offre les \u00e9chafaudages de jardin les plus robustes et faciles \u00e0 utiliser. Atteignez des hauteurs in\u00e9gal\u00e9es dans votre jardin!\\\"\",\"breadcrumb\":{\"@id\":\"https:\/\/www.alucomfort.be\/product\/tuinsteiger-compact-up\/#breadcrumb\"},\"inLanguage\":\"fr-FR\",\"potentialAction\":[{\"@type\":\"ReadAction\",\"target\":[\"https:\/\/www.alucomfort.be\/product\/tuinsteiger-compact-up\/\"]}]},{\"@type\":\"ImageObject\",\"inLanguage\":\"fr-FR\",\"@id\":\"https:\/\/www.alucomfort.be\/product\/tuinsteiger-compact-up\/#primaryimage\",\"url\":\"https:\/\/www.alucomfort.be\/wp-content\/uploads\/Tuinsteiger-Tuinstelling-Rolstelling-Voor-Tuin-Altrad-Vouwstellingen.png\",\"contentUrl\":\"https:\/\/www.alucomfort.be\/wp-content\/uploads\/Tuinsteiger-Tuinstelling-Rolstelling-Voor-Tuin-Altrad-Vouwstellingen.png\",\"width\":1569,\"height\":1626,\"caption\":\"Tuinsteiger Tuinstelling - Rolstelling Voor Tuin - Vouwstellingen\"},{\"@type\":\"BreadcrumbList\",\"@id\":\"https:\/\/www.alucomfort.be\/product\/tuinsteiger-compact-up\/#breadcrumb\",\"itemListElement\":[{\"@type\":\"ListItem\",\"position\":1,\"name\":\"Home\",\"item\":\"https:\/\/www.alucomfort.be\/fr\/\"},{\"@type\":\"ListItem\",\"position\":2,\"name\":\"Producten\",\"item\":\"https:\/\/www.alucomfort.be\/producten\/\"},{\"@type\":\"ListItem\",\"position\":3,\"name\":\"Echafaudage de jardin\"}]},{\"@type\":\"WebSite\",\"@id\":\"https:\/\/www.alucomfort.be\/#website\",\"url\":\"https:\/\/www.alucomfort.be\/\",\"name\":\"Alu Comfort\",\"description\":\"\",\"potentialAction\":[{\"@type\":\"SearchAction\",\"target\":{\"@type\":\"EntryPoint\",\"urlTemplate\":\"https:\/\/www.alucomfort.be\/?s={search_term_string}\"},\"query-input\":{\"@type\":\"PropertyValueSpecification\",\"valueRequired\":true,\"valueName\":\"search_term_string\"}}],\"inLanguage\":\"fr-FR\"}]}<\/script>\n<!-- \/ Yoast SEO plugin. -->","yoast_head_json":{"title":"\u00c9chafaudage de jardin| Alu Comfort | revendeur Altrad","description":"Achat d'\u00e9chafaudage de jardin? Alu Comfort offre les \u00e9chafaudages de jardin les plus robustes et faciles \u00e0 utiliser. Atteignez des hauteurs in\u00e9gal\u00e9es dans votre jardin!\"","robots":{"index":"index","follow":"follow","max-snippet":"max-snippet:-1","max-image-preview":"max-image-preview:large","max-video-preview":"max-video-preview:-1"},"canonical":"https:\/\/www.alucomfort.be\/product\/tuinsteiger-compact-up\/","og_locale":"fr_FR","og_type":"article","og_title":"\u00c9chafaudage de jardin| Alu Comfort | revendeur Altrad","og_description":"Achat d'\u00e9chafaudage de jardin? Alu Comfort offre les \u00e9chafaudages de jardin les plus robustes et faciles \u00e0 utiliser. Atteignez des hauteurs in\u00e9gal\u00e9es dans votre jardin!\"","og_url":"https:\/\/www.alucomfort.be\/product\/tuinsteiger-compact-up\/","og_site_name":"Alu Comfort","article_modified_time":"2025-03-06T21:16:24+00:00","og_image":[{"width":1569,"height":1626,"url":"https:\/\/www.alucomfort.be\/wp-content\/uploads\/Tuinsteiger-Tuinstelling-Rolstelling-Voor-Tuin-Altrad-Vouwstellingen.png","type":"image\/png"}],"twitter_card":"summary_large_image","schema":{"@context":"https:\/\/schema.org","@graph":[{"@type":"WebPage","@id":"https:\/\/www.alucomfort.be\/product\/tuinsteiger-compact-up\/","url":"https:\/\/www.alucomfort.be\/product\/tuinsteiger-compact-up\/","name":"\u00c9chafaudage de jardin| Alu Comfort | revendeur Altrad","isPartOf":{"@id":"https:\/\/www.alucomfort.be\/#website"},"primaryImageOfPage":{"@id":"https:\/\/www.alucomfort.be\/product\/tuinsteiger-compact-up\/#primaryimage"},"image":{"@id":"https:\/\/www.alucomfort.be\/product\/tuinsteiger-compact-up\/#primaryimage"},"thumbnailUrl":"https:\/\/www.alucomfort.be\/wp-content\/uploads\/Tuinsteiger-Tuinstelling-Rolstelling-Voor-Tuin-Altrad-Vouwstellingen.png","datePublished":"2025-03-06T21:15:58+00:00","dateModified":"2025-03-06T21:16:24+00:00","description":"Achat d'\u00e9chafaudage de jardin? Alu Comfort offre les \u00e9chafaudages de jardin les plus robustes et faciles \u00e0 utiliser. Atteignez des hauteurs in\u00e9gal\u00e9es dans votre jardin!\"","breadcrumb":{"@id":"https:\/\/www.alucomfort.be\/product\/tuinsteiger-compact-up\/#breadcrumb"},"inLanguage":"fr-FR","potentialAction":[{"@type":"ReadAction","target":["https:\/\/www.alucomfort.be\/product\/tuinsteiger-compact-up\/"]}]},{"@type":"ImageObject","inLanguage":"fr-FR","@id":"https:\/\/www.alucomfort.be\/product\/tuinsteiger-compact-up\/#primaryimage","url":"https:\/\/www.alucomfort.be\/wp-content\/uploads\/Tuinsteiger-Tuinstelling-Rolstelling-Voor-Tuin-Altrad-Vouwstellingen.png","contentUrl":"https:\/\/www.alucomfort.be\/wp-content\/uploads\/Tuinsteiger-Tuinstelling-Rolstelling-Voor-Tuin-Altrad-Vouwstellingen.png","width":1569,"height":1626,"caption":"Tuinsteiger Tuinstelling - Rolstelling Voor Tuin - Vouwstellingen"},{"@type":"BreadcrumbList","@id":"https:\/\/www.alucomfort.be\/product\/tuinsteiger-compact-up\/#breadcrumb","itemListElement":[{"@type":"ListItem","position":1,"name":"Home","item":"https:\/\/www.alucomfort.be\/fr\/"},{"@type":"ListItem","position":2,"name":"Producten","item":"https:\/\/www.alucomfort.be\/producten\/"},{"@type":"ListItem","position":3,"name":"Echafaudage de jardin"}]},{"@type":"WebSite","@id":"https:\/\/www.alucomfort.be\/#website","url":"https:\/\/www.alucomfort.be\/","name":"Alu Comfort","description":"","potentialAction":[{"@type":"SearchAction","target":{"@type":"EntryPoint","urlTemplate":"https:\/\/www.alucomfort.be\/?s={search_term_string}"},"query-input":{"@type":"PropertyValueSpecification","valueRequired":true,"valueName":"search_term_string"}}],"inLanguage":"fr-FR"}]}},"_links":{"self":[{"href":"https:\/\/www.alucomfort.be\/fr\/wp-json\/wp\/v2\/product\/223103","targetHints":{"allow":["GET"]}}],"collection":[{"href":"https:\/\/www.alucomfort.be\/fr\/wp-json\/wp\/v2\/product"}],"about":[{"href":"https:\/\/www.alucomfort.be\/fr\/wp-json\/wp\/v2\/types\/product"}],"wp:featuredmedia":[{"embeddable":true,"href":"https:\/\/www.alucomfort.be\/fr\/wp-json\/wp\/v2\/media\/223100"}],"wp:attachment":[{"href":"https:\/\/www.alucomfort.be\/fr\/wp-json\/wp\/v2\/media?parent=223103"}],"wp:term":[{"taxonomy":"product_brand","embeddable":true,"href":"https:\/\/www.alucomfort.be\/fr\/wp-json\/wp\/v2\/product_brand?post=223103"},{"taxonomy":"product_cat","embeddable":true,"href":"https:\/\/www.alucomfort.be\/fr\/wp-json\/wp\/v2\/product_cat?post=223103"},{"taxonomy":"product_tag","embeddable":true,"href":"https:\/\/www.alucomfort.be\/fr\/wp-json\/wp\/v2\/product_tag?post=223103"}],"curies":[{"name":"wp","href":"https:\/\/api.w.org\/{rel}","templated":true}]}}