

{"id":223210,"date":"2025-03-15T23:05:59","date_gmt":"2025-03-15T21:05:59","guid":{"rendered":"https:\/\/www.alucomfort.be\/product\/little-jumbo-4-marches-avec-garde-corps\/"},"modified":"2025-03-17T01:39:25","modified_gmt":"2025-03-16T23:39:25","slug":"little-jumbo-4-marches-avec-garde-corps","status":"publish","type":"product","link":"https:\/\/www.alucomfort.be\/fr\/product\/little-jumbo-4-marches-avec-garde-corps\/","title":{"rendered":"Little Jumbo 4 marches avec garde-corps"},"content":{"rendered":"<p>* Escabeau Little Jumbo avec garde-corps et 4 marches extra-larges de 36 x 23 cm (insert en plastique antid\u00e9rapant), * Version adapt\u00e9e avec t\u00f4le larm\u00e9e, * Escabeau s\u00fbr, stable et professionnel en aluminium avec une hauteur de plateforme de 920 mm, * L\u00e9ger, robuste et facile \u00e0 manipuler, * Dimensions pli\u00e9 : 143 x 57 x 12 cm, * Un bac porte-outils Little Jumbo est pr\u00e9vu en haut du garde-corps.<\/p>\n","protected":false},"excerpt":{"rendered":"<p>Escabeau Little Jumbo avec 4 marches et garde-corps &#8211; T\u00f4le larm\u00e9e<\/p>\n","protected":false},"featured_media":223181,"template":"","meta":{"_acf_changed":false},"product_brand":[],"product_cat":[5310],"product_tag":[],"class_list":{"0":"post-223210","1":"product","2":"type-product","3":"status-publish","4":"has-post-thumbnail","6":"product_cat-little-jumbo-fr","8":"first","9":"instock","10":"taxable","11":"shipping-taxable","12":"purchasable","13":"product-type-simple"},"acf":[],"yoast_head":"<!-- This site is optimized with the Yoast SEO plugin v24.8.1 - https:\/\/yoast.com\/wordpress\/plugins\/seo\/ -->\n<title>Marchepied Little Jumbo | Alu Comfort | Escabeau<\/title>\n<meta name=\"description\" content=\"Escabeau de S\u00e9curit\u00e9 Professionnel Little Jumbo. Achetez Rapidement Vos Escabeaux Little Jumbo Dans Notre Boutique en Ligne au Meilleur Prix\" \/>\n<meta name=\"robots\" content=\"index, follow, max-snippet:-1, max-image-preview:large, max-video-preview:-1\" \/>\n<link rel=\"canonical\" href=\"https:\/\/www.alucomfort.be\/product\/4-treden-little-jumbo-trapladder-met-beugel\/\" \/>\n<meta property=\"og:locale\" content=\"fr_FR\" \/>\n<meta property=\"og:type\" content=\"article\" \/>\n<meta property=\"og:title\" content=\"Marchepied Little Jumbo | Alu Comfort | Escabeau\" \/>\n<meta property=\"og:description\" content=\"Escabeau de S\u00e9curit\u00e9 Professionnel Little Jumbo. Achetez Rapidement Vos Escabeaux Little Jumbo Dans Notre Boutique en Ligne au Meilleur Prix\" \/>\n<meta property=\"og:url\" content=\"https:\/\/www.alucomfort.be\/product\/4-treden-little-jumbo-trapladder-met-beugel\/\" \/>\n<meta property=\"og:site_name\" content=\"Alu Comfort\" \/>\n<meta property=\"article:modified_time\" content=\"2025-03-16T23:39:25+00:00\" \/>\n<meta property=\"og:image\" content=\"https:\/\/www.alucomfort.be\/wp-content\/uploads\/420B-Little-Jumbo-Industriele-Trapladder.jpg\" \/>\n\t<meta property=\"og:image:width\" content=\"1920\" \/>\n\t<meta property=\"og:image:height\" content=\"2879\" \/>\n\t<meta property=\"og:image:type\" content=\"image\/jpeg\" \/>\n<meta name=\"twitter:card\" content=\"summary_large_image\" \/>\n<script type=\"application\/ld+json\" class=\"yoast-schema-graph\">{\"@context\":\"https:\/\/schema.org\",\"@graph\":[{\"@type\":\"WebPage\",\"@id\":\"https:\/\/www.alucomfort.be\/product\/4-treden-little-jumbo-trapladder-met-beugel\/\",\"url\":\"https:\/\/www.alucomfort.be\/product\/4-treden-little-jumbo-trapladder-met-beugel\/\",\"name\":\"Marchepied Little Jumbo | Alu Comfort | Escabeau\",\"isPartOf\":{\"@id\":\"https:\/\/www.alucomfort.be\/#website\"},\"primaryImageOfPage\":{\"@id\":\"https:\/\/www.alucomfort.be\/product\/4-treden-little-jumbo-trapladder-met-beugel\/#primaryimage\"},\"image\":{\"@id\":\"https:\/\/www.alucomfort.be\/product\/4-treden-little-jumbo-trapladder-met-beugel\/#primaryimage\"},\"thumbnailUrl\":\"https:\/\/www.alucomfort.be\/wp-content\/uploads\/420B-Little-Jumbo-Industriele-Trapladder.jpg\",\"datePublished\":\"2025-03-15T21:05:59+00:00\",\"dateModified\":\"2025-03-16T23:39:25+00:00\",\"description\":\"Escabeau de S\u00e9curit\u00e9 Professionnel Little Jumbo. Achetez Rapidement Vos Escabeaux Little Jumbo Dans Notre Boutique en Ligne au Meilleur Prix\",\"breadcrumb\":{\"@id\":\"https:\/\/www.alucomfort.be\/product\/4-treden-little-jumbo-trapladder-met-beugel\/#breadcrumb\"},\"inLanguage\":\"fr-FR\",\"potentialAction\":[{\"@type\":\"ReadAction\",\"target\":[\"https:\/\/www.alucomfort.be\/product\/4-treden-little-jumbo-trapladder-met-beugel\/\"]}]},{\"@type\":\"ImageObject\",\"inLanguage\":\"fr-FR\",\"@id\":\"https:\/\/www.alucomfort.be\/product\/4-treden-little-jumbo-trapladder-met-beugel\/#primaryimage\",\"url\":\"https:\/\/www.alucomfort.be\/wp-content\/uploads\/420B-Little-Jumbo-Industriele-Trapladder.jpg\",\"contentUrl\":\"https:\/\/www.alucomfort.be\/wp-content\/uploads\/420B-Little-Jumbo-Industriele-Trapladder.jpg\",\"width\":1920,\"height\":2879,\"caption\":\"420B_Little_Jumbo_Industri\u00eble_Trapladder\"},{\"@type\":\"BreadcrumbList\",\"@id\":\"https:\/\/www.alucomfort.be\/product\/4-treden-little-jumbo-trapladder-met-beugel\/#breadcrumb\",\"itemListElement\":[{\"@type\":\"ListItem\",\"position\":1,\"name\":\"Home\",\"item\":\"https:\/\/www.alucomfort.be\/fr\/\"},{\"@type\":\"ListItem\",\"position\":2,\"name\":\"Producten\",\"item\":\"https:\/\/www.alucomfort.be\/producten\/\"},{\"@type\":\"ListItem\",\"position\":3,\"name\":\"Little Jumbo 4 marches avec garde-corps\"}]},{\"@type\":\"WebSite\",\"@id\":\"https:\/\/www.alucomfort.be\/#website\",\"url\":\"https:\/\/www.alucomfort.be\/\",\"name\":\"Alu Comfort\",\"description\":\"\",\"potentialAction\":[{\"@type\":\"SearchAction\",\"target\":{\"@type\":\"EntryPoint\",\"urlTemplate\":\"https:\/\/www.alucomfort.be\/?s={search_term_string}\"},\"query-input\":{\"@type\":\"PropertyValueSpecification\",\"valueRequired\":true,\"valueName\":\"search_term_string\"}}],\"inLanguage\":\"fr-FR\"}]}<\/script>\n<!-- \/ Yoast SEO plugin. -->","yoast_head_json":{"title":"Marchepied Little Jumbo | Alu Comfort | Escabeau","description":"Escabeau de S\u00e9curit\u00e9 Professionnel Little Jumbo. Achetez Rapidement Vos Escabeaux Little Jumbo Dans Notre Boutique en Ligne au Meilleur Prix","robots":{"index":"index","follow":"follow","max-snippet":"max-snippet:-1","max-image-preview":"max-image-preview:large","max-video-preview":"max-video-preview:-1"},"canonical":"https:\/\/www.alucomfort.be\/product\/4-treden-little-jumbo-trapladder-met-beugel\/","og_locale":"fr_FR","og_type":"article","og_title":"Marchepied Little Jumbo | Alu Comfort | Escabeau","og_description":"Escabeau de S\u00e9curit\u00e9 Professionnel Little Jumbo. Achetez Rapidement Vos Escabeaux Little Jumbo Dans Notre Boutique en Ligne au Meilleur Prix","og_url":"https:\/\/www.alucomfort.be\/product\/4-treden-little-jumbo-trapladder-met-beugel\/","og_site_name":"Alu Comfort","article_modified_time":"2025-03-16T23:39:25+00:00","og_image":[{"width":1920,"height":2879,"url":"https:\/\/www.alucomfort.be\/wp-content\/uploads\/420B-Little-Jumbo-Industriele-Trapladder.jpg","type":"image\/jpeg"}],"twitter_card":"summary_large_image","schema":{"@context":"https:\/\/schema.org","@graph":[{"@type":"WebPage","@id":"https:\/\/www.alucomfort.be\/product\/4-treden-little-jumbo-trapladder-met-beugel\/","url":"https:\/\/www.alucomfort.be\/product\/4-treden-little-jumbo-trapladder-met-beugel\/","name":"Marchepied Little Jumbo | Alu Comfort | Escabeau","isPartOf":{"@id":"https:\/\/www.alucomfort.be\/#website"},"primaryImageOfPage":{"@id":"https:\/\/www.alucomfort.be\/product\/4-treden-little-jumbo-trapladder-met-beugel\/#primaryimage"},"image":{"@id":"https:\/\/www.alucomfort.be\/product\/4-treden-little-jumbo-trapladder-met-beugel\/#primaryimage"},"thumbnailUrl":"https:\/\/www.alucomfort.be\/wp-content\/uploads\/420B-Little-Jumbo-Industriele-Trapladder.jpg","datePublished":"2025-03-15T21:05:59+00:00","dateModified":"2025-03-16T23:39:25+00:00","description":"Escabeau de S\u00e9curit\u00e9 Professionnel Little Jumbo. Achetez Rapidement Vos Escabeaux Little Jumbo Dans Notre Boutique en Ligne au Meilleur Prix","breadcrumb":{"@id":"https:\/\/www.alucomfort.be\/product\/4-treden-little-jumbo-trapladder-met-beugel\/#breadcrumb"},"inLanguage":"fr-FR","potentialAction":[{"@type":"ReadAction","target":["https:\/\/www.alucomfort.be\/product\/4-treden-little-jumbo-trapladder-met-beugel\/"]}]},{"@type":"ImageObject","inLanguage":"fr-FR","@id":"https:\/\/www.alucomfort.be\/product\/4-treden-little-jumbo-trapladder-met-beugel\/#primaryimage","url":"https:\/\/www.alucomfort.be\/wp-content\/uploads\/420B-Little-Jumbo-Industriele-Trapladder.jpg","contentUrl":"https:\/\/www.alucomfort.be\/wp-content\/uploads\/420B-Little-Jumbo-Industriele-Trapladder.jpg","width":1920,"height":2879,"caption":"420B_Little_Jumbo_Industri\u00eble_Trapladder"},{"@type":"BreadcrumbList","@id":"https:\/\/www.alucomfort.be\/product\/4-treden-little-jumbo-trapladder-met-beugel\/#breadcrumb","itemListElement":[{"@type":"ListItem","position":1,"name":"Home","item":"https:\/\/www.alucomfort.be\/fr\/"},{"@type":"ListItem","position":2,"name":"Producten","item":"https:\/\/www.alucomfort.be\/producten\/"},{"@type":"ListItem","position":3,"name":"Little Jumbo 4 marches avec garde-corps"}]},{"@type":"WebSite","@id":"https:\/\/www.alucomfort.be\/#website","url":"https:\/\/www.alucomfort.be\/","name":"Alu Comfort","description":"","potentialAction":[{"@type":"SearchAction","target":{"@type":"EntryPoint","urlTemplate":"https:\/\/www.alucomfort.be\/?s={search_term_string}"},"query-input":{"@type":"PropertyValueSpecification","valueRequired":true,"valueName":"search_term_string"}}],"inLanguage":"fr-FR"}]}},"_links":{"self":[{"href":"https:\/\/www.alucomfort.be\/fr\/wp-json\/wp\/v2\/product\/223210","targetHints":{"allow":["GET"]}}],"collection":[{"href":"https:\/\/www.alucomfort.be\/fr\/wp-json\/wp\/v2\/product"}],"about":[{"href":"https:\/\/www.alucomfort.be\/fr\/wp-json\/wp\/v2\/types\/product"}],"wp:featuredmedia":[{"embeddable":true,"href":"https:\/\/www.alucomfort.be\/fr\/wp-json\/wp\/v2\/media\/223181"}],"wp:attachment":[{"href":"https:\/\/www.alucomfort.be\/fr\/wp-json\/wp\/v2\/media?parent=223210"}],"wp:term":[{"taxonomy":"product_brand","embeddable":true,"href":"https:\/\/www.alucomfort.be\/fr\/wp-json\/wp\/v2\/product_brand?post=223210"},{"taxonomy":"product_cat","embeddable":true,"href":"https:\/\/www.alucomfort.be\/fr\/wp-json\/wp\/v2\/product_cat?post=223210"},{"taxonomy":"product_tag","embeddable":true,"href":"https:\/\/www.alucomfort.be\/fr\/wp-json\/wp\/v2\/product_tag?post=223210"}],"curies":[{"name":"wp","href":"https:\/\/api.w.org\/{rel}","templated":true}]}}