

{"id":223212,"date":"2025-03-15T23:06:01","date_gmt":"2025-03-15T21:06:01","guid":{"rendered":"https:\/\/www.alucomfort.be\/product\/little-jumbo-5-marches-avec-garde-corps\/"},"modified":"2025-03-17T01:39:27","modified_gmt":"2025-03-16T23:39:27","slug":"little-jumbo-5-marches-avec-garde-corps","status":"publish","type":"product","link":"https:\/\/www.alucomfort.be\/fr\/product\/little-jumbo-5-marches-avec-garde-corps\/","title":{"rendered":"Little Jumbo 5 marches avec garde-corps"},"content":{"rendered":"<p>* Escabeau Little Jumbo avec garde-corps et 5 marches extra-larges de 36 x 23 cm (insert en plastique antid\u00e9rapant), * Version adapt\u00e9e avec t\u00f4le larm\u00e9e, * Escabeau s\u00fbr, stable et professionnel en aluminium avec une hauteur de plateforme de 1150 mm, * L\u00e9ger, robuste et facile \u00e0 manipuler, * Dimensions pli\u00e9 : 174 x 59 x 12 cm, * Un bac porte-outils Little Jumbo est pr\u00e9vu en haut du garde-corps.<\/p>\n","protected":false},"excerpt":{"rendered":"<p>Escabeau Little Jumbo avec 5 marches et garde-corps &#8211; T\u00f4le larm\u00e9e<\/p>\n","protected":false},"featured_media":223185,"template":"","meta":{"_acf_changed":false},"product_brand":[],"product_cat":[5310],"product_tag":[],"class_list":{"0":"post-223212","1":"product","2":"type-product","3":"status-publish","4":"has-post-thumbnail","6":"product_cat-little-jumbo-fr","8":"first","9":"instock","10":"taxable","11":"shipping-taxable","12":"purchasable","13":"product-type-simple"},"acf":[],"yoast_head":"<!-- This site is optimized with the Yoast SEO plugin v24.8.1 - https:\/\/yoast.com\/wordpress\/plugins\/seo\/ -->\n<title>Echelle escabeau Little Jumbo | Alu Comfort | Revendeur pour la France<\/title>\n<meta name=\"description\" content=\"Marche-pied de s\u00e9curit\u00e9 Little Jumbo avec marches larges et garde-corps. Alu Comfort Dispose de L&#039;Escabeau Little Jumbo Parfait Pour Chaque Professionnel et Bricoleur.\" \/>\n<meta name=\"robots\" content=\"index, follow, max-snippet:-1, max-image-preview:large, max-video-preview:-1\" \/>\n<link rel=\"canonical\" href=\"https:\/\/www.alucomfort.be\/product\/5-treden-little-jumbo-trapladder-met-beugel\/\" \/>\n<meta property=\"og:locale\" content=\"fr_FR\" \/>\n<meta property=\"og:type\" content=\"article\" \/>\n<meta property=\"og:title\" content=\"Echelle escabeau Little Jumbo | Alu Comfort | Revendeur pour la France\" \/>\n<meta property=\"og:description\" content=\"Marche-pied de s\u00e9curit\u00e9 Little Jumbo avec marches larges et garde-corps. Alu Comfort Dispose de L&#039;Escabeau Little Jumbo Parfait Pour Chaque Professionnel et Bricoleur.\" \/>\n<meta property=\"og:url\" content=\"https:\/\/www.alucomfort.be\/product\/5-treden-little-jumbo-trapladder-met-beugel\/\" \/>\n<meta property=\"og:site_name\" content=\"Alu Comfort\" \/>\n<meta property=\"article:modified_time\" content=\"2025-03-16T23:39:27+00:00\" \/>\n<meta property=\"og:image\" content=\"https:\/\/www.alucomfort.be\/wp-content\/uploads\/520B-Little-Jumbo-Alumium-Trapladder.jpg\" \/>\n\t<meta property=\"og:image:width\" content=\"1920\" \/>\n\t<meta property=\"og:image:height\" content=\"2879\" \/>\n\t<meta property=\"og:image:type\" content=\"image\/jpeg\" \/>\n<meta name=\"twitter:card\" content=\"summary_large_image\" \/>\n<script type=\"application\/ld+json\" class=\"yoast-schema-graph\">{\"@context\":\"https:\/\/schema.org\",\"@graph\":[{\"@type\":\"WebPage\",\"@id\":\"https:\/\/www.alucomfort.be\/product\/5-treden-little-jumbo-trapladder-met-beugel\/\",\"url\":\"https:\/\/www.alucomfort.be\/product\/5-treden-little-jumbo-trapladder-met-beugel\/\",\"name\":\"Echelle escabeau Little Jumbo | Alu Comfort | Revendeur pour la France\",\"isPartOf\":{\"@id\":\"https:\/\/www.alucomfort.be\/#website\"},\"primaryImageOfPage\":{\"@id\":\"https:\/\/www.alucomfort.be\/product\/5-treden-little-jumbo-trapladder-met-beugel\/#primaryimage\"},\"image\":{\"@id\":\"https:\/\/www.alucomfort.be\/product\/5-treden-little-jumbo-trapladder-met-beugel\/#primaryimage\"},\"thumbnailUrl\":\"https:\/\/www.alucomfort.be\/wp-content\/uploads\/520B-Little-Jumbo-Alumium-Trapladder.jpg\",\"datePublished\":\"2025-03-15T21:06:01+00:00\",\"dateModified\":\"2025-03-16T23:39:27+00:00\",\"description\":\"Marche-pied de s\u00e9curit\u00e9 Little Jumbo avec marches larges et garde-corps. Alu Comfort Dispose de L'Escabeau Little Jumbo Parfait Pour Chaque Professionnel et Bricoleur.\",\"breadcrumb\":{\"@id\":\"https:\/\/www.alucomfort.be\/product\/5-treden-little-jumbo-trapladder-met-beugel\/#breadcrumb\"},\"inLanguage\":\"fr-FR\",\"potentialAction\":[{\"@type\":\"ReadAction\",\"target\":[\"https:\/\/www.alucomfort.be\/product\/5-treden-little-jumbo-trapladder-met-beugel\/\"]}]},{\"@type\":\"ImageObject\",\"inLanguage\":\"fr-FR\",\"@id\":\"https:\/\/www.alucomfort.be\/product\/5-treden-little-jumbo-trapladder-met-beugel\/#primaryimage\",\"url\":\"https:\/\/www.alucomfort.be\/wp-content\/uploads\/520B-Little-Jumbo-Alumium-Trapladder.jpg\",\"contentUrl\":\"https:\/\/www.alucomfort.be\/wp-content\/uploads\/520B-Little-Jumbo-Alumium-Trapladder.jpg\",\"width\":1920,\"height\":2879,\"caption\":\"520B_Little_Jumbo_Alumium Trapladder\"},{\"@type\":\"BreadcrumbList\",\"@id\":\"https:\/\/www.alucomfort.be\/product\/5-treden-little-jumbo-trapladder-met-beugel\/#breadcrumb\",\"itemListElement\":[{\"@type\":\"ListItem\",\"position\":1,\"name\":\"Home\",\"item\":\"https:\/\/www.alucomfort.be\/fr\/\"},{\"@type\":\"ListItem\",\"position\":2,\"name\":\"Producten\",\"item\":\"https:\/\/www.alucomfort.be\/producten\/\"},{\"@type\":\"ListItem\",\"position\":3,\"name\":\"Little Jumbo 5 marches avec garde-corps\"}]},{\"@type\":\"WebSite\",\"@id\":\"https:\/\/www.alucomfort.be\/#website\",\"url\":\"https:\/\/www.alucomfort.be\/\",\"name\":\"Alu Comfort\",\"description\":\"\",\"potentialAction\":[{\"@type\":\"SearchAction\",\"target\":{\"@type\":\"EntryPoint\",\"urlTemplate\":\"https:\/\/www.alucomfort.be\/?s={search_term_string}\"},\"query-input\":{\"@type\":\"PropertyValueSpecification\",\"valueRequired\":true,\"valueName\":\"search_term_string\"}}],\"inLanguage\":\"fr-FR\"}]}<\/script>\n<!-- \/ Yoast SEO plugin. -->","yoast_head_json":{"title":"Echelle escabeau Little Jumbo | Alu Comfort | Revendeur pour la France","description":"Marche-pied de s\u00e9curit\u00e9 Little Jumbo avec marches larges et garde-corps. Alu Comfort Dispose de L'Escabeau Little Jumbo Parfait Pour Chaque Professionnel et Bricoleur.","robots":{"index":"index","follow":"follow","max-snippet":"max-snippet:-1","max-image-preview":"max-image-preview:large","max-video-preview":"max-video-preview:-1"},"canonical":"https:\/\/www.alucomfort.be\/product\/5-treden-little-jumbo-trapladder-met-beugel\/","og_locale":"fr_FR","og_type":"article","og_title":"Echelle escabeau Little Jumbo | Alu Comfort | Revendeur pour la France","og_description":"Marche-pied de s\u00e9curit\u00e9 Little Jumbo avec marches larges et garde-corps. Alu Comfort Dispose de L'Escabeau Little Jumbo Parfait Pour Chaque Professionnel et Bricoleur.","og_url":"https:\/\/www.alucomfort.be\/product\/5-treden-little-jumbo-trapladder-met-beugel\/","og_site_name":"Alu Comfort","article_modified_time":"2025-03-16T23:39:27+00:00","og_image":[{"width":1920,"height":2879,"url":"https:\/\/www.alucomfort.be\/wp-content\/uploads\/520B-Little-Jumbo-Alumium-Trapladder.jpg","type":"image\/jpeg"}],"twitter_card":"summary_large_image","schema":{"@context":"https:\/\/schema.org","@graph":[{"@type":"WebPage","@id":"https:\/\/www.alucomfort.be\/product\/5-treden-little-jumbo-trapladder-met-beugel\/","url":"https:\/\/www.alucomfort.be\/product\/5-treden-little-jumbo-trapladder-met-beugel\/","name":"Echelle escabeau Little Jumbo | Alu Comfort | Revendeur pour la France","isPartOf":{"@id":"https:\/\/www.alucomfort.be\/#website"},"primaryImageOfPage":{"@id":"https:\/\/www.alucomfort.be\/product\/5-treden-little-jumbo-trapladder-met-beugel\/#primaryimage"},"image":{"@id":"https:\/\/www.alucomfort.be\/product\/5-treden-little-jumbo-trapladder-met-beugel\/#primaryimage"},"thumbnailUrl":"https:\/\/www.alucomfort.be\/wp-content\/uploads\/520B-Little-Jumbo-Alumium-Trapladder.jpg","datePublished":"2025-03-15T21:06:01+00:00","dateModified":"2025-03-16T23:39:27+00:00","description":"Marche-pied de s\u00e9curit\u00e9 Little Jumbo avec marches larges et garde-corps. Alu Comfort Dispose de L'Escabeau Little Jumbo Parfait Pour Chaque Professionnel et Bricoleur.","breadcrumb":{"@id":"https:\/\/www.alucomfort.be\/product\/5-treden-little-jumbo-trapladder-met-beugel\/#breadcrumb"},"inLanguage":"fr-FR","potentialAction":[{"@type":"ReadAction","target":["https:\/\/www.alucomfort.be\/product\/5-treden-little-jumbo-trapladder-met-beugel\/"]}]},{"@type":"ImageObject","inLanguage":"fr-FR","@id":"https:\/\/www.alucomfort.be\/product\/5-treden-little-jumbo-trapladder-met-beugel\/#primaryimage","url":"https:\/\/www.alucomfort.be\/wp-content\/uploads\/520B-Little-Jumbo-Alumium-Trapladder.jpg","contentUrl":"https:\/\/www.alucomfort.be\/wp-content\/uploads\/520B-Little-Jumbo-Alumium-Trapladder.jpg","width":1920,"height":2879,"caption":"520B_Little_Jumbo_Alumium Trapladder"},{"@type":"BreadcrumbList","@id":"https:\/\/www.alucomfort.be\/product\/5-treden-little-jumbo-trapladder-met-beugel\/#breadcrumb","itemListElement":[{"@type":"ListItem","position":1,"name":"Home","item":"https:\/\/www.alucomfort.be\/fr\/"},{"@type":"ListItem","position":2,"name":"Producten","item":"https:\/\/www.alucomfort.be\/producten\/"},{"@type":"ListItem","position":3,"name":"Little Jumbo 5 marches avec garde-corps"}]},{"@type":"WebSite","@id":"https:\/\/www.alucomfort.be\/#website","url":"https:\/\/www.alucomfort.be\/","name":"Alu Comfort","description":"","potentialAction":[{"@type":"SearchAction","target":{"@type":"EntryPoint","urlTemplate":"https:\/\/www.alucomfort.be\/?s={search_term_string}"},"query-input":{"@type":"PropertyValueSpecification","valueRequired":true,"valueName":"search_term_string"}}],"inLanguage":"fr-FR"}]}},"_links":{"self":[{"href":"https:\/\/www.alucomfort.be\/fr\/wp-json\/wp\/v2\/product\/223212","targetHints":{"allow":["GET"]}}],"collection":[{"href":"https:\/\/www.alucomfort.be\/fr\/wp-json\/wp\/v2\/product"}],"about":[{"href":"https:\/\/www.alucomfort.be\/fr\/wp-json\/wp\/v2\/types\/product"}],"wp:featuredmedia":[{"embeddable":true,"href":"https:\/\/www.alucomfort.be\/fr\/wp-json\/wp\/v2\/media\/223185"}],"wp:attachment":[{"href":"https:\/\/www.alucomfort.be\/fr\/wp-json\/wp\/v2\/media?parent=223212"}],"wp:term":[{"taxonomy":"product_brand","embeddable":true,"href":"https:\/\/www.alucomfort.be\/fr\/wp-json\/wp\/v2\/product_brand?post=223212"},{"taxonomy":"product_cat","embeddable":true,"href":"https:\/\/www.alucomfort.be\/fr\/wp-json\/wp\/v2\/product_cat?post=223212"},{"taxonomy":"product_tag","embeddable":true,"href":"https:\/\/www.alucomfort.be\/fr\/wp-json\/wp\/v2\/product_tag?post=223212"}],"curies":[{"name":"wp","href":"https:\/\/api.w.org\/{rel}","templated":true}]}}